{"id":6,"date":"2020-07-06T08:03:58","date_gmt":"2020-07-06T08:03:58","guid":{"rendered":"http:\/\/savoy-dubai.ms.decms.eu\/?page_id=6"},"modified":"2020-10-17T13:00:53","modified_gmt":"2020-10-17T13:00:53","slug":"benvenuti-al-savoy-dubai-unospitalita-di-cuore","status":"publish","type":"page","link":"https:\/\/www.savoydubai.com\/it\/","title":{"rendered":"BENVENUTO AL SAVOY DUBAI"},"content":{"rendered":"<p>Pi\u00f9 che una promessa, quello di &#8220;autentica ospitalit\u00e0&#8221; \u00e8 un influente sistema di valori che caratterizza il Savoy Hotel Apartments di Dubai, ed \u00e8 al centro di tutte le attivit\u00e0 svolte da ogni membro del team. La nostra ospitalit\u00e0 inizia nel momento in cui accogliamo l&#8217;ospite in hotel fino al check-out.<\/p>\n<p>I nostri appartamenti in hotel a Dubai sono estremamente ben posizionati per gli ospiti che desiderano scoprire ci\u00f2 che offre la meravigliosa citt\u00e0, partecipare a una conferenza o visitare una mostra e per coloro che desiderano soggiornare per un periodo maggiore nei nostri appartamenti serviti.<\/p>\n","protected":false},"excerpt":{"rendered":"<p>Pi\u00f9 che una promessa, quello di &#8220;autentica ospitalit\u00e0&#8221; \u00e8 un influente sistema di valori che caratterizza il Savoy Hotel Apartments di Dubai, ed \u00e8 al centro di tutte le attivit\u00e0 svolte da ogni membro del team. La nostra ospitalit\u00e0 inizia nel momento in cui accogliamo l&#8217;ospite in hotel fino al check-out. I nostri appartamenti in [&hellip;]<\/p>\n","protected":false},"author":17,"featured_media":0,"parent":0,"menu_order":10,"comment_status":"closed","ping_status":"open","template":"","meta":{"footnotes":""},"class_list":["post-6","page","type-page","status-publish","hentry"],"yoast_head":"<!-- This site is optimized with the Yoast SEO plugin v26.9 - https:\/\/yoast.com\/product\/yoast-seo-wordpress\/ -->\n<title>BENVENUTO AL SAVOY DUBAI - Savoy Dubai<\/title>\n<meta name=\"robots\" content=\"index, follow, max-snippet:-1, max-image-preview:large, max-video-preview:-1\" \/>\n<link rel=\"canonical\" href=\"https:\/\/www.savoydubai.com\/it\/\" \/>\n<meta property=\"og:locale\" content=\"it_IT\" \/>\n<meta property=\"og:type\" content=\"article\" \/>\n<meta property=\"og:title\" content=\"BENVENUTO AL SAVOY DUBAI - Savoy Dubai\" \/>\n<meta property=\"og:description\" content=\"Pi\u00f9 che una promessa, quello di &#8220;autentica ospitalit\u00e0&#8221; \u00e8 un influente sistema di valori che caratterizza il Savoy Hotel Apartments di Dubai, ed \u00e8 al centro di tutte le attivit\u00e0 svolte da ogni membro del team. La nostra ospitalit\u00e0 inizia nel momento in cui accogliamo l&#8217;ospite in hotel fino al check-out. I nostri appartamenti in [&hellip;]\" \/>\n<meta property=\"og:url\" content=\"https:\/\/www.savoydubai.com\/it\/\" \/>\n<meta property=\"og:site_name\" content=\"Savoy Dubai\" \/>\n<meta property=\"article:modified_time\" content=\"2020-10-17T13:00:53+00:00\" \/>\n<meta name=\"twitter:card\" content=\"summary_large_image\" \/>\n<script type=\"application\/ld+json\" class=\"yoast-schema-graph\">{\"@context\":\"https:\/\/schema.org\",\"@graph\":[{\"@type\":\"WebPage\",\"@id\":\"https:\/\/www.savoydubai.com\/it\/\",\"url\":\"https:\/\/www.savoydubai.com\/it\/\",\"name\":\"BENVENUTO AL SAVOY DUBAI - Savoy Dubai\",\"isPartOf\":{\"@id\":\"https:\/\/www.savoydubai.com\/it\/#website\"},\"datePublished\":\"2020-07-06T08:03:58+00:00\",\"dateModified\":\"2020-10-17T13:00:53+00:00\",\"breadcrumb\":{\"@id\":\"https:\/\/www.savoydubai.com\/it\/#breadcrumb\"},\"inLanguage\":\"it-IT\",\"potentialAction\":[{\"@type\":\"ReadAction\",\"target\":[\"https:\/\/www.savoydubai.com\/it\/\"]}]},{\"@type\":\"BreadcrumbList\",\"@id\":\"https:\/\/www.savoydubai.com\/it\/#breadcrumb\",\"itemListElement\":[{\"@type\":\"ListItem\",\"position\":1,\"name\":\"Home\",\"item\":\"https:\/\/www.savoydubai.com\/it\/\"},{\"@type\":\"ListItem\",\"position\":2,\"name\":\"BENVENUTO AL SAVOY DUBAI\"}]},{\"@type\":\"WebSite\",\"@id\":\"https:\/\/www.savoydubai.com\/it\/#website\",\"url\":\"https:\/\/www.savoydubai.com\/it\/\",\"name\":\"Savoy Dubai\",\"description\":\"Just another ms.decms.eu site\",\"potentialAction\":[{\"@type\":\"SearchAction\",\"target\":{\"@type\":\"EntryPoint\",\"urlTemplate\":\"https:\/\/www.savoydubai.com\/it\/?s={search_term_string}\"},\"query-input\":{\"@type\":\"PropertyValueSpecification\",\"valueRequired\":true,\"valueName\":\"search_term_string\"}}],\"inLanguage\":\"it-IT\"}]}<\/script>\n<!-- \/ Yoast SEO plugin. -->","yoast_head_json":{"title":"BENVENUTO AL SAVOY DUBAI - Savoy Dubai","robots":{"index":"index","follow":"follow","max-snippet":"max-snippet:-1","max-image-preview":"max-image-preview:large","max-video-preview":"max-video-preview:-1"},"canonical":"https:\/\/www.savoydubai.com\/it\/","og_locale":"it_IT","og_type":"article","og_title":"BENVENUTO AL SAVOY DUBAI - Savoy Dubai","og_description":"Pi\u00f9 che una promessa, quello di &#8220;autentica ospitalit\u00e0&#8221; \u00e8 un influente sistema di valori che caratterizza il Savoy Hotel Apartments di Dubai, ed \u00e8 al centro di tutte le attivit\u00e0 svolte da ogni membro del team. La nostra ospitalit\u00e0 inizia nel momento in cui accogliamo l&#8217;ospite in hotel fino al check-out. I nostri appartamenti in [&hellip;]","og_url":"https:\/\/www.savoydubai.com\/it\/","og_site_name":"Savoy Dubai","article_modified_time":"2020-10-17T13:00:53+00:00","twitter_card":"summary_large_image","schema":{"@context":"https:\/\/schema.org","@graph":[{"@type":"WebPage","@id":"https:\/\/www.savoydubai.com\/it\/","url":"https:\/\/www.savoydubai.com\/it\/","name":"BENVENUTO AL SAVOY DUBAI - Savoy Dubai","isPartOf":{"@id":"https:\/\/www.savoydubai.com\/it\/#website"},"datePublished":"2020-07-06T08:03:58+00:00","dateModified":"2020-10-17T13:00:53+00:00","breadcrumb":{"@id":"https:\/\/www.savoydubai.com\/it\/#breadcrumb"},"inLanguage":"it-IT","potentialAction":[{"@type":"ReadAction","target":["https:\/\/www.savoydubai.com\/it\/"]}]},{"@type":"BreadcrumbList","@id":"https:\/\/www.savoydubai.com\/it\/#breadcrumb","itemListElement":[{"@type":"ListItem","position":1,"name":"Home","item":"https:\/\/www.savoydubai.com\/it\/"},{"@type":"ListItem","position":2,"name":"BENVENUTO AL SAVOY DUBAI"}]},{"@type":"WebSite","@id":"https:\/\/www.savoydubai.com\/it\/#website","url":"https:\/\/www.savoydubai.com\/it\/","name":"Savoy Dubai","description":"Just another ms.decms.eu site","potentialAction":[{"@type":"SearchAction","target":{"@type":"EntryPoint","urlTemplate":"https:\/\/www.savoydubai.com\/it\/?s={search_term_string}"},"query-input":{"@type":"PropertyValueSpecification","valueRequired":true,"valueName":"search_term_string"}}],"inLanguage":"it-IT"}]}},"acf":[],"_links":{"self":[{"href":"https:\/\/www.savoydubai.com\/it\/wp-json\/wp\/v2\/pages\/6","targetHints":{"allow":["GET"]}}],"collection":[{"href":"https:\/\/www.savoydubai.com\/it\/wp-json\/wp\/v2\/pages"}],"about":[{"href":"https:\/\/www.savoydubai.com\/it\/wp-json\/wp\/v2\/types\/page"}],"author":[{"embeddable":true,"href":"https:\/\/www.savoydubai.com\/it\/wp-json\/wp\/v2\/users\/17"}],"replies":[{"embeddable":true,"href":"https:\/\/www.savoydubai.com\/it\/wp-json\/wp\/v2\/comments?post=6"}],"version-history":[{"count":0,"href":"https:\/\/www.savoydubai.com\/it\/wp-json\/wp\/v2\/pages\/6\/revisions"}],"wp:attachment":[{"href":"https:\/\/www.savoydubai.com\/it\/wp-json\/wp\/v2\/media?parent=6"}],"curies":[{"name":"wp","href":"https:\/\/api.w.org\/{rel}","templated":true}]}}