{"id":593,"date":"2020-07-13T08:52:18","date_gmt":"2020-07-13T08:52:18","guid":{"rendered":"http:\/\/savoy-dubai.ms.decms.eu\/?page_id=593"},"modified":"2020-10-18T15:18:42","modified_gmt":"2020-10-18T15:18:42","slug":"camere","status":"publish","type":"page","link":"https:\/\/www.savoydubai.com\/it\/savoy-park\/camere\/","title":{"rendered":"Camere"},"content":{"rendered":"<p>Cerchi splendidi appartamenti vacanza a Dubai? Il Savoy Park \u00e8 arredato con gusto ed eleganza e offre un servizio di ospitalit\u00e0 eccezionale. Il Savoy Park \u00e8 l&#8217;emblema del lusso sobrio. Ciascuno dei 126 locali \u00e8 elegantemente arredato con finiture di alta qualit\u00e0, per una vacanza e un&#8217;esperienza di viaggio straordinaria e memorabile.<\/p>\n<p>Il Savoy Park \u00e8 inoltre dotato di incredibili servizi ricreativi come piscina esterna riscaldata, idromassaggio, sauna e palestra. Tutti questi elementi di lusso rendono il Savoy Park la sistemazione ideale per i viaggiatori esigenti e gli ospiti a lungo termine.<\/p>\n<p>Graziosamente progettata e con una vasta gamma di cucine internazionali per tentare ogni palato, la caffetteria al piano terra \u00e8 il luogo perfetto per godersi un&#8217;esperienza culinaria in relax. Ogni giorno viene servita una colazione a buffet con pietanze variegate, mentre pranzo e cena sono serviti \u00e0 la carte.<\/p>\n","protected":false},"excerpt":{"rendered":"<p>Cerchi splendidi appartamenti vacanza a Dubai? Il Savoy Park \u00e8 arredato con gusto ed eleganza e offre un servizio di ospitalit\u00e0 eccezionale. Il Savoy Park \u00e8 l&#8217;emblema del lusso sobrio. Ciascuno dei 126 locali \u00e8 elegantemente arredato con finiture di alta qualit\u00e0, per una vacanza e un&#8217;esperienza di viaggio straordinaria e memorabile. Il Savoy Park [&hellip;]<\/p>\n","protected":false},"author":36,"featured_media":0,"parent":573,"menu_order":10,"comment_status":"closed","ping_status":"closed","template":"template-hotel-rooms.php","meta":{"footnotes":""},"class_list":["post-593","page","type-page","status-publish","hentry"],"yoast_head":"<!-- This site is optimized with the Yoast SEO plugin v26.9 - https:\/\/yoast.com\/product\/yoast-seo-wordpress\/ -->\n<title>Camere - Savoy Dubai<\/title>\n<meta name=\"robots\" content=\"index, follow, max-snippet:-1, max-image-preview:large, max-video-preview:-1\" \/>\n<link rel=\"canonical\" href=\"https:\/\/www.savoydubai.com\/it\/savoy-park\/camere\/\" \/>\n<meta property=\"og:locale\" content=\"it_IT\" \/>\n<meta property=\"og:type\" content=\"article\" \/>\n<meta property=\"og:title\" content=\"Camere - Savoy Dubai\" \/>\n<meta property=\"og:description\" content=\"Cerchi splendidi appartamenti vacanza a Dubai? Il Savoy Park \u00e8 arredato con gusto ed eleganza e offre un servizio di ospitalit\u00e0 eccezionale. Il Savoy Park \u00e8 l&#8217;emblema del lusso sobrio. Ciascuno dei 126 locali \u00e8 elegantemente arredato con finiture di alta qualit\u00e0, per una vacanza e un&#8217;esperienza di viaggio straordinaria e memorabile. Il Savoy Park [&hellip;]\" \/>\n<meta property=\"og:url\" content=\"https:\/\/www.savoydubai.com\/it\/savoy-park\/camere\/\" \/>\n<meta property=\"og:site_name\" content=\"Savoy Dubai\" \/>\n<meta property=\"article:modified_time\" content=\"2020-10-18T15:18:42+00:00\" \/>\n<meta name=\"twitter:card\" content=\"summary_large_image\" \/>\n<meta name=\"twitter:label1\" content=\"Tempo di lettura stimato\" \/>\n\t<meta name=\"twitter:data1\" content=\"1 minuto\" \/>\n<script type=\"application\/ld+json\" class=\"yoast-schema-graph\">{\"@context\":\"https:\/\/schema.org\",\"@graph\":[{\"@type\":\"WebPage\",\"@id\":\"https:\/\/www.savoydubai.com\/it\/savoy-park\/camere\/\",\"url\":\"https:\/\/www.savoydubai.com\/it\/savoy-park\/camere\/\",\"name\":\"Camere - Savoy Dubai\",\"isPartOf\":{\"@id\":\"https:\/\/www.savoydubai.com\/it\/#website\"},\"datePublished\":\"2020-07-13T08:52:18+00:00\",\"dateModified\":\"2020-10-18T15:18:42+00:00\",\"breadcrumb\":{\"@id\":\"https:\/\/www.savoydubai.com\/it\/savoy-park\/camere\/#breadcrumb\"},\"inLanguage\":\"it-IT\",\"potentialAction\":[{\"@type\":\"ReadAction\",\"target\":[\"https:\/\/www.savoydubai.com\/it\/savoy-park\/camere\/\"]}]},{\"@type\":\"BreadcrumbList\",\"@id\":\"https:\/\/www.savoydubai.com\/it\/savoy-park\/camere\/#breadcrumb\",\"itemListElement\":[{\"@type\":\"ListItem\",\"position\":1,\"name\":\"Home\",\"item\":\"https:\/\/www.savoydubai.com\/it\/\"},{\"@type\":\"ListItem\",\"position\":2,\"name\":\"Savoy Park\",\"item\":\"https:\/\/www.savoydubai.com\/it\/savoy-park\/\"},{\"@type\":\"ListItem\",\"position\":3,\"name\":\"Camere\"}]},{\"@type\":\"WebSite\",\"@id\":\"https:\/\/www.savoydubai.com\/it\/#website\",\"url\":\"https:\/\/www.savoydubai.com\/it\/\",\"name\":\"Savoy Dubai\",\"description\":\"Just another ms.decms.eu site\",\"potentialAction\":[{\"@type\":\"SearchAction\",\"target\":{\"@type\":\"EntryPoint\",\"urlTemplate\":\"https:\/\/www.savoydubai.com\/it\/?s={search_term_string}\"},\"query-input\":{\"@type\":\"PropertyValueSpecification\",\"valueRequired\":true,\"valueName\":\"search_term_string\"}}],\"inLanguage\":\"it-IT\"}]}<\/script>\n<!-- \/ Yoast SEO plugin. -->","yoast_head_json":{"title":"Camere - Savoy Dubai","robots":{"index":"index","follow":"follow","max-snippet":"max-snippet:-1","max-image-preview":"max-image-preview:large","max-video-preview":"max-video-preview:-1"},"canonical":"https:\/\/www.savoydubai.com\/it\/savoy-park\/camere\/","og_locale":"it_IT","og_type":"article","og_title":"Camere - Savoy Dubai","og_description":"Cerchi splendidi appartamenti vacanza a Dubai? Il Savoy Park \u00e8 arredato con gusto ed eleganza e offre un servizio di ospitalit\u00e0 eccezionale. Il Savoy Park \u00e8 l&#8217;emblema del lusso sobrio. Ciascuno dei 126 locali \u00e8 elegantemente arredato con finiture di alta qualit\u00e0, per una vacanza e un&#8217;esperienza di viaggio straordinaria e memorabile. Il Savoy Park [&hellip;]","og_url":"https:\/\/www.savoydubai.com\/it\/savoy-park\/camere\/","og_site_name":"Savoy Dubai","article_modified_time":"2020-10-18T15:18:42+00:00","twitter_card":"summary_large_image","twitter_misc":{"Tempo di lettura stimato":"1 minuto"},"schema":{"@context":"https:\/\/schema.org","@graph":[{"@type":"WebPage","@id":"https:\/\/www.savoydubai.com\/it\/savoy-park\/camere\/","url":"https:\/\/www.savoydubai.com\/it\/savoy-park\/camere\/","name":"Camere - Savoy Dubai","isPartOf":{"@id":"https:\/\/www.savoydubai.com\/it\/#website"},"datePublished":"2020-07-13T08:52:18+00:00","dateModified":"2020-10-18T15:18:42+00:00","breadcrumb":{"@id":"https:\/\/www.savoydubai.com\/it\/savoy-park\/camere\/#breadcrumb"},"inLanguage":"it-IT","potentialAction":[{"@type":"ReadAction","target":["https:\/\/www.savoydubai.com\/it\/savoy-park\/camere\/"]}]},{"@type":"BreadcrumbList","@id":"https:\/\/www.savoydubai.com\/it\/savoy-park\/camere\/#breadcrumb","itemListElement":[{"@type":"ListItem","position":1,"name":"Home","item":"https:\/\/www.savoydubai.com\/it\/"},{"@type":"ListItem","position":2,"name":"Savoy Park","item":"https:\/\/www.savoydubai.com\/it\/savoy-park\/"},{"@type":"ListItem","position":3,"name":"Camere"}]},{"@type":"WebSite","@id":"https:\/\/www.savoydubai.com\/it\/#website","url":"https:\/\/www.savoydubai.com\/it\/","name":"Savoy Dubai","description":"Just another ms.decms.eu site","potentialAction":[{"@type":"SearchAction","target":{"@type":"EntryPoint","urlTemplate":"https:\/\/www.savoydubai.com\/it\/?s={search_term_string}"},"query-input":{"@type":"PropertyValueSpecification","valueRequired":true,"valueName":"search_term_string"}}],"inLanguage":"it-IT"}]}},"acf":[],"_links":{"self":[{"href":"https:\/\/www.savoydubai.com\/it\/wp-json\/wp\/v2\/pages\/593","targetHints":{"allow":["GET"]}}],"collection":[{"href":"https:\/\/www.savoydubai.com\/it\/wp-json\/wp\/v2\/pages"}],"about":[{"href":"https:\/\/www.savoydubai.com\/it\/wp-json\/wp\/v2\/types\/page"}],"author":[{"embeddable":true,"href":"https:\/\/www.savoydubai.com\/it\/wp-json\/wp\/v2\/users\/36"}],"replies":[{"embeddable":true,"href":"https:\/\/www.savoydubai.com\/it\/wp-json\/wp\/v2\/comments?post=593"}],"version-history":[{"count":0,"href":"https:\/\/www.savoydubai.com\/it\/wp-json\/wp\/v2\/pages\/593\/revisions"}],"up":[{"embeddable":true,"href":"https:\/\/www.savoydubai.com\/it\/wp-json\/wp\/v2\/pages\/573"}],"wp:attachment":[{"href":"https:\/\/www.savoydubai.com\/it\/wp-json\/wp\/v2\/media?parent=593"}],"curies":[{"name":"wp","href":"https:\/\/api.w.org\/{rel}","templated":true}]}}