{"id":573,"date":"2020-07-13T08:11:04","date_gmt":"2020-07-13T08:11:04","guid":{"rendered":"http:\/\/savoy-dubai.ms.decms.eu\/?page_id=573"},"modified":"2020-10-26T13:51:58","modified_gmt":"2020-10-26T13:51:58","slug":"savoy-park","status":"publish","type":"page","link":"https:\/\/www.savoydubai.com\/it\/savoy-park\/","title":{"rendered":"Savoy Park"},"content":{"rendered":"<p>Arredato con gusto e con un servizio clienti eccezionale, il Savoy Park \u00e8 l&#8217;emblema del lusso sobrio. Ciascuno dei 126 monolocali \u00e8 elegantemente arredato con elementi di alta qualit\u00e0. <\/p>\n<p>Tutti i viaggiatori stagionali trovano la propria zona relax nelle nostre confortevoli strutture, che consistono in piscina all&#8217;aperto, vasca idromassaggio, sauna e palestra.<br \/>\nLa caffetteria serve colazione e spuntini leggeri tutto il giorno. A pranzo e a cena \u00e8 disponibile un variegato menu \u00e0 la carte internazionale.<\/p>\n<p>Il Savoy Park si distingue per la sua posizione, con accesso facile e veloce a Sheikh Zayed Road, al World Trade Center e ai quartieri dello shopping e della cultura di Dubai. A piedi si possono raggiungere due stazioni della metropolitana, vari ipermercati e il centro commerciale BurJuman.<\/p>\n<p>La spiaggia La Mer a Jumeirah \u00e8 a 14 minuti di auto dall&#8217;hotel e gli ospiti possono usufruire di una navetta di cortesia giornaliera dall&#8217;hotel, oltre a stuoie e teli mare gratuiti.<\/p>\n<p> Vincitore del Dubai Green Tourism Award nel 2012 e del Middle East Sustainable Hotel Award nel 2015.<\/p>\n","protected":false},"excerpt":{"rendered":"<p>Gli appartamenti serviti del Savoy Park Hotel Apartments soddisfano tutti coloro che visitano Dubai per affari o per piacere.<\/p>\n","protected":false},"author":36,"featured_media":0,"parent":0,"menu_order":50,"comment_status":"closed","ping_status":"closed","template":"template-hotel.php","meta":{"footnotes":""},"class_list":["post-573","page","type-page","status-publish","hentry"],"yoast_head":"<!-- This site is optimized with the Yoast SEO plugin v26.9 - https:\/\/yoast.com\/product\/yoast-seo-wordpress\/ -->\n<title>Savoy Park - Savoy Dubai<\/title>\n<meta name=\"robots\" content=\"index, follow, max-snippet:-1, max-image-preview:large, max-video-preview:-1\" \/>\n<link rel=\"canonical\" href=\"https:\/\/www.savoydubai.com\/it\/savoy-park\/\" \/>\n<meta property=\"og:locale\" content=\"it_IT\" \/>\n<meta property=\"og:type\" content=\"article\" \/>\n<meta property=\"og:title\" content=\"Savoy Park - Savoy Dubai\" \/>\n<meta property=\"og:description\" content=\"Gli appartamenti serviti del Savoy Park Hotel Apartments soddisfano tutti coloro che visitano Dubai per affari o per piacere.\" \/>\n<meta property=\"og:url\" content=\"https:\/\/www.savoydubai.com\/it\/savoy-park\/\" \/>\n<meta property=\"og:site_name\" content=\"Savoy Dubai\" \/>\n<meta property=\"article:modified_time\" content=\"2020-10-26T13:51:58+00:00\" \/>\n<meta name=\"twitter:card\" content=\"summary_large_image\" \/>\n<meta name=\"twitter:label1\" content=\"Tempo di lettura stimato\" \/>\n\t<meta name=\"twitter:data1\" content=\"1 minuto\" \/>\n<script type=\"application\/ld+json\" class=\"yoast-schema-graph\">{\"@context\":\"https:\/\/schema.org\",\"@graph\":[{\"@type\":\"WebPage\",\"@id\":\"https:\/\/www.savoydubai.com\/it\/savoy-park\/\",\"url\":\"https:\/\/www.savoydubai.com\/it\/savoy-park\/\",\"name\":\"Savoy Park - Savoy Dubai\",\"isPartOf\":{\"@id\":\"https:\/\/www.savoydubai.com\/it\/#website\"},\"datePublished\":\"2020-07-13T08:11:04+00:00\",\"dateModified\":\"2020-10-26T13:51:58+00:00\",\"breadcrumb\":{\"@id\":\"https:\/\/www.savoydubai.com\/it\/savoy-park\/#breadcrumb\"},\"inLanguage\":\"it-IT\",\"potentialAction\":[{\"@type\":\"ReadAction\",\"target\":[\"https:\/\/www.savoydubai.com\/it\/savoy-park\/\"]}]},{\"@type\":\"BreadcrumbList\",\"@id\":\"https:\/\/www.savoydubai.com\/it\/savoy-park\/#breadcrumb\",\"itemListElement\":[{\"@type\":\"ListItem\",\"position\":1,\"name\":\"Home\",\"item\":\"https:\/\/www.savoydubai.com\/it\/\"},{\"@type\":\"ListItem\",\"position\":2,\"name\":\"Savoy Park\"}]},{\"@type\":\"WebSite\",\"@id\":\"https:\/\/www.savoydubai.com\/it\/#website\",\"url\":\"https:\/\/www.savoydubai.com\/it\/\",\"name\":\"Savoy Dubai\",\"description\":\"Just another ms.decms.eu site\",\"potentialAction\":[{\"@type\":\"SearchAction\",\"target\":{\"@type\":\"EntryPoint\",\"urlTemplate\":\"https:\/\/www.savoydubai.com\/it\/?s={search_term_string}\"},\"query-input\":{\"@type\":\"PropertyValueSpecification\",\"valueRequired\":true,\"valueName\":\"search_term_string\"}}],\"inLanguage\":\"it-IT\"}]}<\/script>\n<!-- \/ Yoast SEO plugin. -->","yoast_head_json":{"title":"Savoy Park - Savoy Dubai","robots":{"index":"index","follow":"follow","max-snippet":"max-snippet:-1","max-image-preview":"max-image-preview:large","max-video-preview":"max-video-preview:-1"},"canonical":"https:\/\/www.savoydubai.com\/it\/savoy-park\/","og_locale":"it_IT","og_type":"article","og_title":"Savoy Park - Savoy Dubai","og_description":"Gli appartamenti serviti del Savoy Park Hotel Apartments soddisfano tutti coloro che visitano Dubai per affari o per piacere.","og_url":"https:\/\/www.savoydubai.com\/it\/savoy-park\/","og_site_name":"Savoy Dubai","article_modified_time":"2020-10-26T13:51:58+00:00","twitter_card":"summary_large_image","twitter_misc":{"Tempo di lettura stimato":"1 minuto"},"schema":{"@context":"https:\/\/schema.org","@graph":[{"@type":"WebPage","@id":"https:\/\/www.savoydubai.com\/it\/savoy-park\/","url":"https:\/\/www.savoydubai.com\/it\/savoy-park\/","name":"Savoy Park - Savoy Dubai","isPartOf":{"@id":"https:\/\/www.savoydubai.com\/it\/#website"},"datePublished":"2020-07-13T08:11:04+00:00","dateModified":"2020-10-26T13:51:58+00:00","breadcrumb":{"@id":"https:\/\/www.savoydubai.com\/it\/savoy-park\/#breadcrumb"},"inLanguage":"it-IT","potentialAction":[{"@type":"ReadAction","target":["https:\/\/www.savoydubai.com\/it\/savoy-park\/"]}]},{"@type":"BreadcrumbList","@id":"https:\/\/www.savoydubai.com\/it\/savoy-park\/#breadcrumb","itemListElement":[{"@type":"ListItem","position":1,"name":"Home","item":"https:\/\/www.savoydubai.com\/it\/"},{"@type":"ListItem","position":2,"name":"Savoy Park"}]},{"@type":"WebSite","@id":"https:\/\/www.savoydubai.com\/it\/#website","url":"https:\/\/www.savoydubai.com\/it\/","name":"Savoy Dubai","description":"Just another ms.decms.eu site","potentialAction":[{"@type":"SearchAction","target":{"@type":"EntryPoint","urlTemplate":"https:\/\/www.savoydubai.com\/it\/?s={search_term_string}"},"query-input":{"@type":"PropertyValueSpecification","valueRequired":true,"valueName":"search_term_string"}}],"inLanguage":"it-IT"}]}},"acf":[],"_links":{"self":[{"href":"https:\/\/www.savoydubai.com\/it\/wp-json\/wp\/v2\/pages\/573","targetHints":{"allow":["GET"]}}],"collection":[{"href":"https:\/\/www.savoydubai.com\/it\/wp-json\/wp\/v2\/pages"}],"about":[{"href":"https:\/\/www.savoydubai.com\/it\/wp-json\/wp\/v2\/types\/page"}],"author":[{"embeddable":true,"href":"https:\/\/www.savoydubai.com\/it\/wp-json\/wp\/v2\/users\/36"}],"replies":[{"embeddable":true,"href":"https:\/\/www.savoydubai.com\/it\/wp-json\/wp\/v2\/comments?post=573"}],"version-history":[{"count":0,"href":"https:\/\/www.savoydubai.com\/it\/wp-json\/wp\/v2\/pages\/573\/revisions"}],"wp:attachment":[{"href":"https:\/\/www.savoydubai.com\/it\/wp-json\/wp\/v2\/media?parent=573"}],"curies":[{"name":"wp","href":"https:\/\/api.w.org\/{rel}","templated":true}]}}