{"id":528,"date":"2020-07-10T15:31:16","date_gmt":"2020-07-10T15:31:16","guid":{"rendered":"http:\/\/savoy-dubai.ms.decms.eu\/?page_id=528"},"modified":"2020-10-15T14:27:27","modified_gmt":"2020-10-15T14:27:27","slug":"soggiorni-a-lungo-termine","status":"publish","type":"page","link":"https:\/\/www.savoydubai.com\/it\/savoy-central\/soggiorni-a-lungo-termine\/","title":{"rendered":"Soggiorni a lungo termine"},"content":{"rendered":"<p>Se visiti Dubai per un soggiorno di lunga durata, allora hai sicuramente bisogno di un luogo che ti faccia sentire a casa e che ti prometta comodit\u00e0 oltre che comfort. E se questo \u00e8 ci\u00f2 che stai cercando, allora Savoy Central \u00e8 il posto giusto.<br \/>\nQuando soggiorni negli appartamenti dell&#8217;hotel Savoy Central a Bur Dubai, puoi scegliere tra un monolocale familiare, un monolocale comunicante o un monolocale executive, tutti progettati per offrirti il massimo livello di comfort, ospitalit\u00e0 e la sensazione di stare a casa.<\/p>\n<p>Tutte questi appartamenti offrono:<\/p>\n<ul>\n<li>Un angolo cottura completamente attrezzato: forno a microonde, frigorifero, stoviglie e posate.<\/li>\n<li>Supermercati e negozi di alimentari a pochi passi dall&#8217;hotel<\/li>\n<li>Ogni appartamento \u00e8 dotato di lavatrice e asciugatrice, ferro con asse da stiro, per rendere il tuo soggiorno il pi\u00f9 comodo e confortevole possibile<\/li>\n<li>Una zona soggiorno separata e arredata in modo confortevole, con divano letto e TV di grandi dimensioni per le tue esigenze di intrattenimento<\/li>\n<li>Un tavolo da lavoro separato, che ti offre i vantaggi di un ufficio a casa<\/li>\n<li>Bagni ben progettati con vasca completa per il tuo relax<\/li>\n<li>Servizio di pulizia giornaliero, se necessario<\/li>\n<li>Accesso a reception, sicurezza e servizi di portineria 24 ore su 24.<\/li>\n<\/ul>\n<p>Sono disponibili taxi con tassametro dal Savoy Central e gli ospiti possono anche usufruire dei servizi di autobus RTA nelle immediate vicinanze dell&#8217;hotel, per la massima comodit\u00e0.<br \/>\nQuando si soggiorna in un appartamento in hotel per un lungo periodo di tempo, \u00e8 importante potersi spostare facilmente e raggiungere alcune aree e quelle elencate di seguito si trovano a breve distanza dal Savoy Central Hotel:<\/p>\n<ul>\n<li>Al Seef Village\/Meena Bazaar (1,3 km)<\/li>\n<li>Centro commerciale BurJuman (1,5 km)<\/li>\n<li>Al Bastakiya\/Museo di Dubai (1,9 km)<\/li>\n<li>Dubai Frame (2,9 km)<\/li>\n<li>Dubai World Trade Exhibition Centre (3,8 km)<\/li>\n<li>Spiaggia La Mer a Jumeirah (5,1 km)<\/li>\n<li>Dubai Gold Souk (5,3 km)<\/li>\n<li>Burj Khalifa\/Dubai Mall (8,2 km)<\/li>\n<\/ul>\n<p>Se cerchi le migliori offerte per appartamenti in hotel a Bur Dubai con affitto mensile e per soggiorni di lunga durata, il Savoy Central Hotel Apartments \u00e8 ci\u00f2 che fa per te.<\/p>\n\n                <div class='gf_browser_gecko gform_wrapper' id='gform_wrapper_46' ><form method='post' enctype='multipart\/form-data'  id='gform_46'  action='\/it\/wp-json\/wp\/v2\/pages\/528'>\n                        <div class='gform_heading'>\n                            <span class='gform_description'><\/span>\n                        <\/div>\n                        <div class='gform_body'><ul id='gform_fields_46' class='gform_fields top_label form_sublabel_below description_below'><li id='field_46_9'  class='gfield gfield_html gfield_html_formatted gfield_no_follows_desc field_sublabel_below field_description_below gfield_visibility_visible' ><h2 class=\"the-title uppercase centered\">\nRichiedi la miglior tariffa\n<\/h2><\/li><li id='field_46_1'  class='gfield middle gfield_contains_required field_sublabel_below field_description_below gfield_visibility_visible' ><label class='gfield_label' for='input_46_1' >Nome completo<span class='gfield_required'>*<\/span><\/label><div class='ginput_container ginput_container_text'><input name='input_1' id='input_46_1' type='text' value='' class='medium'     aria-required=\"true\" aria-invalid=\"false\" \/><\/div><\/li><li id='field_46_3'  class='gfield middle gfield_contains_required field_sublabel_below field_description_below gfield_visibility_visible' ><label class='gfield_label' for='input_46_3' >E-mail<span class='gfield_required'>*<\/span><\/label><div class='ginput_container ginput_container_email'>\n                            <input name='input_3' id='input_46_3' type='text' value='' class='medium'    aria-required=\"true\" aria-invalid=\"false\" \/>\n                        <\/div><\/li><li id='field_46_11'  class='gfield middle field_sublabel_below field_description_below gfield_visibility_visible' ><label class='gfield_label' for='input_46_11' >N. cellulare\/WhatsApp<\/label><div class='ginput_container ginput_container_phone'><input name='input_11' id='input_46_11' type='text' value='' class='medium'    aria-invalid=\"false\"  \/><\/div><\/li><li id='field_46_8'  class='gfield middle gfield_contains_required field_sublabel_below field_description_below gfield_visibility_visible' ><label class='gfield_label' for='input_46_8' >Data di arrivo<span class='gfield_required'>*<\/span><\/label><div class='ginput_container ginput_container_date'>\n                            <input name='input_8' id='input_46_8' type='text' value='' class='datepicker medium dmy datepicker_with_icon'    aria-describedby='input_46_8_date_format' \/>\n                            <span id='input_46_8_date_format' class='screen-reader-text'>Date Format: GG slash MM slash AAAA<\/span>\n                        <\/div>\n                        <input type='hidden' id='gforms_calendar_icon_input_46_8' class='gform_hidden' value='https:\/\/www.savoydubai.com\/wp-content\/plugins\/gravityforms\/images\/calendar.png'\/><\/li><li id='field_46_5'  class='gfield gfield_contains_required field_sublabel_below field_description_below gfield_visibility_visible' ><label class='gfield_label' for='input_46_5' >Messaggio<span class='gfield_required'>*<\/span><\/label><div class='ginput_container ginput_container_textarea'><textarea name='input_5' id='input_46_5' class='textarea medium'     aria-required=\"true\" aria-invalid=\"false\"   rows='10' cols='50'><\/textarea><\/div><\/li><li id='field_46_6'  class='gfield privacy-policy gfield_contains_required field_sublabel_below field_description_below gfield_visibility_visible' ><label class='gfield_label'  >Informativa sulla privacy<span class='gfield_required'>*<\/span><\/label><div class='ginput_container ginput_container_checkbox'><ul class='gfield_checkbox' id='input_46_6'><li class='gchoice_46_6_1'>\n\t\t\t\t\t\t\t\t<input name='input_6.1' type='checkbox'  value='*  Facendo click, accetti la nostra &lt;a href=&quot;https:\/\/savoy-dubai.ms.decms.eu\/it\/savoy-central\/privacy\/&quot;&gt;Informativa sulla privacy&lt;\/a&gt;'  id='choice_46_6_1'   \/>\n\t\t\t\t\t\t\t\t<label for='choice_46_6_1' id='label_46_6_1'>*  Facendo click, accetti la nostra <a href=\"https:\/\/savoy-dubai.ms.decms.eu\/it\/savoy-central\/privacy\/\">Informativa sulla privacy<\/a><\/label>\n\t\t\t\t\t\t\t<\/li><\/ul><\/div><\/li><li id='field_46_7'  class='gfield required-fields gfield_html gfield_html_formatted gfield_no_follows_desc field_sublabel_below field_description_below gfield_visibility_visible' >* Campi obbligatori<\/li><li id='field_46_12'  class='gfield field_sublabel_below field_description_below gfield_visibility_visible' ><label class='gfield_label' for='input_46_12' >CAPTCHA<\/label><div id='input_46_12' class='ginput_container ginput_recaptcha' data-sitekey='6LfcmNsZAAAAAEcHpYogIloqCxisBmxa902I-tYC'  data-theme='light' data-tabindex='0'  data-badge=''><\/div><\/li><li id='field_46_13'  class='gfield gform_validation_container field_sublabel_below field_description_below gfield_visibility_visible' ><label class='gfield_label' for='input_46_13' >Comments<\/label><div class='ginput_container'><input name='input_13' id='input_46_13' type='text' value='' \/><\/div><div class='gfield_description' id='gfield_description_46_13'>Questo campo serve per la convalida e dovrebbe essere lasciato inalterato.<\/div><\/li>\n                            <\/ul><\/div>\n        <div class='gform_footer top_label'> <input type='submit' id='gform_submit_button_46' class='gform_button button' value='Invia messaggio'  onclick='if(window[\"gf_submitting_46\"]){return false;}  window[\"gf_submitting_46\"]=true;  ' onkeypress='if( event.keyCode == 13 ){ if(window[\"gf_submitting_46\"]){return false;} window[\"gf_submitting_46\"]=true;  jQuery(\"#gform_46\").trigger(\"submit\",[true]); }' \/> \n            <input type='hidden' class='gform_hidden' name='is_submit_46' value='1' \/>\n            <input type='hidden' class='gform_hidden' name='gform_submit' value='46' \/>\n            \n            <input type='hidden' class='gform_hidden' name='gform_unique_id' value='' \/>\n            <input type='hidden' class='gform_hidden' name='state_46' value='WyJbXSIsIjMzYmYyMWNkYTJhNzA4YTM1YzdlNzFmY2RiNzcyYTQwIl0=' \/>\n            <input type='hidden' class='gform_hidden' name='gform_target_page_number_46' id='gform_target_page_number_46' value='0' \/>\n            <input type='hidden' class='gform_hidden' name='gform_source_page_number_46' id='gform_source_page_number_46' value='1' \/>\n            <input type='hidden' name='gform_field_values' value='' \/>\n            \n        <\/div>\n                        <\/form>\n                        <\/div>\n","protected":false},"excerpt":{"rendered":"<p>Se visiti Dubai per un soggiorno di lunga durata, allora hai sicuramente bisogno di un luogo che ti faccia sentire a casa e che ti prometta comodit\u00e0 oltre che comfort. E se questo \u00e8 ci\u00f2 che stai cercando, allora Savoy Central \u00e8 il posto giusto. Quando soggiorni negli appartamenti dell&#8217;hotel Savoy Central a Bur Dubai, [&hellip;]<\/p>\n","protected":false},"author":36,"featured_media":0,"parent":442,"menu_order":50,"comment_status":"closed","ping_status":"closed","template":"template-hotel-default.php","meta":{"footnotes":""},"class_list":["post-528","page","type-page","status-publish","hentry"],"yoast_head":"<!-- This site is optimized with the Yoast SEO plugin v26.9 - https:\/\/yoast.com\/product\/yoast-seo-wordpress\/ -->\n<title>Soggiorni a lungo termine - Savoy Dubai<\/title>\n<meta name=\"robots\" content=\"index, follow, max-snippet:-1, max-image-preview:large, max-video-preview:-1\" \/>\n<link rel=\"canonical\" href=\"https:\/\/www.savoydubai.com\/it\/savoy-central\/soggiorni-a-lungo-termine\/\" \/>\n<meta property=\"og:locale\" content=\"it_IT\" \/>\n<meta property=\"og:type\" content=\"article\" \/>\n<meta property=\"og:title\" content=\"Soggiorni a lungo termine - Savoy Dubai\" \/>\n<meta property=\"og:description\" content=\"Se visiti Dubai per un soggiorno di lunga durata, allora hai sicuramente bisogno di un luogo che ti faccia sentire a casa e che ti prometta comodit\u00e0 oltre che comfort. E se questo \u00e8 ci\u00f2 che stai cercando, allora Savoy Central \u00e8 il posto giusto. Quando soggiorni negli appartamenti dell&#8217;hotel Savoy Central a Bur Dubai, [&hellip;]\" \/>\n<meta property=\"og:url\" content=\"https:\/\/www.savoydubai.com\/it\/savoy-central\/soggiorni-a-lungo-termine\/\" \/>\n<meta property=\"og:site_name\" content=\"Savoy Dubai\" \/>\n<meta property=\"article:modified_time\" content=\"2020-10-15T14:27:27+00:00\" \/>\n<meta name=\"twitter:card\" content=\"summary_large_image\" \/>\n<meta name=\"twitter:label1\" content=\"Tempo di lettura stimato\" \/>\n\t<meta name=\"twitter:data1\" content=\"2 minuti\" \/>\n<script type=\"application\/ld+json\" class=\"yoast-schema-graph\">{\"@context\":\"https:\/\/schema.org\",\"@graph\":[{\"@type\":\"WebPage\",\"@id\":\"https:\/\/www.savoydubai.com\/it\/savoy-central\/soggiorni-a-lungo-termine\/\",\"url\":\"https:\/\/www.savoydubai.com\/it\/savoy-central\/soggiorni-a-lungo-termine\/\",\"name\":\"Soggiorni a lungo termine - Savoy Dubai\",\"isPartOf\":{\"@id\":\"https:\/\/www.savoydubai.com\/it\/#website\"},\"datePublished\":\"2020-07-10T15:31:16+00:00\",\"dateModified\":\"2020-10-15T14:27:27+00:00\",\"breadcrumb\":{\"@id\":\"https:\/\/www.savoydubai.com\/it\/savoy-central\/soggiorni-a-lungo-termine\/#breadcrumb\"},\"inLanguage\":\"it-IT\",\"potentialAction\":[{\"@type\":\"ReadAction\",\"target\":[\"https:\/\/www.savoydubai.com\/it\/savoy-central\/soggiorni-a-lungo-termine\/\"]}]},{\"@type\":\"BreadcrumbList\",\"@id\":\"https:\/\/www.savoydubai.com\/it\/savoy-central\/soggiorni-a-lungo-termine\/#breadcrumb\",\"itemListElement\":[{\"@type\":\"ListItem\",\"position\":1,\"name\":\"Home\",\"item\":\"https:\/\/www.savoydubai.com\/it\/\"},{\"@type\":\"ListItem\",\"position\":2,\"name\":\"Savoy Central\",\"item\":\"https:\/\/www.savoydubai.com\/it\/savoy-central\/\"},{\"@type\":\"ListItem\",\"position\":3,\"name\":\"Soggiorni a lungo termine\"}]},{\"@type\":\"WebSite\",\"@id\":\"https:\/\/www.savoydubai.com\/it\/#website\",\"url\":\"https:\/\/www.savoydubai.com\/it\/\",\"name\":\"Savoy Dubai\",\"description\":\"Just another ms.decms.eu site\",\"potentialAction\":[{\"@type\":\"SearchAction\",\"target\":{\"@type\":\"EntryPoint\",\"urlTemplate\":\"https:\/\/www.savoydubai.com\/it\/?s={search_term_string}\"},\"query-input\":{\"@type\":\"PropertyValueSpecification\",\"valueRequired\":true,\"valueName\":\"search_term_string\"}}],\"inLanguage\":\"it-IT\"}]}<\/script>\n<!-- \/ Yoast SEO plugin. -->","yoast_head_json":{"title":"Soggiorni a lungo termine - Savoy Dubai","robots":{"index":"index","follow":"follow","max-snippet":"max-snippet:-1","max-image-preview":"max-image-preview:large","max-video-preview":"max-video-preview:-1"},"canonical":"https:\/\/www.savoydubai.com\/it\/savoy-central\/soggiorni-a-lungo-termine\/","og_locale":"it_IT","og_type":"article","og_title":"Soggiorni a lungo termine - Savoy Dubai","og_description":"Se visiti Dubai per un soggiorno di lunga durata, allora hai sicuramente bisogno di un luogo che ti faccia sentire a casa e che ti prometta comodit\u00e0 oltre che comfort. E se questo \u00e8 ci\u00f2 che stai cercando, allora Savoy Central \u00e8 il posto giusto. Quando soggiorni negli appartamenti dell&#8217;hotel Savoy Central a Bur Dubai, [&hellip;]","og_url":"https:\/\/www.savoydubai.com\/it\/savoy-central\/soggiorni-a-lungo-termine\/","og_site_name":"Savoy Dubai","article_modified_time":"2020-10-15T14:27:27+00:00","twitter_card":"summary_large_image","twitter_misc":{"Tempo di lettura stimato":"2 minuti"},"schema":{"@context":"https:\/\/schema.org","@graph":[{"@type":"WebPage","@id":"https:\/\/www.savoydubai.com\/it\/savoy-central\/soggiorni-a-lungo-termine\/","url":"https:\/\/www.savoydubai.com\/it\/savoy-central\/soggiorni-a-lungo-termine\/","name":"Soggiorni a lungo termine - Savoy Dubai","isPartOf":{"@id":"https:\/\/www.savoydubai.com\/it\/#website"},"datePublished":"2020-07-10T15:31:16+00:00","dateModified":"2020-10-15T14:27:27+00:00","breadcrumb":{"@id":"https:\/\/www.savoydubai.com\/it\/savoy-central\/soggiorni-a-lungo-termine\/#breadcrumb"},"inLanguage":"it-IT","potentialAction":[{"@type":"ReadAction","target":["https:\/\/www.savoydubai.com\/it\/savoy-central\/soggiorni-a-lungo-termine\/"]}]},{"@type":"BreadcrumbList","@id":"https:\/\/www.savoydubai.com\/it\/savoy-central\/soggiorni-a-lungo-termine\/#breadcrumb","itemListElement":[{"@type":"ListItem","position":1,"name":"Home","item":"https:\/\/www.savoydubai.com\/it\/"},{"@type":"ListItem","position":2,"name":"Savoy Central","item":"https:\/\/www.savoydubai.com\/it\/savoy-central\/"},{"@type":"ListItem","position":3,"name":"Soggiorni a lungo termine"}]},{"@type":"WebSite","@id":"https:\/\/www.savoydubai.com\/it\/#website","url":"https:\/\/www.savoydubai.com\/it\/","name":"Savoy Dubai","description":"Just another ms.decms.eu site","potentialAction":[{"@type":"SearchAction","target":{"@type":"EntryPoint","urlTemplate":"https:\/\/www.savoydubai.com\/it\/?s={search_term_string}"},"query-input":{"@type":"PropertyValueSpecification","valueRequired":true,"valueName":"search_term_string"}}],"inLanguage":"it-IT"}]}},"acf":[],"_links":{"self":[{"href":"https:\/\/www.savoydubai.com\/it\/wp-json\/wp\/v2\/pages\/528","targetHints":{"allow":["GET"]}}],"collection":[{"href":"https:\/\/www.savoydubai.com\/it\/wp-json\/wp\/v2\/pages"}],"about":[{"href":"https:\/\/www.savoydubai.com\/it\/wp-json\/wp\/v2\/types\/page"}],"author":[{"embeddable":true,"href":"https:\/\/www.savoydubai.com\/it\/wp-json\/wp\/v2\/users\/36"}],"replies":[{"embeddable":true,"href":"https:\/\/www.savoydubai.com\/it\/wp-json\/wp\/v2\/comments?post=528"}],"version-history":[{"count":0,"href":"https:\/\/www.savoydubai.com\/it\/wp-json\/wp\/v2\/pages\/528\/revisions"}],"up":[{"embeddable":true,"href":"https:\/\/www.savoydubai.com\/it\/wp-json\/wp\/v2\/pages\/442"}],"wp:attachment":[{"href":"https:\/\/www.savoydubai.com\/it\/wp-json\/wp\/v2\/media?parent=528"}],"curies":[{"name":"wp","href":"https:\/\/api.w.org\/{rel}","templated":true}]}}