{"id":523,"date":"2020-07-10T15:23:50","date_gmt":"2020-07-10T15:23:50","guid":{"rendered":"http:\/\/savoy-dubai.ms.decms.eu\/?page_id=523"},"modified":"2022-02-18T11:19:26","modified_gmt":"2022-02-18T11:19:26","slug":"posizione","status":"publish","type":"page","link":"https:\/\/www.savoydubai.com\/it\/savoy-crest\/posizione\/","title":{"rendered":"Posizione"},"content":{"rendered":"<p>Il Savoy Crest Hotel Apartments \u00e8 situato in posizione centrale nel cuore di Dubai, nello storico quartiere di Bur Dubai, che lo rende un hotel ideale per esplorare questa citt\u00e0 di fama mondiale. Durante la visita a questo quartiere storico, \u00e8 d&#8217;obbligo visitare l&#8217;affascinante Dubai Creek e il villaggio di Al Seef, che si trova a breve distanza dal Savoy Crest.<\/p>\n<p>Il Savoy Crest si trova a 15 minuti di auto dall&#8217;aeroporto internazionale di Dubai. I taxi con tassametro sono disponibili all&#8217;uscita dell&#8217;aeroporto e costano circa 13 EUR\/55 AED.<br \/>\nUn soggiorno elegante e alla moda al Savoy Crest \u00e8 ideale, grazie alla sua comoda posizione e alla possibilit\u00e0 di raggiungere facilmente tutto ci\u00f2 che Dubai ha da offrire. Gli ospiti sono a pochi passi o a breve distanza in auto dalle maggiori attrazioni, ristoranti e negozi della citt\u00e0.<\/p>\n<p>La comodit\u00e0 e il facile accesso all&#8217;hotel sono impareggiabili. L&#8217;hotel si trova a 11 minuti a piedi dalla stazione della metropolitana BurJuman, mentre la stazione della metropolitana Al Fahidi \u00e8 a soli 8 minuti a piedi. Prendendo la metropolitana, gli ospiti possono spostarsi ovunque a Dubai. Fai shopping nel centro commerciale di BurJuman e nel Meena Bazaar o visita la spiaggia incontaminata e popolare di La Mer a Jumeirah, grazie al servizio navetta di cortesia dell&#8217;hotel. Il principale quartiere degli affari e dello shopping si trova a pochi passi di distanza e offre un facile accesso alla vivace Sheikh Zayed Road e all&#8217;iconico Burj Khalifa.<\/p>\n","protected":false},"excerpt":{"rendered":"<p>Il Savoy Crest Hotel Apartments \u00e8 situato in posizione centrale nel cuore di Dubai, nello storico quartiere di Bur Dubai, che lo rende un hotel ideale per esplorare questa citt\u00e0 di fama mondiale. Durante la visita a questo quartiere storico, \u00e8 d&#8217;obbligo visitare l&#8217;affascinante Dubai Creek e il villaggio di Al Seef, che si trova [&hellip;]<\/p>\n","protected":false},"author":7,"featured_media":0,"parent":295,"menu_order":30,"comment_status":"closed","ping_status":"closed","template":"template-hotel-location.php","meta":{"footnotes":""},"class_list":["post-523","page","type-page","status-publish","hentry"],"yoast_head":"<!-- This site is optimized with the Yoast SEO plugin v26.9 - https:\/\/yoast.com\/product\/yoast-seo-wordpress\/ -->\n<title>Posizione - Savoy Dubai<\/title>\n<meta name=\"robots\" content=\"index, follow, max-snippet:-1, max-image-preview:large, max-video-preview:-1\" \/>\n<link rel=\"canonical\" href=\"https:\/\/www.savoydubai.com\/it\/savoy-crest\/posizione\/\" \/>\n<meta property=\"og:locale\" content=\"it_IT\" \/>\n<meta property=\"og:type\" content=\"article\" \/>\n<meta property=\"og:title\" content=\"Posizione - Savoy Dubai\" \/>\n<meta property=\"og:description\" content=\"Il Savoy Crest Hotel Apartments \u00e8 situato in posizione centrale nel cuore di Dubai, nello storico quartiere di Bur Dubai, che lo rende un hotel ideale per esplorare questa citt\u00e0 di fama mondiale. Durante la visita a questo quartiere storico, \u00e8 d&#8217;obbligo visitare l&#8217;affascinante Dubai Creek e il villaggio di Al Seef, che si trova [&hellip;]\" \/>\n<meta property=\"og:url\" content=\"https:\/\/www.savoydubai.com\/it\/savoy-crest\/posizione\/\" \/>\n<meta property=\"og:site_name\" content=\"Savoy Dubai\" \/>\n<meta property=\"article:modified_time\" content=\"2022-02-18T11:19:26+00:00\" \/>\n<meta name=\"twitter:card\" content=\"summary_large_image\" \/>\n<meta name=\"twitter:label1\" content=\"Tempo di lettura stimato\" \/>\n\t<meta name=\"twitter:data1\" content=\"1 minuto\" \/>\n<script type=\"application\/ld+json\" class=\"yoast-schema-graph\">{\"@context\":\"https:\/\/schema.org\",\"@graph\":[{\"@type\":\"WebPage\",\"@id\":\"https:\/\/www.savoydubai.com\/it\/savoy-crest\/posizione\/\",\"url\":\"https:\/\/www.savoydubai.com\/it\/savoy-crest\/posizione\/\",\"name\":\"Posizione - Savoy Dubai\",\"isPartOf\":{\"@id\":\"https:\/\/www.savoydubai.com\/it\/#website\"},\"datePublished\":\"2020-07-10T15:23:50+00:00\",\"dateModified\":\"2022-02-18T11:19:26+00:00\",\"breadcrumb\":{\"@id\":\"https:\/\/www.savoydubai.com\/it\/savoy-crest\/posizione\/#breadcrumb\"},\"inLanguage\":\"it-IT\",\"potentialAction\":[{\"@type\":\"ReadAction\",\"target\":[\"https:\/\/www.savoydubai.com\/it\/savoy-crest\/posizione\/\"]}]},{\"@type\":\"BreadcrumbList\",\"@id\":\"https:\/\/www.savoydubai.com\/it\/savoy-crest\/posizione\/#breadcrumb\",\"itemListElement\":[{\"@type\":\"ListItem\",\"position\":1,\"name\":\"Home\",\"item\":\"https:\/\/www.savoydubai.com\/it\/\"},{\"@type\":\"ListItem\",\"position\":2,\"name\":\"Savoy Crest\",\"item\":\"https:\/\/www.savoydubai.com\/it\/savoy-crest\/\"},{\"@type\":\"ListItem\",\"position\":3,\"name\":\"Posizione\"}]},{\"@type\":\"WebSite\",\"@id\":\"https:\/\/www.savoydubai.com\/it\/#website\",\"url\":\"https:\/\/www.savoydubai.com\/it\/\",\"name\":\"Savoy Dubai\",\"description\":\"Just another ms.decms.eu site\",\"potentialAction\":[{\"@type\":\"SearchAction\",\"target\":{\"@type\":\"EntryPoint\",\"urlTemplate\":\"https:\/\/www.savoydubai.com\/it\/?s={search_term_string}\"},\"query-input\":{\"@type\":\"PropertyValueSpecification\",\"valueRequired\":true,\"valueName\":\"search_term_string\"}}],\"inLanguage\":\"it-IT\"}]}<\/script>\n<!-- \/ Yoast SEO plugin. -->","yoast_head_json":{"title":"Posizione - Savoy Dubai","robots":{"index":"index","follow":"follow","max-snippet":"max-snippet:-1","max-image-preview":"max-image-preview:large","max-video-preview":"max-video-preview:-1"},"canonical":"https:\/\/www.savoydubai.com\/it\/savoy-crest\/posizione\/","og_locale":"it_IT","og_type":"article","og_title":"Posizione - Savoy Dubai","og_description":"Il Savoy Crest Hotel Apartments \u00e8 situato in posizione centrale nel cuore di Dubai, nello storico quartiere di Bur Dubai, che lo rende un hotel ideale per esplorare questa citt\u00e0 di fama mondiale. Durante la visita a questo quartiere storico, \u00e8 d&#8217;obbligo visitare l&#8217;affascinante Dubai Creek e il villaggio di Al Seef, che si trova [&hellip;]","og_url":"https:\/\/www.savoydubai.com\/it\/savoy-crest\/posizione\/","og_site_name":"Savoy Dubai","article_modified_time":"2022-02-18T11:19:26+00:00","twitter_card":"summary_large_image","twitter_misc":{"Tempo di lettura stimato":"1 minuto"},"schema":{"@context":"https:\/\/schema.org","@graph":[{"@type":"WebPage","@id":"https:\/\/www.savoydubai.com\/it\/savoy-crest\/posizione\/","url":"https:\/\/www.savoydubai.com\/it\/savoy-crest\/posizione\/","name":"Posizione - Savoy Dubai","isPartOf":{"@id":"https:\/\/www.savoydubai.com\/it\/#website"},"datePublished":"2020-07-10T15:23:50+00:00","dateModified":"2022-02-18T11:19:26+00:00","breadcrumb":{"@id":"https:\/\/www.savoydubai.com\/it\/savoy-crest\/posizione\/#breadcrumb"},"inLanguage":"it-IT","potentialAction":[{"@type":"ReadAction","target":["https:\/\/www.savoydubai.com\/it\/savoy-crest\/posizione\/"]}]},{"@type":"BreadcrumbList","@id":"https:\/\/www.savoydubai.com\/it\/savoy-crest\/posizione\/#breadcrumb","itemListElement":[{"@type":"ListItem","position":1,"name":"Home","item":"https:\/\/www.savoydubai.com\/it\/"},{"@type":"ListItem","position":2,"name":"Savoy Crest","item":"https:\/\/www.savoydubai.com\/it\/savoy-crest\/"},{"@type":"ListItem","position":3,"name":"Posizione"}]},{"@type":"WebSite","@id":"https:\/\/www.savoydubai.com\/it\/#website","url":"https:\/\/www.savoydubai.com\/it\/","name":"Savoy Dubai","description":"Just another ms.decms.eu site","potentialAction":[{"@type":"SearchAction","target":{"@type":"EntryPoint","urlTemplate":"https:\/\/www.savoydubai.com\/it\/?s={search_term_string}"},"query-input":{"@type":"PropertyValueSpecification","valueRequired":true,"valueName":"search_term_string"}}],"inLanguage":"it-IT"}]}},"acf":[],"_links":{"self":[{"href":"https:\/\/www.savoydubai.com\/it\/wp-json\/wp\/v2\/pages\/523","targetHints":{"allow":["GET"]}}],"collection":[{"href":"https:\/\/www.savoydubai.com\/it\/wp-json\/wp\/v2\/pages"}],"about":[{"href":"https:\/\/www.savoydubai.com\/it\/wp-json\/wp\/v2\/types\/page"}],"author":[{"embeddable":true,"href":"https:\/\/www.savoydubai.com\/it\/wp-json\/wp\/v2\/users\/7"}],"replies":[{"embeddable":true,"href":"https:\/\/www.savoydubai.com\/it\/wp-json\/wp\/v2\/comments?post=523"}],"version-history":[{"count":0,"href":"https:\/\/www.savoydubai.com\/it\/wp-json\/wp\/v2\/pages\/523\/revisions"}],"up":[{"embeddable":true,"href":"https:\/\/www.savoydubai.com\/it\/wp-json\/wp\/v2\/pages\/295"}],"wp:attachment":[{"href":"https:\/\/www.savoydubai.com\/it\/wp-json\/wp\/v2\/media?parent=523"}],"curies":[{"name":"wp","href":"https:\/\/api.w.org\/{rel}","templated":true}]}}