{"id":512,"date":"2020-07-10T14:55:42","date_gmt":"2020-07-10T14:55:42","guid":{"rendered":"http:\/\/savoy-dubai.ms.decms.eu\/?page_id=512"},"modified":"2022-02-18T11:25:44","modified_gmt":"2022-02-18T11:25:44","slug":"posizione","status":"publish","type":"page","link":"https:\/\/www.savoydubai.com\/it\/savoy-central\/posizione\/","title":{"rendered":"Posizione"},"content":{"rendered":"<p>Fedele al suo nome, la comoda posizione del Savoy Central Hotel Apartments di Dubai lo rende perfetto per esplorare questa destinazione turistica di fama mondiale. Questo hotel di lusso si trova a Bur Dubai, uno dei quartieri pi\u00f9 storici della citt\u00e0. Si pu\u00f2 fare shopping al Meena Bazaar e al centro commerciale BurJuman, e poi soddisfare il tuo palato in uno dei ristoranti vicini, a pochi passi dal Savoy Central.<\/p>\n<p>Anche le acque tranquille e la spiaggia sabbiosa di Jumeirah sono raggiungibili in brevissimo tempo. L&#8217;hotel offre un servizio navetta di cortesia per la spiaggia La Mer di Dubai a Jumeirah, che ti far\u00e0 risparmiare sulle tariffe dei taxi o degli autobus RTA.<\/p>\n<p>Famosi punti di riferimento come il Museo di Dubai, la Grande Moschea, la Dubai Frame e il Dubai Gold Souk sono a breve distanza in auto dal Savoy Central. Il principale quartiere degli affari si trova nelle vicinanze e offre un facile accesso alla vivace Sheikh Zayed Road. Questa strada apparentemente senza fine \u00e8 fiancheggiata dai caratteristici grattacieli della citt\u00e0, tra cui l&#8217;iconico Burj Khalifa.<\/p>\n<p>Oltre alle attrazioni e ai punti di riferimento vicini, la posizione dell&#8217;hotel \u00e8 comoda per l&#8217;accesso ai mezzi di trasporto. I taxi con tassametro sono facilmente disponibili dall&#8217;hotel e gli ospiti possono anche usufruire degli autobus RTA nelle immediate vicinanze dell&#8217;hotel.<\/p>\n<p>Le stazioni della metropolitana sono il modo pi\u00f9 semplice per viaggiare tra il Savoy Central e le localit\u00e0 turistiche. Entrambe le stazioni della metropolitana Al Fahidi e BurJuman sono raggiungibili a piedi. Anche l&#8217;aeroporto internazionale di Dubai \u00e8 a soli 15 minuti di distanza in auto dall&#8217;hotel.<\/p>\n","protected":false},"excerpt":{"rendered":"<p>Fedele al suo nome, la comoda posizione del Savoy Central Hotel Apartments di Dubai lo rende perfetto per esplorare questa destinazione turistica di fama mondiale. Questo hotel di lusso si trova a Bur Dubai, uno dei quartieri pi\u00f9 storici della citt\u00e0. Si pu\u00f2 fare shopping al Meena Bazaar e al centro commerciale BurJuman, e poi [&hellip;]<\/p>\n","protected":false},"author":36,"featured_media":0,"parent":442,"menu_order":30,"comment_status":"closed","ping_status":"closed","template":"template-hotel-location.php","meta":{"footnotes":""},"class_list":["post-512","page","type-page","status-publish","hentry"],"yoast_head":"<!-- This site is optimized with the Yoast SEO plugin v26.9 - https:\/\/yoast.com\/product\/yoast-seo-wordpress\/ -->\n<title>Posizione - Savoy Dubai<\/title>\n<meta name=\"robots\" content=\"index, follow, max-snippet:-1, max-image-preview:large, max-video-preview:-1\" \/>\n<link rel=\"canonical\" href=\"https:\/\/www.savoydubai.com\/it\/savoy-central\/posizione\/\" \/>\n<meta property=\"og:locale\" content=\"it_IT\" \/>\n<meta property=\"og:type\" content=\"article\" \/>\n<meta property=\"og:title\" content=\"Posizione - Savoy Dubai\" \/>\n<meta property=\"og:description\" content=\"Fedele al suo nome, la comoda posizione del Savoy Central Hotel Apartments di Dubai lo rende perfetto per esplorare questa destinazione turistica di fama mondiale. Questo hotel di lusso si trova a Bur Dubai, uno dei quartieri pi\u00f9 storici della citt\u00e0. Si pu\u00f2 fare shopping al Meena Bazaar e al centro commerciale BurJuman, e poi [&hellip;]\" \/>\n<meta property=\"og:url\" content=\"https:\/\/www.savoydubai.com\/it\/savoy-central\/posizione\/\" \/>\n<meta property=\"og:site_name\" content=\"Savoy Dubai\" \/>\n<meta property=\"article:modified_time\" content=\"2022-02-18T11:25:44+00:00\" \/>\n<meta name=\"twitter:card\" content=\"summary_large_image\" \/>\n<meta name=\"twitter:label1\" content=\"Tempo di lettura stimato\" \/>\n\t<meta name=\"twitter:data1\" content=\"1 minuto\" \/>\n<script type=\"application\/ld+json\" class=\"yoast-schema-graph\">{\"@context\":\"https:\/\/schema.org\",\"@graph\":[{\"@type\":\"WebPage\",\"@id\":\"https:\/\/www.savoydubai.com\/it\/savoy-central\/posizione\/\",\"url\":\"https:\/\/www.savoydubai.com\/it\/savoy-central\/posizione\/\",\"name\":\"Posizione - Savoy Dubai\",\"isPartOf\":{\"@id\":\"https:\/\/www.savoydubai.com\/it\/#website\"},\"datePublished\":\"2020-07-10T14:55:42+00:00\",\"dateModified\":\"2022-02-18T11:25:44+00:00\",\"breadcrumb\":{\"@id\":\"https:\/\/www.savoydubai.com\/it\/savoy-central\/posizione\/#breadcrumb\"},\"inLanguage\":\"it-IT\",\"potentialAction\":[{\"@type\":\"ReadAction\",\"target\":[\"https:\/\/www.savoydubai.com\/it\/savoy-central\/posizione\/\"]}]},{\"@type\":\"BreadcrumbList\",\"@id\":\"https:\/\/www.savoydubai.com\/it\/savoy-central\/posizione\/#breadcrumb\",\"itemListElement\":[{\"@type\":\"ListItem\",\"position\":1,\"name\":\"Home\",\"item\":\"https:\/\/www.savoydubai.com\/it\/\"},{\"@type\":\"ListItem\",\"position\":2,\"name\":\"Savoy Central\",\"item\":\"https:\/\/www.savoydubai.com\/it\/savoy-central\/\"},{\"@type\":\"ListItem\",\"position\":3,\"name\":\"Posizione\"}]},{\"@type\":\"WebSite\",\"@id\":\"https:\/\/www.savoydubai.com\/it\/#website\",\"url\":\"https:\/\/www.savoydubai.com\/it\/\",\"name\":\"Savoy Dubai\",\"description\":\"Just another ms.decms.eu site\",\"potentialAction\":[{\"@type\":\"SearchAction\",\"target\":{\"@type\":\"EntryPoint\",\"urlTemplate\":\"https:\/\/www.savoydubai.com\/it\/?s={search_term_string}\"},\"query-input\":{\"@type\":\"PropertyValueSpecification\",\"valueRequired\":true,\"valueName\":\"search_term_string\"}}],\"inLanguage\":\"it-IT\"}]}<\/script>\n<!-- \/ Yoast SEO plugin. -->","yoast_head_json":{"title":"Posizione - Savoy Dubai","robots":{"index":"index","follow":"follow","max-snippet":"max-snippet:-1","max-image-preview":"max-image-preview:large","max-video-preview":"max-video-preview:-1"},"canonical":"https:\/\/www.savoydubai.com\/it\/savoy-central\/posizione\/","og_locale":"it_IT","og_type":"article","og_title":"Posizione - Savoy Dubai","og_description":"Fedele al suo nome, la comoda posizione del Savoy Central Hotel Apartments di Dubai lo rende perfetto per esplorare questa destinazione turistica di fama mondiale. Questo hotel di lusso si trova a Bur Dubai, uno dei quartieri pi\u00f9 storici della citt\u00e0. Si pu\u00f2 fare shopping al Meena Bazaar e al centro commerciale BurJuman, e poi [&hellip;]","og_url":"https:\/\/www.savoydubai.com\/it\/savoy-central\/posizione\/","og_site_name":"Savoy Dubai","article_modified_time":"2022-02-18T11:25:44+00:00","twitter_card":"summary_large_image","twitter_misc":{"Tempo di lettura stimato":"1 minuto"},"schema":{"@context":"https:\/\/schema.org","@graph":[{"@type":"WebPage","@id":"https:\/\/www.savoydubai.com\/it\/savoy-central\/posizione\/","url":"https:\/\/www.savoydubai.com\/it\/savoy-central\/posizione\/","name":"Posizione - Savoy Dubai","isPartOf":{"@id":"https:\/\/www.savoydubai.com\/it\/#website"},"datePublished":"2020-07-10T14:55:42+00:00","dateModified":"2022-02-18T11:25:44+00:00","breadcrumb":{"@id":"https:\/\/www.savoydubai.com\/it\/savoy-central\/posizione\/#breadcrumb"},"inLanguage":"it-IT","potentialAction":[{"@type":"ReadAction","target":["https:\/\/www.savoydubai.com\/it\/savoy-central\/posizione\/"]}]},{"@type":"BreadcrumbList","@id":"https:\/\/www.savoydubai.com\/it\/savoy-central\/posizione\/#breadcrumb","itemListElement":[{"@type":"ListItem","position":1,"name":"Home","item":"https:\/\/www.savoydubai.com\/it\/"},{"@type":"ListItem","position":2,"name":"Savoy Central","item":"https:\/\/www.savoydubai.com\/it\/savoy-central\/"},{"@type":"ListItem","position":3,"name":"Posizione"}]},{"@type":"WebSite","@id":"https:\/\/www.savoydubai.com\/it\/#website","url":"https:\/\/www.savoydubai.com\/it\/","name":"Savoy Dubai","description":"Just another ms.decms.eu site","potentialAction":[{"@type":"SearchAction","target":{"@type":"EntryPoint","urlTemplate":"https:\/\/www.savoydubai.com\/it\/?s={search_term_string}"},"query-input":{"@type":"PropertyValueSpecification","valueRequired":true,"valueName":"search_term_string"}}],"inLanguage":"it-IT"}]}},"acf":[],"_links":{"self":[{"href":"https:\/\/www.savoydubai.com\/it\/wp-json\/wp\/v2\/pages\/512","targetHints":{"allow":["GET"]}}],"collection":[{"href":"https:\/\/www.savoydubai.com\/it\/wp-json\/wp\/v2\/pages"}],"about":[{"href":"https:\/\/www.savoydubai.com\/it\/wp-json\/wp\/v2\/types\/page"}],"author":[{"embeddable":true,"href":"https:\/\/www.savoydubai.com\/it\/wp-json\/wp\/v2\/users\/36"}],"replies":[{"embeddable":true,"href":"https:\/\/www.savoydubai.com\/it\/wp-json\/wp\/v2\/comments?post=512"}],"version-history":[{"count":0,"href":"https:\/\/www.savoydubai.com\/it\/wp-json\/wp\/v2\/pages\/512\/revisions"}],"up":[{"embeddable":true,"href":"https:\/\/www.savoydubai.com\/it\/wp-json\/wp\/v2\/pages\/442"}],"wp:attachment":[{"href":"https:\/\/www.savoydubai.com\/it\/wp-json\/wp\/v2\/media?parent=512"}],"curies":[{"name":"wp","href":"https:\/\/api.w.org\/{rel}","templated":true}]}}