{"id":485,"date":"2020-07-10T12:40:48","date_gmt":"2020-07-10T12:40:48","guid":{"rendered":"http:\/\/savoy-dubai.ms.decms.eu\/?page_id=485"},"modified":"2020-10-17T14:47:43","modified_gmt":"2020-10-17T14:47:43","slug":"servizi","status":"publish","type":"page","link":"https:\/\/www.savoydubai.com\/it\/savoy-central\/servizi\/","title":{"rendered":"Servizi"},"content":{"rendered":"<p>Gli ospiti che soggiornano negli appartamenti arredati del Savoy Central di Dubai, sia che si tratti del nostro monolocale familiare, executive comunicante o executive, possono usufruire delle strutture ricreative in loco, che includono una piscina esterna a temperatura controllata, piscina per bambini, palestra, sauna e bagno turco. Tutte queste strutture sono state create pensando ai nostri ospiti, dando loro l&#8217;opportunit\u00e0 di distendersi e rilassarsi in loco ogni volta che lo desiderano.<\/p>\n<p>Se i nostri ospiti vogliono dedicarsi ad alcune attivit\u00e0 di allenamento fisico e di forza, la nostra moderna palestra \u00e8 disponibile e offre una gamma avanzata di attrezzature per aiutarli a rimanere in forma ed energizzati.<\/p>\n<p>Per rendere il soggiorno dei nostri ospiti ancora pi\u00f9 comodo, offriamo un servizio giornaliero di navetta di cortesia che trasporta gli ospiti dall&#8217;hotel alla vicina spiaggia La Mer a Jumeirah, e offriamo anche stuoie e teli mare gratuiti a tutti gli ospiti, una volta a bordo della navetta. Questa grande attenzione ai dettagli garantisce ai nostri ospiti l&#8217;esperienza di viaggio pi\u00f9 memorabile e la massima tranquillit\u00e0 durante il loro soggiorno. La comodit\u00e0 \u00e8 la chiave dell&#8217;esperienza al Savoy Central.<\/p>\n<p>I biglietti d&#8217;ingresso per i parchi a tema, i tour della citt\u00e0 e tutte le attrazioni locali, attivit\u00e0 divertenti per tutta la famiglia mentre si \u00e8 a Dubai, sono disponibili presso la reception a tariffe scontate.<\/p>\n<p>Al Savoy Central, ci assicuriamo che qualsiasi servizio richiesto dai nostri ospiti sia sempre disponibile per il loro massimo comfort e tranquillit\u00e0.<\/p>\n<p>Poich\u00e9 la salute e la sicurezza dei nostri ospiti sono la nostra priorit\u00e0, aderiamo anche ai pi\u00f9 elevati standard di igiene e disinfettiamo tutte le aree pubbliche inclusi corridoi, ascensori e tutti i punti di contatto.<\/p>\n<p>Il Savoy Central \u00e8 il luogo ideale per i viaggiatori che desiderano vivere Dubai in tutta la sua bellezza, con comodit\u00e0 e facilit\u00e0. Dal tempo libero in loco agli spostamenti al di fuori, il Savoy Central rende il tuo soggiorno il pi\u00f9 confortevole e memorabile possibile.<\/p>\n","protected":false},"excerpt":{"rendered":"<p>Gli ospiti che soggiornano negli appartamenti arredati del Savoy Central di Dubai, sia che si tratti del nostro monolocale familiare, executive comunicante o executive, possono usufruire delle strutture ricreative in loco, che includono una piscina esterna a temperatura controllata, piscina per bambini, palestra, sauna e bagno turco. Tutte queste strutture sono state create pensando ai [&hellip;]<\/p>\n","protected":false},"author":36,"featured_media":0,"parent":442,"menu_order":20,"comment_status":"closed","ping_status":"closed","template":"template-hotel-services.php","meta":{"footnotes":""},"class_list":["post-485","page","type-page","status-publish","hentry"],"yoast_head":"<!-- This site is optimized with the Yoast SEO plugin v26.9 - https:\/\/yoast.com\/product\/yoast-seo-wordpress\/ -->\n<title>Servizi - Savoy Dubai<\/title>\n<meta name=\"robots\" content=\"index, follow, max-snippet:-1, max-image-preview:large, max-video-preview:-1\" \/>\n<link rel=\"canonical\" href=\"https:\/\/www.savoydubai.com\/it\/savoy-central\/servizi\/\" \/>\n<meta property=\"og:locale\" content=\"it_IT\" \/>\n<meta property=\"og:type\" content=\"article\" \/>\n<meta property=\"og:title\" content=\"Servizi - Savoy Dubai\" \/>\n<meta property=\"og:description\" content=\"Gli ospiti che soggiornano negli appartamenti arredati del Savoy Central di Dubai, sia che si tratti del nostro monolocale familiare, executive comunicante o executive, possono usufruire delle strutture ricreative in loco, che includono una piscina esterna a temperatura controllata, piscina per bambini, palestra, sauna e bagno turco. Tutte queste strutture sono state create pensando ai [&hellip;]\" \/>\n<meta property=\"og:url\" content=\"https:\/\/www.savoydubai.com\/it\/savoy-central\/servizi\/\" \/>\n<meta property=\"og:site_name\" content=\"Savoy Dubai\" \/>\n<meta property=\"article:modified_time\" content=\"2020-10-17T14:47:43+00:00\" \/>\n<meta name=\"twitter:card\" content=\"summary_large_image\" \/>\n<meta name=\"twitter:label1\" content=\"Tempo di lettura stimato\" \/>\n\t<meta name=\"twitter:data1\" content=\"2 minuti\" \/>\n<script type=\"application\/ld+json\" class=\"yoast-schema-graph\">{\"@context\":\"https:\/\/schema.org\",\"@graph\":[{\"@type\":\"WebPage\",\"@id\":\"https:\/\/www.savoydubai.com\/it\/savoy-central\/servizi\/\",\"url\":\"https:\/\/www.savoydubai.com\/it\/savoy-central\/servizi\/\",\"name\":\"Servizi - Savoy Dubai\",\"isPartOf\":{\"@id\":\"https:\/\/www.savoydubai.com\/it\/#website\"},\"datePublished\":\"2020-07-10T12:40:48+00:00\",\"dateModified\":\"2020-10-17T14:47:43+00:00\",\"breadcrumb\":{\"@id\":\"https:\/\/www.savoydubai.com\/it\/savoy-central\/servizi\/#breadcrumb\"},\"inLanguage\":\"it-IT\",\"potentialAction\":[{\"@type\":\"ReadAction\",\"target\":[\"https:\/\/www.savoydubai.com\/it\/savoy-central\/servizi\/\"]}]},{\"@type\":\"BreadcrumbList\",\"@id\":\"https:\/\/www.savoydubai.com\/it\/savoy-central\/servizi\/#breadcrumb\",\"itemListElement\":[{\"@type\":\"ListItem\",\"position\":1,\"name\":\"Home\",\"item\":\"https:\/\/www.savoydubai.com\/it\/\"},{\"@type\":\"ListItem\",\"position\":2,\"name\":\"Savoy Central\",\"item\":\"https:\/\/www.savoydubai.com\/it\/savoy-central\/\"},{\"@type\":\"ListItem\",\"position\":3,\"name\":\"Servizi\"}]},{\"@type\":\"WebSite\",\"@id\":\"https:\/\/www.savoydubai.com\/it\/#website\",\"url\":\"https:\/\/www.savoydubai.com\/it\/\",\"name\":\"Savoy Dubai\",\"description\":\"Just another ms.decms.eu site\",\"potentialAction\":[{\"@type\":\"SearchAction\",\"target\":{\"@type\":\"EntryPoint\",\"urlTemplate\":\"https:\/\/www.savoydubai.com\/it\/?s={search_term_string}\"},\"query-input\":{\"@type\":\"PropertyValueSpecification\",\"valueRequired\":true,\"valueName\":\"search_term_string\"}}],\"inLanguage\":\"it-IT\"}]}<\/script>\n<!-- \/ Yoast SEO plugin. -->","yoast_head_json":{"title":"Servizi - Savoy Dubai","robots":{"index":"index","follow":"follow","max-snippet":"max-snippet:-1","max-image-preview":"max-image-preview:large","max-video-preview":"max-video-preview:-1"},"canonical":"https:\/\/www.savoydubai.com\/it\/savoy-central\/servizi\/","og_locale":"it_IT","og_type":"article","og_title":"Servizi - Savoy Dubai","og_description":"Gli ospiti che soggiornano negli appartamenti arredati del Savoy Central di Dubai, sia che si tratti del nostro monolocale familiare, executive comunicante o executive, possono usufruire delle strutture ricreative in loco, che includono una piscina esterna a temperatura controllata, piscina per bambini, palestra, sauna e bagno turco. Tutte queste strutture sono state create pensando ai [&hellip;]","og_url":"https:\/\/www.savoydubai.com\/it\/savoy-central\/servizi\/","og_site_name":"Savoy Dubai","article_modified_time":"2020-10-17T14:47:43+00:00","twitter_card":"summary_large_image","twitter_misc":{"Tempo di lettura stimato":"2 minuti"},"schema":{"@context":"https:\/\/schema.org","@graph":[{"@type":"WebPage","@id":"https:\/\/www.savoydubai.com\/it\/savoy-central\/servizi\/","url":"https:\/\/www.savoydubai.com\/it\/savoy-central\/servizi\/","name":"Servizi - Savoy Dubai","isPartOf":{"@id":"https:\/\/www.savoydubai.com\/it\/#website"},"datePublished":"2020-07-10T12:40:48+00:00","dateModified":"2020-10-17T14:47:43+00:00","breadcrumb":{"@id":"https:\/\/www.savoydubai.com\/it\/savoy-central\/servizi\/#breadcrumb"},"inLanguage":"it-IT","potentialAction":[{"@type":"ReadAction","target":["https:\/\/www.savoydubai.com\/it\/savoy-central\/servizi\/"]}]},{"@type":"BreadcrumbList","@id":"https:\/\/www.savoydubai.com\/it\/savoy-central\/servizi\/#breadcrumb","itemListElement":[{"@type":"ListItem","position":1,"name":"Home","item":"https:\/\/www.savoydubai.com\/it\/"},{"@type":"ListItem","position":2,"name":"Savoy Central","item":"https:\/\/www.savoydubai.com\/it\/savoy-central\/"},{"@type":"ListItem","position":3,"name":"Servizi"}]},{"@type":"WebSite","@id":"https:\/\/www.savoydubai.com\/it\/#website","url":"https:\/\/www.savoydubai.com\/it\/","name":"Savoy Dubai","description":"Just another ms.decms.eu site","potentialAction":[{"@type":"SearchAction","target":{"@type":"EntryPoint","urlTemplate":"https:\/\/www.savoydubai.com\/it\/?s={search_term_string}"},"query-input":{"@type":"PropertyValueSpecification","valueRequired":true,"valueName":"search_term_string"}}],"inLanguage":"it-IT"}]}},"acf":[],"_links":{"self":[{"href":"https:\/\/www.savoydubai.com\/it\/wp-json\/wp\/v2\/pages\/485","targetHints":{"allow":["GET"]}}],"collection":[{"href":"https:\/\/www.savoydubai.com\/it\/wp-json\/wp\/v2\/pages"}],"about":[{"href":"https:\/\/www.savoydubai.com\/it\/wp-json\/wp\/v2\/types\/page"}],"author":[{"embeddable":true,"href":"https:\/\/www.savoydubai.com\/it\/wp-json\/wp\/v2\/users\/36"}],"replies":[{"embeddable":true,"href":"https:\/\/www.savoydubai.com\/it\/wp-json\/wp\/v2\/comments?post=485"}],"version-history":[{"count":0,"href":"https:\/\/www.savoydubai.com\/it\/wp-json\/wp\/v2\/pages\/485\/revisions"}],"up":[{"embeddable":true,"href":"https:\/\/www.savoydubai.com\/it\/wp-json\/wp\/v2\/pages\/442"}],"wp:attachment":[{"href":"https:\/\/www.savoydubai.com\/it\/wp-json\/wp\/v2\/media?parent=485"}],"curies":[{"name":"wp","href":"https:\/\/api.w.org\/{rel}","templated":true}]}}