{"id":484,"date":"2020-07-10T12:38:14","date_gmt":"2020-07-10T12:38:14","guid":{"rendered":"http:\/\/savoy-dubai.ms.decms.eu\/?page_id=484"},"modified":"2026-04-13T08:41:38","modified_gmt":"2026-04-13T08:41:38","slug":"monolocale-executive","status":"publish","type":"page","link":"https:\/\/www.savoydubai.com\/it\/savoy-central\/camere\/monolocale-executive\/","title":{"rendered":"Monolocale executive"},"content":{"rendered":"<p>Arredati con gusto ed eleganza, i monolocali executive del Savoy Central sono progettati per offrire agli ospiti eleganza e senso di casa con un&#8217;autentica ospitalit\u00e0 e un servizio di qualit\u00e0. I nostri monolocali executive presentano tutte queste qualit\u00e0: dagli arredi pi\u00f9 eleganti e di stile a tutti i comfort moderni che semplificano il soggiorno nel tuo appartamento in hotel.<\/p>\n<p>I monolocali executive sono adatti sia agli ospiti di lunga permanenza che ai vacanzieri e sono dotati di aree di lavoro e spazi che lasciano il posto al relax totale.<\/p>\n<p>Tutti i nostri monolocali executive sono stati recentemente rinnovati e splendidamente decorati per circondarti di stile e raffinatezza. Ogni camera \u00e8 dotata di servizi e dettagli lussuosi per rendere il tuo soggiorno ancora pi\u00f9 confortevole e indimenticabile.<\/p>\n","protected":false},"excerpt":{"rendered":"<p>Arredati con gusto ed eleganza, i monolocali executive del Savoy Central sono progettati per offrire agli ospiti eleganza e senso di casa con un&#8217;autentica ospitalit\u00e0 e un servizio di qualit\u00e0. I nostri monolocali executive presentano tutte queste qualit\u00e0: dagli arredi pi\u00f9 eleganti e di stile a tutti i comfort moderni che semplificano il soggiorno nel [&hellip;]<\/p>\n","protected":false},"author":36,"featured_media":0,"parent":450,"menu_order":5,"comment_status":"closed","ping_status":"closed","template":"template-hotel-single-room.php","meta":{"footnotes":""},"class_list":["post-484","page","type-page","status-publish","hentry"],"yoast_head":"<!-- This site is optimized with the Yoast SEO plugin v26.9 - https:\/\/yoast.com\/product\/yoast-seo-wordpress\/ -->\n<title>Monolocale executive - Savoy Dubai<\/title>\n<meta name=\"robots\" content=\"index, follow, max-snippet:-1, max-image-preview:large, max-video-preview:-1\" \/>\n<link rel=\"canonical\" href=\"https:\/\/www.savoydubai.com\/it\/savoy-central\/camere\/monolocale-executive\/\" \/>\n<meta property=\"og:locale\" content=\"it_IT\" \/>\n<meta property=\"og:type\" content=\"article\" \/>\n<meta property=\"og:title\" content=\"Monolocale executive - Savoy Dubai\" \/>\n<meta property=\"og:description\" content=\"Arredati con gusto ed eleganza, i monolocali executive del Savoy Central sono progettati per offrire agli ospiti eleganza e senso di casa con un&#8217;autentica ospitalit\u00e0 e un servizio di qualit\u00e0. I nostri monolocali executive presentano tutte queste qualit\u00e0: dagli arredi pi\u00f9 eleganti e di stile a tutti i comfort moderni che semplificano il soggiorno nel [&hellip;]\" \/>\n<meta property=\"og:url\" content=\"https:\/\/www.savoydubai.com\/it\/savoy-central\/camere\/monolocale-executive\/\" \/>\n<meta property=\"og:site_name\" content=\"Savoy Dubai\" \/>\n<meta property=\"article:modified_time\" content=\"2026-04-13T08:41:38+00:00\" \/>\n<meta name=\"twitter:card\" content=\"summary_large_image\" \/>\n<meta name=\"twitter:label1\" content=\"Tempo di lettura stimato\" \/>\n\t<meta name=\"twitter:data1\" content=\"1 minuto\" \/>\n<script type=\"application\/ld+json\" class=\"yoast-schema-graph\">{\"@context\":\"https:\/\/schema.org\",\"@graph\":[{\"@type\":\"WebPage\",\"@id\":\"https:\/\/www.savoydubai.com\/it\/savoy-central\/camere\/monolocale-executive\/\",\"url\":\"https:\/\/www.savoydubai.com\/it\/savoy-central\/camere\/monolocale-executive\/\",\"name\":\"Monolocale executive - Savoy Dubai\",\"isPartOf\":{\"@id\":\"https:\/\/www.savoydubai.com\/it\/#website\"},\"datePublished\":\"2020-07-10T12:38:14+00:00\",\"dateModified\":\"2026-04-13T08:41:38+00:00\",\"breadcrumb\":{\"@id\":\"https:\/\/www.savoydubai.com\/it\/savoy-central\/camere\/monolocale-executive\/#breadcrumb\"},\"inLanguage\":\"it-IT\",\"potentialAction\":[{\"@type\":\"ReadAction\",\"target\":[\"https:\/\/www.savoydubai.com\/it\/savoy-central\/camere\/monolocale-executive\/\"]}]},{\"@type\":\"BreadcrumbList\",\"@id\":\"https:\/\/www.savoydubai.com\/it\/savoy-central\/camere\/monolocale-executive\/#breadcrumb\",\"itemListElement\":[{\"@type\":\"ListItem\",\"position\":1,\"name\":\"Home\",\"item\":\"https:\/\/www.savoydubai.com\/it\/\"},{\"@type\":\"ListItem\",\"position\":2,\"name\":\"Savoy Central\",\"item\":\"https:\/\/www.savoydubai.com\/it\/savoy-central\/\"},{\"@type\":\"ListItem\",\"position\":3,\"name\":\"Camere\",\"item\":\"https:\/\/www.savoydubai.com\/it\/savoy-central\/camere\/\"},{\"@type\":\"ListItem\",\"position\":4,\"name\":\"Monolocale executive\"}]},{\"@type\":\"WebSite\",\"@id\":\"https:\/\/www.savoydubai.com\/it\/#website\",\"url\":\"https:\/\/www.savoydubai.com\/it\/\",\"name\":\"Savoy Dubai\",\"description\":\"Just another ms.decms.eu site\",\"potentialAction\":[{\"@type\":\"SearchAction\",\"target\":{\"@type\":\"EntryPoint\",\"urlTemplate\":\"https:\/\/www.savoydubai.com\/it\/?s={search_term_string}\"},\"query-input\":{\"@type\":\"PropertyValueSpecification\",\"valueRequired\":true,\"valueName\":\"search_term_string\"}}],\"inLanguage\":\"it-IT\"}]}<\/script>\n<!-- \/ Yoast SEO plugin. -->","yoast_head_json":{"title":"Monolocale executive - Savoy Dubai","robots":{"index":"index","follow":"follow","max-snippet":"max-snippet:-1","max-image-preview":"max-image-preview:large","max-video-preview":"max-video-preview:-1"},"canonical":"https:\/\/www.savoydubai.com\/it\/savoy-central\/camere\/monolocale-executive\/","og_locale":"it_IT","og_type":"article","og_title":"Monolocale executive - Savoy Dubai","og_description":"Arredati con gusto ed eleganza, i monolocali executive del Savoy Central sono progettati per offrire agli ospiti eleganza e senso di casa con un&#8217;autentica ospitalit\u00e0 e un servizio di qualit\u00e0. I nostri monolocali executive presentano tutte queste qualit\u00e0: dagli arredi pi\u00f9 eleganti e di stile a tutti i comfort moderni che semplificano il soggiorno nel [&hellip;]","og_url":"https:\/\/www.savoydubai.com\/it\/savoy-central\/camere\/monolocale-executive\/","og_site_name":"Savoy Dubai","article_modified_time":"2026-04-13T08:41:38+00:00","twitter_card":"summary_large_image","twitter_misc":{"Tempo di lettura stimato":"1 minuto"},"schema":{"@context":"https:\/\/schema.org","@graph":[{"@type":"WebPage","@id":"https:\/\/www.savoydubai.com\/it\/savoy-central\/camere\/monolocale-executive\/","url":"https:\/\/www.savoydubai.com\/it\/savoy-central\/camere\/monolocale-executive\/","name":"Monolocale executive - Savoy Dubai","isPartOf":{"@id":"https:\/\/www.savoydubai.com\/it\/#website"},"datePublished":"2020-07-10T12:38:14+00:00","dateModified":"2026-04-13T08:41:38+00:00","breadcrumb":{"@id":"https:\/\/www.savoydubai.com\/it\/savoy-central\/camere\/monolocale-executive\/#breadcrumb"},"inLanguage":"it-IT","potentialAction":[{"@type":"ReadAction","target":["https:\/\/www.savoydubai.com\/it\/savoy-central\/camere\/monolocale-executive\/"]}]},{"@type":"BreadcrumbList","@id":"https:\/\/www.savoydubai.com\/it\/savoy-central\/camere\/monolocale-executive\/#breadcrumb","itemListElement":[{"@type":"ListItem","position":1,"name":"Home","item":"https:\/\/www.savoydubai.com\/it\/"},{"@type":"ListItem","position":2,"name":"Savoy Central","item":"https:\/\/www.savoydubai.com\/it\/savoy-central\/"},{"@type":"ListItem","position":3,"name":"Camere","item":"https:\/\/www.savoydubai.com\/it\/savoy-central\/camere\/"},{"@type":"ListItem","position":4,"name":"Monolocale executive"}]},{"@type":"WebSite","@id":"https:\/\/www.savoydubai.com\/it\/#website","url":"https:\/\/www.savoydubai.com\/it\/","name":"Savoy Dubai","description":"Just another ms.decms.eu site","potentialAction":[{"@type":"SearchAction","target":{"@type":"EntryPoint","urlTemplate":"https:\/\/www.savoydubai.com\/it\/?s={search_term_string}"},"query-input":{"@type":"PropertyValueSpecification","valueRequired":true,"valueName":"search_term_string"}}],"inLanguage":"it-IT"}]}},"acf":[],"_links":{"self":[{"href":"https:\/\/www.savoydubai.com\/it\/wp-json\/wp\/v2\/pages\/484","targetHints":{"allow":["GET"]}}],"collection":[{"href":"https:\/\/www.savoydubai.com\/it\/wp-json\/wp\/v2\/pages"}],"about":[{"href":"https:\/\/www.savoydubai.com\/it\/wp-json\/wp\/v2\/types\/page"}],"author":[{"embeddable":true,"href":"https:\/\/www.savoydubai.com\/it\/wp-json\/wp\/v2\/users\/36"}],"replies":[{"embeddable":true,"href":"https:\/\/www.savoydubai.com\/it\/wp-json\/wp\/v2\/comments?post=484"}],"version-history":[{"count":0,"href":"https:\/\/www.savoydubai.com\/it\/wp-json\/wp\/v2\/pages\/484\/revisions"}],"up":[{"embeddable":true,"href":"https:\/\/www.savoydubai.com\/it\/wp-json\/wp\/v2\/pages\/450"}],"wp:attachment":[{"href":"https:\/\/www.savoydubai.com\/it\/wp-json\/wp\/v2\/media?parent=484"}],"curies":[{"name":"wp","href":"https:\/\/api.w.org\/{rel}","templated":true}]}}