{"id":354,"date":"2020-07-09T15:15:02","date_gmt":"2020-07-09T15:15:02","guid":{"rendered":"http:\/\/savoy-dubai.ms.decms.eu\/?page_id=354"},"modified":"2022-02-18T11:13:55","modified_gmt":"2022-02-18T11:13:55","slug":"posizione","status":"publish","type":"page","link":"https:\/\/www.savoydubai.com\/it\/savoy-suites\/posizione\/","title":{"rendered":"Posizione"},"content":{"rendered":"<p>Il Savoy Suites Hotel Apartments si trova nel cuore della vibrante citt\u00e0 di Dubai. Situato a Mankhool Bur Dubai, \u00e8 l&#8217;hotel Savoy con la posizione migliore e pi\u00f9 comoda per muoversi. \u00c8 il pi\u00f9 vicino all&#8217;aeroporto internazionale di Dubai, a soli 9 km di distanza, ai centri commerciali e alle vicine stazioni della metropolitana. La stazione della metropolitana della linea rossa BurJuman e il centro commerciale BurJuman sono a 9 minuti e la stazione della metropolitana della linea verde Al Fahidi \u00e8 a soli 7 minuti dall&#8217;hotel.<\/p>\n<p>Esplorare le vivaci strade di questa famosa citt\u00e0 \u00e8 davvero un piacere dal Savoy Suites, poich\u00e9 tutto ci\u00f2 che vale la pena vedere \u00e8 raggiungibile a piedi o con un breve tragitto in auto. In 5 minuti a piedi si raggiunge il centro commerciale Al Rais. Dopo aver stuzzicato l&#8217;appetito con un po&#8217; di shopping, prova uno dei tanti ristoranti nelle vicinanze. I famosi grattacieli di Sheikh Zayed Road e le grandi attrazioni come Burj Khalifa potrebbero non essere raggiungibili a piedi, ma il comodo accesso ai mezzi di trasporto del Savoy Suites rende facile il tragitto.<\/p>\n<p>Durante la tua visita a Dubai non pu\u00f2 mancare la spiaggia La Mer a Jumeirah, a 14 minuti di auto dall&#8217;hotel. L&#8217;hotel offre un servizio navetta di cortesia con stuoie e teli mare gratuiti.<\/p>\n<p>I taxi con tassametro sono facilmente disponibili dall&#8217;hotel e gli ospiti possono anche usufruire degli autobus RTA e dei servizi della metropolitana nelle immediate vicinanze dell&#8217;hotel.<\/p>\n","protected":false},"excerpt":{"rendered":"<p>Il Savoy Suites Hotel Apartments si trova nel cuore della vibrante citt\u00e0 di Dubai. Situato a Mankhool Bur Dubai, \u00e8 l&#8217;hotel Savoy con la posizione migliore e pi\u00f9 comoda per muoversi. \u00c8 il pi\u00f9 vicino all&#8217;aeroporto internazionale di Dubai, a soli 9 km di distanza, ai centri commerciali e alle vicine stazioni della metropolitana. La [&hellip;]<\/p>\n","protected":false},"author":36,"featured_media":0,"parent":296,"menu_order":30,"comment_status":"closed","ping_status":"closed","template":"template-hotel-location.php","meta":{"footnotes":""},"class_list":["post-354","page","type-page","status-publish","hentry"],"yoast_head":"<!-- This site is optimized with the Yoast SEO plugin v26.9 - https:\/\/yoast.com\/product\/yoast-seo-wordpress\/ -->\n<title>Posizione - Savoy Dubai<\/title>\n<meta name=\"robots\" content=\"index, follow, max-snippet:-1, max-image-preview:large, max-video-preview:-1\" \/>\n<link rel=\"canonical\" href=\"https:\/\/www.savoydubai.com\/it\/savoy-suites\/posizione\/\" \/>\n<meta property=\"og:locale\" content=\"it_IT\" \/>\n<meta property=\"og:type\" content=\"article\" \/>\n<meta property=\"og:title\" content=\"Posizione - Savoy Dubai\" \/>\n<meta property=\"og:description\" content=\"Il Savoy Suites Hotel Apartments si trova nel cuore della vibrante citt\u00e0 di Dubai. Situato a Mankhool Bur Dubai, \u00e8 l&#8217;hotel Savoy con la posizione migliore e pi\u00f9 comoda per muoversi. \u00c8 il pi\u00f9 vicino all&#8217;aeroporto internazionale di Dubai, a soli 9 km di distanza, ai centri commerciali e alle vicine stazioni della metropolitana. La [&hellip;]\" \/>\n<meta property=\"og:url\" content=\"https:\/\/www.savoydubai.com\/it\/savoy-suites\/posizione\/\" \/>\n<meta property=\"og:site_name\" content=\"Savoy Dubai\" \/>\n<meta property=\"article:modified_time\" content=\"2022-02-18T11:13:55+00:00\" \/>\n<meta name=\"twitter:card\" content=\"summary_large_image\" \/>\n<meta name=\"twitter:label1\" content=\"Tempo di lettura stimato\" \/>\n\t<meta name=\"twitter:data1\" content=\"1 minuto\" \/>\n<script type=\"application\/ld+json\" class=\"yoast-schema-graph\">{\"@context\":\"https:\/\/schema.org\",\"@graph\":[{\"@type\":\"WebPage\",\"@id\":\"https:\/\/www.savoydubai.com\/it\/savoy-suites\/posizione\/\",\"url\":\"https:\/\/www.savoydubai.com\/it\/savoy-suites\/posizione\/\",\"name\":\"Posizione - Savoy Dubai\",\"isPartOf\":{\"@id\":\"https:\/\/www.savoydubai.com\/it\/#website\"},\"datePublished\":\"2020-07-09T15:15:02+00:00\",\"dateModified\":\"2022-02-18T11:13:55+00:00\",\"breadcrumb\":{\"@id\":\"https:\/\/www.savoydubai.com\/it\/savoy-suites\/posizione\/#breadcrumb\"},\"inLanguage\":\"it-IT\",\"potentialAction\":[{\"@type\":\"ReadAction\",\"target\":[\"https:\/\/www.savoydubai.com\/it\/savoy-suites\/posizione\/\"]}]},{\"@type\":\"BreadcrumbList\",\"@id\":\"https:\/\/www.savoydubai.com\/it\/savoy-suites\/posizione\/#breadcrumb\",\"itemListElement\":[{\"@type\":\"ListItem\",\"position\":1,\"name\":\"Home\",\"item\":\"https:\/\/www.savoydubai.com\/it\/\"},{\"@type\":\"ListItem\",\"position\":2,\"name\":\"Savoy Suites\",\"item\":\"https:\/\/www.savoydubai.com\/it\/savoy-suites\/\"},{\"@type\":\"ListItem\",\"position\":3,\"name\":\"Posizione\"}]},{\"@type\":\"WebSite\",\"@id\":\"https:\/\/www.savoydubai.com\/it\/#website\",\"url\":\"https:\/\/www.savoydubai.com\/it\/\",\"name\":\"Savoy Dubai\",\"description\":\"Just another ms.decms.eu site\",\"potentialAction\":[{\"@type\":\"SearchAction\",\"target\":{\"@type\":\"EntryPoint\",\"urlTemplate\":\"https:\/\/www.savoydubai.com\/it\/?s={search_term_string}\"},\"query-input\":{\"@type\":\"PropertyValueSpecification\",\"valueRequired\":true,\"valueName\":\"search_term_string\"}}],\"inLanguage\":\"it-IT\"}]}<\/script>\n<!-- \/ Yoast SEO plugin. -->","yoast_head_json":{"title":"Posizione - Savoy Dubai","robots":{"index":"index","follow":"follow","max-snippet":"max-snippet:-1","max-image-preview":"max-image-preview:large","max-video-preview":"max-video-preview:-1"},"canonical":"https:\/\/www.savoydubai.com\/it\/savoy-suites\/posizione\/","og_locale":"it_IT","og_type":"article","og_title":"Posizione - Savoy Dubai","og_description":"Il Savoy Suites Hotel Apartments si trova nel cuore della vibrante citt\u00e0 di Dubai. Situato a Mankhool Bur Dubai, \u00e8 l&#8217;hotel Savoy con la posizione migliore e pi\u00f9 comoda per muoversi. \u00c8 il pi\u00f9 vicino all&#8217;aeroporto internazionale di Dubai, a soli 9 km di distanza, ai centri commerciali e alle vicine stazioni della metropolitana. La [&hellip;]","og_url":"https:\/\/www.savoydubai.com\/it\/savoy-suites\/posizione\/","og_site_name":"Savoy Dubai","article_modified_time":"2022-02-18T11:13:55+00:00","twitter_card":"summary_large_image","twitter_misc":{"Tempo di lettura stimato":"1 minuto"},"schema":{"@context":"https:\/\/schema.org","@graph":[{"@type":"WebPage","@id":"https:\/\/www.savoydubai.com\/it\/savoy-suites\/posizione\/","url":"https:\/\/www.savoydubai.com\/it\/savoy-suites\/posizione\/","name":"Posizione - Savoy Dubai","isPartOf":{"@id":"https:\/\/www.savoydubai.com\/it\/#website"},"datePublished":"2020-07-09T15:15:02+00:00","dateModified":"2022-02-18T11:13:55+00:00","breadcrumb":{"@id":"https:\/\/www.savoydubai.com\/it\/savoy-suites\/posizione\/#breadcrumb"},"inLanguage":"it-IT","potentialAction":[{"@type":"ReadAction","target":["https:\/\/www.savoydubai.com\/it\/savoy-suites\/posizione\/"]}]},{"@type":"BreadcrumbList","@id":"https:\/\/www.savoydubai.com\/it\/savoy-suites\/posizione\/#breadcrumb","itemListElement":[{"@type":"ListItem","position":1,"name":"Home","item":"https:\/\/www.savoydubai.com\/it\/"},{"@type":"ListItem","position":2,"name":"Savoy Suites","item":"https:\/\/www.savoydubai.com\/it\/savoy-suites\/"},{"@type":"ListItem","position":3,"name":"Posizione"}]},{"@type":"WebSite","@id":"https:\/\/www.savoydubai.com\/it\/#website","url":"https:\/\/www.savoydubai.com\/it\/","name":"Savoy Dubai","description":"Just another ms.decms.eu site","potentialAction":[{"@type":"SearchAction","target":{"@type":"EntryPoint","urlTemplate":"https:\/\/www.savoydubai.com\/it\/?s={search_term_string}"},"query-input":{"@type":"PropertyValueSpecification","valueRequired":true,"valueName":"search_term_string"}}],"inLanguage":"it-IT"}]}},"acf":[],"_links":{"self":[{"href":"https:\/\/www.savoydubai.com\/it\/wp-json\/wp\/v2\/pages\/354","targetHints":{"allow":["GET"]}}],"collection":[{"href":"https:\/\/www.savoydubai.com\/it\/wp-json\/wp\/v2\/pages"}],"about":[{"href":"https:\/\/www.savoydubai.com\/it\/wp-json\/wp\/v2\/types\/page"}],"author":[{"embeddable":true,"href":"https:\/\/www.savoydubai.com\/it\/wp-json\/wp\/v2\/users\/36"}],"replies":[{"embeddable":true,"href":"https:\/\/www.savoydubai.com\/it\/wp-json\/wp\/v2\/comments?post=354"}],"version-history":[{"count":0,"href":"https:\/\/www.savoydubai.com\/it\/wp-json\/wp\/v2\/pages\/354\/revisions"}],"up":[{"embeddable":true,"href":"https:\/\/www.savoydubai.com\/it\/wp-json\/wp\/v2\/pages\/296"}],"wp:attachment":[{"href":"https:\/\/www.savoydubai.com\/it\/wp-json\/wp\/v2\/media?parent=354"}],"curies":[{"name":"wp","href":"https:\/\/api.w.org\/{rel}","templated":true}]}}