{"id":331,"date":"2020-07-09T12:11:27","date_gmt":"2020-07-09T12:11:27","guid":{"rendered":"http:\/\/savoy-dubai.ms.decms.eu\/?page_id=331"},"modified":"2020-10-04T09:34:55","modified_gmt":"2020-10-04T09:34:55","slug":"bilocale-superior","status":"publish","type":"page","link":"https:\/\/www.savoydubai.com\/it\/savoy-suites\/camere\/bilocale-superior\/","title":{"rendered":"Bilocale Superior"},"content":{"rendered":"<p>Gli appartamenti del Savoy Suites sono stati progettati per il comfort, il lusso e per farti sentire a casa. I bilocali superior del Savoy Suites offrono proprio questo e altro ancora. Immagina di tornare a casa dopo una giornata impegnativa nella grande citt\u00e0 ed essere accolto da un senso di calore, calma e serenit\u00e0: questo \u00e8 ci\u00f2 che le Savoy Suites superior con due camere da letto offrono al viaggiatore esigente e a chi cerca un appartamento in hotel a Dubai per un soggiorno prolungato.<\/p>\n<p><strong>Massimo comfort e tranquillit\u00e0<\/strong><\/p>\n<p>Tutti i bilocali deluxe di fascia alta, recentemente rinnovati, sono dotati di balcone e dispongono di connessione wireless ad alta velocit\u00e0 gratuita, 2 TV multicanale a schermo piatto, una zona soggiorno con un comodo divano letto e un specchio a figura intera.<\/p>\n","protected":false},"excerpt":{"rendered":"<p>Gli appartamenti del Savoy Suites sono stati progettati per il comfort, il lusso e per farti sentire a casa. I bilocali superior del Savoy Suites offrono proprio questo e altro ancora. Immagina di tornare a casa dopo una giornata impegnativa nella grande citt\u00e0 ed essere accolto da un senso di calore, calma e serenit\u00e0: questo [&hellip;]<\/p>\n","protected":false},"author":36,"featured_media":0,"parent":316,"menu_order":20,"comment_status":"closed","ping_status":"closed","template":"template-hotel-single-room.php","meta":{"footnotes":""},"class_list":["post-331","page","type-page","status-publish","hentry"],"yoast_head":"<!-- This site is optimized with the Yoast SEO plugin v26.9 - https:\/\/yoast.com\/product\/yoast-seo-wordpress\/ -->\n<title>Bilocale Superior - Savoy Dubai<\/title>\n<meta name=\"robots\" content=\"index, follow, max-snippet:-1, max-image-preview:large, max-video-preview:-1\" \/>\n<link rel=\"canonical\" href=\"https:\/\/www.savoydubai.com\/it\/savoy-suites\/camere\/bilocale-superior\/\" \/>\n<meta property=\"og:locale\" content=\"it_IT\" \/>\n<meta property=\"og:type\" content=\"article\" \/>\n<meta property=\"og:title\" content=\"Bilocale Superior - Savoy Dubai\" \/>\n<meta property=\"og:description\" content=\"Gli appartamenti del Savoy Suites sono stati progettati per il comfort, il lusso e per farti sentire a casa. I bilocali superior del Savoy Suites offrono proprio questo e altro ancora. Immagina di tornare a casa dopo una giornata impegnativa nella grande citt\u00e0 ed essere accolto da un senso di calore, calma e serenit\u00e0: questo [&hellip;]\" \/>\n<meta property=\"og:url\" content=\"https:\/\/www.savoydubai.com\/it\/savoy-suites\/camere\/bilocale-superior\/\" \/>\n<meta property=\"og:site_name\" content=\"Savoy Dubai\" \/>\n<meta property=\"article:modified_time\" content=\"2020-10-04T09:34:55+00:00\" \/>\n<meta name=\"twitter:card\" content=\"summary_large_image\" \/>\n<meta name=\"twitter:label1\" content=\"Tempo di lettura stimato\" \/>\n\t<meta name=\"twitter:data1\" content=\"1 minuto\" \/>\n<script type=\"application\/ld+json\" class=\"yoast-schema-graph\">{\"@context\":\"https:\/\/schema.org\",\"@graph\":[{\"@type\":\"WebPage\",\"@id\":\"https:\/\/www.savoydubai.com\/it\/savoy-suites\/camere\/bilocale-superior\/\",\"url\":\"https:\/\/www.savoydubai.com\/it\/savoy-suites\/camere\/bilocale-superior\/\",\"name\":\"Bilocale Superior - Savoy Dubai\",\"isPartOf\":{\"@id\":\"https:\/\/www.savoydubai.com\/it\/#website\"},\"datePublished\":\"2020-07-09T12:11:27+00:00\",\"dateModified\":\"2020-10-04T09:34:55+00:00\",\"breadcrumb\":{\"@id\":\"https:\/\/www.savoydubai.com\/it\/savoy-suites\/camere\/bilocale-superior\/#breadcrumb\"},\"inLanguage\":\"it-IT\",\"potentialAction\":[{\"@type\":\"ReadAction\",\"target\":[\"https:\/\/www.savoydubai.com\/it\/savoy-suites\/camere\/bilocale-superior\/\"]}]},{\"@type\":\"BreadcrumbList\",\"@id\":\"https:\/\/www.savoydubai.com\/it\/savoy-suites\/camere\/bilocale-superior\/#breadcrumb\",\"itemListElement\":[{\"@type\":\"ListItem\",\"position\":1,\"name\":\"Home\",\"item\":\"https:\/\/www.savoydubai.com\/it\/\"},{\"@type\":\"ListItem\",\"position\":2,\"name\":\"Savoy Suites\",\"item\":\"https:\/\/www.savoydubai.com\/it\/savoy-suites\/\"},{\"@type\":\"ListItem\",\"position\":3,\"name\":\"Camere\",\"item\":\"https:\/\/www.savoydubai.com\/it\/savoy-suites\/camere\/\"},{\"@type\":\"ListItem\",\"position\":4,\"name\":\"Bilocale Superior\"}]},{\"@type\":\"WebSite\",\"@id\":\"https:\/\/www.savoydubai.com\/it\/#website\",\"url\":\"https:\/\/www.savoydubai.com\/it\/\",\"name\":\"Savoy Dubai\",\"description\":\"Just another ms.decms.eu site\",\"potentialAction\":[{\"@type\":\"SearchAction\",\"target\":{\"@type\":\"EntryPoint\",\"urlTemplate\":\"https:\/\/www.savoydubai.com\/it\/?s={search_term_string}\"},\"query-input\":{\"@type\":\"PropertyValueSpecification\",\"valueRequired\":true,\"valueName\":\"search_term_string\"}}],\"inLanguage\":\"it-IT\"}]}<\/script>\n<!-- \/ Yoast SEO plugin. -->","yoast_head_json":{"title":"Bilocale Superior - Savoy Dubai","robots":{"index":"index","follow":"follow","max-snippet":"max-snippet:-1","max-image-preview":"max-image-preview:large","max-video-preview":"max-video-preview:-1"},"canonical":"https:\/\/www.savoydubai.com\/it\/savoy-suites\/camere\/bilocale-superior\/","og_locale":"it_IT","og_type":"article","og_title":"Bilocale Superior - Savoy Dubai","og_description":"Gli appartamenti del Savoy Suites sono stati progettati per il comfort, il lusso e per farti sentire a casa. I bilocali superior del Savoy Suites offrono proprio questo e altro ancora. Immagina di tornare a casa dopo una giornata impegnativa nella grande citt\u00e0 ed essere accolto da un senso di calore, calma e serenit\u00e0: questo [&hellip;]","og_url":"https:\/\/www.savoydubai.com\/it\/savoy-suites\/camere\/bilocale-superior\/","og_site_name":"Savoy Dubai","article_modified_time":"2020-10-04T09:34:55+00:00","twitter_card":"summary_large_image","twitter_misc":{"Tempo di lettura stimato":"1 minuto"},"schema":{"@context":"https:\/\/schema.org","@graph":[{"@type":"WebPage","@id":"https:\/\/www.savoydubai.com\/it\/savoy-suites\/camere\/bilocale-superior\/","url":"https:\/\/www.savoydubai.com\/it\/savoy-suites\/camere\/bilocale-superior\/","name":"Bilocale Superior - Savoy Dubai","isPartOf":{"@id":"https:\/\/www.savoydubai.com\/it\/#website"},"datePublished":"2020-07-09T12:11:27+00:00","dateModified":"2020-10-04T09:34:55+00:00","breadcrumb":{"@id":"https:\/\/www.savoydubai.com\/it\/savoy-suites\/camere\/bilocale-superior\/#breadcrumb"},"inLanguage":"it-IT","potentialAction":[{"@type":"ReadAction","target":["https:\/\/www.savoydubai.com\/it\/savoy-suites\/camere\/bilocale-superior\/"]}]},{"@type":"BreadcrumbList","@id":"https:\/\/www.savoydubai.com\/it\/savoy-suites\/camere\/bilocale-superior\/#breadcrumb","itemListElement":[{"@type":"ListItem","position":1,"name":"Home","item":"https:\/\/www.savoydubai.com\/it\/"},{"@type":"ListItem","position":2,"name":"Savoy Suites","item":"https:\/\/www.savoydubai.com\/it\/savoy-suites\/"},{"@type":"ListItem","position":3,"name":"Camere","item":"https:\/\/www.savoydubai.com\/it\/savoy-suites\/camere\/"},{"@type":"ListItem","position":4,"name":"Bilocale Superior"}]},{"@type":"WebSite","@id":"https:\/\/www.savoydubai.com\/it\/#website","url":"https:\/\/www.savoydubai.com\/it\/","name":"Savoy Dubai","description":"Just another ms.decms.eu site","potentialAction":[{"@type":"SearchAction","target":{"@type":"EntryPoint","urlTemplate":"https:\/\/www.savoydubai.com\/it\/?s={search_term_string}"},"query-input":{"@type":"PropertyValueSpecification","valueRequired":true,"valueName":"search_term_string"}}],"inLanguage":"it-IT"}]}},"acf":[],"_links":{"self":[{"href":"https:\/\/www.savoydubai.com\/it\/wp-json\/wp\/v2\/pages\/331","targetHints":{"allow":["GET"]}}],"collection":[{"href":"https:\/\/www.savoydubai.com\/it\/wp-json\/wp\/v2\/pages"}],"about":[{"href":"https:\/\/www.savoydubai.com\/it\/wp-json\/wp\/v2\/types\/page"}],"author":[{"embeddable":true,"href":"https:\/\/www.savoydubai.com\/it\/wp-json\/wp\/v2\/users\/36"}],"replies":[{"embeddable":true,"href":"https:\/\/www.savoydubai.com\/it\/wp-json\/wp\/v2\/comments?post=331"}],"version-history":[{"count":0,"href":"https:\/\/www.savoydubai.com\/it\/wp-json\/wp\/v2\/pages\/331\/revisions"}],"up":[{"embeddable":true,"href":"https:\/\/www.savoydubai.com\/it\/wp-json\/wp\/v2\/pages\/316"}],"wp:attachment":[{"href":"https:\/\/www.savoydubai.com\/it\/wp-json\/wp\/v2\/media?parent=331"}],"curies":[{"name":"wp","href":"https:\/\/api.w.org\/{rel}","templated":true}]}}