{"id":324,"date":"2020-07-09T10:17:28","date_gmt":"2020-07-09T10:17:28","guid":{"rendered":"http:\/\/savoy-dubai.ms.decms.eu\/?page_id=324"},"modified":"2026-04-13T06:29:31","modified_gmt":"2026-04-13T06:29:31","slug":"monolocale-classico","status":"publish","type":"page","link":"https:\/\/www.savoydubai.com\/it\/savoy-suites\/camere\/monolocale-classico\/","title":{"rendered":"Monolocale Classico"},"content":{"rendered":"<p>Il Savoy Suites, splendido, sofisticato e caldo rifugio urbano, si trova nella posizione privilegiata di Bur Dubai e offre i comfort di un hotel con la libert\u00e0 di appartamenti di lusso indipendenti, permettendo agli ospiti di scoprire la vivace citt\u00e0 di Dubai in tutta la sua opulenza, raffinatezza e maest\u00e0.<\/p>\n<p><strong>Progettato per ispirare<\/strong><\/p>\n<p>Con camere eleganti, un servizio attento e tutti i comfort moderni per rendere unico ogni soggiorno, i monolocali classici del Savoy Suites sono progettati per essere una lussuosa casa lontano da casa. Con ben 100 camere tutte con bagno privato, gli appartamenti in hotel dispongono di tutti i comfort moderni e di servizi internazionali.<\/p>\n","protected":false},"excerpt":{"rendered":"<p>Il Savoy Suites, splendido, sofisticato e caldo rifugio urbano, si trova nella posizione privilegiata di Bur Dubai e offre i comfort di un hotel con la libert\u00e0 di appartamenti di lusso indipendenti, permettendo agli ospiti di scoprire la vivace citt\u00e0 di Dubai in tutta la sua opulenza, raffinatezza e maest\u00e0. Progettato per ispirare Con camere [&hellip;]<\/p>\n","protected":false},"author":36,"featured_media":0,"parent":316,"menu_order":10,"comment_status":"closed","ping_status":"closed","template":"template-hotel-single-room.php","meta":{"footnotes":""},"class_list":["post-324","page","type-page","status-publish","hentry"],"yoast_head":"<!-- This site is optimized with the Yoast SEO plugin v26.9 - https:\/\/yoast.com\/product\/yoast-seo-wordpress\/ -->\n<title>Monolocale Classico - Savoy Dubai<\/title>\n<meta name=\"robots\" content=\"index, follow, max-snippet:-1, max-image-preview:large, max-video-preview:-1\" \/>\n<link rel=\"canonical\" href=\"https:\/\/www.savoydubai.com\/it\/savoy-suites\/camere\/monolocale-classico\/\" \/>\n<meta property=\"og:locale\" content=\"it_IT\" \/>\n<meta property=\"og:type\" content=\"article\" \/>\n<meta property=\"og:title\" content=\"Monolocale Classico - Savoy Dubai\" \/>\n<meta property=\"og:description\" content=\"Il Savoy Suites, splendido, sofisticato e caldo rifugio urbano, si trova nella posizione privilegiata di Bur Dubai e offre i comfort di un hotel con la libert\u00e0 di appartamenti di lusso indipendenti, permettendo agli ospiti di scoprire la vivace citt\u00e0 di Dubai in tutta la sua opulenza, raffinatezza e maest\u00e0. Progettato per ispirare Con camere [&hellip;]\" \/>\n<meta property=\"og:url\" content=\"https:\/\/www.savoydubai.com\/it\/savoy-suites\/camere\/monolocale-classico\/\" \/>\n<meta property=\"og:site_name\" content=\"Savoy Dubai\" \/>\n<meta property=\"article:modified_time\" content=\"2026-04-13T06:29:31+00:00\" \/>\n<meta name=\"twitter:card\" content=\"summary_large_image\" \/>\n<meta name=\"twitter:label1\" content=\"Tempo di lettura stimato\" \/>\n\t<meta name=\"twitter:data1\" content=\"1 minuto\" \/>\n<script type=\"application\/ld+json\" class=\"yoast-schema-graph\">{\"@context\":\"https:\/\/schema.org\",\"@graph\":[{\"@type\":\"WebPage\",\"@id\":\"https:\/\/www.savoydubai.com\/it\/savoy-suites\/camere\/monolocale-classico\/\",\"url\":\"https:\/\/www.savoydubai.com\/it\/savoy-suites\/camere\/monolocale-classico\/\",\"name\":\"Monolocale Classico - Savoy Dubai\",\"isPartOf\":{\"@id\":\"https:\/\/www.savoydubai.com\/it\/#website\"},\"datePublished\":\"2020-07-09T10:17:28+00:00\",\"dateModified\":\"2026-04-13T06:29:31+00:00\",\"breadcrumb\":{\"@id\":\"https:\/\/www.savoydubai.com\/it\/savoy-suites\/camere\/monolocale-classico\/#breadcrumb\"},\"inLanguage\":\"it-IT\",\"potentialAction\":[{\"@type\":\"ReadAction\",\"target\":[\"https:\/\/www.savoydubai.com\/it\/savoy-suites\/camere\/monolocale-classico\/\"]}]},{\"@type\":\"BreadcrumbList\",\"@id\":\"https:\/\/www.savoydubai.com\/it\/savoy-suites\/camere\/monolocale-classico\/#breadcrumb\",\"itemListElement\":[{\"@type\":\"ListItem\",\"position\":1,\"name\":\"Home\",\"item\":\"https:\/\/www.savoydubai.com\/it\/\"},{\"@type\":\"ListItem\",\"position\":2,\"name\":\"Savoy Suites\",\"item\":\"https:\/\/www.savoydubai.com\/it\/savoy-suites\/\"},{\"@type\":\"ListItem\",\"position\":3,\"name\":\"Camere\",\"item\":\"https:\/\/www.savoydubai.com\/it\/savoy-suites\/camere\/\"},{\"@type\":\"ListItem\",\"position\":4,\"name\":\"Monolocale Classico\"}]},{\"@type\":\"WebSite\",\"@id\":\"https:\/\/www.savoydubai.com\/it\/#website\",\"url\":\"https:\/\/www.savoydubai.com\/it\/\",\"name\":\"Savoy Dubai\",\"description\":\"Just another ms.decms.eu site\",\"potentialAction\":[{\"@type\":\"SearchAction\",\"target\":{\"@type\":\"EntryPoint\",\"urlTemplate\":\"https:\/\/www.savoydubai.com\/it\/?s={search_term_string}\"},\"query-input\":{\"@type\":\"PropertyValueSpecification\",\"valueRequired\":true,\"valueName\":\"search_term_string\"}}],\"inLanguage\":\"it-IT\"}]}<\/script>\n<!-- \/ Yoast SEO plugin. -->","yoast_head_json":{"title":"Monolocale Classico - Savoy Dubai","robots":{"index":"index","follow":"follow","max-snippet":"max-snippet:-1","max-image-preview":"max-image-preview:large","max-video-preview":"max-video-preview:-1"},"canonical":"https:\/\/www.savoydubai.com\/it\/savoy-suites\/camere\/monolocale-classico\/","og_locale":"it_IT","og_type":"article","og_title":"Monolocale Classico - Savoy Dubai","og_description":"Il Savoy Suites, splendido, sofisticato e caldo rifugio urbano, si trova nella posizione privilegiata di Bur Dubai e offre i comfort di un hotel con la libert\u00e0 di appartamenti di lusso indipendenti, permettendo agli ospiti di scoprire la vivace citt\u00e0 di Dubai in tutta la sua opulenza, raffinatezza e maest\u00e0. Progettato per ispirare Con camere [&hellip;]","og_url":"https:\/\/www.savoydubai.com\/it\/savoy-suites\/camere\/monolocale-classico\/","og_site_name":"Savoy Dubai","article_modified_time":"2026-04-13T06:29:31+00:00","twitter_card":"summary_large_image","twitter_misc":{"Tempo di lettura stimato":"1 minuto"},"schema":{"@context":"https:\/\/schema.org","@graph":[{"@type":"WebPage","@id":"https:\/\/www.savoydubai.com\/it\/savoy-suites\/camere\/monolocale-classico\/","url":"https:\/\/www.savoydubai.com\/it\/savoy-suites\/camere\/monolocale-classico\/","name":"Monolocale Classico - Savoy Dubai","isPartOf":{"@id":"https:\/\/www.savoydubai.com\/it\/#website"},"datePublished":"2020-07-09T10:17:28+00:00","dateModified":"2026-04-13T06:29:31+00:00","breadcrumb":{"@id":"https:\/\/www.savoydubai.com\/it\/savoy-suites\/camere\/monolocale-classico\/#breadcrumb"},"inLanguage":"it-IT","potentialAction":[{"@type":"ReadAction","target":["https:\/\/www.savoydubai.com\/it\/savoy-suites\/camere\/monolocale-classico\/"]}]},{"@type":"BreadcrumbList","@id":"https:\/\/www.savoydubai.com\/it\/savoy-suites\/camere\/monolocale-classico\/#breadcrumb","itemListElement":[{"@type":"ListItem","position":1,"name":"Home","item":"https:\/\/www.savoydubai.com\/it\/"},{"@type":"ListItem","position":2,"name":"Savoy Suites","item":"https:\/\/www.savoydubai.com\/it\/savoy-suites\/"},{"@type":"ListItem","position":3,"name":"Camere","item":"https:\/\/www.savoydubai.com\/it\/savoy-suites\/camere\/"},{"@type":"ListItem","position":4,"name":"Monolocale Classico"}]},{"@type":"WebSite","@id":"https:\/\/www.savoydubai.com\/it\/#website","url":"https:\/\/www.savoydubai.com\/it\/","name":"Savoy Dubai","description":"Just another ms.decms.eu site","potentialAction":[{"@type":"SearchAction","target":{"@type":"EntryPoint","urlTemplate":"https:\/\/www.savoydubai.com\/it\/?s={search_term_string}"},"query-input":{"@type":"PropertyValueSpecification","valueRequired":true,"valueName":"search_term_string"}}],"inLanguage":"it-IT"}]}},"acf":[],"_links":{"self":[{"href":"https:\/\/www.savoydubai.com\/it\/wp-json\/wp\/v2\/pages\/324","targetHints":{"allow":["GET"]}}],"collection":[{"href":"https:\/\/www.savoydubai.com\/it\/wp-json\/wp\/v2\/pages"}],"about":[{"href":"https:\/\/www.savoydubai.com\/it\/wp-json\/wp\/v2\/types\/page"}],"author":[{"embeddable":true,"href":"https:\/\/www.savoydubai.com\/it\/wp-json\/wp\/v2\/users\/36"}],"replies":[{"embeddable":true,"href":"https:\/\/www.savoydubai.com\/it\/wp-json\/wp\/v2\/comments?post=324"}],"version-history":[{"count":0,"href":"https:\/\/www.savoydubai.com\/it\/wp-json\/wp\/v2\/pages\/324\/revisions"}],"up":[{"embeddable":true,"href":"https:\/\/www.savoydubai.com\/it\/wp-json\/wp\/v2\/pages\/316"}],"wp:attachment":[{"href":"https:\/\/www.savoydubai.com\/it\/wp-json\/wp\/v2\/media?parent=324"}],"curies":[{"name":"wp","href":"https:\/\/api.w.org\/{rel}","templated":true}]}}