{"id":1907,"date":"2020-10-09T14:57:22","date_gmt":"2020-10-09T14:57:22","guid":{"rendered":"http:\/\/savoy-dubai.ms.decms.eu\/?page_id=1907"},"modified":"2020-10-18T15:23:41","modified_gmt":"2020-10-18T15:23:41","slug":"monolocale-comunicante","status":"publish","type":"page","link":"https:\/\/www.savoydubai.com\/it\/savoy-park\/camere\/monolocale-comunicante\/","title":{"rendered":"Monolocale comunicante"},"content":{"rendered":"<p>Alloggi progettati per farti sentire a casa lontano da casa, con lusso e ospitalit\u00e0 aggiuntivi: i monolocali del Savoy Park offrono un luogo in cui rilassarti e sentirti a casa.<\/p>\n<p>Il Savoy Park \u00e8 stato sapientemente realizzato per il massimo comfort e tranquillit\u00e0, e per garantire a tutti gli ospiti il servizio e l&#8217;esperienza di viaggio pi\u00f9 eccezionali. I monolocali comunicanti sono progettati con gusto all&#8217;insegna di comfort e lo stile, e sono il luogo perfetto per rilassarsi alla fine di una lunga giornata.<\/p>\n<p>I monolocali comunicanti del Savoy Park sono collegati da una porta interna e quelli recentemente rinnovati dispongono di connessione Internet wireless ad alta velocit\u00e0 gratuita, per comunicare comodamente in tempo reale, una smart TV multicanale per intrattenerti, una zona soggiorno con divano letto per farti rilassare e una scrivania dedicata per permetterti di lavorare in uno spazio comodo.<\/p>\n","protected":false},"excerpt":{"rendered":"<p>Alloggi progettati per farti sentire a casa lontano da casa, con lusso e ospitalit\u00e0 aggiuntivi: i monolocali del Savoy Park offrono un luogo in cui rilassarti e sentirti a casa. Il Savoy Park \u00e8 stato sapientemente realizzato per il massimo comfort e tranquillit\u00e0, e per garantire a tutti gli ospiti il servizio e l&#8217;esperienza di [&hellip;]<\/p>\n","protected":false},"author":36,"featured_media":0,"parent":593,"menu_order":10,"comment_status":"closed","ping_status":"closed","template":"template-hotel-single-room.php","meta":{"footnotes":""},"class_list":["post-1907","page","type-page","status-publish","hentry"],"yoast_head":"<!-- This site is optimized with the Yoast SEO plugin v26.9 - https:\/\/yoast.com\/product\/yoast-seo-wordpress\/ -->\n<title>Monolocale comunicante - Savoy Dubai<\/title>\n<meta name=\"robots\" content=\"index, follow, max-snippet:-1, max-image-preview:large, max-video-preview:-1\" \/>\n<link rel=\"canonical\" href=\"https:\/\/www.savoydubai.com\/it\/savoy-park\/camere\/monolocale-comunicante\/\" \/>\n<meta property=\"og:locale\" content=\"it_IT\" \/>\n<meta property=\"og:type\" content=\"article\" \/>\n<meta property=\"og:title\" content=\"Monolocale comunicante - Savoy Dubai\" \/>\n<meta property=\"og:description\" content=\"Alloggi progettati per farti sentire a casa lontano da casa, con lusso e ospitalit\u00e0 aggiuntivi: i monolocali del Savoy Park offrono un luogo in cui rilassarti e sentirti a casa. Il Savoy Park \u00e8 stato sapientemente realizzato per il massimo comfort e tranquillit\u00e0, e per garantire a tutti gli ospiti il servizio e l&#8217;esperienza di [&hellip;]\" \/>\n<meta property=\"og:url\" content=\"https:\/\/www.savoydubai.com\/it\/savoy-park\/camere\/monolocale-comunicante\/\" \/>\n<meta property=\"og:site_name\" content=\"Savoy Dubai\" \/>\n<meta property=\"article:modified_time\" content=\"2020-10-18T15:23:41+00:00\" \/>\n<meta name=\"twitter:card\" content=\"summary_large_image\" \/>\n<meta name=\"twitter:label1\" content=\"Tempo di lettura stimato\" \/>\n\t<meta name=\"twitter:data1\" content=\"1 minuto\" \/>\n<script type=\"application\/ld+json\" class=\"yoast-schema-graph\">{\"@context\":\"https:\/\/schema.org\",\"@graph\":[{\"@type\":\"WebPage\",\"@id\":\"https:\/\/www.savoydubai.com\/it\/savoy-park\/camere\/monolocale-comunicante\/\",\"url\":\"https:\/\/www.savoydubai.com\/it\/savoy-park\/camere\/monolocale-comunicante\/\",\"name\":\"Monolocale comunicante - Savoy Dubai\",\"isPartOf\":{\"@id\":\"https:\/\/www.savoydubai.com\/it\/#website\"},\"datePublished\":\"2020-10-09T14:57:22+00:00\",\"dateModified\":\"2020-10-18T15:23:41+00:00\",\"breadcrumb\":{\"@id\":\"https:\/\/www.savoydubai.com\/it\/savoy-park\/camere\/monolocale-comunicante\/#breadcrumb\"},\"inLanguage\":\"it-IT\",\"potentialAction\":[{\"@type\":\"ReadAction\",\"target\":[\"https:\/\/www.savoydubai.com\/it\/savoy-park\/camere\/monolocale-comunicante\/\"]}]},{\"@type\":\"BreadcrumbList\",\"@id\":\"https:\/\/www.savoydubai.com\/it\/savoy-park\/camere\/monolocale-comunicante\/#breadcrumb\",\"itemListElement\":[{\"@type\":\"ListItem\",\"position\":1,\"name\":\"Home\",\"item\":\"https:\/\/www.savoydubai.com\/it\/\"},{\"@type\":\"ListItem\",\"position\":2,\"name\":\"Savoy Park\",\"item\":\"https:\/\/www.savoydubai.com\/it\/savoy-park\/\"},{\"@type\":\"ListItem\",\"position\":3,\"name\":\"Camere\",\"item\":\"https:\/\/www.savoydubai.com\/it\/savoy-park\/camere\/\"},{\"@type\":\"ListItem\",\"position\":4,\"name\":\"Monolocale comunicante\"}]},{\"@type\":\"WebSite\",\"@id\":\"https:\/\/www.savoydubai.com\/it\/#website\",\"url\":\"https:\/\/www.savoydubai.com\/it\/\",\"name\":\"Savoy Dubai\",\"description\":\"Just another ms.decms.eu site\",\"potentialAction\":[{\"@type\":\"SearchAction\",\"target\":{\"@type\":\"EntryPoint\",\"urlTemplate\":\"https:\/\/www.savoydubai.com\/it\/?s={search_term_string}\"},\"query-input\":{\"@type\":\"PropertyValueSpecification\",\"valueRequired\":true,\"valueName\":\"search_term_string\"}}],\"inLanguage\":\"it-IT\"}]}<\/script>\n<!-- \/ Yoast SEO plugin. -->","yoast_head_json":{"title":"Monolocale comunicante - Savoy Dubai","robots":{"index":"index","follow":"follow","max-snippet":"max-snippet:-1","max-image-preview":"max-image-preview:large","max-video-preview":"max-video-preview:-1"},"canonical":"https:\/\/www.savoydubai.com\/it\/savoy-park\/camere\/monolocale-comunicante\/","og_locale":"it_IT","og_type":"article","og_title":"Monolocale comunicante - Savoy Dubai","og_description":"Alloggi progettati per farti sentire a casa lontano da casa, con lusso e ospitalit\u00e0 aggiuntivi: i monolocali del Savoy Park offrono un luogo in cui rilassarti e sentirti a casa. Il Savoy Park \u00e8 stato sapientemente realizzato per il massimo comfort e tranquillit\u00e0, e per garantire a tutti gli ospiti il servizio e l&#8217;esperienza di [&hellip;]","og_url":"https:\/\/www.savoydubai.com\/it\/savoy-park\/camere\/monolocale-comunicante\/","og_site_name":"Savoy Dubai","article_modified_time":"2020-10-18T15:23:41+00:00","twitter_card":"summary_large_image","twitter_misc":{"Tempo di lettura stimato":"1 minuto"},"schema":{"@context":"https:\/\/schema.org","@graph":[{"@type":"WebPage","@id":"https:\/\/www.savoydubai.com\/it\/savoy-park\/camere\/monolocale-comunicante\/","url":"https:\/\/www.savoydubai.com\/it\/savoy-park\/camere\/monolocale-comunicante\/","name":"Monolocale comunicante - Savoy Dubai","isPartOf":{"@id":"https:\/\/www.savoydubai.com\/it\/#website"},"datePublished":"2020-10-09T14:57:22+00:00","dateModified":"2020-10-18T15:23:41+00:00","breadcrumb":{"@id":"https:\/\/www.savoydubai.com\/it\/savoy-park\/camere\/monolocale-comunicante\/#breadcrumb"},"inLanguage":"it-IT","potentialAction":[{"@type":"ReadAction","target":["https:\/\/www.savoydubai.com\/it\/savoy-park\/camere\/monolocale-comunicante\/"]}]},{"@type":"BreadcrumbList","@id":"https:\/\/www.savoydubai.com\/it\/savoy-park\/camere\/monolocale-comunicante\/#breadcrumb","itemListElement":[{"@type":"ListItem","position":1,"name":"Home","item":"https:\/\/www.savoydubai.com\/it\/"},{"@type":"ListItem","position":2,"name":"Savoy Park","item":"https:\/\/www.savoydubai.com\/it\/savoy-park\/"},{"@type":"ListItem","position":3,"name":"Camere","item":"https:\/\/www.savoydubai.com\/it\/savoy-park\/camere\/"},{"@type":"ListItem","position":4,"name":"Monolocale comunicante"}]},{"@type":"WebSite","@id":"https:\/\/www.savoydubai.com\/it\/#website","url":"https:\/\/www.savoydubai.com\/it\/","name":"Savoy Dubai","description":"Just another ms.decms.eu site","potentialAction":[{"@type":"SearchAction","target":{"@type":"EntryPoint","urlTemplate":"https:\/\/www.savoydubai.com\/it\/?s={search_term_string}"},"query-input":{"@type":"PropertyValueSpecification","valueRequired":true,"valueName":"search_term_string"}}],"inLanguage":"it-IT"}]}},"acf":[],"_links":{"self":[{"href":"https:\/\/www.savoydubai.com\/it\/wp-json\/wp\/v2\/pages\/1907","targetHints":{"allow":["GET"]}}],"collection":[{"href":"https:\/\/www.savoydubai.com\/it\/wp-json\/wp\/v2\/pages"}],"about":[{"href":"https:\/\/www.savoydubai.com\/it\/wp-json\/wp\/v2\/types\/page"}],"author":[{"embeddable":true,"href":"https:\/\/www.savoydubai.com\/it\/wp-json\/wp\/v2\/users\/36"}],"replies":[{"embeddable":true,"href":"https:\/\/www.savoydubai.com\/it\/wp-json\/wp\/v2\/comments?post=1907"}],"version-history":[{"count":0,"href":"https:\/\/www.savoydubai.com\/it\/wp-json\/wp\/v2\/pages\/1907\/revisions"}],"up":[{"embeddable":true,"href":"https:\/\/www.savoydubai.com\/it\/wp-json\/wp\/v2\/pages\/593"}],"wp:attachment":[{"href":"https:\/\/www.savoydubai.com\/it\/wp-json\/wp\/v2\/media?parent=1907"}],"curies":[{"name":"wp","href":"https:\/\/api.w.org\/{rel}","templated":true}]}}