{"id":631,"date":"2020-07-13T12:36:41","date_gmt":"2020-07-13T12:36:41","guid":{"rendered":"http:\/\/savoy-dubai.ms.decms.eu\/?page_id=631"},"modified":"2022-02-18T11:28:28","modified_gmt":"2022-02-18T11:28:28","slug":"localisation","status":"publish","type":"page","link":"https:\/\/www.savoydubai.com\/fr\/savoy-park\/localisation\/","title":{"rendered":"Localisation"},"content":{"rendered":"<p>L&rsquo;\u00e9l\u00e9gant Savoy Park Hotel Apartments est nich\u00e9 dans le quartier historique de Bur Dubai, \u00e0 l&rsquo;ouest de l&#8217;embl\u00e9matique crique de Duba\u00ef. Duba\u00ef est une destination touristique de renomm\u00e9e mondiale qui voit les voyageurs venir de tous les coins du globe pour explorer toutes ses offres. L&#8217;emplacement enviable de l&rsquo;h\u00f4tel offre un acc\u00e8s facile aux transports, aux restaurants, aux quartiers commer\u00e7ants et aux attractions courues, ce qui en fait un point de d\u00e9part id\u00e9al pour explorer la ville.<\/p>\n<p>Se rendre au Savoy Park est tout aussi pratique. L&rsquo;a\u00e9roport de Duba\u00ef se trouve \u00e0 15 minutes en voiture et des taxis avec compteur sont disponibles \u00e0 la porte de sortie pour vous d\u00e9poser \u00e0 l&rsquo;h\u00f4tel.<\/p>\n<p>Une fois au Savoy Park, vous serez \u00e0 distance de marche ou \u00e0 quelques minutes en voiture des plus grandes attractions de Duba\u00ef. La station de m\u00e9tro de la ligne verte Al Fahidi se trouve \u00e0 8 minutes \u00e0 pied et la station de m\u00e9tro de la ligne rouge BurJuman ainsi que le centre commercial BurJuman sont \u00e0 11 minutes. Ces lignes vous transporteront \u00e0 travers la ville vers tous les endroits que vous souhaiterez visiter. Les principaux quartiers d&rsquo;affaires et commer\u00e7ants sont accessibles \u00e0 pied depuis l&rsquo;h\u00f4tel. De l\u00e0, vous acc\u00e9derez facilement \u00e0 Sheikh Zayed Road, qui abrite les c\u00e9l\u00e8bres et v\u00e9n\u00e9r\u00e9s gratte-ciel de Duba\u00ef, y compris l&#8217;embl\u00e9matique Burj Khalifa.<\/p>\n<p>L&rsquo;h\u00f4tel propose un service de bus gratuit avec des serviettes et des tapis de plage pour vous emmener \u00e0 la plage de La Mer \u00e0 Jumeirah, qui se trouve \u00e0 seulement 14 minutes de route.<\/p>\n","protected":false},"excerpt":{"rendered":"<p>L&rsquo;\u00e9l\u00e9gant Savoy Park Hotel Apartments est nich\u00e9 dans le quartier historique de Bur Dubai, \u00e0 l&rsquo;ouest de l&#8217;embl\u00e9matique crique de Duba\u00ef. Duba\u00ef est une destination touristique de renomm\u00e9e mondiale qui voit les voyageurs venir de tous les coins du globe pour explorer toutes ses offres. L&#8217;emplacement enviable de l&rsquo;h\u00f4tel offre un acc\u00e8s facile aux transports, [&hellip;]<\/p>\n","protected":false},"author":36,"featured_media":0,"parent":564,"menu_order":30,"comment_status":"closed","ping_status":"closed","template":"template-hotel-location.php","meta":{"footnotes":""},"class_list":["post-631","page","type-page","status-publish","hentry"],"yoast_head":"<!-- This site is optimized with the Yoast SEO plugin v26.9 - https:\/\/yoast.com\/product\/yoast-seo-wordpress\/ -->\n<title>Localisation - Savoy Dubai<\/title>\n<meta name=\"robots\" content=\"index, follow, max-snippet:-1, max-image-preview:large, max-video-preview:-1\" \/>\n<link rel=\"canonical\" href=\"https:\/\/www.savoydubai.com\/fr\/savoy-park\/localisation\/\" \/>\n<meta property=\"og:locale\" content=\"fr_FR\" \/>\n<meta property=\"og:type\" content=\"article\" \/>\n<meta property=\"og:title\" content=\"Localisation - Savoy Dubai\" \/>\n<meta property=\"og:description\" content=\"L&rsquo;\u00e9l\u00e9gant Savoy Park Hotel Apartments est nich\u00e9 dans le quartier historique de Bur Dubai, \u00e0 l&rsquo;ouest de l&#8217;embl\u00e9matique crique de Duba\u00ef. Duba\u00ef est une destination touristique de renomm\u00e9e mondiale qui voit les voyageurs venir de tous les coins du globe pour explorer toutes ses offres. L&#8217;emplacement enviable de l&rsquo;h\u00f4tel offre un acc\u00e8s facile aux transports, [&hellip;]\" \/>\n<meta property=\"og:url\" content=\"https:\/\/www.savoydubai.com\/fr\/savoy-park\/localisation\/\" \/>\n<meta property=\"og:site_name\" content=\"Savoy Dubai\" \/>\n<meta property=\"article:modified_time\" content=\"2022-02-18T11:28:28+00:00\" \/>\n<meta name=\"twitter:card\" content=\"summary_large_image\" \/>\n<meta name=\"twitter:label1\" content=\"Dur\u00e9e de lecture estim\u00e9e\" \/>\n\t<meta name=\"twitter:data1\" content=\"1 minute\" \/>\n<script type=\"application\/ld+json\" class=\"yoast-schema-graph\">{\"@context\":\"https:\/\/schema.org\",\"@graph\":[{\"@type\":\"WebPage\",\"@id\":\"https:\/\/www.savoydubai.com\/fr\/savoy-park\/localisation\/\",\"url\":\"https:\/\/www.savoydubai.com\/fr\/savoy-park\/localisation\/\",\"name\":\"Localisation - Savoy Dubai\",\"isPartOf\":{\"@id\":\"https:\/\/www.savoydubai.com\/fr\/#website\"},\"datePublished\":\"2020-07-13T12:36:41+00:00\",\"dateModified\":\"2022-02-18T11:28:28+00:00\",\"breadcrumb\":{\"@id\":\"https:\/\/www.savoydubai.com\/fr\/savoy-park\/localisation\/#breadcrumb\"},\"inLanguage\":\"fr-FR\",\"potentialAction\":[{\"@type\":\"ReadAction\",\"target\":[\"https:\/\/www.savoydubai.com\/fr\/savoy-park\/localisation\/\"]}]},{\"@type\":\"BreadcrumbList\",\"@id\":\"https:\/\/www.savoydubai.com\/fr\/savoy-park\/localisation\/#breadcrumb\",\"itemListElement\":[{\"@type\":\"ListItem\",\"position\":1,\"name\":\"Home\",\"item\":\"https:\/\/www.savoydubai.com\/fr\/\"},{\"@type\":\"ListItem\",\"position\":2,\"name\":\"Savoy Park\",\"item\":\"https:\/\/www.savoydubai.com\/fr\/savoy-park\/\"},{\"@type\":\"ListItem\",\"position\":3,\"name\":\"Localisation\"}]},{\"@type\":\"WebSite\",\"@id\":\"https:\/\/www.savoydubai.com\/fr\/#website\",\"url\":\"https:\/\/www.savoydubai.com\/fr\/\",\"name\":\"Savoy Dubai\",\"description\":\"Just another ms.decms.eu site\",\"potentialAction\":[{\"@type\":\"SearchAction\",\"target\":{\"@type\":\"EntryPoint\",\"urlTemplate\":\"https:\/\/www.savoydubai.com\/fr\/?s={search_term_string}\"},\"query-input\":{\"@type\":\"PropertyValueSpecification\",\"valueRequired\":true,\"valueName\":\"search_term_string\"}}],\"inLanguage\":\"fr-FR\"}]}<\/script>\n<!-- \/ Yoast SEO plugin. -->","yoast_head_json":{"title":"Localisation - Savoy Dubai","robots":{"index":"index","follow":"follow","max-snippet":"max-snippet:-1","max-image-preview":"max-image-preview:large","max-video-preview":"max-video-preview:-1"},"canonical":"https:\/\/www.savoydubai.com\/fr\/savoy-park\/localisation\/","og_locale":"fr_FR","og_type":"article","og_title":"Localisation - Savoy Dubai","og_description":"L&rsquo;\u00e9l\u00e9gant Savoy Park Hotel Apartments est nich\u00e9 dans le quartier historique de Bur Dubai, \u00e0 l&rsquo;ouest de l&#8217;embl\u00e9matique crique de Duba\u00ef. Duba\u00ef est une destination touristique de renomm\u00e9e mondiale qui voit les voyageurs venir de tous les coins du globe pour explorer toutes ses offres. L&#8217;emplacement enviable de l&rsquo;h\u00f4tel offre un acc\u00e8s facile aux transports, [&hellip;]","og_url":"https:\/\/www.savoydubai.com\/fr\/savoy-park\/localisation\/","og_site_name":"Savoy Dubai","article_modified_time":"2022-02-18T11:28:28+00:00","twitter_card":"summary_large_image","twitter_misc":{"Dur\u00e9e de lecture estim\u00e9e":"1 minute"},"schema":{"@context":"https:\/\/schema.org","@graph":[{"@type":"WebPage","@id":"https:\/\/www.savoydubai.com\/fr\/savoy-park\/localisation\/","url":"https:\/\/www.savoydubai.com\/fr\/savoy-park\/localisation\/","name":"Localisation - Savoy Dubai","isPartOf":{"@id":"https:\/\/www.savoydubai.com\/fr\/#website"},"datePublished":"2020-07-13T12:36:41+00:00","dateModified":"2022-02-18T11:28:28+00:00","breadcrumb":{"@id":"https:\/\/www.savoydubai.com\/fr\/savoy-park\/localisation\/#breadcrumb"},"inLanguage":"fr-FR","potentialAction":[{"@type":"ReadAction","target":["https:\/\/www.savoydubai.com\/fr\/savoy-park\/localisation\/"]}]},{"@type":"BreadcrumbList","@id":"https:\/\/www.savoydubai.com\/fr\/savoy-park\/localisation\/#breadcrumb","itemListElement":[{"@type":"ListItem","position":1,"name":"Home","item":"https:\/\/www.savoydubai.com\/fr\/"},{"@type":"ListItem","position":2,"name":"Savoy Park","item":"https:\/\/www.savoydubai.com\/fr\/savoy-park\/"},{"@type":"ListItem","position":3,"name":"Localisation"}]},{"@type":"WebSite","@id":"https:\/\/www.savoydubai.com\/fr\/#website","url":"https:\/\/www.savoydubai.com\/fr\/","name":"Savoy Dubai","description":"Just another ms.decms.eu site","potentialAction":[{"@type":"SearchAction","target":{"@type":"EntryPoint","urlTemplate":"https:\/\/www.savoydubai.com\/fr\/?s={search_term_string}"},"query-input":{"@type":"PropertyValueSpecification","valueRequired":true,"valueName":"search_term_string"}}],"inLanguage":"fr-FR"}]}},"acf":[],"_links":{"self":[{"href":"https:\/\/www.savoydubai.com\/fr\/wp-json\/wp\/v2\/pages\/631","targetHints":{"allow":["GET"]}}],"collection":[{"href":"https:\/\/www.savoydubai.com\/fr\/wp-json\/wp\/v2\/pages"}],"about":[{"href":"https:\/\/www.savoydubai.com\/fr\/wp-json\/wp\/v2\/types\/page"}],"author":[{"embeddable":true,"href":"https:\/\/www.savoydubai.com\/fr\/wp-json\/wp\/v2\/users\/36"}],"replies":[{"embeddable":true,"href":"https:\/\/www.savoydubai.com\/fr\/wp-json\/wp\/v2\/comments?post=631"}],"version-history":[{"count":0,"href":"https:\/\/www.savoydubai.com\/fr\/wp-json\/wp\/v2\/pages\/631\/revisions"}],"up":[{"embeddable":true,"href":"https:\/\/www.savoydubai.com\/fr\/wp-json\/wp\/v2\/pages\/564"}],"wp:attachment":[{"href":"https:\/\/www.savoydubai.com\/fr\/wp-json\/wp\/v2\/media?parent=631"}],"curies":[{"name":"wp","href":"https:\/\/api.w.org\/{rel}","templated":true}]}}