{"id":617,"date":"2020-07-13T10:26:07","date_gmt":"2020-07-13T10:26:07","guid":{"rendered":"http:\/\/savoy-dubai.ms.decms.eu\/?page_id=617"},"modified":"2020-10-17T15:27:36","modified_gmt":"2020-10-17T15:27:36","slug":"services","status":"publish","type":"page","link":"https:\/\/www.savoydubai.com\/fr\/savoy-park\/services\/","title":{"rendered":"Services"},"content":{"rendered":"<p>Que vous soyez \u00e0 Duba\u00ef pour des vacances ou un s\u00e9jour d&rsquo;affaires de longue dur\u00e9e, le Savoy Park dispose des installations n\u00e9cessaires pour que votre s\u00e9jour soit aussi agr\u00e9able, m\u00e9morable et confortable que possible. Toutes nos chambres sont con\u00e7ues pour le luxe, le style et le confort. Nos installations permettent \u00e0 tous nos h\u00f4tes de faire une pause pour se d\u00e9tendre et profiter de leur s\u00e9jour \u00e0 Duba\u00ef.<\/p>\n<p>Le Savoy Park est con\u00e7u pour assurer \u00e0 tous ses h\u00f4tes les services les plus personnalis\u00e9s et notre hospitalit\u00e9 traditionnelle qui vient du fond du c\u0153ur. Nous avons con\u00e7u nos installations sur place pour que tous nos h\u00f4tes repartent avec des souvenirs durables dont ils se souviendront avec affection.<\/p>\n<p>Les h\u00f4tes s\u00e9journant dans les appartements avec services h\u00f4teliers du Savoy Park \u00e0 Duba\u00ef peuvent profiter des installations de loisirs sur place qui comprennent une piscine ext\u00e9rieure \u00e0 temp\u00e9rature contr\u00f4l\u00e9e, un jacuzzi, une salle de sport et un sauna. Que vous vouliez faire un jogging rapide ou soulever des poids l\u00e9gers, notre salle de sport vous offre une gamme d&rsquo;\u00e9quipements pour vous garder en forme et actif pendant votre s\u00e9jour dans nos appartements h\u00f4teliers.<\/p>\n<p>Nous avons \u00e9galement mis en place des services pour vous aider \u00e0 d\u00e9couvrir Duba\u00ef de mani\u00e8re aussi facile et pratique que possible. Nous offrons \u00e9galement \u00e0 tous nos h\u00f4tes un service de bus quotidien gratuit de l&rsquo;h\u00f4tel \u00e0 la plage de La Mer \u00e0 Jumeirah. Des serviettes et des tapis de plage sont offerts \u00e0 tous nos h\u00f4tes lors de la mont\u00e9e dans le bus.<\/p>\n<p>Pour les famille \u00e0 la recherche de divertissements, nous proposons des billets d&rsquo;entr\u00e9e aux meilleurs parcs \u00e0 th\u00e8me, aux visites de la ville et \u00e0 toutes les attractions locales. Ceux-ci sont disponibles \u00e0 la r\u00e9ception \u00e0 des prix r\u00e9duits pour nos h\u00f4tes.<\/p>\n<p>En plus de vous fournir l&rsquo;espace dont vous avez besoin pour vous sentir chez vous au Savoy Park, nous vous recevrons tout au long de votre s\u00e9jour avec notre hospitalit\u00e9 qui vient du fond du c\u0153ur.<\/p>\n","protected":false},"excerpt":{"rendered":"<p>Que vous soyez \u00e0 Duba\u00ef pour des vacances ou un s\u00e9jour d&rsquo;affaires de longue dur\u00e9e, le Savoy Park dispose des installations n\u00e9cessaires pour que votre s\u00e9jour soit aussi agr\u00e9able, m\u00e9morable et confortable que possible. Toutes nos chambres sont con\u00e7ues pour le luxe, le style et le confort. Nos installations permettent \u00e0 tous nos h\u00f4tes de [&hellip;]<\/p>\n","protected":false},"author":36,"featured_media":0,"parent":564,"menu_order":20,"comment_status":"closed","ping_status":"closed","template":"template-hotel-services.php","meta":{"footnotes":""},"class_list":["post-617","page","type-page","status-publish","hentry"],"yoast_head":"<!-- This site is optimized with the Yoast SEO plugin v26.9 - https:\/\/yoast.com\/product\/yoast-seo-wordpress\/ -->\n<title>Services - Savoy Dubai<\/title>\n<meta name=\"robots\" content=\"index, follow, max-snippet:-1, max-image-preview:large, max-video-preview:-1\" \/>\n<link rel=\"canonical\" href=\"https:\/\/www.savoydubai.com\/fr\/savoy-park\/services\/\" \/>\n<meta property=\"og:locale\" content=\"fr_FR\" \/>\n<meta property=\"og:type\" content=\"article\" \/>\n<meta property=\"og:title\" content=\"Services - Savoy Dubai\" \/>\n<meta property=\"og:description\" content=\"Que vous soyez \u00e0 Duba\u00ef pour des vacances ou un s\u00e9jour d&rsquo;affaires de longue dur\u00e9e, le Savoy Park dispose des installations n\u00e9cessaires pour que votre s\u00e9jour soit aussi agr\u00e9able, m\u00e9morable et confortable que possible. Toutes nos chambres sont con\u00e7ues pour le luxe, le style et le confort. Nos installations permettent \u00e0 tous nos h\u00f4tes de [&hellip;]\" \/>\n<meta property=\"og:url\" content=\"https:\/\/www.savoydubai.com\/fr\/savoy-park\/services\/\" \/>\n<meta property=\"og:site_name\" content=\"Savoy Dubai\" \/>\n<meta property=\"article:modified_time\" content=\"2020-10-17T15:27:36+00:00\" \/>\n<meta name=\"twitter:card\" content=\"summary_large_image\" \/>\n<meta name=\"twitter:label1\" content=\"Dur\u00e9e de lecture estim\u00e9e\" \/>\n\t<meta name=\"twitter:data1\" content=\"2 minutes\" \/>\n<script type=\"application\/ld+json\" class=\"yoast-schema-graph\">{\"@context\":\"https:\/\/schema.org\",\"@graph\":[{\"@type\":\"WebPage\",\"@id\":\"https:\/\/www.savoydubai.com\/fr\/savoy-park\/services\/\",\"url\":\"https:\/\/www.savoydubai.com\/fr\/savoy-park\/services\/\",\"name\":\"Services - Savoy Dubai\",\"isPartOf\":{\"@id\":\"https:\/\/www.savoydubai.com\/fr\/#website\"},\"datePublished\":\"2020-07-13T10:26:07+00:00\",\"dateModified\":\"2020-10-17T15:27:36+00:00\",\"breadcrumb\":{\"@id\":\"https:\/\/www.savoydubai.com\/fr\/savoy-park\/services\/#breadcrumb\"},\"inLanguage\":\"fr-FR\",\"potentialAction\":[{\"@type\":\"ReadAction\",\"target\":[\"https:\/\/www.savoydubai.com\/fr\/savoy-park\/services\/\"]}]},{\"@type\":\"BreadcrumbList\",\"@id\":\"https:\/\/www.savoydubai.com\/fr\/savoy-park\/services\/#breadcrumb\",\"itemListElement\":[{\"@type\":\"ListItem\",\"position\":1,\"name\":\"Home\",\"item\":\"https:\/\/www.savoydubai.com\/fr\/\"},{\"@type\":\"ListItem\",\"position\":2,\"name\":\"Savoy Park\",\"item\":\"https:\/\/www.savoydubai.com\/fr\/savoy-park\/\"},{\"@type\":\"ListItem\",\"position\":3,\"name\":\"Services\"}]},{\"@type\":\"WebSite\",\"@id\":\"https:\/\/www.savoydubai.com\/fr\/#website\",\"url\":\"https:\/\/www.savoydubai.com\/fr\/\",\"name\":\"Savoy Dubai\",\"description\":\"Just another ms.decms.eu site\",\"potentialAction\":[{\"@type\":\"SearchAction\",\"target\":{\"@type\":\"EntryPoint\",\"urlTemplate\":\"https:\/\/www.savoydubai.com\/fr\/?s={search_term_string}\"},\"query-input\":{\"@type\":\"PropertyValueSpecification\",\"valueRequired\":true,\"valueName\":\"search_term_string\"}}],\"inLanguage\":\"fr-FR\"}]}<\/script>\n<!-- \/ Yoast SEO plugin. -->","yoast_head_json":{"title":"Services - Savoy Dubai","robots":{"index":"index","follow":"follow","max-snippet":"max-snippet:-1","max-image-preview":"max-image-preview:large","max-video-preview":"max-video-preview:-1"},"canonical":"https:\/\/www.savoydubai.com\/fr\/savoy-park\/services\/","og_locale":"fr_FR","og_type":"article","og_title":"Services - Savoy Dubai","og_description":"Que vous soyez \u00e0 Duba\u00ef pour des vacances ou un s\u00e9jour d&rsquo;affaires de longue dur\u00e9e, le Savoy Park dispose des installations n\u00e9cessaires pour que votre s\u00e9jour soit aussi agr\u00e9able, m\u00e9morable et confortable que possible. Toutes nos chambres sont con\u00e7ues pour le luxe, le style et le confort. Nos installations permettent \u00e0 tous nos h\u00f4tes de [&hellip;]","og_url":"https:\/\/www.savoydubai.com\/fr\/savoy-park\/services\/","og_site_name":"Savoy Dubai","article_modified_time":"2020-10-17T15:27:36+00:00","twitter_card":"summary_large_image","twitter_misc":{"Dur\u00e9e de lecture estim\u00e9e":"2 minutes"},"schema":{"@context":"https:\/\/schema.org","@graph":[{"@type":"WebPage","@id":"https:\/\/www.savoydubai.com\/fr\/savoy-park\/services\/","url":"https:\/\/www.savoydubai.com\/fr\/savoy-park\/services\/","name":"Services - Savoy Dubai","isPartOf":{"@id":"https:\/\/www.savoydubai.com\/fr\/#website"},"datePublished":"2020-07-13T10:26:07+00:00","dateModified":"2020-10-17T15:27:36+00:00","breadcrumb":{"@id":"https:\/\/www.savoydubai.com\/fr\/savoy-park\/services\/#breadcrumb"},"inLanguage":"fr-FR","potentialAction":[{"@type":"ReadAction","target":["https:\/\/www.savoydubai.com\/fr\/savoy-park\/services\/"]}]},{"@type":"BreadcrumbList","@id":"https:\/\/www.savoydubai.com\/fr\/savoy-park\/services\/#breadcrumb","itemListElement":[{"@type":"ListItem","position":1,"name":"Home","item":"https:\/\/www.savoydubai.com\/fr\/"},{"@type":"ListItem","position":2,"name":"Savoy Park","item":"https:\/\/www.savoydubai.com\/fr\/savoy-park\/"},{"@type":"ListItem","position":3,"name":"Services"}]},{"@type":"WebSite","@id":"https:\/\/www.savoydubai.com\/fr\/#website","url":"https:\/\/www.savoydubai.com\/fr\/","name":"Savoy Dubai","description":"Just another ms.decms.eu site","potentialAction":[{"@type":"SearchAction","target":{"@type":"EntryPoint","urlTemplate":"https:\/\/www.savoydubai.com\/fr\/?s={search_term_string}"},"query-input":{"@type":"PropertyValueSpecification","valueRequired":true,"valueName":"search_term_string"}}],"inLanguage":"fr-FR"}]}},"acf":[],"_links":{"self":[{"href":"https:\/\/www.savoydubai.com\/fr\/wp-json\/wp\/v2\/pages\/617","targetHints":{"allow":["GET"]}}],"collection":[{"href":"https:\/\/www.savoydubai.com\/fr\/wp-json\/wp\/v2\/pages"}],"about":[{"href":"https:\/\/www.savoydubai.com\/fr\/wp-json\/wp\/v2\/types\/page"}],"author":[{"embeddable":true,"href":"https:\/\/www.savoydubai.com\/fr\/wp-json\/wp\/v2\/users\/36"}],"replies":[{"embeddable":true,"href":"https:\/\/www.savoydubai.com\/fr\/wp-json\/wp\/v2\/comments?post=617"}],"version-history":[{"count":0,"href":"https:\/\/www.savoydubai.com\/fr\/wp-json\/wp\/v2\/pages\/617\/revisions"}],"up":[{"embeddable":true,"href":"https:\/\/www.savoydubai.com\/fr\/wp-json\/wp\/v2\/pages\/564"}],"wp:attachment":[{"href":"https:\/\/www.savoydubai.com\/fr\/wp-json\/wp\/v2\/media?parent=617"}],"curies":[{"name":"wp","href":"https:\/\/api.w.org\/{rel}","templated":true}]}}