{"id":568,"date":"2020-07-13T08:01:28","date_gmt":"2020-07-13T08:01:28","guid":{"rendered":"http:\/\/savoy-dubai.ms.decms.eu\/?page_id=568"},"modified":"2020-10-12T12:39:36","modified_gmt":"2020-10-12T12:39:36","slug":"sejour-de-longue-duree","status":"publish","type":"page","link":"https:\/\/www.savoydubai.com\/fr\/savoy-crest\/sejour-de-longue-duree\/","title":{"rendered":"S\u00e9jour de Longue Dur\u00e9e"},"content":{"rendered":"<p>Si vous \u00eates \u00e0 la recherche d&rsquo;appartements h\u00f4teliers pour un s\u00e9jour de longue dur\u00e9e \u00e0 Duba\u00ef<strong>,<\/strong>\u00a0le Savoy Crest est la solution d&rsquo;h\u00e9bergement de longue dur\u00e9e que vous recherchez. Avec son atmosph\u00e8re d&rsquo;h\u00f4tel de charme et son confort casanier, le Savoy Crest est l&rsquo;endroit id\u00e9al pour les h\u00f4tes de longue dur\u00e9e. Nous vous y accueillerons avec notre hospitalit\u00e9 qui vient du fond du c\u0153ur.<\/p>\n<p>Id\u00e9alement situ\u00e9 au c\u0153ur de Mankhool Bur Dubai et avec son offre de loyers mensuels, le Savoy Crest est con\u00e7u pour offrir \u00e0 ses h\u00f4tes de longue dur\u00e9e une belle et confortable seconde demeure. Des installations sur place con\u00e7ues pour les loisirs aux \u00e9quipements modernes pour assurer un s\u00e9jour confortable, nous avons cr\u00e9\u00e9 l&rsquo;h\u00e9bergement id\u00e9al pour tout voyageur de longue dur\u00e9e.<\/p>\n<p>Lorsque vous choisissez de s\u00e9journer au Savoy Crest Hotel Apartments \u00e0 Duba\u00ef, vous avez la possibilit\u00e9 de rester dans un appartement \u00e0 deux chambres communicantes, un studio ou un studio classique \u00e0 une chambre. Tous ces espaces ont \u00e9t\u00e9 con\u00e7us pour vous offrir une r\u00e9sidence luxueuse.<\/p>\n<p>En tant que voyageur de longue dur\u00e9e, vous voulez vous sentir \u00e0 l&rsquo;aise dans votre logement. Le Savoy Crest fait de votre sant\u00e9 et de votre s\u00e9curit\u00e9 une priorit\u00e9. Nous garantissons uniquement les normes les plus \u00e9lev\u00e9es de nettoyage et de d\u00e9sinfection de toutes les zones de nos installations.<\/p>\n<p>Chaque aspect de votre s\u00e9jour a \u00e9t\u00e9 pris en compte pour le rendre aussi confortable et serein que possible.<\/p>\n<p>Il est \u00e9galement important de noter la valeur et les \u00e9conomies dont les h\u00f4tes de longue dur\u00e9e b\u00e9n\u00e9ficieront s&rsquo;ils choisissent de s\u00e9journer au Savoy Crest plut\u00f4t que de louer une propri\u00e9t\u00e9 r\u00e9sidentielle pour leur s\u00e9jour \u00e0 Duba\u00ef.<\/p>\n<p>En plus de tous les \u00e9l\u00e9ments de luxe d&rsquo;un h\u00f4tel combin\u00e9s avec la sensation d&rsquo;\u00eatre \u00e0 la maison, les h\u00f4tes de longue dur\u00e9e b\u00e9n\u00e9ficieront des avantages suivants lors de leur s\u00e9jour au Savoy Crest :<\/p>\n<ul>\n<li>Pas de commission \u00e0 verser \u00e0 un courtier ou \u00e0 un agent immobilier lors de l&#8217;emm\u00e9nagement<\/li>\n<li>Pas de d\u00e9p\u00f4t de garantie requis<\/li>\n<li>Nous appliquons un mod\u00e8le \u00ab Pay as you stay \u00bb, ce qui signifie que vous n&rsquo;avez pas \u00e0 payer 3 mois \u00e0 l&rsquo;avance ou \u00e0 fournir de ch\u00e8ques postdat\u00e9s pour les mois \u00e0 venir<\/li>\n<li>Pas de frais locaux de logement &#8211; Rera et Ejari<\/li>\n<li>Pas de frais de dossier lors du renouvellement du contrat de location<\/li>\n<li>Pas de d\u00e9p\u00f4t pour la connexion ou les factures mensuelles de services publics (DEWA) car elles sont d\u00e9j\u00e0 incluses dans le tarif de votre chambre<\/li>\n<li>Pas de d\u00e9p\u00f4t de demande pour obtenir une connexion fixe avec DU ou Etisalat<\/li>\n<li>Pas d&rsquo;abonnement requis pour les cha\u00eenes de t\u00e9l\u00e9vision et de divertissement<\/li>\n<li>Connexion Internet GRATUITE. Routeur haut de gamme d\u00e9di\u00e9 dans chaque pi\u00e8ce.<\/li>\n<\/ul>\n<p>En choisissant de s\u00e9journer au Savoy Crest de Duba\u00ef, vous optez pour un s\u00e9jour de luxe dans le quartier de Bur Dubai qui sera relaxant, agr\u00e9able et abordable.<\/p>\n\n                <div class='gf_browser_gecko gform_wrapper' id='gform_wrapper_39' ><form method='post' enctype='multipart\/form-data'  id='gform_39'  action='\/fr\/wp-json\/wp\/v2\/pages\/568'>\n                        <div class='gform_heading'>\n                            <span class='gform_description'><\/span>\n                        <\/div>\n                        <div class='gform_body'><ul id='gform_fields_39' class='gform_fields top_label form_sublabel_below description_below'><li id='field_39_9'  class='gfield gfield_html gfield_html_formatted gfield_no_follows_desc field_sublabel_below field_description_below gfield_visibility_visible' ><h2 class=\"the-title uppercase centered\">\nDemande des meilleurs tarifs\n<\/h2><\/li><li id='field_39_1'  class='gfield middle gfield_contains_required field_sublabel_below field_description_below gfield_visibility_visible' ><label class='gfield_label' for='input_39_1' >Nom complet<span class='gfield_required'>*<\/span><\/label><div class='ginput_container ginput_container_text'><input name='input_1' id='input_39_1' type='text' value='' class='medium'     aria-required=\"true\" aria-invalid=\"false\" \/><\/div><\/li><li id='field_39_3'  class='gfield middle gfield_contains_required field_sublabel_below field_description_below gfield_visibility_visible' ><label class='gfield_label' for='input_39_3' >E-mail<span class='gfield_required'>*<\/span><\/label><div class='ginput_container ginput_container_email'>\n                            <input name='input_3' id='input_39_3' type='text' value='' class='medium'    aria-required=\"true\" aria-invalid=\"false\" \/>\n                        <\/div><\/li><li id='field_39_4'  class='gfield middle field_sublabel_below field_description_below gfield_visibility_visible' ><label class='gfield_label' for='input_39_4' >N\u00ba de mobile \/ WhatsApp<\/label><div class='ginput_container ginput_container_phone'><input name='input_4' id='input_39_4' type='text' value='' class='medium'    aria-invalid=\"false\"  \/><\/div><\/li><li id='field_39_8'  class='gfield middle gfield_contains_required field_sublabel_below field_description_below gfield_visibility_visible' ><label class='gfield_label' for='input_39_8' >Date d&#039;arriv\u00e9e<span class='gfield_required'>*<\/span><\/label><div class='ginput_container ginput_container_date'>\n                            <input name='input_8' id='input_39_8' type='text' value='19\/04\/2026' class='datepicker medium dmy datepicker_with_icon'    aria-describedby='input_39_8_date_format' \/>\n                            <span id='input_39_8_date_format' class='screen-reader-text'>Date Format: JJ slash MM slash AAAA<\/span>\n                        <\/div>\n                        <input type='hidden' id='gforms_calendar_icon_input_39_8' class='gform_hidden' value='https:\/\/www.savoydubai.com\/wp-content\/plugins\/gravityforms\/images\/calendar.png'\/><\/li><li id='field_39_5'  class='gfield gfield_contains_required field_sublabel_below field_description_below gfield_visibility_visible' ><label class='gfield_label' for='input_39_5' >Message<span class='gfield_required'>*<\/span><\/label><div class='ginput_container ginput_container_textarea'><textarea name='input_5' id='input_39_5' class='textarea medium'     aria-required=\"true\" aria-invalid=\"false\"   rows='10' cols='50'><\/textarea><\/div><\/li><li id='field_39_6'  class='gfield privacy-policy gfield_contains_required field_sublabel_below field_description_below gfield_visibility_visible' ><label class='gfield_label'  >politique de confidentialit\u00e9<span class='gfield_required'>*<\/span><\/label><div class='ginput_container ginput_container_checkbox'><ul class='gfield_checkbox' id='input_39_6'><li class='gchoice_39_6_1'>\n\t\t\t\t\t\t\t\t<input name='input_6.1' type='checkbox'  value='*  En cliquant, vous acceptez notre &lt;a href=&quot;https:\/\/savoy-dubai.ms.decms.eu\/fr\/savoy-crest\/confidentialite\/&quot;&gt;politique de confidentialit\u00e9 &lt;\/a&gt;'  id='choice_39_6_1'   \/>\n\t\t\t\t\t\t\t\t<label for='choice_39_6_1' id='label_39_6_1'>*  En cliquant, vous acceptez notre <a href=\"https:\/\/savoy-dubai.ms.decms.eu\/fr\/savoy-crest\/confidentialite\/\">politique de confidentialit\u00e9 <\/a><\/label>\n\t\t\t\t\t\t\t<\/li><\/ul><\/div><\/li><li id='field_39_7'  class='gfield required-fields gfield_html gfield_html_formatted gfield_no_follows_desc field_sublabel_below field_description_below gfield_visibility_visible' >* Champs obligatoires<\/li><li id='field_39_11'  class='gfield field_sublabel_below field_description_below gfield_visibility_visible' ><label class='gfield_label' for='input_39_11' >CAPTCHA<\/label><div id='input_39_11' class='ginput_container ginput_recaptcha' data-sitekey='6LfcmNsZAAAAAEcHpYogIloqCxisBmxa902I-tYC'  data-theme='light' data-tabindex='0'  data-badge=''><\/div><\/li><li id='field_39_12'  class='gfield gform_validation_container field_sublabel_below field_description_below gfield_visibility_visible' ><label class='gfield_label' for='input_39_12' >Name<\/label><div class='ginput_container'><input name='input_12' id='input_39_12' type='text' value='' \/><\/div><div class='gfield_description' id='gfield_description_39_12'>Ce champ n\u2019est utilis\u00e9 qu\u2019\u00e0 des fins de validation et devrait rester inchang\u00e9.<\/div><\/li>\n                            <\/ul><\/div>\n        <div class='gform_footer top_label'> <input type='submit' id='gform_submit_button_39' class='gform_button button' value='Envoyer le message'  onclick='if(window[\"gf_submitting_39\"]){return false;}  window[\"gf_submitting_39\"]=true;  ' onkeypress='if( event.keyCode == 13 ){ if(window[\"gf_submitting_39\"]){return false;} window[\"gf_submitting_39\"]=true;  jQuery(\"#gform_39\").trigger(\"submit\",[true]); }' \/> \n            <input type='hidden' class='gform_hidden' name='is_submit_39' value='1' \/>\n            <input type='hidden' class='gform_hidden' name='gform_submit' value='39' \/>\n            \n            <input type='hidden' class='gform_hidden' name='gform_unique_id' value='' \/>\n            <input type='hidden' class='gform_hidden' name='state_39' value='WyJbXSIsIjMzYmYyMWNkYTJhNzA4YTM1YzdlNzFmY2RiNzcyYTQwIl0=' \/>\n            <input type='hidden' class='gform_hidden' name='gform_target_page_number_39' id='gform_target_page_number_39' value='0' \/>\n            <input type='hidden' class='gform_hidden' name='gform_source_page_number_39' id='gform_source_page_number_39' value='1' \/>\n            <input type='hidden' name='gform_field_values' value='' \/>\n            \n        <\/div>\n                        <\/form>\n                        <\/div>\n","protected":false},"excerpt":{"rendered":"<p>Si vous \u00eates \u00e0 la recherche d&rsquo;appartements h\u00f4teliers pour un s\u00e9jour de longue dur\u00e9e \u00e0 Duba\u00ef,\u00a0le Savoy Crest est la solution d&rsquo;h\u00e9bergement de longue dur\u00e9e que vous recherchez. Avec son atmosph\u00e8re d&rsquo;h\u00f4tel de charme et son confort casanier, le Savoy Crest est l&rsquo;endroit id\u00e9al pour les h\u00f4tes de longue dur\u00e9e. Nous vous y accueillerons avec [&hellip;]<\/p>\n","protected":false},"author":7,"featured_media":0,"parent":289,"menu_order":50,"comment_status":"closed","ping_status":"closed","template":"template-hotel-default.php","meta":{"footnotes":""},"class_list":["post-568","page","type-page","status-publish","hentry"],"yoast_head":"<!-- This site is optimized with the Yoast SEO plugin v26.9 - https:\/\/yoast.com\/product\/yoast-seo-wordpress\/ -->\n<title>S\u00e9jour de Longue Dur\u00e9e - Savoy Dubai<\/title>\n<meta name=\"robots\" content=\"index, follow, max-snippet:-1, max-image-preview:large, max-video-preview:-1\" \/>\n<link rel=\"canonical\" href=\"https:\/\/www.savoydubai.com\/fr\/savoy-crest\/sejour-de-longue-duree\/\" \/>\n<meta property=\"og:locale\" content=\"fr_FR\" \/>\n<meta property=\"og:type\" content=\"article\" \/>\n<meta property=\"og:title\" content=\"S\u00e9jour de Longue Dur\u00e9e - Savoy Dubai\" \/>\n<meta property=\"og:description\" content=\"Si vous \u00eates \u00e0 la recherche d&rsquo;appartements h\u00f4teliers pour un s\u00e9jour de longue dur\u00e9e \u00e0 Duba\u00ef,\u00a0le Savoy Crest est la solution d&rsquo;h\u00e9bergement de longue dur\u00e9e que vous recherchez. Avec son atmosph\u00e8re d&rsquo;h\u00f4tel de charme et son confort casanier, le Savoy Crest est l&rsquo;endroit id\u00e9al pour les h\u00f4tes de longue dur\u00e9e. Nous vous y accueillerons avec [&hellip;]\" \/>\n<meta property=\"og:url\" content=\"https:\/\/www.savoydubai.com\/fr\/savoy-crest\/sejour-de-longue-duree\/\" \/>\n<meta property=\"og:site_name\" content=\"Savoy Dubai\" \/>\n<meta property=\"article:modified_time\" content=\"2020-10-12T12:39:36+00:00\" \/>\n<meta name=\"twitter:card\" content=\"summary_large_image\" \/>\n<meta name=\"twitter:label1\" content=\"Dur\u00e9e de lecture estim\u00e9e\" \/>\n\t<meta name=\"twitter:data1\" content=\"3 minutes\" \/>\n<script type=\"application\/ld+json\" class=\"yoast-schema-graph\">{\"@context\":\"https:\/\/schema.org\",\"@graph\":[{\"@type\":\"WebPage\",\"@id\":\"https:\/\/www.savoydubai.com\/fr\/savoy-crest\/sejour-de-longue-duree\/\",\"url\":\"https:\/\/www.savoydubai.com\/fr\/savoy-crest\/sejour-de-longue-duree\/\",\"name\":\"S\u00e9jour de Longue Dur\u00e9e - Savoy Dubai\",\"isPartOf\":{\"@id\":\"https:\/\/www.savoydubai.com\/fr\/#website\"},\"datePublished\":\"2020-07-13T08:01:28+00:00\",\"dateModified\":\"2020-10-12T12:39:36+00:00\",\"breadcrumb\":{\"@id\":\"https:\/\/www.savoydubai.com\/fr\/savoy-crest\/sejour-de-longue-duree\/#breadcrumb\"},\"inLanguage\":\"fr-FR\",\"potentialAction\":[{\"@type\":\"ReadAction\",\"target\":[\"https:\/\/www.savoydubai.com\/fr\/savoy-crest\/sejour-de-longue-duree\/\"]}]},{\"@type\":\"BreadcrumbList\",\"@id\":\"https:\/\/www.savoydubai.com\/fr\/savoy-crest\/sejour-de-longue-duree\/#breadcrumb\",\"itemListElement\":[{\"@type\":\"ListItem\",\"position\":1,\"name\":\"Home\",\"item\":\"https:\/\/www.savoydubai.com\/fr\/\"},{\"@type\":\"ListItem\",\"position\":2,\"name\":\"Savoy Crest\",\"item\":\"https:\/\/www.savoydubai.com\/fr\/savoy-crest\/\"},{\"@type\":\"ListItem\",\"position\":3,\"name\":\"S\u00e9jour de Longue Dur\u00e9e\"}]},{\"@type\":\"WebSite\",\"@id\":\"https:\/\/www.savoydubai.com\/fr\/#website\",\"url\":\"https:\/\/www.savoydubai.com\/fr\/\",\"name\":\"Savoy Dubai\",\"description\":\"Just another ms.decms.eu site\",\"potentialAction\":[{\"@type\":\"SearchAction\",\"target\":{\"@type\":\"EntryPoint\",\"urlTemplate\":\"https:\/\/www.savoydubai.com\/fr\/?s={search_term_string}\"},\"query-input\":{\"@type\":\"PropertyValueSpecification\",\"valueRequired\":true,\"valueName\":\"search_term_string\"}}],\"inLanguage\":\"fr-FR\"}]}<\/script>\n<!-- \/ Yoast SEO plugin. -->","yoast_head_json":{"title":"S\u00e9jour de Longue Dur\u00e9e - Savoy Dubai","robots":{"index":"index","follow":"follow","max-snippet":"max-snippet:-1","max-image-preview":"max-image-preview:large","max-video-preview":"max-video-preview:-1"},"canonical":"https:\/\/www.savoydubai.com\/fr\/savoy-crest\/sejour-de-longue-duree\/","og_locale":"fr_FR","og_type":"article","og_title":"S\u00e9jour de Longue Dur\u00e9e - Savoy Dubai","og_description":"Si vous \u00eates \u00e0 la recherche d&rsquo;appartements h\u00f4teliers pour un s\u00e9jour de longue dur\u00e9e \u00e0 Duba\u00ef,\u00a0le Savoy Crest est la solution d&rsquo;h\u00e9bergement de longue dur\u00e9e que vous recherchez. Avec son atmosph\u00e8re d&rsquo;h\u00f4tel de charme et son confort casanier, le Savoy Crest est l&rsquo;endroit id\u00e9al pour les h\u00f4tes de longue dur\u00e9e. Nous vous y accueillerons avec [&hellip;]","og_url":"https:\/\/www.savoydubai.com\/fr\/savoy-crest\/sejour-de-longue-duree\/","og_site_name":"Savoy Dubai","article_modified_time":"2020-10-12T12:39:36+00:00","twitter_card":"summary_large_image","twitter_misc":{"Dur\u00e9e de lecture estim\u00e9e":"3 minutes"},"schema":{"@context":"https:\/\/schema.org","@graph":[{"@type":"WebPage","@id":"https:\/\/www.savoydubai.com\/fr\/savoy-crest\/sejour-de-longue-duree\/","url":"https:\/\/www.savoydubai.com\/fr\/savoy-crest\/sejour-de-longue-duree\/","name":"S\u00e9jour de Longue Dur\u00e9e - Savoy Dubai","isPartOf":{"@id":"https:\/\/www.savoydubai.com\/fr\/#website"},"datePublished":"2020-07-13T08:01:28+00:00","dateModified":"2020-10-12T12:39:36+00:00","breadcrumb":{"@id":"https:\/\/www.savoydubai.com\/fr\/savoy-crest\/sejour-de-longue-duree\/#breadcrumb"},"inLanguage":"fr-FR","potentialAction":[{"@type":"ReadAction","target":["https:\/\/www.savoydubai.com\/fr\/savoy-crest\/sejour-de-longue-duree\/"]}]},{"@type":"BreadcrumbList","@id":"https:\/\/www.savoydubai.com\/fr\/savoy-crest\/sejour-de-longue-duree\/#breadcrumb","itemListElement":[{"@type":"ListItem","position":1,"name":"Home","item":"https:\/\/www.savoydubai.com\/fr\/"},{"@type":"ListItem","position":2,"name":"Savoy Crest","item":"https:\/\/www.savoydubai.com\/fr\/savoy-crest\/"},{"@type":"ListItem","position":3,"name":"S\u00e9jour de Longue Dur\u00e9e"}]},{"@type":"WebSite","@id":"https:\/\/www.savoydubai.com\/fr\/#website","url":"https:\/\/www.savoydubai.com\/fr\/","name":"Savoy Dubai","description":"Just another ms.decms.eu site","potentialAction":[{"@type":"SearchAction","target":{"@type":"EntryPoint","urlTemplate":"https:\/\/www.savoydubai.com\/fr\/?s={search_term_string}"},"query-input":{"@type":"PropertyValueSpecification","valueRequired":true,"valueName":"search_term_string"}}],"inLanguage":"fr-FR"}]}},"acf":[],"_links":{"self":[{"href":"https:\/\/www.savoydubai.com\/fr\/wp-json\/wp\/v2\/pages\/568","targetHints":{"allow":["GET"]}}],"collection":[{"href":"https:\/\/www.savoydubai.com\/fr\/wp-json\/wp\/v2\/pages"}],"about":[{"href":"https:\/\/www.savoydubai.com\/fr\/wp-json\/wp\/v2\/types\/page"}],"author":[{"embeddable":true,"href":"https:\/\/www.savoydubai.com\/fr\/wp-json\/wp\/v2\/users\/7"}],"replies":[{"embeddable":true,"href":"https:\/\/www.savoydubai.com\/fr\/wp-json\/wp\/v2\/comments?post=568"}],"version-history":[{"count":0,"href":"https:\/\/www.savoydubai.com\/fr\/wp-json\/wp\/v2\/pages\/568\/revisions"}],"up":[{"embeddable":true,"href":"https:\/\/www.savoydubai.com\/fr\/wp-json\/wp\/v2\/pages\/289"}],"wp:attachment":[{"href":"https:\/\/www.savoydubai.com\/fr\/wp-json\/wp\/v2\/media?parent=568"}],"curies":[{"name":"wp","href":"https:\/\/api.w.org\/{rel}","templated":true}]}}