{"id":564,"date":"2020-07-13T07:54:10","date_gmt":"2020-07-13T07:54:10","guid":{"rendered":"http:\/\/savoy-dubai.ms.decms.eu\/?page_id=564"},"modified":"2020-10-26T13:51:13","modified_gmt":"2020-10-26T13:51:13","slug":"savoy-park","status":"publish","type":"page","link":"https:\/\/www.savoydubai.com\/fr\/savoy-park\/","title":{"rendered":"Savoy Park"},"content":{"rendered":"<p>D\u00e9cor\u00e9 avec go\u00fbt et avec un service \u00e0 la client\u00e8le qualifi\u00e9 d&rsquo;exceptionnel, le Savoy Park est l&rsquo;incarnation m\u00eame du luxe modeste. Chacune de ses 126 chambres-studios est \u00e9l\u00e9gamment meubl\u00e9e et dot\u00e9e d&rsquo;une d\u00e9coration de qualit\u00e9 sup\u00e9rieure.<\/p>\n<p>Tous les voyageurs saisonniers trouvent leur zone de d\u00e9tente dans nos installations confortables qui se composent d&rsquo;une piscine ext\u00e9rieure, d&rsquo;un jacuzzi, d&rsquo;un sauna et d&rsquo;une salle de sport.<\/p>\n<p>Notre caf\u00e9-restaurant sert le petit-d\u00e9jeuner et des collations l\u00e9g\u00e8res tout au long de la journ\u00e9e. Un menu vari\u00e9 \u00e0 la carte compos\u00e9 de plats internationaux est propos\u00e9 pour le d\u00e9jeuner et le d\u00eener.<\/p>\n<p>Le Savoy Park a une localisation tr\u00e8s appr\u00e9ci\u00e9e, avec son acc\u00e8s facile et rapide \u00e0 Sheikh Zayed Road, au World Trade Center et aux quartiers commer\u00e7ants et culturels de Duba\u00ef. Deux stations de m\u00e9tro sont accessibles \u00e0 pied ainsi que des hypermarch\u00e9s et le centre commercial BurJuman \u00e0 proximit\u00e9.<\/p>\n<p>La plage de La Mer \u00e0 Jumeirah se trouve \u00e0 14 minutes en voiture de l&rsquo;h\u00f4tel. Pour vous y rendre, vous pourrez profiter d&rsquo;un trajet quotidien en bus gratuit. Nous vous offrirons alors des serviettes et des tapis de plage.<\/p>\n<p>Laur\u00e9at du prix du tourisme vert de Duba\u00ef en 2012 et du prix de l&rsquo;h\u00f4tel durable du Moyen-Orient en 2015.<\/p>\n","protected":false},"excerpt":{"rendered":"<p>Les appartements avec services h\u00f4teliers offerts par le Savoy Park Hotel Apartments \u00e0 Duba\u00ef s&rsquo;adressent \u00e0 toutes les personnes qui visitent Duba\u00ef, que ce soit pour les affaires ou le plaisir.<\/p>\n","protected":false},"author":36,"featured_media":0,"parent":0,"menu_order":50,"comment_status":"closed","ping_status":"closed","template":"template-hotel.php","meta":{"footnotes":""},"class_list":["post-564","page","type-page","status-publish","hentry"],"yoast_head":"<!-- This site is optimized with the Yoast SEO plugin v26.9 - https:\/\/yoast.com\/product\/yoast-seo-wordpress\/ -->\n<title>Savoy Park - Savoy Dubai<\/title>\n<meta name=\"robots\" content=\"index, follow, max-snippet:-1, max-image-preview:large, max-video-preview:-1\" \/>\n<link rel=\"canonical\" href=\"https:\/\/www.savoydubai.com\/fr\/savoy-park\/\" \/>\n<meta property=\"og:locale\" content=\"fr_FR\" \/>\n<meta property=\"og:type\" content=\"article\" \/>\n<meta property=\"og:title\" content=\"Savoy Park - Savoy Dubai\" \/>\n<meta property=\"og:description\" content=\"Les appartements avec services h\u00f4teliers offerts par le Savoy Park Hotel Apartments \u00e0 Duba\u00ef s&#039;adressent \u00e0 toutes les personnes qui visitent Duba\u00ef, que ce soit pour les affaires ou le plaisir.\" \/>\n<meta property=\"og:url\" content=\"https:\/\/www.savoydubai.com\/fr\/savoy-park\/\" \/>\n<meta property=\"og:site_name\" content=\"Savoy Dubai\" \/>\n<meta property=\"article:modified_time\" content=\"2020-10-26T13:51:13+00:00\" \/>\n<meta name=\"twitter:card\" content=\"summary_large_image\" \/>\n<meta name=\"twitter:label1\" content=\"Dur\u00e9e de lecture estim\u00e9e\" \/>\n\t<meta name=\"twitter:data1\" content=\"1 minute\" \/>\n<script type=\"application\/ld+json\" class=\"yoast-schema-graph\">{\"@context\":\"https:\/\/schema.org\",\"@graph\":[{\"@type\":\"WebPage\",\"@id\":\"https:\/\/www.savoydubai.com\/fr\/savoy-park\/\",\"url\":\"https:\/\/www.savoydubai.com\/fr\/savoy-park\/\",\"name\":\"Savoy Park - Savoy Dubai\",\"isPartOf\":{\"@id\":\"https:\/\/www.savoydubai.com\/fr\/#website\"},\"datePublished\":\"2020-07-13T07:54:10+00:00\",\"dateModified\":\"2020-10-26T13:51:13+00:00\",\"breadcrumb\":{\"@id\":\"https:\/\/www.savoydubai.com\/fr\/savoy-park\/#breadcrumb\"},\"inLanguage\":\"fr-FR\",\"potentialAction\":[{\"@type\":\"ReadAction\",\"target\":[\"https:\/\/www.savoydubai.com\/fr\/savoy-park\/\"]}]},{\"@type\":\"BreadcrumbList\",\"@id\":\"https:\/\/www.savoydubai.com\/fr\/savoy-park\/#breadcrumb\",\"itemListElement\":[{\"@type\":\"ListItem\",\"position\":1,\"name\":\"Home\",\"item\":\"https:\/\/www.savoydubai.com\/fr\/\"},{\"@type\":\"ListItem\",\"position\":2,\"name\":\"Savoy Park\"}]},{\"@type\":\"WebSite\",\"@id\":\"https:\/\/www.savoydubai.com\/fr\/#website\",\"url\":\"https:\/\/www.savoydubai.com\/fr\/\",\"name\":\"Savoy Dubai\",\"description\":\"Just another ms.decms.eu site\",\"potentialAction\":[{\"@type\":\"SearchAction\",\"target\":{\"@type\":\"EntryPoint\",\"urlTemplate\":\"https:\/\/www.savoydubai.com\/fr\/?s={search_term_string}\"},\"query-input\":{\"@type\":\"PropertyValueSpecification\",\"valueRequired\":true,\"valueName\":\"search_term_string\"}}],\"inLanguage\":\"fr-FR\"}]}<\/script>\n<!-- \/ Yoast SEO plugin. -->","yoast_head_json":{"title":"Savoy Park - Savoy Dubai","robots":{"index":"index","follow":"follow","max-snippet":"max-snippet:-1","max-image-preview":"max-image-preview:large","max-video-preview":"max-video-preview:-1"},"canonical":"https:\/\/www.savoydubai.com\/fr\/savoy-park\/","og_locale":"fr_FR","og_type":"article","og_title":"Savoy Park - Savoy Dubai","og_description":"Les appartements avec services h\u00f4teliers offerts par le Savoy Park Hotel Apartments \u00e0 Duba\u00ef s'adressent \u00e0 toutes les personnes qui visitent Duba\u00ef, que ce soit pour les affaires ou le plaisir.","og_url":"https:\/\/www.savoydubai.com\/fr\/savoy-park\/","og_site_name":"Savoy Dubai","article_modified_time":"2020-10-26T13:51:13+00:00","twitter_card":"summary_large_image","twitter_misc":{"Dur\u00e9e de lecture estim\u00e9e":"1 minute"},"schema":{"@context":"https:\/\/schema.org","@graph":[{"@type":"WebPage","@id":"https:\/\/www.savoydubai.com\/fr\/savoy-park\/","url":"https:\/\/www.savoydubai.com\/fr\/savoy-park\/","name":"Savoy Park - Savoy Dubai","isPartOf":{"@id":"https:\/\/www.savoydubai.com\/fr\/#website"},"datePublished":"2020-07-13T07:54:10+00:00","dateModified":"2020-10-26T13:51:13+00:00","breadcrumb":{"@id":"https:\/\/www.savoydubai.com\/fr\/savoy-park\/#breadcrumb"},"inLanguage":"fr-FR","potentialAction":[{"@type":"ReadAction","target":["https:\/\/www.savoydubai.com\/fr\/savoy-park\/"]}]},{"@type":"BreadcrumbList","@id":"https:\/\/www.savoydubai.com\/fr\/savoy-park\/#breadcrumb","itemListElement":[{"@type":"ListItem","position":1,"name":"Home","item":"https:\/\/www.savoydubai.com\/fr\/"},{"@type":"ListItem","position":2,"name":"Savoy Park"}]},{"@type":"WebSite","@id":"https:\/\/www.savoydubai.com\/fr\/#website","url":"https:\/\/www.savoydubai.com\/fr\/","name":"Savoy Dubai","description":"Just another ms.decms.eu site","potentialAction":[{"@type":"SearchAction","target":{"@type":"EntryPoint","urlTemplate":"https:\/\/www.savoydubai.com\/fr\/?s={search_term_string}"},"query-input":{"@type":"PropertyValueSpecification","valueRequired":true,"valueName":"search_term_string"}}],"inLanguage":"fr-FR"}]}},"acf":[],"_links":{"self":[{"href":"https:\/\/www.savoydubai.com\/fr\/wp-json\/wp\/v2\/pages\/564","targetHints":{"allow":["GET"]}}],"collection":[{"href":"https:\/\/www.savoydubai.com\/fr\/wp-json\/wp\/v2\/pages"}],"about":[{"href":"https:\/\/www.savoydubai.com\/fr\/wp-json\/wp\/v2\/types\/page"}],"author":[{"embeddable":true,"href":"https:\/\/www.savoydubai.com\/fr\/wp-json\/wp\/v2\/users\/36"}],"replies":[{"embeddable":true,"href":"https:\/\/www.savoydubai.com\/fr\/wp-json\/wp\/v2\/comments?post=564"}],"version-history":[{"count":0,"href":"https:\/\/www.savoydubai.com\/fr\/wp-json\/wp\/v2\/pages\/564\/revisions"}],"wp:attachment":[{"href":"https:\/\/www.savoydubai.com\/fr\/wp-json\/wp\/v2\/media?parent=564"}],"curies":[{"name":"wp","href":"https:\/\/api.w.org\/{rel}","templated":true}]}}