{"id":526,"date":"2020-07-10T15:30:56","date_gmt":"2020-07-10T15:30:56","guid":{"rendered":"http:\/\/savoy-dubai.ms.decms.eu\/?page_id=526"},"modified":"2020-10-15T14:27:11","modified_gmt":"2020-10-15T14:27:11","slug":"sejour-de-longue-duree","status":"publish","type":"page","link":"https:\/\/www.savoydubai.com\/fr\/savoy-central\/sejour-de-longue-duree\/","title":{"rendered":"S\u00e9jour de Longue Dur\u00e9e"},"content":{"rendered":"<p>Si vous visitez Duba\u00ef pour un s\u00e9jour de longue dur\u00e9e, vous rechercherez certainement un h\u00e9bergement qui vous fera vous sentir comme chez vous et qui vous apportera \u00e0 la fois commodit\u00e9 et confort. Si c&rsquo;est ce que vous recherchez, le Savoy Central est l&rsquo;endroit qu&rsquo;il vous faut.<\/p>\n<p>Lors de votre s\u00e9jour dans les appartements h\u00f4teliers du Savoy Central \u00e0 Bur Dubai, vous avez le choix entre une suite-studio familiale, un studio communicant et un studio de luxe. Ils sont tous con\u00e7us pour vous offrir le plus haut niveau de confort, d&rsquo;hospitalit\u00e9 et le sentiment d&rsquo;\u00eatre chez vous.<\/p>\n<p><strong>Toutes ces options d&rsquo;appartements offrent<\/strong> :<\/p>\n<ul>\n<li>Une kitchenette enti\u00e8rement \u00e9quip\u00e9e avec tout le n\u00e9cessaire, du four \u00e0 micro-ondes au r\u00e9frig\u00e9rateur en passant par la vaisselle et les couverts.<\/li>\n<li>La commodit\u00e9 des supermarch\u00e9s et des \u00e9piceries \u00e0 distance de marche de l&rsquo;h\u00f4tel.<\/li>\n<li>Un lave-linge et un s\u00e8che-linge dans chaque appartement ou studio ainsi qu&rsquo;un fer et une planche \u00e0 repasser sont \u00e9galement disponibles pour rendre votre s\u00e9jour aussi pratique et confortable que possible.<\/li>\n<li>Un coin salon s\u00e9par\u00e9 et confortablement meubl\u00e9 avec un canap\u00e9-lit et un grand \u00e9cran de t\u00e9l\u00e9vision pour vos besoins en divertissement<\/li>\n<li>Une table de travail s\u00e9par\u00e9e qui vous offre les avantages d&rsquo;un bureau \u00e0 domicile<\/li>\n<li>Des sanitaires bien am\u00e9nag\u00e9s avec une salle de bain compl\u00e8te pour vous relaxer<\/li>\n<li>Un service de m\u00e9nage quotidien si n\u00e9cessaire<\/li>\n<li>Un acc\u00e8s 24 heures sur 24 \u00e0 la r\u00e9ception, aux services de s\u00e9curit\u00e9 et de conciergerie.<\/li>\n<\/ul>\n<p>Des taxis avec compteur sont \u00e9galement facilement disponibles depuis le Savoy Central. Nos h\u00f4tes peuvent aussi profiter des services de bus RTA \u00e0 proximit\u00e9 de l&rsquo;h\u00f4tel, ce qui rend leur s\u00e9jour de longue dur\u00e9e aussi pratique que possible.<\/p>\n<p>Lorsque vous s\u00e9journez dans un appartement h\u00f4telier pendant une longue p\u00e9riode, il est important que vous puissiez acc\u00e9der facilement aux quartiers dans lesquels vous avez besoin d&rsquo;aller. Les quartiers ci-dessous sont \u00e0 une courte distance du Savoy Central Hotel, ce qui rend votre s\u00e9jour agr\u00e9able et pratique :<\/p>\n<ul>\n<li>Village d&rsquo;Al Seef \/ Meena Bazar (1,3 km)<\/li>\n<li>Centre commercial BurJuman (1,5 km)<\/li>\n<li>Al Bastakiya \/ Mus\u00e9e de Duba\u00ef (1,9 km)<\/li>\n<li>Le Dubai Frame (2,9 km)<\/li>\n<li>Centre des expositions du World Trade Center de Duba\u00ef (3,8 km)<\/li>\n<li>Plage de La Mer \u00e0 Jumeirah (5,1 km)<\/li>\n<li>Souk de l&rsquo;or de Duba\u00ef (5,3 km)<\/li>\n<li>Burj Khalifa \/ Dubai Mall (8,2 km)<\/li>\n<\/ul>\n<p>Si vous recherchez les meilleures offres d&rsquo;appartements h\u00f4teliers \u00e0 Bur Dubai pour une location mensuelle et pour un s\u00e9jour de longue dur\u00e9e, ne cherchez pas plus loin que le Savoy Central Hotel Apartments.<\/p>\n\n                <div class='gf_browser_gecko gform_wrapper' id='gform_wrapper_40' ><form method='post' enctype='multipart\/form-data'  id='gform_40'  action='\/fr\/wp-json\/wp\/v2\/pages\/526'>\n                        <div class='gform_heading'>\n                            <span class='gform_description'><\/span>\n                        <\/div>\n                        <div class='gform_body'><ul id='gform_fields_40' class='gform_fields top_label form_sublabel_below description_below'><li id='field_40_9'  class='gfield gfield_html gfield_html_formatted gfield_no_follows_desc field_sublabel_below field_description_below gfield_visibility_visible' ><h2 class=\"the-title uppercase centered\">\nDemande des meilleurs tarifs\n<\/h2><\/li><li id='field_40_1'  class='gfield middle gfield_contains_required field_sublabel_below field_description_below gfield_visibility_visible' ><label class='gfield_label' for='input_40_1' >Nom complet<span class='gfield_required'>*<\/span><\/label><div class='ginput_container ginput_container_text'><input name='input_1' id='input_40_1' type='text' value='' class='medium'     aria-required=\"true\" aria-invalid=\"false\" \/><\/div><\/li><li id='field_40_3'  class='gfield middle gfield_contains_required field_sublabel_below field_description_below gfield_visibility_visible' ><label class='gfield_label' for='input_40_3' >E-mail<span class='gfield_required'>*<\/span><\/label><div class='ginput_container ginput_container_email'>\n                            <input name='input_3' id='input_40_3' type='text' value='' class='medium'    aria-required=\"true\" aria-invalid=\"false\" \/>\n                        <\/div><\/li><li id='field_40_4'  class='gfield middle field_sublabel_below field_description_below gfield_visibility_visible' ><label class='gfield_label' for='input_40_4' >N\u00ba de mobile \/ WhatsApp<\/label><div class='ginput_container ginput_container_phone'><input name='input_4' id='input_40_4' type='text' value='' class='medium'    aria-invalid=\"false\"  \/><\/div><\/li><li id='field_40_8'  class='gfield middle gfield_contains_required field_sublabel_below field_description_below gfield_visibility_visible' ><label class='gfield_label' for='input_40_8' >Date d&#039;arriv\u00e9e<span class='gfield_required'>*<\/span><\/label><div class='ginput_container ginput_container_date'>\n                            <input name='input_8' id='input_40_8' type='text' value='30\/04\/2026' class='datepicker medium dmy datepicker_with_icon'    aria-describedby='input_40_8_date_format' \/>\n                            <span id='input_40_8_date_format' class='screen-reader-text'>Date Format: JJ slash MM slash AAAA<\/span>\n                        <\/div>\n                        <input type='hidden' id='gforms_calendar_icon_input_40_8' class='gform_hidden' value='https:\/\/www.savoydubai.com\/wp-content\/plugins\/gravityforms\/images\/calendar.png'\/><\/li><li id='field_40_5'  class='gfield gfield_contains_required field_sublabel_below field_description_below gfield_visibility_visible' ><label class='gfield_label' for='input_40_5' >Message<span class='gfield_required'>*<\/span><\/label><div class='ginput_container ginput_container_textarea'><textarea name='input_5' id='input_40_5' class='textarea medium'     aria-required=\"true\" aria-invalid=\"false\"   rows='10' cols='50'><\/textarea><\/div><\/li><li id='field_40_6'  class='gfield privacy-policy gfield_contains_required field_sublabel_below field_description_below gfield_visibility_visible' ><label class='gfield_label'  >politique de confidentialit\u00e9<span class='gfield_required'>*<\/span><\/label><div class='ginput_container ginput_container_checkbox'><ul class='gfield_checkbox' id='input_40_6'><li class='gchoice_40_6_1'>\n\t\t\t\t\t\t\t\t<input name='input_6.1' type='checkbox'  value='*  En cliquant, vous acceptez notre &lt;a href=&quot;https:\/\/savoy-dubai.ms.decms.eu\/fr\/savoy-central\/confidentialite\/&quot;&gt;politique de confidentialit\u00e9 &lt;\/a&gt;'  id='choice_40_6_1'   \/>\n\t\t\t\t\t\t\t\t<label for='choice_40_6_1' id='label_40_6_1'>*  En cliquant, vous acceptez notre <a href=\"https:\/\/savoy-dubai.ms.decms.eu\/fr\/savoy-central\/confidentialite\/\">politique de confidentialit\u00e9 <\/a><\/label>\n\t\t\t\t\t\t\t<\/li><\/ul><\/div><\/li><li id='field_40_7'  class='gfield required-fields gfield_html gfield_html_formatted gfield_no_follows_desc field_sublabel_below field_description_below gfield_visibility_visible' >* Champs obligatoires<\/li><li id='field_40_11'  class='gfield field_sublabel_below field_description_below gfield_visibility_visible' ><label class='gfield_label' for='input_40_11' >CAPTCHA<\/label><div id='input_40_11' class='ginput_container ginput_recaptcha' data-sitekey='6LfcmNsZAAAAAEcHpYogIloqCxisBmxa902I-tYC'  data-theme='light' data-tabindex='0'  data-badge=''><\/div><\/li><li id='field_40_12'  class='gfield gform_validation_container field_sublabel_below field_description_below gfield_visibility_visible' ><label class='gfield_label' for='input_40_12' >Name<\/label><div class='ginput_container'><input name='input_12' id='input_40_12' type='text' value='' \/><\/div><div class='gfield_description' id='gfield_description_40_12'>Ce champ n\u2019est utilis\u00e9 qu\u2019\u00e0 des fins de validation et devrait rester inchang\u00e9.<\/div><\/li>\n                            <\/ul><\/div>\n        <div class='gform_footer top_label'> <input type='submit' id='gform_submit_button_40' class='gform_button button' value='Envoyer le message'  onclick='if(window[\"gf_submitting_40\"]){return false;}  window[\"gf_submitting_40\"]=true;  ' onkeypress='if( event.keyCode == 13 ){ if(window[\"gf_submitting_40\"]){return false;} window[\"gf_submitting_40\"]=true;  jQuery(\"#gform_40\").trigger(\"submit\",[true]); }' \/> \n            <input type='hidden' class='gform_hidden' name='is_submit_40' value='1' \/>\n            <input type='hidden' class='gform_hidden' name='gform_submit' value='40' \/>\n            \n            <input type='hidden' class='gform_hidden' name='gform_unique_id' value='' \/>\n            <input type='hidden' class='gform_hidden' name='state_40' value='WyJbXSIsIjMzYmYyMWNkYTJhNzA4YTM1YzdlNzFmY2RiNzcyYTQwIl0=' \/>\n            <input type='hidden' class='gform_hidden' name='gform_target_page_number_40' id='gform_target_page_number_40' value='0' \/>\n            <input type='hidden' class='gform_hidden' name='gform_source_page_number_40' id='gform_source_page_number_40' value='1' \/>\n            <input type='hidden' name='gform_field_values' value='' \/>\n            \n        <\/div>\n                        <\/form>\n                        <\/div>\n","protected":false},"excerpt":{"rendered":"<p>Si vous visitez Duba\u00ef pour un s\u00e9jour de longue dur\u00e9e, vous rechercherez certainement un h\u00e9bergement qui vous fera vous sentir comme chez vous et qui vous apportera \u00e0 la fois commodit\u00e9 et confort. Si c&rsquo;est ce que vous recherchez, le Savoy Central est l&rsquo;endroit qu&rsquo;il vous faut. Lors de votre s\u00e9jour dans les appartements h\u00f4teliers [&hellip;]<\/p>\n","protected":false},"author":36,"featured_media":0,"parent":439,"menu_order":50,"comment_status":"closed","ping_status":"closed","template":"template-hotel-default.php","meta":{"footnotes":""},"class_list":["post-526","page","type-page","status-publish","hentry"],"yoast_head":"<!-- This site is optimized with the Yoast SEO plugin v26.9 - https:\/\/yoast.com\/product\/yoast-seo-wordpress\/ -->\n<title>S\u00e9jour de Longue Dur\u00e9e - Savoy Dubai<\/title>\n<meta name=\"robots\" content=\"index, follow, max-snippet:-1, max-image-preview:large, max-video-preview:-1\" \/>\n<link rel=\"canonical\" href=\"https:\/\/www.savoydubai.com\/fr\/savoy-central\/sejour-de-longue-duree\/\" \/>\n<meta property=\"og:locale\" content=\"fr_FR\" \/>\n<meta property=\"og:type\" content=\"article\" \/>\n<meta property=\"og:title\" content=\"S\u00e9jour de Longue Dur\u00e9e - Savoy Dubai\" \/>\n<meta property=\"og:description\" content=\"Si vous visitez Duba\u00ef pour un s\u00e9jour de longue dur\u00e9e, vous rechercherez certainement un h\u00e9bergement qui vous fera vous sentir comme chez vous et qui vous apportera \u00e0 la fois commodit\u00e9 et confort. Si c&rsquo;est ce que vous recherchez, le Savoy Central est l&rsquo;endroit qu&rsquo;il vous faut. Lors de votre s\u00e9jour dans les appartements h\u00f4teliers [&hellip;]\" \/>\n<meta property=\"og:url\" content=\"https:\/\/www.savoydubai.com\/fr\/savoy-central\/sejour-de-longue-duree\/\" \/>\n<meta property=\"og:site_name\" content=\"Savoy Dubai\" \/>\n<meta property=\"article:modified_time\" content=\"2020-10-15T14:27:11+00:00\" \/>\n<meta name=\"twitter:card\" content=\"summary_large_image\" \/>\n<meta name=\"twitter:label1\" content=\"Dur\u00e9e de lecture estim\u00e9e\" \/>\n\t<meta name=\"twitter:data1\" content=\"2 minutes\" \/>\n<script type=\"application\/ld+json\" class=\"yoast-schema-graph\">{\"@context\":\"https:\/\/schema.org\",\"@graph\":[{\"@type\":\"WebPage\",\"@id\":\"https:\/\/www.savoydubai.com\/fr\/savoy-central\/sejour-de-longue-duree\/\",\"url\":\"https:\/\/www.savoydubai.com\/fr\/savoy-central\/sejour-de-longue-duree\/\",\"name\":\"S\u00e9jour de Longue Dur\u00e9e - Savoy Dubai\",\"isPartOf\":{\"@id\":\"https:\/\/www.savoydubai.com\/fr\/#website\"},\"datePublished\":\"2020-07-10T15:30:56+00:00\",\"dateModified\":\"2020-10-15T14:27:11+00:00\",\"breadcrumb\":{\"@id\":\"https:\/\/www.savoydubai.com\/fr\/savoy-central\/sejour-de-longue-duree\/#breadcrumb\"},\"inLanguage\":\"fr-FR\",\"potentialAction\":[{\"@type\":\"ReadAction\",\"target\":[\"https:\/\/www.savoydubai.com\/fr\/savoy-central\/sejour-de-longue-duree\/\"]}]},{\"@type\":\"BreadcrumbList\",\"@id\":\"https:\/\/www.savoydubai.com\/fr\/savoy-central\/sejour-de-longue-duree\/#breadcrumb\",\"itemListElement\":[{\"@type\":\"ListItem\",\"position\":1,\"name\":\"Home\",\"item\":\"https:\/\/www.savoydubai.com\/fr\/\"},{\"@type\":\"ListItem\",\"position\":2,\"name\":\"Savoy Central\",\"item\":\"https:\/\/www.savoydubai.com\/fr\/savoy-central\/\"},{\"@type\":\"ListItem\",\"position\":3,\"name\":\"S\u00e9jour de Longue Dur\u00e9e\"}]},{\"@type\":\"WebSite\",\"@id\":\"https:\/\/www.savoydubai.com\/fr\/#website\",\"url\":\"https:\/\/www.savoydubai.com\/fr\/\",\"name\":\"Savoy Dubai\",\"description\":\"Just another ms.decms.eu site\",\"potentialAction\":[{\"@type\":\"SearchAction\",\"target\":{\"@type\":\"EntryPoint\",\"urlTemplate\":\"https:\/\/www.savoydubai.com\/fr\/?s={search_term_string}\"},\"query-input\":{\"@type\":\"PropertyValueSpecification\",\"valueRequired\":true,\"valueName\":\"search_term_string\"}}],\"inLanguage\":\"fr-FR\"}]}<\/script>\n<!-- \/ Yoast SEO plugin. -->","yoast_head_json":{"title":"S\u00e9jour de Longue Dur\u00e9e - Savoy Dubai","robots":{"index":"index","follow":"follow","max-snippet":"max-snippet:-1","max-image-preview":"max-image-preview:large","max-video-preview":"max-video-preview:-1"},"canonical":"https:\/\/www.savoydubai.com\/fr\/savoy-central\/sejour-de-longue-duree\/","og_locale":"fr_FR","og_type":"article","og_title":"S\u00e9jour de Longue Dur\u00e9e - Savoy Dubai","og_description":"Si vous visitez Duba\u00ef pour un s\u00e9jour de longue dur\u00e9e, vous rechercherez certainement un h\u00e9bergement qui vous fera vous sentir comme chez vous et qui vous apportera \u00e0 la fois commodit\u00e9 et confort. Si c&rsquo;est ce que vous recherchez, le Savoy Central est l&rsquo;endroit qu&rsquo;il vous faut. Lors de votre s\u00e9jour dans les appartements h\u00f4teliers [&hellip;]","og_url":"https:\/\/www.savoydubai.com\/fr\/savoy-central\/sejour-de-longue-duree\/","og_site_name":"Savoy Dubai","article_modified_time":"2020-10-15T14:27:11+00:00","twitter_card":"summary_large_image","twitter_misc":{"Dur\u00e9e de lecture estim\u00e9e":"2 minutes"},"schema":{"@context":"https:\/\/schema.org","@graph":[{"@type":"WebPage","@id":"https:\/\/www.savoydubai.com\/fr\/savoy-central\/sejour-de-longue-duree\/","url":"https:\/\/www.savoydubai.com\/fr\/savoy-central\/sejour-de-longue-duree\/","name":"S\u00e9jour de Longue Dur\u00e9e - Savoy Dubai","isPartOf":{"@id":"https:\/\/www.savoydubai.com\/fr\/#website"},"datePublished":"2020-07-10T15:30:56+00:00","dateModified":"2020-10-15T14:27:11+00:00","breadcrumb":{"@id":"https:\/\/www.savoydubai.com\/fr\/savoy-central\/sejour-de-longue-duree\/#breadcrumb"},"inLanguage":"fr-FR","potentialAction":[{"@type":"ReadAction","target":["https:\/\/www.savoydubai.com\/fr\/savoy-central\/sejour-de-longue-duree\/"]}]},{"@type":"BreadcrumbList","@id":"https:\/\/www.savoydubai.com\/fr\/savoy-central\/sejour-de-longue-duree\/#breadcrumb","itemListElement":[{"@type":"ListItem","position":1,"name":"Home","item":"https:\/\/www.savoydubai.com\/fr\/"},{"@type":"ListItem","position":2,"name":"Savoy Central","item":"https:\/\/www.savoydubai.com\/fr\/savoy-central\/"},{"@type":"ListItem","position":3,"name":"S\u00e9jour de Longue Dur\u00e9e"}]},{"@type":"WebSite","@id":"https:\/\/www.savoydubai.com\/fr\/#website","url":"https:\/\/www.savoydubai.com\/fr\/","name":"Savoy Dubai","description":"Just another ms.decms.eu site","potentialAction":[{"@type":"SearchAction","target":{"@type":"EntryPoint","urlTemplate":"https:\/\/www.savoydubai.com\/fr\/?s={search_term_string}"},"query-input":{"@type":"PropertyValueSpecification","valueRequired":true,"valueName":"search_term_string"}}],"inLanguage":"fr-FR"}]}},"acf":[],"_links":{"self":[{"href":"https:\/\/www.savoydubai.com\/fr\/wp-json\/wp\/v2\/pages\/526","targetHints":{"allow":["GET"]}}],"collection":[{"href":"https:\/\/www.savoydubai.com\/fr\/wp-json\/wp\/v2\/pages"}],"about":[{"href":"https:\/\/www.savoydubai.com\/fr\/wp-json\/wp\/v2\/types\/page"}],"author":[{"embeddable":true,"href":"https:\/\/www.savoydubai.com\/fr\/wp-json\/wp\/v2\/users\/36"}],"replies":[{"embeddable":true,"href":"https:\/\/www.savoydubai.com\/fr\/wp-json\/wp\/v2\/comments?post=526"}],"version-history":[{"count":0,"href":"https:\/\/www.savoydubai.com\/fr\/wp-json\/wp\/v2\/pages\/526\/revisions"}],"up":[{"embeddable":true,"href":"https:\/\/www.savoydubai.com\/fr\/wp-json\/wp\/v2\/pages\/439"}],"wp:attachment":[{"href":"https:\/\/www.savoydubai.com\/fr\/wp-json\/wp\/v2\/media?parent=526"}],"curies":[{"name":"wp","href":"https:\/\/api.w.org\/{rel}","templated":true}]}}