{"id":521,"date":"2020-07-10T15:13:46","date_gmt":"2020-07-10T15:13:46","guid":{"rendered":"http:\/\/savoy-dubai.ms.decms.eu\/?page_id=521"},"modified":"2022-02-18T11:18:24","modified_gmt":"2022-02-18T11:18:24","slug":"localisation","status":"publish","type":"page","link":"https:\/\/www.savoydubai.com\/fr\/savoy-crest\/localisation\/","title":{"rendered":"Localisation"},"content":{"rendered":"<p>Le Savoy Crest Hotel Apartments est situ\u00e9 au c\u0153ur de Duba\u00ef, dans le quartier historique de Bur Dubai, ce qui en fait un h\u00f4tel id\u00e9al pour explorer cette ville de renomm\u00e9e mondiale. Lors de la visite de ce quartier historique, il est indispensable de voir la charmante crique de Duba\u00ef et le village d&rsquo;Al Seef, qui se trouvent \u00e0 une courte distance du Savoy Crest.<\/p>\n<p>Le Savoy Crest se trouve \u00e0 15 minutes en voiture de l&rsquo;a\u00e9roport international de Duba\u00ef. Des taxis avec compteur sont disponibles \u00e0 la porte de sortie de l&rsquo;a\u00e9roport et co\u00fbtent environ 55 AED.<br \/>\nUn s\u00e9jour \u00e9l\u00e9gant et tout en style au Savoy Crest est parfaitement compl\u00e9t\u00e9 par son emplacement pratique et son acc\u00e8s facile \u00e0 tout ce que Duba\u00ef a \u00e0 offrir. Les h\u00f4tes sont \u00e0 distance de marche ou \u00e0 quelques minutes en voiture des plus grandes attractions, restaurants et magasins de la ville.<\/p>\n<p>La commodit\u00e9 et la facilit\u00e9 d&rsquo;acc\u00e8s de l&rsquo;h\u00f4tel sont in\u00e9gal\u00e9es. Il se trouve \u00e0 11 minutes \u00e0 pied de la station de m\u00e9tro BurJuman tandis que la station de m\u00e9tro Al Fahidi est \u00e0 seulement 8 minutes \u00e0 pied. Depuis les m\u00e9tros, nos h\u00f4tes peuvent se rendre n&rsquo;importe o\u00f9 \u00e0 Duba\u00ef. Faites une s\u00e9ance th\u00e9rapeutique de shopping au centre commercial BurJuman et au Meena Bazar ou profitez du service de bus gratuit de l&rsquo;h\u00f4tel vers la plage immacul\u00e9e et tr\u00e8s courue de La Mer \u00e0 Jumeirah. Le principal quartier des affaires et des commerces se trouve \u00e0 quelques pas et permet un acc\u00e8s facile \u00e0 la rue anim\u00e9e Sheikh Zayed Road et \u00e0 l&#8217;embl\u00e9matique Burj Khalifa.<\/p>\n","protected":false},"excerpt":{"rendered":"<p>Le Savoy Crest Hotel Apartments est situ\u00e9 au c\u0153ur de Duba\u00ef, dans le quartier historique de Bur Dubai, ce qui en fait un h\u00f4tel id\u00e9al pour explorer cette ville de renomm\u00e9e mondiale. Lors de la visite de ce quartier historique, il est indispensable de voir la charmante crique de Duba\u00ef et le village d&rsquo;Al Seef, [&hellip;]<\/p>\n","protected":false},"author":7,"featured_media":0,"parent":289,"menu_order":30,"comment_status":"closed","ping_status":"closed","template":"template-hotel-location.php","meta":{"footnotes":""},"class_list":["post-521","page","type-page","status-publish","hentry"],"yoast_head":"<!-- This site is optimized with the Yoast SEO plugin v26.9 - https:\/\/yoast.com\/product\/yoast-seo-wordpress\/ -->\n<title>Localisation - Savoy Dubai<\/title>\n<meta name=\"robots\" content=\"index, follow, max-snippet:-1, max-image-preview:large, max-video-preview:-1\" \/>\n<link rel=\"canonical\" href=\"https:\/\/www.savoydubai.com\/fr\/savoy-crest\/localisation\/\" \/>\n<meta property=\"og:locale\" content=\"fr_FR\" \/>\n<meta property=\"og:type\" content=\"article\" \/>\n<meta property=\"og:title\" content=\"Localisation - Savoy Dubai\" \/>\n<meta property=\"og:description\" content=\"Le Savoy Crest Hotel Apartments est situ\u00e9 au c\u0153ur de Duba\u00ef, dans le quartier historique de Bur Dubai, ce qui en fait un h\u00f4tel id\u00e9al pour explorer cette ville de renomm\u00e9e mondiale. Lors de la visite de ce quartier historique, il est indispensable de voir la charmante crique de Duba\u00ef et le village d&rsquo;Al Seef, [&hellip;]\" \/>\n<meta property=\"og:url\" content=\"https:\/\/www.savoydubai.com\/fr\/savoy-crest\/localisation\/\" \/>\n<meta property=\"og:site_name\" content=\"Savoy Dubai\" \/>\n<meta property=\"article:modified_time\" content=\"2022-02-18T11:18:24+00:00\" \/>\n<meta name=\"twitter:card\" content=\"summary_large_image\" \/>\n<meta name=\"twitter:label1\" content=\"Dur\u00e9e de lecture estim\u00e9e\" \/>\n\t<meta name=\"twitter:data1\" content=\"1 minute\" \/>\n<script type=\"application\/ld+json\" class=\"yoast-schema-graph\">{\"@context\":\"https:\/\/schema.org\",\"@graph\":[{\"@type\":\"WebPage\",\"@id\":\"https:\/\/www.savoydubai.com\/fr\/savoy-crest\/localisation\/\",\"url\":\"https:\/\/www.savoydubai.com\/fr\/savoy-crest\/localisation\/\",\"name\":\"Localisation - Savoy Dubai\",\"isPartOf\":{\"@id\":\"https:\/\/www.savoydubai.com\/fr\/#website\"},\"datePublished\":\"2020-07-10T15:13:46+00:00\",\"dateModified\":\"2022-02-18T11:18:24+00:00\",\"breadcrumb\":{\"@id\":\"https:\/\/www.savoydubai.com\/fr\/savoy-crest\/localisation\/#breadcrumb\"},\"inLanguage\":\"fr-FR\",\"potentialAction\":[{\"@type\":\"ReadAction\",\"target\":[\"https:\/\/www.savoydubai.com\/fr\/savoy-crest\/localisation\/\"]}]},{\"@type\":\"BreadcrumbList\",\"@id\":\"https:\/\/www.savoydubai.com\/fr\/savoy-crest\/localisation\/#breadcrumb\",\"itemListElement\":[{\"@type\":\"ListItem\",\"position\":1,\"name\":\"Home\",\"item\":\"https:\/\/www.savoydubai.com\/fr\/\"},{\"@type\":\"ListItem\",\"position\":2,\"name\":\"Savoy Crest\",\"item\":\"https:\/\/www.savoydubai.com\/fr\/savoy-crest\/\"},{\"@type\":\"ListItem\",\"position\":3,\"name\":\"Localisation\"}]},{\"@type\":\"WebSite\",\"@id\":\"https:\/\/www.savoydubai.com\/fr\/#website\",\"url\":\"https:\/\/www.savoydubai.com\/fr\/\",\"name\":\"Savoy Dubai\",\"description\":\"Just another ms.decms.eu site\",\"potentialAction\":[{\"@type\":\"SearchAction\",\"target\":{\"@type\":\"EntryPoint\",\"urlTemplate\":\"https:\/\/www.savoydubai.com\/fr\/?s={search_term_string}\"},\"query-input\":{\"@type\":\"PropertyValueSpecification\",\"valueRequired\":true,\"valueName\":\"search_term_string\"}}],\"inLanguage\":\"fr-FR\"}]}<\/script>\n<!-- \/ Yoast SEO plugin. -->","yoast_head_json":{"title":"Localisation - Savoy Dubai","robots":{"index":"index","follow":"follow","max-snippet":"max-snippet:-1","max-image-preview":"max-image-preview:large","max-video-preview":"max-video-preview:-1"},"canonical":"https:\/\/www.savoydubai.com\/fr\/savoy-crest\/localisation\/","og_locale":"fr_FR","og_type":"article","og_title":"Localisation - Savoy Dubai","og_description":"Le Savoy Crest Hotel Apartments est situ\u00e9 au c\u0153ur de Duba\u00ef, dans le quartier historique de Bur Dubai, ce qui en fait un h\u00f4tel id\u00e9al pour explorer cette ville de renomm\u00e9e mondiale. Lors de la visite de ce quartier historique, il est indispensable de voir la charmante crique de Duba\u00ef et le village d&rsquo;Al Seef, [&hellip;]","og_url":"https:\/\/www.savoydubai.com\/fr\/savoy-crest\/localisation\/","og_site_name":"Savoy Dubai","article_modified_time":"2022-02-18T11:18:24+00:00","twitter_card":"summary_large_image","twitter_misc":{"Dur\u00e9e de lecture estim\u00e9e":"1 minute"},"schema":{"@context":"https:\/\/schema.org","@graph":[{"@type":"WebPage","@id":"https:\/\/www.savoydubai.com\/fr\/savoy-crest\/localisation\/","url":"https:\/\/www.savoydubai.com\/fr\/savoy-crest\/localisation\/","name":"Localisation - Savoy Dubai","isPartOf":{"@id":"https:\/\/www.savoydubai.com\/fr\/#website"},"datePublished":"2020-07-10T15:13:46+00:00","dateModified":"2022-02-18T11:18:24+00:00","breadcrumb":{"@id":"https:\/\/www.savoydubai.com\/fr\/savoy-crest\/localisation\/#breadcrumb"},"inLanguage":"fr-FR","potentialAction":[{"@type":"ReadAction","target":["https:\/\/www.savoydubai.com\/fr\/savoy-crest\/localisation\/"]}]},{"@type":"BreadcrumbList","@id":"https:\/\/www.savoydubai.com\/fr\/savoy-crest\/localisation\/#breadcrumb","itemListElement":[{"@type":"ListItem","position":1,"name":"Home","item":"https:\/\/www.savoydubai.com\/fr\/"},{"@type":"ListItem","position":2,"name":"Savoy Crest","item":"https:\/\/www.savoydubai.com\/fr\/savoy-crest\/"},{"@type":"ListItem","position":3,"name":"Localisation"}]},{"@type":"WebSite","@id":"https:\/\/www.savoydubai.com\/fr\/#website","url":"https:\/\/www.savoydubai.com\/fr\/","name":"Savoy Dubai","description":"Just another ms.decms.eu site","potentialAction":[{"@type":"SearchAction","target":{"@type":"EntryPoint","urlTemplate":"https:\/\/www.savoydubai.com\/fr\/?s={search_term_string}"},"query-input":{"@type":"PropertyValueSpecification","valueRequired":true,"valueName":"search_term_string"}}],"inLanguage":"fr-FR"}]}},"acf":[],"_links":{"self":[{"href":"https:\/\/www.savoydubai.com\/fr\/wp-json\/wp\/v2\/pages\/521","targetHints":{"allow":["GET"]}}],"collection":[{"href":"https:\/\/www.savoydubai.com\/fr\/wp-json\/wp\/v2\/pages"}],"about":[{"href":"https:\/\/www.savoydubai.com\/fr\/wp-json\/wp\/v2\/types\/page"}],"author":[{"embeddable":true,"href":"https:\/\/www.savoydubai.com\/fr\/wp-json\/wp\/v2\/users\/7"}],"replies":[{"embeddable":true,"href":"https:\/\/www.savoydubai.com\/fr\/wp-json\/wp\/v2\/comments?post=521"}],"version-history":[{"count":0,"href":"https:\/\/www.savoydubai.com\/fr\/wp-json\/wp\/v2\/pages\/521\/revisions"}],"up":[{"embeddable":true,"href":"https:\/\/www.savoydubai.com\/fr\/wp-json\/wp\/v2\/pages\/289"}],"wp:attachment":[{"href":"https:\/\/www.savoydubai.com\/fr\/wp-json\/wp\/v2\/media?parent=521"}],"curies":[{"name":"wp","href":"https:\/\/api.w.org\/{rel}","templated":true}]}}