{"id":503,"date":"2020-07-10T14:38:03","date_gmt":"2020-07-10T14:38:03","guid":{"rendered":"http:\/\/savoy-dubai.ms.decms.eu\/?page_id=503"},"modified":"2022-02-18T11:24:11","modified_gmt":"2022-02-18T11:24:11","slug":"localisation","status":"publish","type":"page","link":"https:\/\/www.savoydubai.com\/fr\/savoy-central\/localisation\/","title":{"rendered":"Localisation"},"content":{"rendered":"<p>Fid\u00e8le \u00e0 son nom, l&#8217;emplacement pratique \u00e0 Duba\u00ef du Savoy Central Hotel Apartments le rend id\u00e9al pour explorer cette destination touristique de renomm\u00e9e mondiale. Cet h\u00f4tel de luxe se trouve \u00e0 Bur Dubai, l&rsquo;un des quartiers les plus historiques de la ville. Vous pouvez faire une s\u00e9ance th\u00e9rapeutique de shopping au Meena Bazaar et au centre commercial BurJuman, puis calmer votre app\u00e9tit dans l&rsquo;un des restaurants \u00e0 proximit\u00e9, qui sont tous \u00e0 distance de marche du Savoy Central.<\/p>\n<p>Les eaux tranquilles et la rive sablonneuse de la plage de Jumeirah sont \u00e9galement accessibles en tr\u00e8s peu de temps. L&rsquo;h\u00f4tel propose un service de bus gratuit pour la plage La Mer de Duba\u00ef \u00e0 Jumeirah, ce qui vous fera \u00e9conomiser le prix d&rsquo;un taxi ou d&rsquo;un bus de la RTA.<\/p>\n<p>Des sites c\u00e9l\u00e8bres tels que le mus\u00e9e de Duba\u00ef, la Grande Mosqu\u00e9e, le Dubai Frame et le souk de l&rsquo;or de Duba\u00ef se trouvent \u00e0 quelques minutes de route du Savoy Central. Le principal quartier des affaires est \u00e0 proximit\u00e9 et offre un acc\u00e8s facile \u00e0 la rue anim\u00e9e Sheikh Zayed. Cette route apparemment interminable est bord\u00e9e des gratte-ciel embl\u00e9matiques de la ville, dont l&rsquo;iconique Burj Khalifa.<\/p>\n<p>En plus des attractions et des monuments \u00e0 proximit\u00e9, l&#8217;emplacement de l&rsquo;h\u00f4tel est pratique du fait de son acc\u00e8s aux transports. Des taxis avec compteur sont facilement disponibles depuis l&rsquo;h\u00f4tel et nos h\u00f4tes peuvent \u00e9galement profiter des services RTA de bus \u00e0 proximit\u00e9 de l&rsquo;h\u00f4tel.<\/p>\n<p>Les stations de m\u00e9tro sont le moyen le plus simple de se d\u00e9placer entre le Savoy Central et les hauts lieux touristiques. Les stations de m\u00e9tro Al Fahidi et BurJuman sont accessibles \u00e0 pied. L&rsquo;a\u00e9roport international de Duba\u00ef est \u00e0 seulement 15 minutes en voiture de l&rsquo;h\u00f4tel.<\/p>\n","protected":false},"excerpt":{"rendered":"<p>Fid\u00e8le \u00e0 son nom, l&#8217;emplacement pratique \u00e0 Duba\u00ef du Savoy Central Hotel Apartments le rend id\u00e9al pour explorer cette destination touristique de renomm\u00e9e mondiale. Cet h\u00f4tel de luxe se trouve \u00e0 Bur Dubai, l&rsquo;un des quartiers les plus historiques de la ville. Vous pouvez faire une s\u00e9ance th\u00e9rapeutique de shopping au Meena Bazaar et au [&hellip;]<\/p>\n","protected":false},"author":36,"featured_media":0,"parent":439,"menu_order":30,"comment_status":"closed","ping_status":"closed","template":"template-hotel-location.php","meta":{"footnotes":""},"class_list":["post-503","page","type-page","status-publish","hentry"],"yoast_head":"<!-- This site is optimized with the Yoast SEO plugin v26.9 - https:\/\/yoast.com\/product\/yoast-seo-wordpress\/ -->\n<title>Localisation - Savoy Dubai<\/title>\n<meta name=\"robots\" content=\"index, follow, max-snippet:-1, max-image-preview:large, max-video-preview:-1\" \/>\n<link rel=\"canonical\" href=\"https:\/\/www.savoydubai.com\/fr\/savoy-central\/localisation\/\" \/>\n<meta property=\"og:locale\" content=\"fr_FR\" \/>\n<meta property=\"og:type\" content=\"article\" \/>\n<meta property=\"og:title\" content=\"Localisation - Savoy Dubai\" \/>\n<meta property=\"og:description\" content=\"Fid\u00e8le \u00e0 son nom, l&#8217;emplacement pratique \u00e0 Duba\u00ef du Savoy Central Hotel Apartments le rend id\u00e9al pour explorer cette destination touristique de renomm\u00e9e mondiale. Cet h\u00f4tel de luxe se trouve \u00e0 Bur Dubai, l&rsquo;un des quartiers les plus historiques de la ville. Vous pouvez faire une s\u00e9ance th\u00e9rapeutique de shopping au Meena Bazaar et au [&hellip;]\" \/>\n<meta property=\"og:url\" content=\"https:\/\/www.savoydubai.com\/fr\/savoy-central\/localisation\/\" \/>\n<meta property=\"og:site_name\" content=\"Savoy Dubai\" \/>\n<meta property=\"article:modified_time\" content=\"2022-02-18T11:24:11+00:00\" \/>\n<meta name=\"twitter:card\" content=\"summary_large_image\" \/>\n<meta name=\"twitter:label1\" content=\"Dur\u00e9e de lecture estim\u00e9e\" \/>\n\t<meta name=\"twitter:data1\" content=\"2 minutes\" \/>\n<script type=\"application\/ld+json\" class=\"yoast-schema-graph\">{\"@context\":\"https:\/\/schema.org\",\"@graph\":[{\"@type\":\"WebPage\",\"@id\":\"https:\/\/www.savoydubai.com\/fr\/savoy-central\/localisation\/\",\"url\":\"https:\/\/www.savoydubai.com\/fr\/savoy-central\/localisation\/\",\"name\":\"Localisation - Savoy Dubai\",\"isPartOf\":{\"@id\":\"https:\/\/www.savoydubai.com\/fr\/#website\"},\"datePublished\":\"2020-07-10T14:38:03+00:00\",\"dateModified\":\"2022-02-18T11:24:11+00:00\",\"breadcrumb\":{\"@id\":\"https:\/\/www.savoydubai.com\/fr\/savoy-central\/localisation\/#breadcrumb\"},\"inLanguage\":\"fr-FR\",\"potentialAction\":[{\"@type\":\"ReadAction\",\"target\":[\"https:\/\/www.savoydubai.com\/fr\/savoy-central\/localisation\/\"]}]},{\"@type\":\"BreadcrumbList\",\"@id\":\"https:\/\/www.savoydubai.com\/fr\/savoy-central\/localisation\/#breadcrumb\",\"itemListElement\":[{\"@type\":\"ListItem\",\"position\":1,\"name\":\"Home\",\"item\":\"https:\/\/www.savoydubai.com\/fr\/\"},{\"@type\":\"ListItem\",\"position\":2,\"name\":\"Savoy Central\",\"item\":\"https:\/\/www.savoydubai.com\/fr\/savoy-central\/\"},{\"@type\":\"ListItem\",\"position\":3,\"name\":\"Localisation\"}]},{\"@type\":\"WebSite\",\"@id\":\"https:\/\/www.savoydubai.com\/fr\/#website\",\"url\":\"https:\/\/www.savoydubai.com\/fr\/\",\"name\":\"Savoy Dubai\",\"description\":\"Just another ms.decms.eu site\",\"potentialAction\":[{\"@type\":\"SearchAction\",\"target\":{\"@type\":\"EntryPoint\",\"urlTemplate\":\"https:\/\/www.savoydubai.com\/fr\/?s={search_term_string}\"},\"query-input\":{\"@type\":\"PropertyValueSpecification\",\"valueRequired\":true,\"valueName\":\"search_term_string\"}}],\"inLanguage\":\"fr-FR\"}]}<\/script>\n<!-- \/ Yoast SEO plugin. -->","yoast_head_json":{"title":"Localisation - Savoy Dubai","robots":{"index":"index","follow":"follow","max-snippet":"max-snippet:-1","max-image-preview":"max-image-preview:large","max-video-preview":"max-video-preview:-1"},"canonical":"https:\/\/www.savoydubai.com\/fr\/savoy-central\/localisation\/","og_locale":"fr_FR","og_type":"article","og_title":"Localisation - Savoy Dubai","og_description":"Fid\u00e8le \u00e0 son nom, l&#8217;emplacement pratique \u00e0 Duba\u00ef du Savoy Central Hotel Apartments le rend id\u00e9al pour explorer cette destination touristique de renomm\u00e9e mondiale. Cet h\u00f4tel de luxe se trouve \u00e0 Bur Dubai, l&rsquo;un des quartiers les plus historiques de la ville. Vous pouvez faire une s\u00e9ance th\u00e9rapeutique de shopping au Meena Bazaar et au [&hellip;]","og_url":"https:\/\/www.savoydubai.com\/fr\/savoy-central\/localisation\/","og_site_name":"Savoy Dubai","article_modified_time":"2022-02-18T11:24:11+00:00","twitter_card":"summary_large_image","twitter_misc":{"Dur\u00e9e de lecture estim\u00e9e":"2 minutes"},"schema":{"@context":"https:\/\/schema.org","@graph":[{"@type":"WebPage","@id":"https:\/\/www.savoydubai.com\/fr\/savoy-central\/localisation\/","url":"https:\/\/www.savoydubai.com\/fr\/savoy-central\/localisation\/","name":"Localisation - Savoy Dubai","isPartOf":{"@id":"https:\/\/www.savoydubai.com\/fr\/#website"},"datePublished":"2020-07-10T14:38:03+00:00","dateModified":"2022-02-18T11:24:11+00:00","breadcrumb":{"@id":"https:\/\/www.savoydubai.com\/fr\/savoy-central\/localisation\/#breadcrumb"},"inLanguage":"fr-FR","potentialAction":[{"@type":"ReadAction","target":["https:\/\/www.savoydubai.com\/fr\/savoy-central\/localisation\/"]}]},{"@type":"BreadcrumbList","@id":"https:\/\/www.savoydubai.com\/fr\/savoy-central\/localisation\/#breadcrumb","itemListElement":[{"@type":"ListItem","position":1,"name":"Home","item":"https:\/\/www.savoydubai.com\/fr\/"},{"@type":"ListItem","position":2,"name":"Savoy Central","item":"https:\/\/www.savoydubai.com\/fr\/savoy-central\/"},{"@type":"ListItem","position":3,"name":"Localisation"}]},{"@type":"WebSite","@id":"https:\/\/www.savoydubai.com\/fr\/#website","url":"https:\/\/www.savoydubai.com\/fr\/","name":"Savoy Dubai","description":"Just another ms.decms.eu site","potentialAction":[{"@type":"SearchAction","target":{"@type":"EntryPoint","urlTemplate":"https:\/\/www.savoydubai.com\/fr\/?s={search_term_string}"},"query-input":{"@type":"PropertyValueSpecification","valueRequired":true,"valueName":"search_term_string"}}],"inLanguage":"fr-FR"}]}},"acf":[],"_links":{"self":[{"href":"https:\/\/www.savoydubai.com\/fr\/wp-json\/wp\/v2\/pages\/503","targetHints":{"allow":["GET"]}}],"collection":[{"href":"https:\/\/www.savoydubai.com\/fr\/wp-json\/wp\/v2\/pages"}],"about":[{"href":"https:\/\/www.savoydubai.com\/fr\/wp-json\/wp\/v2\/types\/page"}],"author":[{"embeddable":true,"href":"https:\/\/www.savoydubai.com\/fr\/wp-json\/wp\/v2\/users\/36"}],"replies":[{"embeddable":true,"href":"https:\/\/www.savoydubai.com\/fr\/wp-json\/wp\/v2\/comments?post=503"}],"version-history":[{"count":0,"href":"https:\/\/www.savoydubai.com\/fr\/wp-json\/wp\/v2\/pages\/503\/revisions"}],"up":[{"embeddable":true,"href":"https:\/\/www.savoydubai.com\/fr\/wp-json\/wp\/v2\/pages\/439"}],"wp:attachment":[{"href":"https:\/\/www.savoydubai.com\/fr\/wp-json\/wp\/v2\/media?parent=503"}],"curies":[{"name":"wp","href":"https:\/\/api.w.org\/{rel}","templated":true}]}}