{"id":491,"date":"2020-07-10T13:31:05","date_gmt":"2020-07-10T13:31:05","guid":{"rendered":"http:\/\/savoy-dubai.ms.decms.eu\/?page_id=491"},"modified":"2020-10-17T14:47:24","modified_gmt":"2020-10-17T14:47:24","slug":"services","status":"publish","type":"page","link":"https:\/\/www.savoydubai.com\/fr\/savoy-central\/services\/","title":{"rendered":"Services"},"content":{"rendered":"<p>Les h\u00f4tes qui s\u00e9journent dans les appartements meubl\u00e9s du Savoy Central \u00e0 Duba\u00ef, que ce soit dans nos suites-studios familiales, nos studios communicants ou nos studios de luxe, peuvent profiter des installations de loisirs sur place. Celles-ci comprennent une piscine ext\u00e9rieure \u00e0 temp\u00e9rature contr\u00f4l\u00e9e, une piscine pour enfants, une salle de sport, un sauna et un hammam. Toutes ces installations ont \u00e9t\u00e9 cr\u00e9\u00e9es en pensant aux besoins de nos h\u00f4tes et pour leur permettre de se d\u00e9tendre sur place quand ils le souhaitent.<\/p>\n<p>Si nos h\u00f4tes souhaitent s&rsquo;adonner \u00e0 des activit\u00e9s physiques et de musculation, ils ont \u00e0 leur disposition notre salle de sport ultramoderne, qui propose une gamme d&rsquo;\u00e9quipements avanc\u00e9s pour les aider \u00e0 rester en forme et pleins d&rsquo;\u00e9nergie.<\/p>\n<p>Pour rendre le s\u00e9jour de nos h\u00f4tes encore plus pratique, nous mettons \u00e0 leur disposition un service quotidien de bus gratuit depuis l&rsquo;h\u00f4tel vers la plage voisine de La Mer \u00e0 Jumeirah. Nous offrons \u00e9galement des serviettes et des tapis de plage \u00e0 tous nos h\u00f4tes lors de la mont\u00e9e dans le bus. Cette attention aux d\u00e9tails garantit \u00e0 nos h\u00f4tes l&rsquo;exp\u00e9rience de voyages m\u00e9morables et la tranquillit\u00e9 d&rsquo;esprit tout au long de leur s\u00e9jour. La commodit\u00e9 est la cl\u00e9 de l&rsquo;exp\u00e9rience du Savoy Central.<\/p>\n<p>Des billets d&rsquo;entr\u00e9e aux parcs d&rsquo;attractions, aux visites de la ville et \u00e0 toutes les attractions locales sont \u00e9galement disponibles \u00e0 la r\u00e9ception \u00e0 des prix r\u00e9duits. Ainsi, les familles peuvent partager des exp\u00e9riences amusantes lors de leur s\u00e9jour \u00e0 Duba\u00ef.<\/p>\n<p>Au Savoy Central, nous veillons \u00e0 ce que toutes les installations auxquelles nos h\u00f4tes souhaitent avoir acc\u00e8s soient toujours disponibles pour un confort et une tranquillit\u00e9 d&rsquo;esprit ultimes.<br \/>\nLa sant\u00e9 et la s\u00e9curit\u00e9 de nos h\u00f4tes \u00e9tant notre priorit\u00e9, nous adh\u00e9rons aux normes les plus strictes en mati\u00e8re d&rsquo;assainissement et nous d\u00e9sinfectons tous les espaces publics, y compris les couloirs, les ascenseurs et tous les points de contact.<\/p>\n<p>Le Savoy Central est l&rsquo;endroit id\u00e9al pour les voyageurs qui souhaitent d\u00e9couvrir Duba\u00ef dans toute sa beaut\u00e9, avec commodit\u00e9 et facilit\u00e9. Des loisirs sur place \u00e0 l&rsquo;accessibilit\u00e9 hors site, le Savoy Central vous assure de profiter d&rsquo;un s\u00e9jour aussi confortable et m\u00e9morable que possible.<\/p>\n","protected":false},"excerpt":{"rendered":"<p>Les h\u00f4tes qui s\u00e9journent dans les appartements meubl\u00e9s du Savoy Central \u00e0 Duba\u00ef, que ce soit dans nos suites-studios familiales, nos studios communicants ou nos studios de luxe, peuvent profiter des installations de loisirs sur place. Celles-ci comprennent une piscine ext\u00e9rieure \u00e0 temp\u00e9rature contr\u00f4l\u00e9e, une piscine pour enfants, une salle de sport, un sauna et [&hellip;]<\/p>\n","protected":false},"author":36,"featured_media":0,"parent":439,"menu_order":20,"comment_status":"closed","ping_status":"closed","template":"template-hotel-services.php","meta":{"footnotes":""},"class_list":["post-491","page","type-page","status-publish","hentry"],"yoast_head":"<!-- This site is optimized with the Yoast SEO plugin v26.9 - https:\/\/yoast.com\/product\/yoast-seo-wordpress\/ -->\n<title>Services - Savoy Dubai<\/title>\n<meta name=\"robots\" content=\"index, follow, max-snippet:-1, max-image-preview:large, max-video-preview:-1\" \/>\n<link rel=\"canonical\" href=\"https:\/\/www.savoydubai.com\/fr\/savoy-central\/services\/\" \/>\n<meta property=\"og:locale\" content=\"fr_FR\" \/>\n<meta property=\"og:type\" content=\"article\" \/>\n<meta property=\"og:title\" content=\"Services - Savoy Dubai\" \/>\n<meta property=\"og:description\" content=\"Les h\u00f4tes qui s\u00e9journent dans les appartements meubl\u00e9s du Savoy Central \u00e0 Duba\u00ef, que ce soit dans nos suites-studios familiales, nos studios communicants ou nos studios de luxe, peuvent profiter des installations de loisirs sur place. Celles-ci comprennent une piscine ext\u00e9rieure \u00e0 temp\u00e9rature contr\u00f4l\u00e9e, une piscine pour enfants, une salle de sport, un sauna et [&hellip;]\" \/>\n<meta property=\"og:url\" content=\"https:\/\/www.savoydubai.com\/fr\/savoy-central\/services\/\" \/>\n<meta property=\"og:site_name\" content=\"Savoy Dubai\" \/>\n<meta property=\"article:modified_time\" content=\"2020-10-17T14:47:24+00:00\" \/>\n<meta name=\"twitter:card\" content=\"summary_large_image\" \/>\n<meta name=\"twitter:label1\" content=\"Dur\u00e9e de lecture estim\u00e9e\" \/>\n\t<meta name=\"twitter:data1\" content=\"2 minutes\" \/>\n<script type=\"application\/ld+json\" class=\"yoast-schema-graph\">{\"@context\":\"https:\/\/schema.org\",\"@graph\":[{\"@type\":\"WebPage\",\"@id\":\"https:\/\/www.savoydubai.com\/fr\/savoy-central\/services\/\",\"url\":\"https:\/\/www.savoydubai.com\/fr\/savoy-central\/services\/\",\"name\":\"Services - Savoy Dubai\",\"isPartOf\":{\"@id\":\"https:\/\/www.savoydubai.com\/fr\/#website\"},\"datePublished\":\"2020-07-10T13:31:05+00:00\",\"dateModified\":\"2020-10-17T14:47:24+00:00\",\"breadcrumb\":{\"@id\":\"https:\/\/www.savoydubai.com\/fr\/savoy-central\/services\/#breadcrumb\"},\"inLanguage\":\"fr-FR\",\"potentialAction\":[{\"@type\":\"ReadAction\",\"target\":[\"https:\/\/www.savoydubai.com\/fr\/savoy-central\/services\/\"]}]},{\"@type\":\"BreadcrumbList\",\"@id\":\"https:\/\/www.savoydubai.com\/fr\/savoy-central\/services\/#breadcrumb\",\"itemListElement\":[{\"@type\":\"ListItem\",\"position\":1,\"name\":\"Home\",\"item\":\"https:\/\/www.savoydubai.com\/fr\/\"},{\"@type\":\"ListItem\",\"position\":2,\"name\":\"Savoy Central\",\"item\":\"https:\/\/www.savoydubai.com\/fr\/savoy-central\/\"},{\"@type\":\"ListItem\",\"position\":3,\"name\":\"Services\"}]},{\"@type\":\"WebSite\",\"@id\":\"https:\/\/www.savoydubai.com\/fr\/#website\",\"url\":\"https:\/\/www.savoydubai.com\/fr\/\",\"name\":\"Savoy Dubai\",\"description\":\"Just another ms.decms.eu site\",\"potentialAction\":[{\"@type\":\"SearchAction\",\"target\":{\"@type\":\"EntryPoint\",\"urlTemplate\":\"https:\/\/www.savoydubai.com\/fr\/?s={search_term_string}\"},\"query-input\":{\"@type\":\"PropertyValueSpecification\",\"valueRequired\":true,\"valueName\":\"search_term_string\"}}],\"inLanguage\":\"fr-FR\"}]}<\/script>\n<!-- \/ Yoast SEO plugin. -->","yoast_head_json":{"title":"Services - Savoy Dubai","robots":{"index":"index","follow":"follow","max-snippet":"max-snippet:-1","max-image-preview":"max-image-preview:large","max-video-preview":"max-video-preview:-1"},"canonical":"https:\/\/www.savoydubai.com\/fr\/savoy-central\/services\/","og_locale":"fr_FR","og_type":"article","og_title":"Services - Savoy Dubai","og_description":"Les h\u00f4tes qui s\u00e9journent dans les appartements meubl\u00e9s du Savoy Central \u00e0 Duba\u00ef, que ce soit dans nos suites-studios familiales, nos studios communicants ou nos studios de luxe, peuvent profiter des installations de loisirs sur place. Celles-ci comprennent une piscine ext\u00e9rieure \u00e0 temp\u00e9rature contr\u00f4l\u00e9e, une piscine pour enfants, une salle de sport, un sauna et [&hellip;]","og_url":"https:\/\/www.savoydubai.com\/fr\/savoy-central\/services\/","og_site_name":"Savoy Dubai","article_modified_time":"2020-10-17T14:47:24+00:00","twitter_card":"summary_large_image","twitter_misc":{"Dur\u00e9e de lecture estim\u00e9e":"2 minutes"},"schema":{"@context":"https:\/\/schema.org","@graph":[{"@type":"WebPage","@id":"https:\/\/www.savoydubai.com\/fr\/savoy-central\/services\/","url":"https:\/\/www.savoydubai.com\/fr\/savoy-central\/services\/","name":"Services - Savoy Dubai","isPartOf":{"@id":"https:\/\/www.savoydubai.com\/fr\/#website"},"datePublished":"2020-07-10T13:31:05+00:00","dateModified":"2020-10-17T14:47:24+00:00","breadcrumb":{"@id":"https:\/\/www.savoydubai.com\/fr\/savoy-central\/services\/#breadcrumb"},"inLanguage":"fr-FR","potentialAction":[{"@type":"ReadAction","target":["https:\/\/www.savoydubai.com\/fr\/savoy-central\/services\/"]}]},{"@type":"BreadcrumbList","@id":"https:\/\/www.savoydubai.com\/fr\/savoy-central\/services\/#breadcrumb","itemListElement":[{"@type":"ListItem","position":1,"name":"Home","item":"https:\/\/www.savoydubai.com\/fr\/"},{"@type":"ListItem","position":2,"name":"Savoy Central","item":"https:\/\/www.savoydubai.com\/fr\/savoy-central\/"},{"@type":"ListItem","position":3,"name":"Services"}]},{"@type":"WebSite","@id":"https:\/\/www.savoydubai.com\/fr\/#website","url":"https:\/\/www.savoydubai.com\/fr\/","name":"Savoy Dubai","description":"Just another ms.decms.eu site","potentialAction":[{"@type":"SearchAction","target":{"@type":"EntryPoint","urlTemplate":"https:\/\/www.savoydubai.com\/fr\/?s={search_term_string}"},"query-input":{"@type":"PropertyValueSpecification","valueRequired":true,"valueName":"search_term_string"}}],"inLanguage":"fr-FR"}]}},"acf":[],"_links":{"self":[{"href":"https:\/\/www.savoydubai.com\/fr\/wp-json\/wp\/v2\/pages\/491","targetHints":{"allow":["GET"]}}],"collection":[{"href":"https:\/\/www.savoydubai.com\/fr\/wp-json\/wp\/v2\/pages"}],"about":[{"href":"https:\/\/www.savoydubai.com\/fr\/wp-json\/wp\/v2\/types\/page"}],"author":[{"embeddable":true,"href":"https:\/\/www.savoydubai.com\/fr\/wp-json\/wp\/v2\/users\/36"}],"replies":[{"embeddable":true,"href":"https:\/\/www.savoydubai.com\/fr\/wp-json\/wp\/v2\/comments?post=491"}],"version-history":[{"count":0,"href":"https:\/\/www.savoydubai.com\/fr\/wp-json\/wp\/v2\/pages\/491\/revisions"}],"up":[{"embeddable":true,"href":"https:\/\/www.savoydubai.com\/fr\/wp-json\/wp\/v2\/pages\/439"}],"wp:attachment":[{"href":"https:\/\/www.savoydubai.com\/fr\/wp-json\/wp\/v2\/media?parent=491"}],"curies":[{"name":"wp","href":"https:\/\/api.w.org\/{rel}","templated":true}]}}