{"id":473,"date":"2020-07-10T10:43:12","date_gmt":"2020-07-10T10:43:12","guid":{"rendered":"http:\/\/savoy-dubai.ms.decms.eu\/?page_id=473"},"modified":"2020-10-17T14:52:18","modified_gmt":"2020-10-17T14:52:18","slug":"studios-de-luxe-communicants","status":"publish","type":"page","link":"https:\/\/www.savoydubai.com\/fr\/savoy-central\/hebergement\/studios-de-luxe-communicants\/","title":{"rendered":"Studios de Luxe Communicants"},"content":{"rendered":"<p>Vous recherchez un studio \u00e0 louer \u00e0 Duba\u00ef qui allie luxe et commodit\u00e9 ? Deux chambres-studios de luxe meubl\u00e9es de fa\u00e7on exquise sont disponibles au Savoy Central. Elles sont reli\u00e9es par une porte int\u00e9rieure et climatis\u00e9es, vous garantissant le meilleur rapport qualit\u00e9-prix et le plus confortable des s\u00e9jours. Ces studios \u00e9l\u00e9gants ont \u00e9t\u00e9 r\u00e9cemment r\u00e9nov\u00e9s et d\u00e9cor\u00e9s avec style. Ils sont dot\u00e9s de nombreux \u00e9quipements, notamment une connexion Internet haut d\u00e9bit sans fil gratuite, une t\u00e9l\u00e9vision connect\u00e9e multi-cha\u00eenes, un coin salon avec canap\u00e9-lit, un miroir pleine longueur et un bureau d\u00e9di\u00e9. Tous les \u00e9l\u00e9ments des studios de luxe communicants ont \u00e9t\u00e9 con\u00e7us pour vous donner le sentiment d&rsquo;\u00eatre chez vous, avec l&rsquo;avantage suppl\u00e9mentaire d&rsquo;un service personnalis\u00e9, de luxe et d&rsquo;une hospitalit\u00e9 qui vient du fond du c\u0153ur.<\/p>\n","protected":false},"excerpt":{"rendered":"<p>Vous recherchez un studio \u00e0 louer \u00e0 Duba\u00ef qui allie luxe et commodit\u00e9 ? Deux chambres-studios de luxe meubl\u00e9es de fa\u00e7on exquise sont disponibles au Savoy Central. Elles sont reli\u00e9es par une porte int\u00e9rieure et climatis\u00e9es, vous garantissant le meilleur rapport qualit\u00e9-prix et le plus confortable des s\u00e9jours. Ces studios \u00e9l\u00e9gants ont \u00e9t\u00e9 r\u00e9cemment r\u00e9nov\u00e9s [&hellip;]<\/p>\n","protected":false},"author":36,"featured_media":0,"parent":447,"menu_order":15,"comment_status":"closed","ping_status":"closed","template":"template-hotel-single-room.php","meta":{"footnotes":""},"class_list":["post-473","page","type-page","status-publish","hentry"],"yoast_head":"<!-- This site is optimized with the Yoast SEO plugin v26.9 - https:\/\/yoast.com\/product\/yoast-seo-wordpress\/ -->\n<title>Studios de Luxe Communicants - Savoy Dubai<\/title>\n<meta name=\"robots\" content=\"index, follow, max-snippet:-1, max-image-preview:large, max-video-preview:-1\" \/>\n<link rel=\"canonical\" href=\"https:\/\/www.savoydubai.com\/fr\/savoy-central\/hebergement\/studios-de-luxe-communicants\/\" \/>\n<meta property=\"og:locale\" content=\"fr_FR\" \/>\n<meta property=\"og:type\" content=\"article\" \/>\n<meta property=\"og:title\" content=\"Studios de Luxe Communicants - Savoy Dubai\" \/>\n<meta property=\"og:description\" content=\"Vous recherchez un studio \u00e0 louer \u00e0 Duba\u00ef qui allie luxe et commodit\u00e9 ? Deux chambres-studios de luxe meubl\u00e9es de fa\u00e7on exquise sont disponibles au Savoy Central. Elles sont reli\u00e9es par une porte int\u00e9rieure et climatis\u00e9es, vous garantissant le meilleur rapport qualit\u00e9-prix et le plus confortable des s\u00e9jours. Ces studios \u00e9l\u00e9gants ont \u00e9t\u00e9 r\u00e9cemment r\u00e9nov\u00e9s [&hellip;]\" \/>\n<meta property=\"og:url\" content=\"https:\/\/www.savoydubai.com\/fr\/savoy-central\/hebergement\/studios-de-luxe-communicants\/\" \/>\n<meta property=\"og:site_name\" content=\"Savoy Dubai\" \/>\n<meta property=\"article:modified_time\" content=\"2020-10-17T14:52:18+00:00\" \/>\n<meta name=\"twitter:card\" content=\"summary_large_image\" \/>\n<meta name=\"twitter:label1\" content=\"Dur\u00e9e de lecture estim\u00e9e\" \/>\n\t<meta name=\"twitter:data1\" content=\"1 minute\" \/>\n<script type=\"application\/ld+json\" class=\"yoast-schema-graph\">{\"@context\":\"https:\/\/schema.org\",\"@graph\":[{\"@type\":\"WebPage\",\"@id\":\"https:\/\/www.savoydubai.com\/fr\/savoy-central\/hebergement\/studios-de-luxe-communicants\/\",\"url\":\"https:\/\/www.savoydubai.com\/fr\/savoy-central\/hebergement\/studios-de-luxe-communicants\/\",\"name\":\"Studios de Luxe Communicants - Savoy Dubai\",\"isPartOf\":{\"@id\":\"https:\/\/www.savoydubai.com\/fr\/#website\"},\"datePublished\":\"2020-07-10T10:43:12+00:00\",\"dateModified\":\"2020-10-17T14:52:18+00:00\",\"breadcrumb\":{\"@id\":\"https:\/\/www.savoydubai.com\/fr\/savoy-central\/hebergement\/studios-de-luxe-communicants\/#breadcrumb\"},\"inLanguage\":\"fr-FR\",\"potentialAction\":[{\"@type\":\"ReadAction\",\"target\":[\"https:\/\/www.savoydubai.com\/fr\/savoy-central\/hebergement\/studios-de-luxe-communicants\/\"]}]},{\"@type\":\"BreadcrumbList\",\"@id\":\"https:\/\/www.savoydubai.com\/fr\/savoy-central\/hebergement\/studios-de-luxe-communicants\/#breadcrumb\",\"itemListElement\":[{\"@type\":\"ListItem\",\"position\":1,\"name\":\"Home\",\"item\":\"https:\/\/www.savoydubai.com\/fr\/\"},{\"@type\":\"ListItem\",\"position\":2,\"name\":\"Savoy Central\",\"item\":\"https:\/\/www.savoydubai.com\/fr\/savoy-central\/\"},{\"@type\":\"ListItem\",\"position\":3,\"name\":\"H\u00e9bergement\",\"item\":\"https:\/\/www.savoydubai.com\/fr\/savoy-central\/hebergement\/\"},{\"@type\":\"ListItem\",\"position\":4,\"name\":\"Studios de Luxe Communicants\"}]},{\"@type\":\"WebSite\",\"@id\":\"https:\/\/www.savoydubai.com\/fr\/#website\",\"url\":\"https:\/\/www.savoydubai.com\/fr\/\",\"name\":\"Savoy Dubai\",\"description\":\"Just another ms.decms.eu site\",\"potentialAction\":[{\"@type\":\"SearchAction\",\"target\":{\"@type\":\"EntryPoint\",\"urlTemplate\":\"https:\/\/www.savoydubai.com\/fr\/?s={search_term_string}\"},\"query-input\":{\"@type\":\"PropertyValueSpecification\",\"valueRequired\":true,\"valueName\":\"search_term_string\"}}],\"inLanguage\":\"fr-FR\"}]}<\/script>\n<!-- \/ Yoast SEO plugin. -->","yoast_head_json":{"title":"Studios de Luxe Communicants - Savoy Dubai","robots":{"index":"index","follow":"follow","max-snippet":"max-snippet:-1","max-image-preview":"max-image-preview:large","max-video-preview":"max-video-preview:-1"},"canonical":"https:\/\/www.savoydubai.com\/fr\/savoy-central\/hebergement\/studios-de-luxe-communicants\/","og_locale":"fr_FR","og_type":"article","og_title":"Studios de Luxe Communicants - Savoy Dubai","og_description":"Vous recherchez un studio \u00e0 louer \u00e0 Duba\u00ef qui allie luxe et commodit\u00e9 ? Deux chambres-studios de luxe meubl\u00e9es de fa\u00e7on exquise sont disponibles au Savoy Central. Elles sont reli\u00e9es par une porte int\u00e9rieure et climatis\u00e9es, vous garantissant le meilleur rapport qualit\u00e9-prix et le plus confortable des s\u00e9jours. Ces studios \u00e9l\u00e9gants ont \u00e9t\u00e9 r\u00e9cemment r\u00e9nov\u00e9s [&hellip;]","og_url":"https:\/\/www.savoydubai.com\/fr\/savoy-central\/hebergement\/studios-de-luxe-communicants\/","og_site_name":"Savoy Dubai","article_modified_time":"2020-10-17T14:52:18+00:00","twitter_card":"summary_large_image","twitter_misc":{"Dur\u00e9e de lecture estim\u00e9e":"1 minute"},"schema":{"@context":"https:\/\/schema.org","@graph":[{"@type":"WebPage","@id":"https:\/\/www.savoydubai.com\/fr\/savoy-central\/hebergement\/studios-de-luxe-communicants\/","url":"https:\/\/www.savoydubai.com\/fr\/savoy-central\/hebergement\/studios-de-luxe-communicants\/","name":"Studios de Luxe Communicants - Savoy Dubai","isPartOf":{"@id":"https:\/\/www.savoydubai.com\/fr\/#website"},"datePublished":"2020-07-10T10:43:12+00:00","dateModified":"2020-10-17T14:52:18+00:00","breadcrumb":{"@id":"https:\/\/www.savoydubai.com\/fr\/savoy-central\/hebergement\/studios-de-luxe-communicants\/#breadcrumb"},"inLanguage":"fr-FR","potentialAction":[{"@type":"ReadAction","target":["https:\/\/www.savoydubai.com\/fr\/savoy-central\/hebergement\/studios-de-luxe-communicants\/"]}]},{"@type":"BreadcrumbList","@id":"https:\/\/www.savoydubai.com\/fr\/savoy-central\/hebergement\/studios-de-luxe-communicants\/#breadcrumb","itemListElement":[{"@type":"ListItem","position":1,"name":"Home","item":"https:\/\/www.savoydubai.com\/fr\/"},{"@type":"ListItem","position":2,"name":"Savoy Central","item":"https:\/\/www.savoydubai.com\/fr\/savoy-central\/"},{"@type":"ListItem","position":3,"name":"H\u00e9bergement","item":"https:\/\/www.savoydubai.com\/fr\/savoy-central\/hebergement\/"},{"@type":"ListItem","position":4,"name":"Studios de Luxe Communicants"}]},{"@type":"WebSite","@id":"https:\/\/www.savoydubai.com\/fr\/#website","url":"https:\/\/www.savoydubai.com\/fr\/","name":"Savoy Dubai","description":"Just another ms.decms.eu site","potentialAction":[{"@type":"SearchAction","target":{"@type":"EntryPoint","urlTemplate":"https:\/\/www.savoydubai.com\/fr\/?s={search_term_string}"},"query-input":{"@type":"PropertyValueSpecification","valueRequired":true,"valueName":"search_term_string"}}],"inLanguage":"fr-FR"}]}},"acf":[],"_links":{"self":[{"href":"https:\/\/www.savoydubai.com\/fr\/wp-json\/wp\/v2\/pages\/473","targetHints":{"allow":["GET"]}}],"collection":[{"href":"https:\/\/www.savoydubai.com\/fr\/wp-json\/wp\/v2\/pages"}],"about":[{"href":"https:\/\/www.savoydubai.com\/fr\/wp-json\/wp\/v2\/types\/page"}],"author":[{"embeddable":true,"href":"https:\/\/www.savoydubai.com\/fr\/wp-json\/wp\/v2\/users\/36"}],"replies":[{"embeddable":true,"href":"https:\/\/www.savoydubai.com\/fr\/wp-json\/wp\/v2\/comments?post=473"}],"version-history":[{"count":0,"href":"https:\/\/www.savoydubai.com\/fr\/wp-json\/wp\/v2\/pages\/473\/revisions"}],"up":[{"embeddable":true,"href":"https:\/\/www.savoydubai.com\/fr\/wp-json\/wp\/v2\/pages\/447"}],"wp:attachment":[{"href":"https:\/\/www.savoydubai.com\/fr\/wp-json\/wp\/v2\/media?parent=473"}],"curies":[{"name":"wp","href":"https:\/\/api.w.org\/{rel}","templated":true}]}}