{"id":458,"date":"2020-07-10T10:17:05","date_gmt":"2020-07-10T10:17:05","guid":{"rendered":"http:\/\/savoy-dubai.ms.decms.eu\/?page_id=458"},"modified":"2020-10-17T14:49:47","modified_gmt":"2020-10-17T14:49:47","slug":"suites-studios-familiales","status":"publish","type":"page","link":"https:\/\/www.savoydubai.com\/fr\/savoy-central\/hebergement\/suites-studios-familiales\/","title":{"rendered":"Suites-Studios Familiales"},"content":{"rendered":"<p>Si vous voyagez avec votre famille et vos proches, la suite-studio familiale du Savoy Central \u00e0 Duba\u00ef est l&rsquo;endroit id\u00e9al pour d\u00e9couvrir Duba\u00ef et cr\u00e9er des souvenirs qui dureront toute une vie. Nos suites-studios familiales ont \u00e9t\u00e9 con\u00e7ues pour le confort des familles ainsi que pour les s\u00e9jours de longue dur\u00e9e, et garantissent \u00e0 leurs h\u00f4tes tout ce dont ils ont besoin pour profiter de leur s\u00e9jour dans la magnifique ville de Duba\u00ef.<\/p>\n<p>Notre suite-studio familiale bien am\u00e9nag\u00e9e et climatis\u00e9e est id\u00e9ale pour une famille de quatre personnes. Chaque suite-studio familiale offre deux grands lits pour la d\u00e9tente, un grand canap\u00e9-lit, une salle de bain privative, une kitchenette enti\u00e8rement \u00e9quip\u00e9e et un lave-linge, bref tout pour vous faire b\u00e9n\u00e9ficier de tout le confort de votre maison.<\/p>\n","protected":false},"excerpt":{"rendered":"<p>Si vous voyagez avec votre famille et vos proches, la suite-studio familiale du Savoy Central \u00e0 Duba\u00ef est l&rsquo;endroit id\u00e9al pour d\u00e9couvrir Duba\u00ef et cr\u00e9er des souvenirs qui dureront toute une vie. Nos suites-studios familiales ont \u00e9t\u00e9 con\u00e7ues pour le confort des familles ainsi que pour les s\u00e9jours de longue dur\u00e9e, et garantissent \u00e0 leurs [&hellip;]<\/p>\n","protected":false},"author":36,"featured_media":0,"parent":447,"menu_order":10,"comment_status":"closed","ping_status":"closed","template":"template-hotel-single-room.php","meta":{"footnotes":""},"class_list":["post-458","page","type-page","status-publish","hentry"],"yoast_head":"<!-- This site is optimized with the Yoast SEO plugin v26.9 - https:\/\/yoast.com\/product\/yoast-seo-wordpress\/ -->\n<title>Suites-Studios Familiales - Savoy Dubai<\/title>\n<meta name=\"robots\" content=\"index, follow, max-snippet:-1, max-image-preview:large, max-video-preview:-1\" \/>\n<link rel=\"canonical\" href=\"https:\/\/www.savoydubai.com\/fr\/savoy-central\/hebergement\/suites-studios-familiales\/\" \/>\n<meta property=\"og:locale\" content=\"fr_FR\" \/>\n<meta property=\"og:type\" content=\"article\" \/>\n<meta property=\"og:title\" content=\"Suites-Studios Familiales - Savoy Dubai\" \/>\n<meta property=\"og:description\" content=\"Si vous voyagez avec votre famille et vos proches, la suite-studio familiale du Savoy Central \u00e0 Duba\u00ef est l&rsquo;endroit id\u00e9al pour d\u00e9couvrir Duba\u00ef et cr\u00e9er des souvenirs qui dureront toute une vie. Nos suites-studios familiales ont \u00e9t\u00e9 con\u00e7ues pour le confort des familles ainsi que pour les s\u00e9jours de longue dur\u00e9e, et garantissent \u00e0 leurs [&hellip;]\" \/>\n<meta property=\"og:url\" content=\"https:\/\/www.savoydubai.com\/fr\/savoy-central\/hebergement\/suites-studios-familiales\/\" \/>\n<meta property=\"og:site_name\" content=\"Savoy Dubai\" \/>\n<meta property=\"article:modified_time\" content=\"2020-10-17T14:49:47+00:00\" \/>\n<meta name=\"twitter:card\" content=\"summary_large_image\" \/>\n<meta name=\"twitter:label1\" content=\"Dur\u00e9e de lecture estim\u00e9e\" \/>\n\t<meta name=\"twitter:data1\" content=\"1 minute\" \/>\n<script type=\"application\/ld+json\" class=\"yoast-schema-graph\">{\"@context\":\"https:\/\/schema.org\",\"@graph\":[{\"@type\":\"WebPage\",\"@id\":\"https:\/\/www.savoydubai.com\/fr\/savoy-central\/hebergement\/suites-studios-familiales\/\",\"url\":\"https:\/\/www.savoydubai.com\/fr\/savoy-central\/hebergement\/suites-studios-familiales\/\",\"name\":\"Suites-Studios Familiales - Savoy Dubai\",\"isPartOf\":{\"@id\":\"https:\/\/www.savoydubai.com\/fr\/#website\"},\"datePublished\":\"2020-07-10T10:17:05+00:00\",\"dateModified\":\"2020-10-17T14:49:47+00:00\",\"breadcrumb\":{\"@id\":\"https:\/\/www.savoydubai.com\/fr\/savoy-central\/hebergement\/suites-studios-familiales\/#breadcrumb\"},\"inLanguage\":\"fr-FR\",\"potentialAction\":[{\"@type\":\"ReadAction\",\"target\":[\"https:\/\/www.savoydubai.com\/fr\/savoy-central\/hebergement\/suites-studios-familiales\/\"]}]},{\"@type\":\"BreadcrumbList\",\"@id\":\"https:\/\/www.savoydubai.com\/fr\/savoy-central\/hebergement\/suites-studios-familiales\/#breadcrumb\",\"itemListElement\":[{\"@type\":\"ListItem\",\"position\":1,\"name\":\"Home\",\"item\":\"https:\/\/www.savoydubai.com\/fr\/\"},{\"@type\":\"ListItem\",\"position\":2,\"name\":\"Savoy Central\",\"item\":\"https:\/\/www.savoydubai.com\/fr\/savoy-central\/\"},{\"@type\":\"ListItem\",\"position\":3,\"name\":\"H\u00e9bergement\",\"item\":\"https:\/\/www.savoydubai.com\/fr\/savoy-central\/hebergement\/\"},{\"@type\":\"ListItem\",\"position\":4,\"name\":\"Suites-Studios Familiales\"}]},{\"@type\":\"WebSite\",\"@id\":\"https:\/\/www.savoydubai.com\/fr\/#website\",\"url\":\"https:\/\/www.savoydubai.com\/fr\/\",\"name\":\"Savoy Dubai\",\"description\":\"Just another ms.decms.eu site\",\"potentialAction\":[{\"@type\":\"SearchAction\",\"target\":{\"@type\":\"EntryPoint\",\"urlTemplate\":\"https:\/\/www.savoydubai.com\/fr\/?s={search_term_string}\"},\"query-input\":{\"@type\":\"PropertyValueSpecification\",\"valueRequired\":true,\"valueName\":\"search_term_string\"}}],\"inLanguage\":\"fr-FR\"}]}<\/script>\n<!-- \/ Yoast SEO plugin. -->","yoast_head_json":{"title":"Suites-Studios Familiales - Savoy Dubai","robots":{"index":"index","follow":"follow","max-snippet":"max-snippet:-1","max-image-preview":"max-image-preview:large","max-video-preview":"max-video-preview:-1"},"canonical":"https:\/\/www.savoydubai.com\/fr\/savoy-central\/hebergement\/suites-studios-familiales\/","og_locale":"fr_FR","og_type":"article","og_title":"Suites-Studios Familiales - Savoy Dubai","og_description":"Si vous voyagez avec votre famille et vos proches, la suite-studio familiale du Savoy Central \u00e0 Duba\u00ef est l&rsquo;endroit id\u00e9al pour d\u00e9couvrir Duba\u00ef et cr\u00e9er des souvenirs qui dureront toute une vie. Nos suites-studios familiales ont \u00e9t\u00e9 con\u00e7ues pour le confort des familles ainsi que pour les s\u00e9jours de longue dur\u00e9e, et garantissent \u00e0 leurs [&hellip;]","og_url":"https:\/\/www.savoydubai.com\/fr\/savoy-central\/hebergement\/suites-studios-familiales\/","og_site_name":"Savoy Dubai","article_modified_time":"2020-10-17T14:49:47+00:00","twitter_card":"summary_large_image","twitter_misc":{"Dur\u00e9e de lecture estim\u00e9e":"1 minute"},"schema":{"@context":"https:\/\/schema.org","@graph":[{"@type":"WebPage","@id":"https:\/\/www.savoydubai.com\/fr\/savoy-central\/hebergement\/suites-studios-familiales\/","url":"https:\/\/www.savoydubai.com\/fr\/savoy-central\/hebergement\/suites-studios-familiales\/","name":"Suites-Studios Familiales - Savoy Dubai","isPartOf":{"@id":"https:\/\/www.savoydubai.com\/fr\/#website"},"datePublished":"2020-07-10T10:17:05+00:00","dateModified":"2020-10-17T14:49:47+00:00","breadcrumb":{"@id":"https:\/\/www.savoydubai.com\/fr\/savoy-central\/hebergement\/suites-studios-familiales\/#breadcrumb"},"inLanguage":"fr-FR","potentialAction":[{"@type":"ReadAction","target":["https:\/\/www.savoydubai.com\/fr\/savoy-central\/hebergement\/suites-studios-familiales\/"]}]},{"@type":"BreadcrumbList","@id":"https:\/\/www.savoydubai.com\/fr\/savoy-central\/hebergement\/suites-studios-familiales\/#breadcrumb","itemListElement":[{"@type":"ListItem","position":1,"name":"Home","item":"https:\/\/www.savoydubai.com\/fr\/"},{"@type":"ListItem","position":2,"name":"Savoy Central","item":"https:\/\/www.savoydubai.com\/fr\/savoy-central\/"},{"@type":"ListItem","position":3,"name":"H\u00e9bergement","item":"https:\/\/www.savoydubai.com\/fr\/savoy-central\/hebergement\/"},{"@type":"ListItem","position":4,"name":"Suites-Studios Familiales"}]},{"@type":"WebSite","@id":"https:\/\/www.savoydubai.com\/fr\/#website","url":"https:\/\/www.savoydubai.com\/fr\/","name":"Savoy Dubai","description":"Just another ms.decms.eu site","potentialAction":[{"@type":"SearchAction","target":{"@type":"EntryPoint","urlTemplate":"https:\/\/www.savoydubai.com\/fr\/?s={search_term_string}"},"query-input":{"@type":"PropertyValueSpecification","valueRequired":true,"valueName":"search_term_string"}}],"inLanguage":"fr-FR"}]}},"acf":[],"_links":{"self":[{"href":"https:\/\/www.savoydubai.com\/fr\/wp-json\/wp\/v2\/pages\/458","targetHints":{"allow":["GET"]}}],"collection":[{"href":"https:\/\/www.savoydubai.com\/fr\/wp-json\/wp\/v2\/pages"}],"about":[{"href":"https:\/\/www.savoydubai.com\/fr\/wp-json\/wp\/v2\/types\/page"}],"author":[{"embeddable":true,"href":"https:\/\/www.savoydubai.com\/fr\/wp-json\/wp\/v2\/users\/36"}],"replies":[{"embeddable":true,"href":"https:\/\/www.savoydubai.com\/fr\/wp-json\/wp\/v2\/comments?post=458"}],"version-history":[{"count":0,"href":"https:\/\/www.savoydubai.com\/fr\/wp-json\/wp\/v2\/pages\/458\/revisions"}],"up":[{"embeddable":true,"href":"https:\/\/www.savoydubai.com\/fr\/wp-json\/wp\/v2\/pages\/447"}],"wp:attachment":[{"href":"https:\/\/www.savoydubai.com\/fr\/wp-json\/wp\/v2\/media?parent=458"}],"curies":[{"name":"wp","href":"https:\/\/api.w.org\/{rel}","templated":true}]}}