{"id":447,"date":"2020-07-10T09:38:32","date_gmt":"2020-07-10T09:38:32","guid":{"rendered":"http:\/\/savoy-dubai.ms.decms.eu\/?page_id=447"},"modified":"2020-10-13T14:20:53","modified_gmt":"2020-10-13T14:20:53","slug":"hebergement","status":"publish","type":"page","link":"https:\/\/www.savoydubai.com\/fr\/savoy-central\/hebergement\/","title":{"rendered":"H\u00e9bergement"},"content":{"rendered":"<p>Nos appartements sont id\u00e9aux pour les visiteurs professionnels, d&rsquo;affaires ou de tourisme et ils sont enti\u00e8rement \u00e9quip\u00e9s avec toutes les commodit\u00e9s que vous attendez. Si vous voulez d\u00e9couvrir la sophistication et la relaxation que Duba\u00ef a \u00e0 offrir, le Savoy Central vous propose l&rsquo;h\u00e9bergement que vous recherchez.<\/p>\n<p>Le Savoy Central comprend 123 studios de luxe bien am\u00e9nag\u00e9s, 24 chambres-studios communicantes et 7 chambres familiales aux int\u00e9rieurs spacieux qui vous procureront une sensation d&rsquo;intimit\u00e9, de calme et de tranquillit\u00e9. Tous les appartements sont con\u00e7us et meubl\u00e9s de mani\u00e8re experte avec des \u00e9quipements g\u00e9n\u00e9reux, notamment une kitchenette enti\u00e8rement \u00e9quip\u00e9e et des installations de lavage contemporaines pour permettre aux h\u00f4tes de profiter d&rsquo;un s\u00e9jour ind\u00e9pendant id\u00e9al.<\/p>\n","protected":false},"excerpt":{"rendered":"<p>Nos appartements sont id\u00e9aux pour les visiteurs professionnels, d&rsquo;affaires ou de tourisme et ils sont enti\u00e8rement \u00e9quip\u00e9s avec toutes les commodit\u00e9s que vous attendez. Si vous voulez d\u00e9couvrir la sophistication et la relaxation que Duba\u00ef a \u00e0 offrir, le Savoy Central vous propose l&rsquo;h\u00e9bergement que vous recherchez. Le Savoy Central comprend 123 studios de luxe [&hellip;]<\/p>\n","protected":false},"author":36,"featured_media":0,"parent":439,"menu_order":10,"comment_status":"closed","ping_status":"closed","template":"template-hotel-rooms.php","meta":{"footnotes":""},"class_list":["post-447","page","type-page","status-publish","hentry"],"yoast_head":"<!-- This site is optimized with the Yoast SEO plugin v26.9 - https:\/\/yoast.com\/product\/yoast-seo-wordpress\/ -->\n<title>H\u00e9bergement - Savoy Dubai<\/title>\n<meta name=\"robots\" content=\"index, follow, max-snippet:-1, max-image-preview:large, max-video-preview:-1\" \/>\n<link rel=\"canonical\" href=\"https:\/\/www.savoydubai.com\/fr\/savoy-central\/hebergement\/\" \/>\n<meta property=\"og:locale\" content=\"fr_FR\" \/>\n<meta property=\"og:type\" content=\"article\" \/>\n<meta property=\"og:title\" content=\"H\u00e9bergement - Savoy Dubai\" \/>\n<meta property=\"og:description\" content=\"Nos appartements sont id\u00e9aux pour les visiteurs professionnels, d&rsquo;affaires ou de tourisme et ils sont enti\u00e8rement \u00e9quip\u00e9s avec toutes les commodit\u00e9s que vous attendez. Si vous voulez d\u00e9couvrir la sophistication et la relaxation que Duba\u00ef a \u00e0 offrir, le Savoy Central vous propose l&rsquo;h\u00e9bergement que vous recherchez. Le Savoy Central comprend 123 studios de luxe [&hellip;]\" \/>\n<meta property=\"og:url\" content=\"https:\/\/www.savoydubai.com\/fr\/savoy-central\/hebergement\/\" \/>\n<meta property=\"og:site_name\" content=\"Savoy Dubai\" \/>\n<meta property=\"article:modified_time\" content=\"2020-10-13T14:20:53+00:00\" \/>\n<meta name=\"twitter:card\" content=\"summary_large_image\" \/>\n<meta name=\"twitter:label1\" content=\"Dur\u00e9e de lecture estim\u00e9e\" \/>\n\t<meta name=\"twitter:data1\" content=\"1 minute\" \/>\n<script type=\"application\/ld+json\" class=\"yoast-schema-graph\">{\"@context\":\"https:\/\/schema.org\",\"@graph\":[{\"@type\":\"WebPage\",\"@id\":\"https:\/\/www.savoydubai.com\/fr\/savoy-central\/hebergement\/\",\"url\":\"https:\/\/www.savoydubai.com\/fr\/savoy-central\/hebergement\/\",\"name\":\"H\u00e9bergement - Savoy Dubai\",\"isPartOf\":{\"@id\":\"https:\/\/www.savoydubai.com\/fr\/#website\"},\"datePublished\":\"2020-07-10T09:38:32+00:00\",\"dateModified\":\"2020-10-13T14:20:53+00:00\",\"breadcrumb\":{\"@id\":\"https:\/\/www.savoydubai.com\/fr\/savoy-central\/hebergement\/#breadcrumb\"},\"inLanguage\":\"fr-FR\",\"potentialAction\":[{\"@type\":\"ReadAction\",\"target\":[\"https:\/\/www.savoydubai.com\/fr\/savoy-central\/hebergement\/\"]}]},{\"@type\":\"BreadcrumbList\",\"@id\":\"https:\/\/www.savoydubai.com\/fr\/savoy-central\/hebergement\/#breadcrumb\",\"itemListElement\":[{\"@type\":\"ListItem\",\"position\":1,\"name\":\"Home\",\"item\":\"https:\/\/www.savoydubai.com\/fr\/\"},{\"@type\":\"ListItem\",\"position\":2,\"name\":\"Savoy Central\",\"item\":\"https:\/\/www.savoydubai.com\/fr\/savoy-central\/\"},{\"@type\":\"ListItem\",\"position\":3,\"name\":\"H\u00e9bergement\"}]},{\"@type\":\"WebSite\",\"@id\":\"https:\/\/www.savoydubai.com\/fr\/#website\",\"url\":\"https:\/\/www.savoydubai.com\/fr\/\",\"name\":\"Savoy Dubai\",\"description\":\"Just another ms.decms.eu site\",\"potentialAction\":[{\"@type\":\"SearchAction\",\"target\":{\"@type\":\"EntryPoint\",\"urlTemplate\":\"https:\/\/www.savoydubai.com\/fr\/?s={search_term_string}\"},\"query-input\":{\"@type\":\"PropertyValueSpecification\",\"valueRequired\":true,\"valueName\":\"search_term_string\"}}],\"inLanguage\":\"fr-FR\"}]}<\/script>\n<!-- \/ Yoast SEO plugin. -->","yoast_head_json":{"title":"H\u00e9bergement - Savoy Dubai","robots":{"index":"index","follow":"follow","max-snippet":"max-snippet:-1","max-image-preview":"max-image-preview:large","max-video-preview":"max-video-preview:-1"},"canonical":"https:\/\/www.savoydubai.com\/fr\/savoy-central\/hebergement\/","og_locale":"fr_FR","og_type":"article","og_title":"H\u00e9bergement - Savoy Dubai","og_description":"Nos appartements sont id\u00e9aux pour les visiteurs professionnels, d&rsquo;affaires ou de tourisme et ils sont enti\u00e8rement \u00e9quip\u00e9s avec toutes les commodit\u00e9s que vous attendez. Si vous voulez d\u00e9couvrir la sophistication et la relaxation que Duba\u00ef a \u00e0 offrir, le Savoy Central vous propose l&rsquo;h\u00e9bergement que vous recherchez. Le Savoy Central comprend 123 studios de luxe [&hellip;]","og_url":"https:\/\/www.savoydubai.com\/fr\/savoy-central\/hebergement\/","og_site_name":"Savoy Dubai","article_modified_time":"2020-10-13T14:20:53+00:00","twitter_card":"summary_large_image","twitter_misc":{"Dur\u00e9e de lecture estim\u00e9e":"1 minute"},"schema":{"@context":"https:\/\/schema.org","@graph":[{"@type":"WebPage","@id":"https:\/\/www.savoydubai.com\/fr\/savoy-central\/hebergement\/","url":"https:\/\/www.savoydubai.com\/fr\/savoy-central\/hebergement\/","name":"H\u00e9bergement - Savoy Dubai","isPartOf":{"@id":"https:\/\/www.savoydubai.com\/fr\/#website"},"datePublished":"2020-07-10T09:38:32+00:00","dateModified":"2020-10-13T14:20:53+00:00","breadcrumb":{"@id":"https:\/\/www.savoydubai.com\/fr\/savoy-central\/hebergement\/#breadcrumb"},"inLanguage":"fr-FR","potentialAction":[{"@type":"ReadAction","target":["https:\/\/www.savoydubai.com\/fr\/savoy-central\/hebergement\/"]}]},{"@type":"BreadcrumbList","@id":"https:\/\/www.savoydubai.com\/fr\/savoy-central\/hebergement\/#breadcrumb","itemListElement":[{"@type":"ListItem","position":1,"name":"Home","item":"https:\/\/www.savoydubai.com\/fr\/"},{"@type":"ListItem","position":2,"name":"Savoy Central","item":"https:\/\/www.savoydubai.com\/fr\/savoy-central\/"},{"@type":"ListItem","position":3,"name":"H\u00e9bergement"}]},{"@type":"WebSite","@id":"https:\/\/www.savoydubai.com\/fr\/#website","url":"https:\/\/www.savoydubai.com\/fr\/","name":"Savoy Dubai","description":"Just another ms.decms.eu site","potentialAction":[{"@type":"SearchAction","target":{"@type":"EntryPoint","urlTemplate":"https:\/\/www.savoydubai.com\/fr\/?s={search_term_string}"},"query-input":{"@type":"PropertyValueSpecification","valueRequired":true,"valueName":"search_term_string"}}],"inLanguage":"fr-FR"}]}},"acf":[],"_links":{"self":[{"href":"https:\/\/www.savoydubai.com\/fr\/wp-json\/wp\/v2\/pages\/447","targetHints":{"allow":["GET"]}}],"collection":[{"href":"https:\/\/www.savoydubai.com\/fr\/wp-json\/wp\/v2\/pages"}],"about":[{"href":"https:\/\/www.savoydubai.com\/fr\/wp-json\/wp\/v2\/types\/page"}],"author":[{"embeddable":true,"href":"https:\/\/www.savoydubai.com\/fr\/wp-json\/wp\/v2\/users\/36"}],"replies":[{"embeddable":true,"href":"https:\/\/www.savoydubai.com\/fr\/wp-json\/wp\/v2\/comments?post=447"}],"version-history":[{"count":0,"href":"https:\/\/www.savoydubai.com\/fr\/wp-json\/wp\/v2\/pages\/447\/revisions"}],"up":[{"embeddable":true,"href":"https:\/\/www.savoydubai.com\/fr\/wp-json\/wp\/v2\/pages\/439"}],"wp:attachment":[{"href":"https:\/\/www.savoydubai.com\/fr\/wp-json\/wp\/v2\/media?parent=447"}],"curies":[{"name":"wp","href":"https:\/\/api.w.org\/{rel}","templated":true}]}}