{"id":439,"date":"2020-07-10T09:12:00","date_gmt":"2020-07-10T09:12:00","guid":{"rendered":"http:\/\/savoy-dubai.ms.decms.eu\/?page_id=439"},"modified":"2020-10-08T14:48:39","modified_gmt":"2020-10-08T14:48:39","slug":"savoy-central","status":"publish","type":"page","link":"https:\/\/www.savoydubai.com\/fr\/savoy-central\/","title":{"rendered":"Savoy Central"},"content":{"rendered":"<p>Offrant une vue panoramique sur le quartier du centre-ville de Bur Dubai depuis la piscine sur le toit, le Savoy Central Hotel Apartments propose des chambres avec des kitchenettes bien \u00e9quip\u00e9es. Les installations comprennent une piscine ext\u00e9rieure, un sauna \/ hammam et une salle de sport. Les 154 appartements climatis\u00e9s pr\u00e9sentent un int\u00e9rieur moderne avec des touches d\u00e9coratives traditionnelles. Tous les appartements disposent d&rsquo;un coin salon avec t\u00e9l\u00e9vision par satellite, d&rsquo;un grand r\u00e9frig\u00e9rateur avec compartiment cong\u00e9lateur, d&rsquo;un four \u00e0 micro-ondes et d&rsquo;un lave-linge.<\/p>\n<p>Des billets \u00e0 prix r\u00e9duit pour toutes les principales attractions locales sont disponibles \u00e0 la r\u00e9ception. Un service de bus quotidien gratuit pour la plage de La Mer \u00e0 Jumeirah est offert \u00e0 tous les h\u00f4tes, ainsi que des serviettes et des tapis de plage. L&rsquo;h\u00f4tel est id\u00e9alement situ\u00e9 \u00e0 proximit\u00e9 du centre commercial BurJuman, du mus\u00e9e de Duba\u00ef et du quartier culturel de Duba\u00ef. Les stations de m\u00e9tro sont accessibles \u00e0 pied depuis l&rsquo;h\u00f4tel.<\/p>\n<p>Le caf\u00e9-restaurant multi-cuisine vous propose petit-d\u00e9jeuner, d\u00e9jeuner, d\u00eener et collations. Il sert une grande vari\u00e9t\u00e9 de plats internationaux.<\/p>\n<p>Laur\u00e9at du prix du tourisme durable vert de Duba\u00ef en 2017 et 2019. Au Savoy Central Hotel Apartments, nous estimons que durabilit\u00e9 et hospitalit\u00e9 exceptionnelle doivent coexister.<\/p>\n","protected":false},"excerpt":{"rendered":"<p>Les chambres-studios de luxe tout \u00e9quip\u00e9es du Savoy Central Hotel Apartments offrent depuis le c\u0153ur de Duba\u00ef une vue panoramique sur la ville.<\/p>\n","protected":false},"author":36,"featured_media":0,"parent":0,"menu_order":40,"comment_status":"closed","ping_status":"closed","template":"template-hotel.php","meta":{"footnotes":""},"class_list":["post-439","page","type-page","status-publish","hentry"],"yoast_head":"<!-- This site is optimized with the Yoast SEO plugin v26.9 - https:\/\/yoast.com\/product\/yoast-seo-wordpress\/ -->\n<title>Savoy Central - Savoy Dubai<\/title>\n<meta name=\"robots\" content=\"index, follow, max-snippet:-1, max-image-preview:large, max-video-preview:-1\" \/>\n<link rel=\"canonical\" href=\"https:\/\/www.savoydubai.com\/fr\/savoy-central\/\" \/>\n<meta property=\"og:locale\" content=\"fr_FR\" \/>\n<meta property=\"og:type\" content=\"article\" \/>\n<meta property=\"og:title\" content=\"Savoy Central - Savoy Dubai\" \/>\n<meta property=\"og:description\" content=\"Les chambres-studios de luxe tout \u00e9quip\u00e9es du Savoy Central Hotel Apartments offrent depuis le c\u0153ur de Duba\u00ef une vue panoramique sur la ville.\" \/>\n<meta property=\"og:url\" content=\"https:\/\/www.savoydubai.com\/fr\/savoy-central\/\" \/>\n<meta property=\"og:site_name\" content=\"Savoy Dubai\" \/>\n<meta property=\"article:modified_time\" content=\"2020-10-08T14:48:39+00:00\" \/>\n<meta name=\"twitter:card\" content=\"summary_large_image\" \/>\n<meta name=\"twitter:label1\" content=\"Dur\u00e9e de lecture estim\u00e9e\" \/>\n\t<meta name=\"twitter:data1\" content=\"1 minute\" \/>\n<script type=\"application\/ld+json\" class=\"yoast-schema-graph\">{\"@context\":\"https:\/\/schema.org\",\"@graph\":[{\"@type\":\"WebPage\",\"@id\":\"https:\/\/www.savoydubai.com\/fr\/savoy-central\/\",\"url\":\"https:\/\/www.savoydubai.com\/fr\/savoy-central\/\",\"name\":\"Savoy Central - Savoy Dubai\",\"isPartOf\":{\"@id\":\"https:\/\/www.savoydubai.com\/fr\/#website\"},\"datePublished\":\"2020-07-10T09:12:00+00:00\",\"dateModified\":\"2020-10-08T14:48:39+00:00\",\"breadcrumb\":{\"@id\":\"https:\/\/www.savoydubai.com\/fr\/savoy-central\/#breadcrumb\"},\"inLanguage\":\"fr-FR\",\"potentialAction\":[{\"@type\":\"ReadAction\",\"target\":[\"https:\/\/www.savoydubai.com\/fr\/savoy-central\/\"]}]},{\"@type\":\"BreadcrumbList\",\"@id\":\"https:\/\/www.savoydubai.com\/fr\/savoy-central\/#breadcrumb\",\"itemListElement\":[{\"@type\":\"ListItem\",\"position\":1,\"name\":\"Home\",\"item\":\"https:\/\/www.savoydubai.com\/fr\/\"},{\"@type\":\"ListItem\",\"position\":2,\"name\":\"Savoy Central\"}]},{\"@type\":\"WebSite\",\"@id\":\"https:\/\/www.savoydubai.com\/fr\/#website\",\"url\":\"https:\/\/www.savoydubai.com\/fr\/\",\"name\":\"Savoy Dubai\",\"description\":\"Just another ms.decms.eu site\",\"potentialAction\":[{\"@type\":\"SearchAction\",\"target\":{\"@type\":\"EntryPoint\",\"urlTemplate\":\"https:\/\/www.savoydubai.com\/fr\/?s={search_term_string}\"},\"query-input\":{\"@type\":\"PropertyValueSpecification\",\"valueRequired\":true,\"valueName\":\"search_term_string\"}}],\"inLanguage\":\"fr-FR\"}]}<\/script>\n<!-- \/ Yoast SEO plugin. -->","yoast_head_json":{"title":"Savoy Central - Savoy Dubai","robots":{"index":"index","follow":"follow","max-snippet":"max-snippet:-1","max-image-preview":"max-image-preview:large","max-video-preview":"max-video-preview:-1"},"canonical":"https:\/\/www.savoydubai.com\/fr\/savoy-central\/","og_locale":"fr_FR","og_type":"article","og_title":"Savoy Central - Savoy Dubai","og_description":"Les chambres-studios de luxe tout \u00e9quip\u00e9es du Savoy Central Hotel Apartments offrent depuis le c\u0153ur de Duba\u00ef une vue panoramique sur la ville.","og_url":"https:\/\/www.savoydubai.com\/fr\/savoy-central\/","og_site_name":"Savoy Dubai","article_modified_time":"2020-10-08T14:48:39+00:00","twitter_card":"summary_large_image","twitter_misc":{"Dur\u00e9e de lecture estim\u00e9e":"1 minute"},"schema":{"@context":"https:\/\/schema.org","@graph":[{"@type":"WebPage","@id":"https:\/\/www.savoydubai.com\/fr\/savoy-central\/","url":"https:\/\/www.savoydubai.com\/fr\/savoy-central\/","name":"Savoy Central - Savoy Dubai","isPartOf":{"@id":"https:\/\/www.savoydubai.com\/fr\/#website"},"datePublished":"2020-07-10T09:12:00+00:00","dateModified":"2020-10-08T14:48:39+00:00","breadcrumb":{"@id":"https:\/\/www.savoydubai.com\/fr\/savoy-central\/#breadcrumb"},"inLanguage":"fr-FR","potentialAction":[{"@type":"ReadAction","target":["https:\/\/www.savoydubai.com\/fr\/savoy-central\/"]}]},{"@type":"BreadcrumbList","@id":"https:\/\/www.savoydubai.com\/fr\/savoy-central\/#breadcrumb","itemListElement":[{"@type":"ListItem","position":1,"name":"Home","item":"https:\/\/www.savoydubai.com\/fr\/"},{"@type":"ListItem","position":2,"name":"Savoy Central"}]},{"@type":"WebSite","@id":"https:\/\/www.savoydubai.com\/fr\/#website","url":"https:\/\/www.savoydubai.com\/fr\/","name":"Savoy Dubai","description":"Just another ms.decms.eu site","potentialAction":[{"@type":"SearchAction","target":{"@type":"EntryPoint","urlTemplate":"https:\/\/www.savoydubai.com\/fr\/?s={search_term_string}"},"query-input":{"@type":"PropertyValueSpecification","valueRequired":true,"valueName":"search_term_string"}}],"inLanguage":"fr-FR"}]}},"acf":[],"_links":{"self":[{"href":"https:\/\/www.savoydubai.com\/fr\/wp-json\/wp\/v2\/pages\/439","targetHints":{"allow":["GET"]}}],"collection":[{"href":"https:\/\/www.savoydubai.com\/fr\/wp-json\/wp\/v2\/pages"}],"about":[{"href":"https:\/\/www.savoydubai.com\/fr\/wp-json\/wp\/v2\/types\/page"}],"author":[{"embeddable":true,"href":"https:\/\/www.savoydubai.com\/fr\/wp-json\/wp\/v2\/users\/36"}],"replies":[{"embeddable":true,"href":"https:\/\/www.savoydubai.com\/fr\/wp-json\/wp\/v2\/comments?post=439"}],"version-history":[{"count":0,"href":"https:\/\/www.savoydubai.com\/fr\/wp-json\/wp\/v2\/pages\/439\/revisions"}],"wp:attachment":[{"href":"https:\/\/www.savoydubai.com\/fr\/wp-json\/wp\/v2\/media?parent=439"}],"curies":[{"name":"wp","href":"https:\/\/api.w.org\/{rel}","templated":true}]}}