{"id":433,"date":"2020-07-06T08:18:49","date_gmt":"2020-07-06T08:18:49","guid":{"rendered":"http:\/\/savoy-dubai.ms.decms.eu\/savoy-crest\/hebergement\/studio-suite\/"},"modified":"2026-04-13T09:52:39","modified_gmt":"2026-04-13T09:52:39","slug":"studios","status":"publish","type":"page","link":"https:\/\/www.savoydubai.com\/fr\/savoy-crest\/hebergement\/studios\/","title":{"rendered":"Studios"},"content":{"rendered":"<p>Le Savoy Crest Hotel Apartments \u00e0 Bur Dubai offre des chambres-studios simplement sophistiqu\u00e9es qui sont con\u00e7ues pour le plus grand confort en style et qui sont parfaites pour les vacanciers de long s\u00e9jour et les voyageurs d&rsquo;affaires.<\/p>\n<p>Ces chambres modernes disposent d&rsquo;une connexion Internet haut d\u00e9bit sans fil gratuite pour vous garder connect\u00e9, d&rsquo;une t\u00e9l\u00e9vision \u00e0 \u00e9cran plat multi-cha\u00eenes pour votre divertissement, d&rsquo;un coin salon avec un canap\u00e9-lit confortable pour vous aider \u00e0 vous d\u00e9tendre et d&rsquo;un bureau \u00e9l\u00e9gant pour vous assurer de pouvoir travailler confortablement. Un coffre-fort \u00e9lectronique pour ranger vos objets de valeur est disponible \u00e0 l&rsquo;int\u00e9rieur de chaque garde-robe. D&rsquo;une kitchenette enti\u00e8rement fonctionnelle et \u00e9quip\u00e9e \u00e0 un espace buanderie, un fer et une planche \u00e0 repasser, votre s\u00e9jour sera aussi confortable et pratique que possible et vous fera vous sentir comme chez vous.<\/p>\n","protected":false},"excerpt":{"rendered":"<p>Le Savoy Crest Hotel Apartments \u00e0 Bur Dubai offre des chambres-studios simplement sophistiqu\u00e9es qui sont con\u00e7ues pour le plus grand confort en style et qui sont parfaites pour les vacanciers de long s\u00e9jour et les voyageurs d&rsquo;affaires. Ces chambres modernes disposent d&rsquo;une connexion Internet haut d\u00e9bit sans fil gratuite pour vous garder connect\u00e9, d&rsquo;une t\u00e9l\u00e9vision [&hellip;]<\/p>\n","protected":false},"author":17,"featured_media":0,"parent":299,"menu_order":5,"comment_status":"closed","ping_status":"closed","template":"template-hotel-single-room.php","meta":{"footnotes":""},"class_list":["post-433","page","type-page","status-publish","hentry"],"yoast_head":"<!-- This site is optimized with the Yoast SEO plugin v26.9 - https:\/\/yoast.com\/product\/yoast-seo-wordpress\/ -->\n<title>Studios - Savoy Dubai<\/title>\n<meta name=\"robots\" content=\"index, follow, max-snippet:-1, max-image-preview:large, max-video-preview:-1\" \/>\n<link rel=\"canonical\" href=\"https:\/\/www.savoydubai.com\/fr\/savoy-crest\/hebergement\/studios\/\" \/>\n<meta property=\"og:locale\" content=\"fr_FR\" \/>\n<meta property=\"og:type\" content=\"article\" \/>\n<meta property=\"og:title\" content=\"Studios - Savoy Dubai\" \/>\n<meta property=\"og:description\" content=\"Le Savoy Crest Hotel Apartments \u00e0 Bur Dubai offre des chambres-studios simplement sophistiqu\u00e9es qui sont con\u00e7ues pour le plus grand confort en style et qui sont parfaites pour les vacanciers de long s\u00e9jour et les voyageurs d&rsquo;affaires. Ces chambres modernes disposent d&rsquo;une connexion Internet haut d\u00e9bit sans fil gratuite pour vous garder connect\u00e9, d&rsquo;une t\u00e9l\u00e9vision [&hellip;]\" \/>\n<meta property=\"og:url\" content=\"https:\/\/www.savoydubai.com\/fr\/savoy-crest\/hebergement\/studios\/\" \/>\n<meta property=\"og:site_name\" content=\"Savoy Dubai\" \/>\n<meta property=\"article:modified_time\" content=\"2026-04-13T09:52:39+00:00\" \/>\n<meta name=\"twitter:card\" content=\"summary_large_image\" \/>\n<meta name=\"twitter:label1\" content=\"Dur\u00e9e de lecture estim\u00e9e\" \/>\n\t<meta name=\"twitter:data1\" content=\"1 minute\" \/>\n<script type=\"application\/ld+json\" class=\"yoast-schema-graph\">{\"@context\":\"https:\/\/schema.org\",\"@graph\":[{\"@type\":\"WebPage\",\"@id\":\"https:\/\/www.savoydubai.com\/fr\/savoy-crest\/hebergement\/studios\/\",\"url\":\"https:\/\/www.savoydubai.com\/fr\/savoy-crest\/hebergement\/studios\/\",\"name\":\"Studios - Savoy Dubai\",\"isPartOf\":{\"@id\":\"https:\/\/www.savoydubai.com\/fr\/#website\"},\"datePublished\":\"2020-07-06T08:18:49+00:00\",\"dateModified\":\"2026-04-13T09:52:39+00:00\",\"breadcrumb\":{\"@id\":\"https:\/\/www.savoydubai.com\/fr\/savoy-crest\/hebergement\/studios\/#breadcrumb\"},\"inLanguage\":\"fr-FR\",\"potentialAction\":[{\"@type\":\"ReadAction\",\"target\":[\"https:\/\/www.savoydubai.com\/fr\/savoy-crest\/hebergement\/studios\/\"]}]},{\"@type\":\"BreadcrumbList\",\"@id\":\"https:\/\/www.savoydubai.com\/fr\/savoy-crest\/hebergement\/studios\/#breadcrumb\",\"itemListElement\":[{\"@type\":\"ListItem\",\"position\":1,\"name\":\"Home\",\"item\":\"https:\/\/www.savoydubai.com\/fr\/\"},{\"@type\":\"ListItem\",\"position\":2,\"name\":\"Savoy Crest\",\"item\":\"https:\/\/www.savoydubai.com\/fr\/savoy-crest\/\"},{\"@type\":\"ListItem\",\"position\":3,\"name\":\"H\u00e9bergement\",\"item\":\"https:\/\/www.savoydubai.com\/fr\/savoy-crest\/hebergement\/\"},{\"@type\":\"ListItem\",\"position\":4,\"name\":\"Studios\"}]},{\"@type\":\"WebSite\",\"@id\":\"https:\/\/www.savoydubai.com\/fr\/#website\",\"url\":\"https:\/\/www.savoydubai.com\/fr\/\",\"name\":\"Savoy Dubai\",\"description\":\"Just another ms.decms.eu site\",\"potentialAction\":[{\"@type\":\"SearchAction\",\"target\":{\"@type\":\"EntryPoint\",\"urlTemplate\":\"https:\/\/www.savoydubai.com\/fr\/?s={search_term_string}\"},\"query-input\":{\"@type\":\"PropertyValueSpecification\",\"valueRequired\":true,\"valueName\":\"search_term_string\"}}],\"inLanguage\":\"fr-FR\"}]}<\/script>\n<!-- \/ Yoast SEO plugin. -->","yoast_head_json":{"title":"Studios - Savoy Dubai","robots":{"index":"index","follow":"follow","max-snippet":"max-snippet:-1","max-image-preview":"max-image-preview:large","max-video-preview":"max-video-preview:-1"},"canonical":"https:\/\/www.savoydubai.com\/fr\/savoy-crest\/hebergement\/studios\/","og_locale":"fr_FR","og_type":"article","og_title":"Studios - Savoy Dubai","og_description":"Le Savoy Crest Hotel Apartments \u00e0 Bur Dubai offre des chambres-studios simplement sophistiqu\u00e9es qui sont con\u00e7ues pour le plus grand confort en style et qui sont parfaites pour les vacanciers de long s\u00e9jour et les voyageurs d&rsquo;affaires. Ces chambres modernes disposent d&rsquo;une connexion Internet haut d\u00e9bit sans fil gratuite pour vous garder connect\u00e9, d&rsquo;une t\u00e9l\u00e9vision [&hellip;]","og_url":"https:\/\/www.savoydubai.com\/fr\/savoy-crest\/hebergement\/studios\/","og_site_name":"Savoy Dubai","article_modified_time":"2026-04-13T09:52:39+00:00","twitter_card":"summary_large_image","twitter_misc":{"Dur\u00e9e de lecture estim\u00e9e":"1 minute"},"schema":{"@context":"https:\/\/schema.org","@graph":[{"@type":"WebPage","@id":"https:\/\/www.savoydubai.com\/fr\/savoy-crest\/hebergement\/studios\/","url":"https:\/\/www.savoydubai.com\/fr\/savoy-crest\/hebergement\/studios\/","name":"Studios - Savoy Dubai","isPartOf":{"@id":"https:\/\/www.savoydubai.com\/fr\/#website"},"datePublished":"2020-07-06T08:18:49+00:00","dateModified":"2026-04-13T09:52:39+00:00","breadcrumb":{"@id":"https:\/\/www.savoydubai.com\/fr\/savoy-crest\/hebergement\/studios\/#breadcrumb"},"inLanguage":"fr-FR","potentialAction":[{"@type":"ReadAction","target":["https:\/\/www.savoydubai.com\/fr\/savoy-crest\/hebergement\/studios\/"]}]},{"@type":"BreadcrumbList","@id":"https:\/\/www.savoydubai.com\/fr\/savoy-crest\/hebergement\/studios\/#breadcrumb","itemListElement":[{"@type":"ListItem","position":1,"name":"Home","item":"https:\/\/www.savoydubai.com\/fr\/"},{"@type":"ListItem","position":2,"name":"Savoy Crest","item":"https:\/\/www.savoydubai.com\/fr\/savoy-crest\/"},{"@type":"ListItem","position":3,"name":"H\u00e9bergement","item":"https:\/\/www.savoydubai.com\/fr\/savoy-crest\/hebergement\/"},{"@type":"ListItem","position":4,"name":"Studios"}]},{"@type":"WebSite","@id":"https:\/\/www.savoydubai.com\/fr\/#website","url":"https:\/\/www.savoydubai.com\/fr\/","name":"Savoy Dubai","description":"Just another ms.decms.eu site","potentialAction":[{"@type":"SearchAction","target":{"@type":"EntryPoint","urlTemplate":"https:\/\/www.savoydubai.com\/fr\/?s={search_term_string}"},"query-input":{"@type":"PropertyValueSpecification","valueRequired":true,"valueName":"search_term_string"}}],"inLanguage":"fr-FR"}]}},"acf":[],"_links":{"self":[{"href":"https:\/\/www.savoydubai.com\/fr\/wp-json\/wp\/v2\/pages\/433","targetHints":{"allow":["GET"]}}],"collection":[{"href":"https:\/\/www.savoydubai.com\/fr\/wp-json\/wp\/v2\/pages"}],"about":[{"href":"https:\/\/www.savoydubai.com\/fr\/wp-json\/wp\/v2\/types\/page"}],"author":[{"embeddable":true,"href":"https:\/\/www.savoydubai.com\/fr\/wp-json\/wp\/v2\/users\/17"}],"replies":[{"embeddable":true,"href":"https:\/\/www.savoydubai.com\/fr\/wp-json\/wp\/v2\/comments?post=433"}],"version-history":[{"count":0,"href":"https:\/\/www.savoydubai.com\/fr\/wp-json\/wp\/v2\/pages\/433\/revisions"}],"up":[{"embeddable":true,"href":"https:\/\/www.savoydubai.com\/fr\/wp-json\/wp\/v2\/pages\/299"}],"wp:attachment":[{"href":"https:\/\/www.savoydubai.com\/fr\/wp-json\/wp\/v2\/media?parent=433"}],"curies":[{"name":"wp","href":"https:\/\/api.w.org\/{rel}","templated":true}]}}