{"id":353,"date":"2020-07-09T15:12:38","date_gmt":"2020-07-09T15:12:38","guid":{"rendered":"http:\/\/savoy-dubai.ms.decms.eu\/?page_id=353"},"modified":"2022-02-18T11:14:37","modified_gmt":"2022-02-18T11:14:37","slug":"localisation","status":"publish","type":"page","link":"https:\/\/www.savoydubai.com\/fr\/savoy-suites\/localisation\/","title":{"rendered":"Localisation"},"content":{"rendered":"<p>Le Savoy Suites Hotel Apartments se trouve au c\u0153ur de la ville anim\u00e9e de Duba\u00ef. Situ\u00e9 \u00e0 Mankhool Bur Dubai, c&rsquo;est l&rsquo;h\u00f4tel Savoy le mieux plac\u00e9 et le plus facile d&rsquo;acc\u00e8s pour les voyageurs. C&rsquo;est l&rsquo;h\u00f4tel le plus proche de l&rsquo;a\u00e9roport international de Duba\u00ef, \u00e0 seulement 9 km de celui-ci, et le plus proche \u00e0 pied des centres commerciaux et des stations de m\u00e9tro des environs. La station de m\u00e9tro de la ligne rouge de BurJuman et le centre commercial BurJuman sont \u00e0 9 minutes et la station de m\u00e9tro de la ligne verte de Al Fahidi n&rsquo;est qu&rsquo;\u00e0 7 minutes de l&rsquo;h\u00f4tel.<\/p>\n<p>Avoir le Savoy Suites comme point de d\u00e9part pour explorer les rues anim\u00e9es de cette ville tr\u00e8s appr\u00e9ci\u00e9e est un vrai plaisir car tout ce qui vaut le d\u00e9tour est \u00e0 distance de marche ou \u00e0 quelques minutes en voiture. Le centre commercial Al Rais est accessible en 5 minutes \u00e0 pied. Ouvrez-vous l&rsquo;app\u00e9tit avec une s\u00e9ance th\u00e9rapeutique de shopping puis savourez un bon repas dans l&rsquo;un des nombreux restaurants des environs. Les c\u00e9l\u00e8bres gratte-ciel de Sheikh Zayed Road et les grandes attractions comme le Burj Khalifa ne sont peut-\u00eatre pas accessibles \u00e0 pied, mais l&rsquo;acc\u00e8s pratique aux transports \u00e0 partir du Savoy Suites facilite le trajet.<\/p>\n<p>Votre visite \u00e0 Duba\u00ef ne serait pas compl\u00e8te sans une visite de la plage de La Mer \u00e0 Jumeirah, qui se trouve \u00e0 14 minutes en voiture de l&rsquo;h\u00f4tel. L&rsquo;h\u00f4tel propose un service de bus gratuit et vous offrira des serviettes et des tapis de plage.<\/p>\n<p>Des taxis avec compteur sont facilement disponibles depuis l&rsquo;h\u00f4tel et nos h\u00f4tes peuvent \u00e9galement profiter des services RTA de bus et de m\u00e9tro \u00e0 proximit\u00e9 de l&rsquo;h\u00f4tel.<\/p>\n","protected":false},"excerpt":{"rendered":"<p>Le Savoy Suites Hotel Apartments se trouve au c\u0153ur de la ville anim\u00e9e de Duba\u00ef. Situ\u00e9 \u00e0 Mankhool Bur Dubai, c&rsquo;est l&rsquo;h\u00f4tel Savoy le mieux plac\u00e9 et le plus facile d&rsquo;acc\u00e8s pour les voyageurs. C&rsquo;est l&rsquo;h\u00f4tel le plus proche de l&rsquo;a\u00e9roport international de Duba\u00ef, \u00e0 seulement 9 km de celui-ci, et le plus proche \u00e0 [&hellip;]<\/p>\n","protected":false},"author":36,"featured_media":0,"parent":293,"menu_order":30,"comment_status":"closed","ping_status":"closed","template":"template-hotel-location.php","meta":{"footnotes":""},"class_list":["post-353","page","type-page","status-publish","hentry"],"yoast_head":"<!-- This site is optimized with the Yoast SEO plugin v26.9 - https:\/\/yoast.com\/product\/yoast-seo-wordpress\/ -->\n<title>Localisation - Savoy Dubai<\/title>\n<meta name=\"robots\" content=\"index, follow, max-snippet:-1, max-image-preview:large, max-video-preview:-1\" \/>\n<link rel=\"canonical\" href=\"https:\/\/www.savoydubai.com\/fr\/savoy-suites\/localisation\/\" \/>\n<meta property=\"og:locale\" content=\"fr_FR\" \/>\n<meta property=\"og:type\" content=\"article\" \/>\n<meta property=\"og:title\" content=\"Localisation - Savoy Dubai\" \/>\n<meta property=\"og:description\" content=\"Le Savoy Suites Hotel Apartments se trouve au c\u0153ur de la ville anim\u00e9e de Duba\u00ef. Situ\u00e9 \u00e0 Mankhool Bur Dubai, c&rsquo;est l&rsquo;h\u00f4tel Savoy le mieux plac\u00e9 et le plus facile d&rsquo;acc\u00e8s pour les voyageurs. C&rsquo;est l&rsquo;h\u00f4tel le plus proche de l&rsquo;a\u00e9roport international de Duba\u00ef, \u00e0 seulement 9 km de celui-ci, et le plus proche \u00e0 [&hellip;]\" \/>\n<meta property=\"og:url\" content=\"https:\/\/www.savoydubai.com\/fr\/savoy-suites\/localisation\/\" \/>\n<meta property=\"og:site_name\" content=\"Savoy Dubai\" \/>\n<meta property=\"article:modified_time\" content=\"2022-02-18T11:14:37+00:00\" \/>\n<meta name=\"twitter:card\" content=\"summary_large_image\" \/>\n<meta name=\"twitter:label1\" content=\"Dur\u00e9e de lecture estim\u00e9e\" \/>\n\t<meta name=\"twitter:data1\" content=\"1 minute\" \/>\n<script type=\"application\/ld+json\" class=\"yoast-schema-graph\">{\"@context\":\"https:\/\/schema.org\",\"@graph\":[{\"@type\":\"WebPage\",\"@id\":\"https:\/\/www.savoydubai.com\/fr\/savoy-suites\/localisation\/\",\"url\":\"https:\/\/www.savoydubai.com\/fr\/savoy-suites\/localisation\/\",\"name\":\"Localisation - Savoy Dubai\",\"isPartOf\":{\"@id\":\"https:\/\/www.savoydubai.com\/fr\/#website\"},\"datePublished\":\"2020-07-09T15:12:38+00:00\",\"dateModified\":\"2022-02-18T11:14:37+00:00\",\"breadcrumb\":{\"@id\":\"https:\/\/www.savoydubai.com\/fr\/savoy-suites\/localisation\/#breadcrumb\"},\"inLanguage\":\"fr-FR\",\"potentialAction\":[{\"@type\":\"ReadAction\",\"target\":[\"https:\/\/www.savoydubai.com\/fr\/savoy-suites\/localisation\/\"]}]},{\"@type\":\"BreadcrumbList\",\"@id\":\"https:\/\/www.savoydubai.com\/fr\/savoy-suites\/localisation\/#breadcrumb\",\"itemListElement\":[{\"@type\":\"ListItem\",\"position\":1,\"name\":\"Home\",\"item\":\"https:\/\/www.savoydubai.com\/fr\/\"},{\"@type\":\"ListItem\",\"position\":2,\"name\":\"Savoy Suites\",\"item\":\"https:\/\/www.savoydubai.com\/fr\/savoy-suites\/\"},{\"@type\":\"ListItem\",\"position\":3,\"name\":\"Localisation\"}]},{\"@type\":\"WebSite\",\"@id\":\"https:\/\/www.savoydubai.com\/fr\/#website\",\"url\":\"https:\/\/www.savoydubai.com\/fr\/\",\"name\":\"Savoy Dubai\",\"description\":\"Just another ms.decms.eu site\",\"potentialAction\":[{\"@type\":\"SearchAction\",\"target\":{\"@type\":\"EntryPoint\",\"urlTemplate\":\"https:\/\/www.savoydubai.com\/fr\/?s={search_term_string}\"},\"query-input\":{\"@type\":\"PropertyValueSpecification\",\"valueRequired\":true,\"valueName\":\"search_term_string\"}}],\"inLanguage\":\"fr-FR\"}]}<\/script>\n<!-- \/ Yoast SEO plugin. -->","yoast_head_json":{"title":"Localisation - Savoy Dubai","robots":{"index":"index","follow":"follow","max-snippet":"max-snippet:-1","max-image-preview":"max-image-preview:large","max-video-preview":"max-video-preview:-1"},"canonical":"https:\/\/www.savoydubai.com\/fr\/savoy-suites\/localisation\/","og_locale":"fr_FR","og_type":"article","og_title":"Localisation - Savoy Dubai","og_description":"Le Savoy Suites Hotel Apartments se trouve au c\u0153ur de la ville anim\u00e9e de Duba\u00ef. Situ\u00e9 \u00e0 Mankhool Bur Dubai, c&rsquo;est l&rsquo;h\u00f4tel Savoy le mieux plac\u00e9 et le plus facile d&rsquo;acc\u00e8s pour les voyageurs. C&rsquo;est l&rsquo;h\u00f4tel le plus proche de l&rsquo;a\u00e9roport international de Duba\u00ef, \u00e0 seulement 9 km de celui-ci, et le plus proche \u00e0 [&hellip;]","og_url":"https:\/\/www.savoydubai.com\/fr\/savoy-suites\/localisation\/","og_site_name":"Savoy Dubai","article_modified_time":"2022-02-18T11:14:37+00:00","twitter_card":"summary_large_image","twitter_misc":{"Dur\u00e9e de lecture estim\u00e9e":"1 minute"},"schema":{"@context":"https:\/\/schema.org","@graph":[{"@type":"WebPage","@id":"https:\/\/www.savoydubai.com\/fr\/savoy-suites\/localisation\/","url":"https:\/\/www.savoydubai.com\/fr\/savoy-suites\/localisation\/","name":"Localisation - Savoy Dubai","isPartOf":{"@id":"https:\/\/www.savoydubai.com\/fr\/#website"},"datePublished":"2020-07-09T15:12:38+00:00","dateModified":"2022-02-18T11:14:37+00:00","breadcrumb":{"@id":"https:\/\/www.savoydubai.com\/fr\/savoy-suites\/localisation\/#breadcrumb"},"inLanguage":"fr-FR","potentialAction":[{"@type":"ReadAction","target":["https:\/\/www.savoydubai.com\/fr\/savoy-suites\/localisation\/"]}]},{"@type":"BreadcrumbList","@id":"https:\/\/www.savoydubai.com\/fr\/savoy-suites\/localisation\/#breadcrumb","itemListElement":[{"@type":"ListItem","position":1,"name":"Home","item":"https:\/\/www.savoydubai.com\/fr\/"},{"@type":"ListItem","position":2,"name":"Savoy Suites","item":"https:\/\/www.savoydubai.com\/fr\/savoy-suites\/"},{"@type":"ListItem","position":3,"name":"Localisation"}]},{"@type":"WebSite","@id":"https:\/\/www.savoydubai.com\/fr\/#website","url":"https:\/\/www.savoydubai.com\/fr\/","name":"Savoy Dubai","description":"Just another ms.decms.eu site","potentialAction":[{"@type":"SearchAction","target":{"@type":"EntryPoint","urlTemplate":"https:\/\/www.savoydubai.com\/fr\/?s={search_term_string}"},"query-input":{"@type":"PropertyValueSpecification","valueRequired":true,"valueName":"search_term_string"}}],"inLanguage":"fr-FR"}]}},"acf":[],"_links":{"self":[{"href":"https:\/\/www.savoydubai.com\/fr\/wp-json\/wp\/v2\/pages\/353","targetHints":{"allow":["GET"]}}],"collection":[{"href":"https:\/\/www.savoydubai.com\/fr\/wp-json\/wp\/v2\/pages"}],"about":[{"href":"https:\/\/www.savoydubai.com\/fr\/wp-json\/wp\/v2\/types\/page"}],"author":[{"embeddable":true,"href":"https:\/\/www.savoydubai.com\/fr\/wp-json\/wp\/v2\/users\/36"}],"replies":[{"embeddable":true,"href":"https:\/\/www.savoydubai.com\/fr\/wp-json\/wp\/v2\/comments?post=353"}],"version-history":[{"count":0,"href":"https:\/\/www.savoydubai.com\/fr\/wp-json\/wp\/v2\/pages\/353\/revisions"}],"up":[{"embeddable":true,"href":"https:\/\/www.savoydubai.com\/fr\/wp-json\/wp\/v2\/pages\/293"}],"wp:attachment":[{"href":"https:\/\/www.savoydubai.com\/fr\/wp-json\/wp\/v2\/media?parent=353"}],"curies":[{"name":"wp","href":"https:\/\/api.w.org\/{rel}","templated":true}]}}