{"id":341,"date":"2020-07-06T08:18:23","date_gmt":"2020-07-06T08:18:23","guid":{"rendered":"http:\/\/savoy-dubai.ms.decms.eu\/savoy-crest\/hebergement\/two-bedroom-interconnecting\/"},"modified":"2020-10-20T13:04:25","modified_gmt":"2020-10-20T13:04:25","slug":"deux-chambres-communicantes","status":"publish","type":"page","link":"https:\/\/www.savoydubai.com\/fr\/savoy-crest\/hebergement\/deux-chambres-communicantes\/","title":{"rendered":"Deux Chambres Communicantes"},"content":{"rendered":"<p>Notre luxueux h\u00f4tel de charme \u00e0 Duba\u00ef offre \u00e0 ses h\u00f4tes l&rsquo;option d&rsquo;un appartement h\u00f4telier \u00e0 deux chambres \u00e0 Bur Dubai qui est constitu\u00e9 d&rsquo;un appartement \u00e0 une chambre communiquant avec un studio. Cette disposition est parfaite pour les familles et les clients de longue dur\u00e9e qui souhaitent s\u00e9journer dans un bel espace dot\u00e9 du confort moderne de chez soi.<\/p>\n<p><strong>\u00c9quipements modernes<\/strong><\/p>\n<p>Les appartements \u00e0 deux chambres communicantes sont dot\u00e9s d&rsquo;une cuisine enti\u00e8rement \u00e9quip\u00e9e et d&rsquo;un espace buanderie. Les pi\u00e8ces sont toutes con\u00e7ues pour que vous vous sentiez \u00e0 l&rsquo;aise dans votre logement relaxant et contemporain loin de chez vous. Vous pourrez \u00e9galement vous d\u00e9tendre dans le salon moderne et \u00e9l\u00e9gant avec ses 2 canap\u00e9s-lits suppl\u00e9mentaires, son grand \u00e9cran de t\u00e9l\u00e9vision, son acc\u00e8s Internet haut d\u00e9bit sans fil gratuit et sa table \u00e0 manger s\u00e9par\u00e9e pour la famille.<\/p>\n","protected":false},"excerpt":{"rendered":"<p>Notre luxueux h\u00f4tel de charme \u00e0 Duba\u00ef offre \u00e0 ses h\u00f4tes l&rsquo;option d&rsquo;un appartement h\u00f4telier \u00e0 deux chambres \u00e0 Bur Dubai qui est constitu\u00e9 d&rsquo;un appartement \u00e0 une chambre communiquant avec un studio. Cette disposition est parfaite pour les familles et les clients de longue dur\u00e9e qui souhaitent s\u00e9journer dans un bel espace dot\u00e9 du [&hellip;]<\/p>\n","protected":false},"author":17,"featured_media":0,"parent":299,"menu_order":15,"comment_status":"closed","ping_status":"closed","template":"template-hotel-single-room.php","meta":{"footnotes":""},"class_list":["post-341","page","type-page","status-publish","hentry"],"yoast_head":"<!-- This site is optimized with the Yoast SEO plugin v26.9 - https:\/\/yoast.com\/product\/yoast-seo-wordpress\/ -->\n<title>Deux Chambres Communicantes - Savoy Dubai<\/title>\n<meta name=\"robots\" content=\"index, follow, max-snippet:-1, max-image-preview:large, max-video-preview:-1\" \/>\n<link rel=\"canonical\" href=\"https:\/\/www.savoydubai.com\/fr\/savoy-crest\/hebergement\/deux-chambres-communicantes\/\" \/>\n<meta property=\"og:locale\" content=\"fr_FR\" \/>\n<meta property=\"og:type\" content=\"article\" \/>\n<meta property=\"og:title\" content=\"Deux Chambres Communicantes - Savoy Dubai\" \/>\n<meta property=\"og:description\" content=\"Notre luxueux h\u00f4tel de charme \u00e0 Duba\u00ef offre \u00e0 ses h\u00f4tes l&rsquo;option d&rsquo;un appartement h\u00f4telier \u00e0 deux chambres \u00e0 Bur Dubai qui est constitu\u00e9 d&rsquo;un appartement \u00e0 une chambre communiquant avec un studio. Cette disposition est parfaite pour les familles et les clients de longue dur\u00e9e qui souhaitent s\u00e9journer dans un bel espace dot\u00e9 du [&hellip;]\" \/>\n<meta property=\"og:url\" content=\"https:\/\/www.savoydubai.com\/fr\/savoy-crest\/hebergement\/deux-chambres-communicantes\/\" \/>\n<meta property=\"og:site_name\" content=\"Savoy Dubai\" \/>\n<meta property=\"article:modified_time\" content=\"2020-10-20T13:04:25+00:00\" \/>\n<meta name=\"twitter:card\" content=\"summary_large_image\" \/>\n<meta name=\"twitter:label1\" content=\"Dur\u00e9e de lecture estim\u00e9e\" \/>\n\t<meta name=\"twitter:data1\" content=\"1 minute\" \/>\n<script type=\"application\/ld+json\" class=\"yoast-schema-graph\">{\"@context\":\"https:\/\/schema.org\",\"@graph\":[{\"@type\":\"WebPage\",\"@id\":\"https:\/\/www.savoydubai.com\/fr\/savoy-crest\/hebergement\/deux-chambres-communicantes\/\",\"url\":\"https:\/\/www.savoydubai.com\/fr\/savoy-crest\/hebergement\/deux-chambres-communicantes\/\",\"name\":\"Deux Chambres Communicantes - Savoy Dubai\",\"isPartOf\":{\"@id\":\"https:\/\/www.savoydubai.com\/fr\/#website\"},\"datePublished\":\"2020-07-06T08:18:23+00:00\",\"dateModified\":\"2020-10-20T13:04:25+00:00\",\"breadcrumb\":{\"@id\":\"https:\/\/www.savoydubai.com\/fr\/savoy-crest\/hebergement\/deux-chambres-communicantes\/#breadcrumb\"},\"inLanguage\":\"fr-FR\",\"potentialAction\":[{\"@type\":\"ReadAction\",\"target\":[\"https:\/\/www.savoydubai.com\/fr\/savoy-crest\/hebergement\/deux-chambres-communicantes\/\"]}]},{\"@type\":\"BreadcrumbList\",\"@id\":\"https:\/\/www.savoydubai.com\/fr\/savoy-crest\/hebergement\/deux-chambres-communicantes\/#breadcrumb\",\"itemListElement\":[{\"@type\":\"ListItem\",\"position\":1,\"name\":\"Home\",\"item\":\"https:\/\/www.savoydubai.com\/fr\/\"},{\"@type\":\"ListItem\",\"position\":2,\"name\":\"Savoy Crest\",\"item\":\"https:\/\/www.savoydubai.com\/fr\/savoy-crest\/\"},{\"@type\":\"ListItem\",\"position\":3,\"name\":\"H\u00e9bergement\",\"item\":\"https:\/\/www.savoydubai.com\/fr\/savoy-crest\/hebergement\/\"},{\"@type\":\"ListItem\",\"position\":4,\"name\":\"Deux Chambres Communicantes\"}]},{\"@type\":\"WebSite\",\"@id\":\"https:\/\/www.savoydubai.com\/fr\/#website\",\"url\":\"https:\/\/www.savoydubai.com\/fr\/\",\"name\":\"Savoy Dubai\",\"description\":\"Just another ms.decms.eu site\",\"potentialAction\":[{\"@type\":\"SearchAction\",\"target\":{\"@type\":\"EntryPoint\",\"urlTemplate\":\"https:\/\/www.savoydubai.com\/fr\/?s={search_term_string}\"},\"query-input\":{\"@type\":\"PropertyValueSpecification\",\"valueRequired\":true,\"valueName\":\"search_term_string\"}}],\"inLanguage\":\"fr-FR\"}]}<\/script>\n<!-- \/ Yoast SEO plugin. -->","yoast_head_json":{"title":"Deux Chambres Communicantes - Savoy Dubai","robots":{"index":"index","follow":"follow","max-snippet":"max-snippet:-1","max-image-preview":"max-image-preview:large","max-video-preview":"max-video-preview:-1"},"canonical":"https:\/\/www.savoydubai.com\/fr\/savoy-crest\/hebergement\/deux-chambres-communicantes\/","og_locale":"fr_FR","og_type":"article","og_title":"Deux Chambres Communicantes - Savoy Dubai","og_description":"Notre luxueux h\u00f4tel de charme \u00e0 Duba\u00ef offre \u00e0 ses h\u00f4tes l&rsquo;option d&rsquo;un appartement h\u00f4telier \u00e0 deux chambres \u00e0 Bur Dubai qui est constitu\u00e9 d&rsquo;un appartement \u00e0 une chambre communiquant avec un studio. Cette disposition est parfaite pour les familles et les clients de longue dur\u00e9e qui souhaitent s\u00e9journer dans un bel espace dot\u00e9 du [&hellip;]","og_url":"https:\/\/www.savoydubai.com\/fr\/savoy-crest\/hebergement\/deux-chambres-communicantes\/","og_site_name":"Savoy Dubai","article_modified_time":"2020-10-20T13:04:25+00:00","twitter_card":"summary_large_image","twitter_misc":{"Dur\u00e9e de lecture estim\u00e9e":"1 minute"},"schema":{"@context":"https:\/\/schema.org","@graph":[{"@type":"WebPage","@id":"https:\/\/www.savoydubai.com\/fr\/savoy-crest\/hebergement\/deux-chambres-communicantes\/","url":"https:\/\/www.savoydubai.com\/fr\/savoy-crest\/hebergement\/deux-chambres-communicantes\/","name":"Deux Chambres Communicantes - Savoy Dubai","isPartOf":{"@id":"https:\/\/www.savoydubai.com\/fr\/#website"},"datePublished":"2020-07-06T08:18:23+00:00","dateModified":"2020-10-20T13:04:25+00:00","breadcrumb":{"@id":"https:\/\/www.savoydubai.com\/fr\/savoy-crest\/hebergement\/deux-chambres-communicantes\/#breadcrumb"},"inLanguage":"fr-FR","potentialAction":[{"@type":"ReadAction","target":["https:\/\/www.savoydubai.com\/fr\/savoy-crest\/hebergement\/deux-chambres-communicantes\/"]}]},{"@type":"BreadcrumbList","@id":"https:\/\/www.savoydubai.com\/fr\/savoy-crest\/hebergement\/deux-chambres-communicantes\/#breadcrumb","itemListElement":[{"@type":"ListItem","position":1,"name":"Home","item":"https:\/\/www.savoydubai.com\/fr\/"},{"@type":"ListItem","position":2,"name":"Savoy Crest","item":"https:\/\/www.savoydubai.com\/fr\/savoy-crest\/"},{"@type":"ListItem","position":3,"name":"H\u00e9bergement","item":"https:\/\/www.savoydubai.com\/fr\/savoy-crest\/hebergement\/"},{"@type":"ListItem","position":4,"name":"Deux Chambres Communicantes"}]},{"@type":"WebSite","@id":"https:\/\/www.savoydubai.com\/fr\/#website","url":"https:\/\/www.savoydubai.com\/fr\/","name":"Savoy Dubai","description":"Just another ms.decms.eu site","potentialAction":[{"@type":"SearchAction","target":{"@type":"EntryPoint","urlTemplate":"https:\/\/www.savoydubai.com\/fr\/?s={search_term_string}"},"query-input":{"@type":"PropertyValueSpecification","valueRequired":true,"valueName":"search_term_string"}}],"inLanguage":"fr-FR"}]}},"acf":[],"_links":{"self":[{"href":"https:\/\/www.savoydubai.com\/fr\/wp-json\/wp\/v2\/pages\/341","targetHints":{"allow":["GET"]}}],"collection":[{"href":"https:\/\/www.savoydubai.com\/fr\/wp-json\/wp\/v2\/pages"}],"about":[{"href":"https:\/\/www.savoydubai.com\/fr\/wp-json\/wp\/v2\/types\/page"}],"author":[{"embeddable":true,"href":"https:\/\/www.savoydubai.com\/fr\/wp-json\/wp\/v2\/users\/17"}],"replies":[{"embeddable":true,"href":"https:\/\/www.savoydubai.com\/fr\/wp-json\/wp\/v2\/comments?post=341"}],"version-history":[{"count":0,"href":"https:\/\/www.savoydubai.com\/fr\/wp-json\/wp\/v2\/pages\/341\/revisions"}],"up":[{"embeddable":true,"href":"https:\/\/www.savoydubai.com\/fr\/wp-json\/wp\/v2\/pages\/299"}],"wp:attachment":[{"href":"https:\/\/www.savoydubai.com\/fr\/wp-json\/wp\/v2\/media?parent=341"}],"curies":[{"name":"wp","href":"https:\/\/api.w.org\/{rel}","templated":true}]}}