{"id":336,"date":"2020-07-09T12:46:21","date_gmt":"2020-07-09T12:46:21","guid":{"rendered":"http:\/\/savoy-dubai.ms.decms.eu\/?page_id=336"},"modified":"2020-10-06T12:58:24","modified_gmt":"2020-10-06T12:58:24","slug":"services","status":"publish","type":"page","link":"https:\/\/www.savoydubai.com\/fr\/savoy-suites\/services\/","title":{"rendered":"Services"},"content":{"rendered":"<p>Le prestigieux Savoy Suites s&rsquo;adresse aux voyageurs exigeants, leur assurant tranquillit\u00e9 d&rsquo;esprit, d\u00e9tente et des espaces pour le travail et les loisirs. L&rsquo;ensemble de nos installations et de nos services a \u00e9t\u00e9 con\u00e7u pour garantir \u00e0 nos h\u00f4tes le meilleur des loisirs et de la cuisine. Si vous recherchez un appartement h\u00f4telier \u00e0 Duba\u00ef pour un s\u00e9jour de longue dur\u00e9e, le Savoy Suites est ce qu&rsquo;il vous faut.<br \/>\nTous les h\u00f4tes s\u00e9journant dans les appartements meubl\u00e9s du Savoy Suites peuvent profiter des installations de loisirs sur place qui comprennent une piscine ext\u00e9rieure \u00e0 temp\u00e9rature contr\u00f4l\u00e9e, un jacuzzi, un sauna et un hammam. Que vous souhaitiez faire un jogging rapide ou soulever des poids l\u00e9gers, la salle de sport vous propose une gamme avanc\u00e9e d&rsquo;\u00e9quipements.<br \/>\nNotre caf\u00e9-restaurant ouvert toute la journ\u00e9e est \u00e9galement l\u00e0 pour vous servir le petit-d\u00e9jeuner et un menu \u00e0 la carte multi-cuisine raffin\u00e9 pour le d\u00e9jeuner et le d\u00eener, vous garantissant ainsi les repas les plus fins pendant votre s\u00e9jour.<\/p>\n<p>Nous offrons aussi \u00e0 tous nos h\u00f4tes un service de bus quotidien gratuit de l&rsquo;h\u00f4tel \u00e0 la plage de La Mer \u00e0 Jumeirah. Des serviettes et des tapis de plage sont offerts \u00e0 tous nos h\u00f4tes lors de la mont\u00e9e dans le bus. Des billets d&rsquo;entr\u00e9e aux parcs d&rsquo;attractions, aux visites de la ville et \u00e0 toutes les attractions locales sont disponibles \u00e0 la r\u00e9ception \u00e0 des prix r\u00e9duits.<\/p>\n<p>Au Savoy Suites, nous veillons \u00e0 ce que toutes les installations auxquelles nos h\u00f4tes souhaitent avoir acc\u00e8s soient toujours disponibles pour un confort et une tranquillit\u00e9 d&rsquo;esprit ultimes.<\/p>\n","protected":false},"excerpt":{"rendered":"<p>Le prestigieux Savoy Suites s&rsquo;adresse aux voyageurs exigeants, leur assurant tranquillit\u00e9 d&rsquo;esprit, d\u00e9tente et des espaces pour le travail et les loisirs. L&rsquo;ensemble de nos installations et de nos services a \u00e9t\u00e9 con\u00e7u pour garantir \u00e0 nos h\u00f4tes le meilleur des loisirs et de la cuisine. Si vous recherchez un appartement h\u00f4telier \u00e0 Duba\u00ef pour [&hellip;]<\/p>\n","protected":false},"author":36,"featured_media":0,"parent":293,"menu_order":20,"comment_status":"closed","ping_status":"closed","template":"template-hotel-services.php","meta":{"footnotes":""},"class_list":["post-336","page","type-page","status-publish","hentry"],"yoast_head":"<!-- This site is optimized with the Yoast SEO plugin v26.9 - https:\/\/yoast.com\/product\/yoast-seo-wordpress\/ -->\n<title>Services - Savoy Dubai<\/title>\n<meta name=\"robots\" content=\"index, follow, max-snippet:-1, max-image-preview:large, max-video-preview:-1\" \/>\n<link rel=\"canonical\" href=\"https:\/\/www.savoydubai.com\/fr\/savoy-suites\/services\/\" \/>\n<meta property=\"og:locale\" content=\"fr_FR\" \/>\n<meta property=\"og:type\" content=\"article\" \/>\n<meta property=\"og:title\" content=\"Services - Savoy Dubai\" \/>\n<meta property=\"og:description\" content=\"Le prestigieux Savoy Suites s&rsquo;adresse aux voyageurs exigeants, leur assurant tranquillit\u00e9 d&rsquo;esprit, d\u00e9tente et des espaces pour le travail et les loisirs. L&rsquo;ensemble de nos installations et de nos services a \u00e9t\u00e9 con\u00e7u pour garantir \u00e0 nos h\u00f4tes le meilleur des loisirs et de la cuisine. Si vous recherchez un appartement h\u00f4telier \u00e0 Duba\u00ef pour [&hellip;]\" \/>\n<meta property=\"og:url\" content=\"https:\/\/www.savoydubai.com\/fr\/savoy-suites\/services\/\" \/>\n<meta property=\"og:site_name\" content=\"Savoy Dubai\" \/>\n<meta property=\"article:modified_time\" content=\"2020-10-06T12:58:24+00:00\" \/>\n<meta name=\"twitter:card\" content=\"summary_large_image\" \/>\n<meta name=\"twitter:label1\" content=\"Dur\u00e9e de lecture estim\u00e9e\" \/>\n\t<meta name=\"twitter:data1\" content=\"1 minute\" \/>\n<script type=\"application\/ld+json\" class=\"yoast-schema-graph\">{\"@context\":\"https:\/\/schema.org\",\"@graph\":[{\"@type\":\"WebPage\",\"@id\":\"https:\/\/www.savoydubai.com\/fr\/savoy-suites\/services\/\",\"url\":\"https:\/\/www.savoydubai.com\/fr\/savoy-suites\/services\/\",\"name\":\"Services - Savoy Dubai\",\"isPartOf\":{\"@id\":\"https:\/\/www.savoydubai.com\/fr\/#website\"},\"datePublished\":\"2020-07-09T12:46:21+00:00\",\"dateModified\":\"2020-10-06T12:58:24+00:00\",\"breadcrumb\":{\"@id\":\"https:\/\/www.savoydubai.com\/fr\/savoy-suites\/services\/#breadcrumb\"},\"inLanguage\":\"fr-FR\",\"potentialAction\":[{\"@type\":\"ReadAction\",\"target\":[\"https:\/\/www.savoydubai.com\/fr\/savoy-suites\/services\/\"]}]},{\"@type\":\"BreadcrumbList\",\"@id\":\"https:\/\/www.savoydubai.com\/fr\/savoy-suites\/services\/#breadcrumb\",\"itemListElement\":[{\"@type\":\"ListItem\",\"position\":1,\"name\":\"Home\",\"item\":\"https:\/\/www.savoydubai.com\/fr\/\"},{\"@type\":\"ListItem\",\"position\":2,\"name\":\"Savoy Suites\",\"item\":\"https:\/\/www.savoydubai.com\/fr\/savoy-suites\/\"},{\"@type\":\"ListItem\",\"position\":3,\"name\":\"Services\"}]},{\"@type\":\"WebSite\",\"@id\":\"https:\/\/www.savoydubai.com\/fr\/#website\",\"url\":\"https:\/\/www.savoydubai.com\/fr\/\",\"name\":\"Savoy Dubai\",\"description\":\"Just another ms.decms.eu site\",\"potentialAction\":[{\"@type\":\"SearchAction\",\"target\":{\"@type\":\"EntryPoint\",\"urlTemplate\":\"https:\/\/www.savoydubai.com\/fr\/?s={search_term_string}\"},\"query-input\":{\"@type\":\"PropertyValueSpecification\",\"valueRequired\":true,\"valueName\":\"search_term_string\"}}],\"inLanguage\":\"fr-FR\"}]}<\/script>\n<!-- \/ Yoast SEO plugin. -->","yoast_head_json":{"title":"Services - Savoy Dubai","robots":{"index":"index","follow":"follow","max-snippet":"max-snippet:-1","max-image-preview":"max-image-preview:large","max-video-preview":"max-video-preview:-1"},"canonical":"https:\/\/www.savoydubai.com\/fr\/savoy-suites\/services\/","og_locale":"fr_FR","og_type":"article","og_title":"Services - Savoy Dubai","og_description":"Le prestigieux Savoy Suites s&rsquo;adresse aux voyageurs exigeants, leur assurant tranquillit\u00e9 d&rsquo;esprit, d\u00e9tente et des espaces pour le travail et les loisirs. L&rsquo;ensemble de nos installations et de nos services a \u00e9t\u00e9 con\u00e7u pour garantir \u00e0 nos h\u00f4tes le meilleur des loisirs et de la cuisine. Si vous recherchez un appartement h\u00f4telier \u00e0 Duba\u00ef pour [&hellip;]","og_url":"https:\/\/www.savoydubai.com\/fr\/savoy-suites\/services\/","og_site_name":"Savoy Dubai","article_modified_time":"2020-10-06T12:58:24+00:00","twitter_card":"summary_large_image","twitter_misc":{"Dur\u00e9e de lecture estim\u00e9e":"1 minute"},"schema":{"@context":"https:\/\/schema.org","@graph":[{"@type":"WebPage","@id":"https:\/\/www.savoydubai.com\/fr\/savoy-suites\/services\/","url":"https:\/\/www.savoydubai.com\/fr\/savoy-suites\/services\/","name":"Services - Savoy Dubai","isPartOf":{"@id":"https:\/\/www.savoydubai.com\/fr\/#website"},"datePublished":"2020-07-09T12:46:21+00:00","dateModified":"2020-10-06T12:58:24+00:00","breadcrumb":{"@id":"https:\/\/www.savoydubai.com\/fr\/savoy-suites\/services\/#breadcrumb"},"inLanguage":"fr-FR","potentialAction":[{"@type":"ReadAction","target":["https:\/\/www.savoydubai.com\/fr\/savoy-suites\/services\/"]}]},{"@type":"BreadcrumbList","@id":"https:\/\/www.savoydubai.com\/fr\/savoy-suites\/services\/#breadcrumb","itemListElement":[{"@type":"ListItem","position":1,"name":"Home","item":"https:\/\/www.savoydubai.com\/fr\/"},{"@type":"ListItem","position":2,"name":"Savoy Suites","item":"https:\/\/www.savoydubai.com\/fr\/savoy-suites\/"},{"@type":"ListItem","position":3,"name":"Services"}]},{"@type":"WebSite","@id":"https:\/\/www.savoydubai.com\/fr\/#website","url":"https:\/\/www.savoydubai.com\/fr\/","name":"Savoy Dubai","description":"Just another ms.decms.eu site","potentialAction":[{"@type":"SearchAction","target":{"@type":"EntryPoint","urlTemplate":"https:\/\/www.savoydubai.com\/fr\/?s={search_term_string}"},"query-input":{"@type":"PropertyValueSpecification","valueRequired":true,"valueName":"search_term_string"}}],"inLanguage":"fr-FR"}]}},"acf":[],"_links":{"self":[{"href":"https:\/\/www.savoydubai.com\/fr\/wp-json\/wp\/v2\/pages\/336","targetHints":{"allow":["GET"]}}],"collection":[{"href":"https:\/\/www.savoydubai.com\/fr\/wp-json\/wp\/v2\/pages"}],"about":[{"href":"https:\/\/www.savoydubai.com\/fr\/wp-json\/wp\/v2\/types\/page"}],"author":[{"embeddable":true,"href":"https:\/\/www.savoydubai.com\/fr\/wp-json\/wp\/v2\/users\/36"}],"replies":[{"embeddable":true,"href":"https:\/\/www.savoydubai.com\/fr\/wp-json\/wp\/v2\/comments?post=336"}],"version-history":[{"count":0,"href":"https:\/\/www.savoydubai.com\/fr\/wp-json\/wp\/v2\/pages\/336\/revisions"}],"up":[{"embeddable":true,"href":"https:\/\/www.savoydubai.com\/fr\/wp-json\/wp\/v2\/pages\/293"}],"wp:attachment":[{"href":"https:\/\/www.savoydubai.com\/fr\/wp-json\/wp\/v2\/media?parent=336"}],"curies":[{"name":"wp","href":"https:\/\/api.w.org\/{rel}","templated":true}]}}