{"id":329,"date":"2020-07-09T10:44:59","date_gmt":"2020-07-09T10:44:59","guid":{"rendered":"http:\/\/savoy-dubai.ms.decms.eu\/?page_id=329"},"modified":"2020-10-17T13:33:21","modified_gmt":"2020-10-17T13:33:21","slug":"superior-two-bedroom","status":"publish","type":"page","link":"https:\/\/www.savoydubai.com\/fr\/savoy-suites\/hebergement\/superior-two-bedroom\/","title":{"rendered":"Suites sup\u00e9rieures \u00e0 deux chambres"},"content":{"rendered":"<p>Les suites du Savoy ont \u00e9t\u00e9 con\u00e7ues pour vous procurer confort, luxe et le sentiment d&rsquo;\u00eatre chez vous. Les suites sup\u00e9rieures \u00e0 2 chambres du Savoy vous offrent exactement cela et bien plus encore. Imaginez rentrer \u00e0 la maison apr\u00e8s une journ\u00e9e bien remplie dans la grande ville et \u00eatre accueilli par une sensation de chaleur, de calme et de s\u00e9r\u00e9nit\u00e9. C&rsquo;est ce que les suites sup\u00e9rieures \u00e0 2 chambres du Savoy offrent aux voyageurs avertis et \u00e0 ceux qui recherchent un appartement h\u00f4telier \u00e0 Duba\u00ef pour un s\u00e9jour de longue dur\u00e9e.<\/p>\n<p><strong>Confort ultime et tranquillit\u00e9 d&rsquo;esprit<\/strong><\/p>\n<p>Toutes les suites de luxe \u00e0 deux chambres r\u00e9cemment r\u00e9nov\u00e9es et haut de gamme sont \u00e9quip\u00e9es d&rsquo;un balcon et disposent d&rsquo;une connexion Internet haut d\u00e9bit sans fil gratuite, de 2 t\u00e9l\u00e9visions multi-cha\u00eenes \u00e0 \u00e9cran plat, d&rsquo;un coin salon avec un canap\u00e9-lit confortable et d&rsquo;un miroir pleine longueur.<\/p>\n","protected":false},"excerpt":{"rendered":"<p>Les suites du Savoy ont \u00e9t\u00e9 con\u00e7ues pour vous procurer confort, luxe et le sentiment d&rsquo;\u00eatre chez vous. Les suites sup\u00e9rieures \u00e0 2 chambres du Savoy vous offrent exactement cela et bien plus encore. Imaginez rentrer \u00e0 la maison apr\u00e8s une journ\u00e9e bien remplie dans la grande ville et \u00eatre accueilli par une sensation de [&hellip;]<\/p>\n","protected":false},"author":36,"featured_media":0,"parent":315,"menu_order":20,"comment_status":"closed","ping_status":"closed","template":"template-hotel-single-room.php","meta":{"footnotes":""},"class_list":["post-329","page","type-page","status-publish","hentry"],"yoast_head":"<!-- This site is optimized with the Yoast SEO plugin v26.9 - https:\/\/yoast.com\/product\/yoast-seo-wordpress\/ -->\n<title>Suites sup\u00e9rieures \u00e0 deux chambres - Savoy Dubai<\/title>\n<meta name=\"robots\" content=\"index, follow, max-snippet:-1, max-image-preview:large, max-video-preview:-1\" \/>\n<link rel=\"canonical\" href=\"https:\/\/www.savoydubai.com\/fr\/savoy-suites\/hebergement\/superior-two-bedroom\/\" \/>\n<meta property=\"og:locale\" content=\"fr_FR\" \/>\n<meta property=\"og:type\" content=\"article\" \/>\n<meta property=\"og:title\" content=\"Suites sup\u00e9rieures \u00e0 deux chambres - Savoy Dubai\" \/>\n<meta property=\"og:description\" content=\"Les suites du Savoy ont \u00e9t\u00e9 con\u00e7ues pour vous procurer confort, luxe et le sentiment d&rsquo;\u00eatre chez vous. Les suites sup\u00e9rieures \u00e0 2 chambres du Savoy vous offrent exactement cela et bien plus encore. Imaginez rentrer \u00e0 la maison apr\u00e8s une journ\u00e9e bien remplie dans la grande ville et \u00eatre accueilli par une sensation de [&hellip;]\" \/>\n<meta property=\"og:url\" content=\"https:\/\/www.savoydubai.com\/fr\/savoy-suites\/hebergement\/superior-two-bedroom\/\" \/>\n<meta property=\"og:site_name\" content=\"Savoy Dubai\" \/>\n<meta property=\"article:modified_time\" content=\"2020-10-17T13:33:21+00:00\" \/>\n<meta name=\"twitter:card\" content=\"summary_large_image\" \/>\n<meta name=\"twitter:label1\" content=\"Dur\u00e9e de lecture estim\u00e9e\" \/>\n\t<meta name=\"twitter:data1\" content=\"1 minute\" \/>\n<script type=\"application\/ld+json\" class=\"yoast-schema-graph\">{\"@context\":\"https:\/\/schema.org\",\"@graph\":[{\"@type\":\"WebPage\",\"@id\":\"https:\/\/www.savoydubai.com\/fr\/savoy-suites\/hebergement\/superior-two-bedroom\/\",\"url\":\"https:\/\/www.savoydubai.com\/fr\/savoy-suites\/hebergement\/superior-two-bedroom\/\",\"name\":\"Suites sup\u00e9rieures \u00e0 deux chambres - Savoy Dubai\",\"isPartOf\":{\"@id\":\"https:\/\/www.savoydubai.com\/fr\/#website\"},\"datePublished\":\"2020-07-09T10:44:59+00:00\",\"dateModified\":\"2020-10-17T13:33:21+00:00\",\"breadcrumb\":{\"@id\":\"https:\/\/www.savoydubai.com\/fr\/savoy-suites\/hebergement\/superior-two-bedroom\/#breadcrumb\"},\"inLanguage\":\"fr-FR\",\"potentialAction\":[{\"@type\":\"ReadAction\",\"target\":[\"https:\/\/www.savoydubai.com\/fr\/savoy-suites\/hebergement\/superior-two-bedroom\/\"]}]},{\"@type\":\"BreadcrumbList\",\"@id\":\"https:\/\/www.savoydubai.com\/fr\/savoy-suites\/hebergement\/superior-two-bedroom\/#breadcrumb\",\"itemListElement\":[{\"@type\":\"ListItem\",\"position\":1,\"name\":\"Home\",\"item\":\"https:\/\/www.savoydubai.com\/fr\/\"},{\"@type\":\"ListItem\",\"position\":2,\"name\":\"Savoy Suites\",\"item\":\"https:\/\/www.savoydubai.com\/fr\/savoy-suites\/\"},{\"@type\":\"ListItem\",\"position\":3,\"name\":\"H\u00e9bergement\",\"item\":\"https:\/\/www.savoydubai.com\/fr\/savoy-suites\/hebergement\/\"},{\"@type\":\"ListItem\",\"position\":4,\"name\":\"Suites sup\u00e9rieures \u00e0 deux chambres\"}]},{\"@type\":\"WebSite\",\"@id\":\"https:\/\/www.savoydubai.com\/fr\/#website\",\"url\":\"https:\/\/www.savoydubai.com\/fr\/\",\"name\":\"Savoy Dubai\",\"description\":\"Just another ms.decms.eu site\",\"potentialAction\":[{\"@type\":\"SearchAction\",\"target\":{\"@type\":\"EntryPoint\",\"urlTemplate\":\"https:\/\/www.savoydubai.com\/fr\/?s={search_term_string}\"},\"query-input\":{\"@type\":\"PropertyValueSpecification\",\"valueRequired\":true,\"valueName\":\"search_term_string\"}}],\"inLanguage\":\"fr-FR\"}]}<\/script>\n<!-- \/ Yoast SEO plugin. -->","yoast_head_json":{"title":"Suites sup\u00e9rieures \u00e0 deux chambres - Savoy Dubai","robots":{"index":"index","follow":"follow","max-snippet":"max-snippet:-1","max-image-preview":"max-image-preview:large","max-video-preview":"max-video-preview:-1"},"canonical":"https:\/\/www.savoydubai.com\/fr\/savoy-suites\/hebergement\/superior-two-bedroom\/","og_locale":"fr_FR","og_type":"article","og_title":"Suites sup\u00e9rieures \u00e0 deux chambres - Savoy Dubai","og_description":"Les suites du Savoy ont \u00e9t\u00e9 con\u00e7ues pour vous procurer confort, luxe et le sentiment d&rsquo;\u00eatre chez vous. Les suites sup\u00e9rieures \u00e0 2 chambres du Savoy vous offrent exactement cela et bien plus encore. Imaginez rentrer \u00e0 la maison apr\u00e8s une journ\u00e9e bien remplie dans la grande ville et \u00eatre accueilli par une sensation de [&hellip;]","og_url":"https:\/\/www.savoydubai.com\/fr\/savoy-suites\/hebergement\/superior-two-bedroom\/","og_site_name":"Savoy Dubai","article_modified_time":"2020-10-17T13:33:21+00:00","twitter_card":"summary_large_image","twitter_misc":{"Dur\u00e9e de lecture estim\u00e9e":"1 minute"},"schema":{"@context":"https:\/\/schema.org","@graph":[{"@type":"WebPage","@id":"https:\/\/www.savoydubai.com\/fr\/savoy-suites\/hebergement\/superior-two-bedroom\/","url":"https:\/\/www.savoydubai.com\/fr\/savoy-suites\/hebergement\/superior-two-bedroom\/","name":"Suites sup\u00e9rieures \u00e0 deux chambres - Savoy Dubai","isPartOf":{"@id":"https:\/\/www.savoydubai.com\/fr\/#website"},"datePublished":"2020-07-09T10:44:59+00:00","dateModified":"2020-10-17T13:33:21+00:00","breadcrumb":{"@id":"https:\/\/www.savoydubai.com\/fr\/savoy-suites\/hebergement\/superior-two-bedroom\/#breadcrumb"},"inLanguage":"fr-FR","potentialAction":[{"@type":"ReadAction","target":["https:\/\/www.savoydubai.com\/fr\/savoy-suites\/hebergement\/superior-two-bedroom\/"]}]},{"@type":"BreadcrumbList","@id":"https:\/\/www.savoydubai.com\/fr\/savoy-suites\/hebergement\/superior-two-bedroom\/#breadcrumb","itemListElement":[{"@type":"ListItem","position":1,"name":"Home","item":"https:\/\/www.savoydubai.com\/fr\/"},{"@type":"ListItem","position":2,"name":"Savoy Suites","item":"https:\/\/www.savoydubai.com\/fr\/savoy-suites\/"},{"@type":"ListItem","position":3,"name":"H\u00e9bergement","item":"https:\/\/www.savoydubai.com\/fr\/savoy-suites\/hebergement\/"},{"@type":"ListItem","position":4,"name":"Suites sup\u00e9rieures \u00e0 deux chambres"}]},{"@type":"WebSite","@id":"https:\/\/www.savoydubai.com\/fr\/#website","url":"https:\/\/www.savoydubai.com\/fr\/","name":"Savoy Dubai","description":"Just another ms.decms.eu site","potentialAction":[{"@type":"SearchAction","target":{"@type":"EntryPoint","urlTemplate":"https:\/\/www.savoydubai.com\/fr\/?s={search_term_string}"},"query-input":{"@type":"PropertyValueSpecification","valueRequired":true,"valueName":"search_term_string"}}],"inLanguage":"fr-FR"}]}},"acf":[],"_links":{"self":[{"href":"https:\/\/www.savoydubai.com\/fr\/wp-json\/wp\/v2\/pages\/329","targetHints":{"allow":["GET"]}}],"collection":[{"href":"https:\/\/www.savoydubai.com\/fr\/wp-json\/wp\/v2\/pages"}],"about":[{"href":"https:\/\/www.savoydubai.com\/fr\/wp-json\/wp\/v2\/types\/page"}],"author":[{"embeddable":true,"href":"https:\/\/www.savoydubai.com\/fr\/wp-json\/wp\/v2\/users\/36"}],"replies":[{"embeddable":true,"href":"https:\/\/www.savoydubai.com\/fr\/wp-json\/wp\/v2\/comments?post=329"}],"version-history":[{"count":0,"href":"https:\/\/www.savoydubai.com\/fr\/wp-json\/wp\/v2\/pages\/329\/revisions"}],"up":[{"embeddable":true,"href":"https:\/\/www.savoydubai.com\/fr\/wp-json\/wp\/v2\/pages\/315"}],"wp:attachment":[{"href":"https:\/\/www.savoydubai.com\/fr\/wp-json\/wp\/v2\/media?parent=329"}],"curies":[{"name":"wp","href":"https:\/\/api.w.org\/{rel}","templated":true}]}}