{"id":322,"date":"2020-07-09T09:47:17","date_gmt":"2020-07-09T09:47:17","guid":{"rendered":"http:\/\/savoy-dubai.ms.decms.eu\/?page_id=322"},"modified":"2026-04-13T06:20:15","modified_gmt":"2026-04-13T06:20:15","slug":"studios-classiques","status":"publish","type":"page","link":"https:\/\/www.savoydubai.com\/fr\/savoy-suites\/hebergement\/studios-classiques\/","title":{"rendered":"Studios classiques"},"content":{"rendered":"<p>Le havre de paix urbain superbe, sophistiqu\u00e9 et chaleureux qu&rsquo;est le Savoy Suites se trouve dans le quartier privil\u00e9gi\u00e9 de Bur Dubai. Il offre le confort d&rsquo;un h\u00f4tel et la libert\u00e9 de ses appartements de luxe autonomes, garantissant \u00e0 ses h\u00f4tes la d\u00e9couverte de la ville anim\u00e9e de Duba\u00ef dans toute son opulence, sa sophistication et sa majest\u00e9.<\/p>\n<p><strong>Con\u00e7u pour inspirer<\/strong><\/p>\n<p>Avec leurs chambres \u00e9l\u00e9gantes, leur service attentionn\u00e9 et tout le confort moderne pour agr\u00e9menter chaque s\u00e9jour, les studios classiques du Savoy Suites sont con\u00e7us pour \u00eatre votre demeure de luxe loin de chez vous. Offrant un choix de 100 chambres-studios, toutes avec salle de bains privative, les appartements h\u00f4teliers disposent de toutes les commodit\u00e9s modernes et cosmopolites.<\/p>\n","protected":false},"excerpt":{"rendered":"<p>Le havre de paix urbain superbe, sophistiqu\u00e9 et chaleureux qu&rsquo;est le Savoy Suites se trouve dans le quartier privil\u00e9gi\u00e9 de Bur Dubai. Il offre le confort d&rsquo;un h\u00f4tel et la libert\u00e9 de ses appartements de luxe autonomes, garantissant \u00e0 ses h\u00f4tes la d\u00e9couverte de la ville anim\u00e9e de Duba\u00ef dans toute son opulence, sa sophistication [&hellip;]<\/p>\n","protected":false},"author":36,"featured_media":0,"parent":315,"menu_order":10,"comment_status":"closed","ping_status":"closed","template":"template-hotel-single-room.php","meta":{"footnotes":""},"class_list":["post-322","page","type-page","status-publish","hentry"],"yoast_head":"<!-- This site is optimized with the Yoast SEO plugin v26.9 - https:\/\/yoast.com\/product\/yoast-seo-wordpress\/ -->\n<title>Studios classiques - Savoy Dubai<\/title>\n<meta name=\"robots\" content=\"index, follow, max-snippet:-1, max-image-preview:large, max-video-preview:-1\" \/>\n<link rel=\"canonical\" href=\"https:\/\/www.savoydubai.com\/fr\/savoy-suites\/hebergement\/studios-classiques\/\" \/>\n<meta property=\"og:locale\" content=\"fr_FR\" \/>\n<meta property=\"og:type\" content=\"article\" \/>\n<meta property=\"og:title\" content=\"Studios classiques - Savoy Dubai\" \/>\n<meta property=\"og:description\" content=\"Le havre de paix urbain superbe, sophistiqu\u00e9 et chaleureux qu&rsquo;est le Savoy Suites se trouve dans le quartier privil\u00e9gi\u00e9 de Bur Dubai. Il offre le confort d&rsquo;un h\u00f4tel et la libert\u00e9 de ses appartements de luxe autonomes, garantissant \u00e0 ses h\u00f4tes la d\u00e9couverte de la ville anim\u00e9e de Duba\u00ef dans toute son opulence, sa sophistication [&hellip;]\" \/>\n<meta property=\"og:url\" content=\"https:\/\/www.savoydubai.com\/fr\/savoy-suites\/hebergement\/studios-classiques\/\" \/>\n<meta property=\"og:site_name\" content=\"Savoy Dubai\" \/>\n<meta property=\"article:modified_time\" content=\"2026-04-13T06:20:15+00:00\" \/>\n<meta name=\"twitter:card\" content=\"summary_large_image\" \/>\n<meta name=\"twitter:label1\" content=\"Dur\u00e9e de lecture estim\u00e9e\" \/>\n\t<meta name=\"twitter:data1\" content=\"1 minute\" \/>\n<script type=\"application\/ld+json\" class=\"yoast-schema-graph\">{\"@context\":\"https:\/\/schema.org\",\"@graph\":[{\"@type\":\"WebPage\",\"@id\":\"https:\/\/www.savoydubai.com\/fr\/savoy-suites\/hebergement\/studios-classiques\/\",\"url\":\"https:\/\/www.savoydubai.com\/fr\/savoy-suites\/hebergement\/studios-classiques\/\",\"name\":\"Studios classiques - Savoy Dubai\",\"isPartOf\":{\"@id\":\"https:\/\/www.savoydubai.com\/fr\/#website\"},\"datePublished\":\"2020-07-09T09:47:17+00:00\",\"dateModified\":\"2026-04-13T06:20:15+00:00\",\"breadcrumb\":{\"@id\":\"https:\/\/www.savoydubai.com\/fr\/savoy-suites\/hebergement\/studios-classiques\/#breadcrumb\"},\"inLanguage\":\"fr-FR\",\"potentialAction\":[{\"@type\":\"ReadAction\",\"target\":[\"https:\/\/www.savoydubai.com\/fr\/savoy-suites\/hebergement\/studios-classiques\/\"]}]},{\"@type\":\"BreadcrumbList\",\"@id\":\"https:\/\/www.savoydubai.com\/fr\/savoy-suites\/hebergement\/studios-classiques\/#breadcrumb\",\"itemListElement\":[{\"@type\":\"ListItem\",\"position\":1,\"name\":\"Home\",\"item\":\"https:\/\/www.savoydubai.com\/fr\/\"},{\"@type\":\"ListItem\",\"position\":2,\"name\":\"Savoy Suites\",\"item\":\"https:\/\/www.savoydubai.com\/fr\/savoy-suites\/\"},{\"@type\":\"ListItem\",\"position\":3,\"name\":\"H\u00e9bergement\",\"item\":\"https:\/\/www.savoydubai.com\/fr\/savoy-suites\/hebergement\/\"},{\"@type\":\"ListItem\",\"position\":4,\"name\":\"Studios classiques\"}]},{\"@type\":\"WebSite\",\"@id\":\"https:\/\/www.savoydubai.com\/fr\/#website\",\"url\":\"https:\/\/www.savoydubai.com\/fr\/\",\"name\":\"Savoy Dubai\",\"description\":\"Just another ms.decms.eu site\",\"potentialAction\":[{\"@type\":\"SearchAction\",\"target\":{\"@type\":\"EntryPoint\",\"urlTemplate\":\"https:\/\/www.savoydubai.com\/fr\/?s={search_term_string}\"},\"query-input\":{\"@type\":\"PropertyValueSpecification\",\"valueRequired\":true,\"valueName\":\"search_term_string\"}}],\"inLanguage\":\"fr-FR\"}]}<\/script>\n<!-- \/ Yoast SEO plugin. -->","yoast_head_json":{"title":"Studios classiques - Savoy Dubai","robots":{"index":"index","follow":"follow","max-snippet":"max-snippet:-1","max-image-preview":"max-image-preview:large","max-video-preview":"max-video-preview:-1"},"canonical":"https:\/\/www.savoydubai.com\/fr\/savoy-suites\/hebergement\/studios-classiques\/","og_locale":"fr_FR","og_type":"article","og_title":"Studios classiques - Savoy Dubai","og_description":"Le havre de paix urbain superbe, sophistiqu\u00e9 et chaleureux qu&rsquo;est le Savoy Suites se trouve dans le quartier privil\u00e9gi\u00e9 de Bur Dubai. Il offre le confort d&rsquo;un h\u00f4tel et la libert\u00e9 de ses appartements de luxe autonomes, garantissant \u00e0 ses h\u00f4tes la d\u00e9couverte de la ville anim\u00e9e de Duba\u00ef dans toute son opulence, sa sophistication [&hellip;]","og_url":"https:\/\/www.savoydubai.com\/fr\/savoy-suites\/hebergement\/studios-classiques\/","og_site_name":"Savoy Dubai","article_modified_time":"2026-04-13T06:20:15+00:00","twitter_card":"summary_large_image","twitter_misc":{"Dur\u00e9e de lecture estim\u00e9e":"1 minute"},"schema":{"@context":"https:\/\/schema.org","@graph":[{"@type":"WebPage","@id":"https:\/\/www.savoydubai.com\/fr\/savoy-suites\/hebergement\/studios-classiques\/","url":"https:\/\/www.savoydubai.com\/fr\/savoy-suites\/hebergement\/studios-classiques\/","name":"Studios classiques - Savoy Dubai","isPartOf":{"@id":"https:\/\/www.savoydubai.com\/fr\/#website"},"datePublished":"2020-07-09T09:47:17+00:00","dateModified":"2026-04-13T06:20:15+00:00","breadcrumb":{"@id":"https:\/\/www.savoydubai.com\/fr\/savoy-suites\/hebergement\/studios-classiques\/#breadcrumb"},"inLanguage":"fr-FR","potentialAction":[{"@type":"ReadAction","target":["https:\/\/www.savoydubai.com\/fr\/savoy-suites\/hebergement\/studios-classiques\/"]}]},{"@type":"BreadcrumbList","@id":"https:\/\/www.savoydubai.com\/fr\/savoy-suites\/hebergement\/studios-classiques\/#breadcrumb","itemListElement":[{"@type":"ListItem","position":1,"name":"Home","item":"https:\/\/www.savoydubai.com\/fr\/"},{"@type":"ListItem","position":2,"name":"Savoy Suites","item":"https:\/\/www.savoydubai.com\/fr\/savoy-suites\/"},{"@type":"ListItem","position":3,"name":"H\u00e9bergement","item":"https:\/\/www.savoydubai.com\/fr\/savoy-suites\/hebergement\/"},{"@type":"ListItem","position":4,"name":"Studios classiques"}]},{"@type":"WebSite","@id":"https:\/\/www.savoydubai.com\/fr\/#website","url":"https:\/\/www.savoydubai.com\/fr\/","name":"Savoy Dubai","description":"Just another ms.decms.eu site","potentialAction":[{"@type":"SearchAction","target":{"@type":"EntryPoint","urlTemplate":"https:\/\/www.savoydubai.com\/fr\/?s={search_term_string}"},"query-input":{"@type":"PropertyValueSpecification","valueRequired":true,"valueName":"search_term_string"}}],"inLanguage":"fr-FR"}]}},"acf":[],"_links":{"self":[{"href":"https:\/\/www.savoydubai.com\/fr\/wp-json\/wp\/v2\/pages\/322","targetHints":{"allow":["GET"]}}],"collection":[{"href":"https:\/\/www.savoydubai.com\/fr\/wp-json\/wp\/v2\/pages"}],"about":[{"href":"https:\/\/www.savoydubai.com\/fr\/wp-json\/wp\/v2\/types\/page"}],"author":[{"embeddable":true,"href":"https:\/\/www.savoydubai.com\/fr\/wp-json\/wp\/v2\/users\/36"}],"replies":[{"embeddable":true,"href":"https:\/\/www.savoydubai.com\/fr\/wp-json\/wp\/v2\/comments?post=322"}],"version-history":[{"count":0,"href":"https:\/\/www.savoydubai.com\/fr\/wp-json\/wp\/v2\/pages\/322\/revisions"}],"up":[{"embeddable":true,"href":"https:\/\/www.savoydubai.com\/fr\/wp-json\/wp\/v2\/pages\/315"}],"wp:attachment":[{"href":"https:\/\/www.savoydubai.com\/fr\/wp-json\/wp\/v2\/media?parent=322"}],"curies":[{"name":"wp","href":"https:\/\/api.w.org\/{rel}","templated":true}]}}