{"id":315,"date":"2020-07-09T09:10:59","date_gmt":"2020-07-09T09:10:59","guid":{"rendered":"http:\/\/savoy-dubai.ms.decms.eu\/?page_id=315"},"modified":"2020-10-13T13:30:38","modified_gmt":"2020-10-13T13:30:38","slug":"hebergement","status":"publish","type":"page","link":"https:\/\/www.savoydubai.com\/fr\/savoy-suites\/hebergement\/","title":{"rendered":"H\u00e9bergement"},"content":{"rendered":"<p>Offrant du grand luxe sans compromettre son accueil chaleureux et personnalis\u00e9, le Savoy Suites est le choix haut de gamme de tous les voyageurs avertis. Situ\u00e9 au c\u0153ur de Duba\u00ef, cet h\u00f4tel haut de gamme comprend 100 studios classiques et 12 suites d&rsquo;\u00e9lite \u00e0 deux chambres. Tous associent des commodit\u00e9s contemporaines \u00e0 un luxe moderne afin de garantir \u00e0 tous nos h\u00f4tes un s\u00e9jour exclusif, confortable et de qualit\u00e9 sup\u00e9rieure \u00e0 Duba\u00ef.<\/p>\n<p>Si vous recherchez un appartement h\u00f4telier \u00e0 Duba\u00ef offrant un service de luxe et personnalis\u00e9 pour un s\u00e9jour de longue dur\u00e9e, le Savoy Suites est le choix id\u00e9al.<\/p>\n<p><strong>Luxe et \u00e9l\u00e9gance au c\u0153ur de Duba\u00ef <\/strong><\/p>\n<p>Le Savoy Suites a \u00e9t\u00e9 con\u00e7u pour offrir \u00e0 tous ses h\u00f4tes une exp\u00e9rience de tr\u00e8s haute qualit\u00e9, une assistance sans pr\u00e9c\u00e9dent, un acc\u00e8s facile \u00e0 la technologie et une grande personnalisation. Il ira encore plus au-del\u00e0 de ses promesses.<\/p>\n<p>&nbsp;<\/p>\n","protected":false},"excerpt":{"rendered":"<p>Offrant du grand luxe sans compromettre son accueil chaleureux et personnalis\u00e9, le Savoy Suites est le choix haut de gamme de tous les voyageurs avertis. Situ\u00e9 au c\u0153ur de Duba\u00ef, cet h\u00f4tel haut de gamme comprend 100 studios classiques et 12 suites d&rsquo;\u00e9lite \u00e0 deux chambres. Tous associent des commodit\u00e9s contemporaines \u00e0 un luxe moderne [&hellip;]<\/p>\n","protected":false},"author":36,"featured_media":0,"parent":293,"menu_order":10,"comment_status":"closed","ping_status":"closed","template":"template-hotel-rooms.php","meta":{"footnotes":""},"class_list":["post-315","page","type-page","status-publish","hentry"],"yoast_head":"<!-- This site is optimized with the Yoast SEO plugin v26.9 - https:\/\/yoast.com\/product\/yoast-seo-wordpress\/ -->\n<title>H\u00e9bergement - Savoy Dubai<\/title>\n<meta name=\"robots\" content=\"index, follow, max-snippet:-1, max-image-preview:large, max-video-preview:-1\" \/>\n<link rel=\"canonical\" href=\"https:\/\/www.savoydubai.com\/fr\/savoy-suites\/hebergement\/\" \/>\n<meta property=\"og:locale\" content=\"fr_FR\" \/>\n<meta property=\"og:type\" content=\"article\" \/>\n<meta property=\"og:title\" content=\"H\u00e9bergement - Savoy Dubai\" \/>\n<meta property=\"og:description\" content=\"Offrant du grand luxe sans compromettre son accueil chaleureux et personnalis\u00e9, le Savoy Suites est le choix haut de gamme de tous les voyageurs avertis. Situ\u00e9 au c\u0153ur de Duba\u00ef, cet h\u00f4tel haut de gamme comprend 100 studios classiques et 12 suites d&rsquo;\u00e9lite \u00e0 deux chambres. Tous associent des commodit\u00e9s contemporaines \u00e0 un luxe moderne [&hellip;]\" \/>\n<meta property=\"og:url\" content=\"https:\/\/www.savoydubai.com\/fr\/savoy-suites\/hebergement\/\" \/>\n<meta property=\"og:site_name\" content=\"Savoy Dubai\" \/>\n<meta property=\"article:modified_time\" content=\"2020-10-13T13:30:38+00:00\" \/>\n<meta name=\"twitter:card\" content=\"summary_large_image\" \/>\n<meta name=\"twitter:label1\" content=\"Dur\u00e9e de lecture estim\u00e9e\" \/>\n\t<meta name=\"twitter:data1\" content=\"1 minute\" \/>\n<script type=\"application\/ld+json\" class=\"yoast-schema-graph\">{\"@context\":\"https:\/\/schema.org\",\"@graph\":[{\"@type\":\"WebPage\",\"@id\":\"https:\/\/www.savoydubai.com\/fr\/savoy-suites\/hebergement\/\",\"url\":\"https:\/\/www.savoydubai.com\/fr\/savoy-suites\/hebergement\/\",\"name\":\"H\u00e9bergement - Savoy Dubai\",\"isPartOf\":{\"@id\":\"https:\/\/www.savoydubai.com\/fr\/#website\"},\"datePublished\":\"2020-07-09T09:10:59+00:00\",\"dateModified\":\"2020-10-13T13:30:38+00:00\",\"breadcrumb\":{\"@id\":\"https:\/\/www.savoydubai.com\/fr\/savoy-suites\/hebergement\/#breadcrumb\"},\"inLanguage\":\"fr-FR\",\"potentialAction\":[{\"@type\":\"ReadAction\",\"target\":[\"https:\/\/www.savoydubai.com\/fr\/savoy-suites\/hebergement\/\"]}]},{\"@type\":\"BreadcrumbList\",\"@id\":\"https:\/\/www.savoydubai.com\/fr\/savoy-suites\/hebergement\/#breadcrumb\",\"itemListElement\":[{\"@type\":\"ListItem\",\"position\":1,\"name\":\"Home\",\"item\":\"https:\/\/www.savoydubai.com\/fr\/\"},{\"@type\":\"ListItem\",\"position\":2,\"name\":\"Savoy Suites\",\"item\":\"https:\/\/www.savoydubai.com\/fr\/savoy-suites\/\"},{\"@type\":\"ListItem\",\"position\":3,\"name\":\"H\u00e9bergement\"}]},{\"@type\":\"WebSite\",\"@id\":\"https:\/\/www.savoydubai.com\/fr\/#website\",\"url\":\"https:\/\/www.savoydubai.com\/fr\/\",\"name\":\"Savoy Dubai\",\"description\":\"Just another ms.decms.eu site\",\"potentialAction\":[{\"@type\":\"SearchAction\",\"target\":{\"@type\":\"EntryPoint\",\"urlTemplate\":\"https:\/\/www.savoydubai.com\/fr\/?s={search_term_string}\"},\"query-input\":{\"@type\":\"PropertyValueSpecification\",\"valueRequired\":true,\"valueName\":\"search_term_string\"}}],\"inLanguage\":\"fr-FR\"}]}<\/script>\n<!-- \/ Yoast SEO plugin. -->","yoast_head_json":{"title":"H\u00e9bergement - Savoy Dubai","robots":{"index":"index","follow":"follow","max-snippet":"max-snippet:-1","max-image-preview":"max-image-preview:large","max-video-preview":"max-video-preview:-1"},"canonical":"https:\/\/www.savoydubai.com\/fr\/savoy-suites\/hebergement\/","og_locale":"fr_FR","og_type":"article","og_title":"H\u00e9bergement - Savoy Dubai","og_description":"Offrant du grand luxe sans compromettre son accueil chaleureux et personnalis\u00e9, le Savoy Suites est le choix haut de gamme de tous les voyageurs avertis. Situ\u00e9 au c\u0153ur de Duba\u00ef, cet h\u00f4tel haut de gamme comprend 100 studios classiques et 12 suites d&rsquo;\u00e9lite \u00e0 deux chambres. Tous associent des commodit\u00e9s contemporaines \u00e0 un luxe moderne [&hellip;]","og_url":"https:\/\/www.savoydubai.com\/fr\/savoy-suites\/hebergement\/","og_site_name":"Savoy Dubai","article_modified_time":"2020-10-13T13:30:38+00:00","twitter_card":"summary_large_image","twitter_misc":{"Dur\u00e9e de lecture estim\u00e9e":"1 minute"},"schema":{"@context":"https:\/\/schema.org","@graph":[{"@type":"WebPage","@id":"https:\/\/www.savoydubai.com\/fr\/savoy-suites\/hebergement\/","url":"https:\/\/www.savoydubai.com\/fr\/savoy-suites\/hebergement\/","name":"H\u00e9bergement - Savoy Dubai","isPartOf":{"@id":"https:\/\/www.savoydubai.com\/fr\/#website"},"datePublished":"2020-07-09T09:10:59+00:00","dateModified":"2020-10-13T13:30:38+00:00","breadcrumb":{"@id":"https:\/\/www.savoydubai.com\/fr\/savoy-suites\/hebergement\/#breadcrumb"},"inLanguage":"fr-FR","potentialAction":[{"@type":"ReadAction","target":["https:\/\/www.savoydubai.com\/fr\/savoy-suites\/hebergement\/"]}]},{"@type":"BreadcrumbList","@id":"https:\/\/www.savoydubai.com\/fr\/savoy-suites\/hebergement\/#breadcrumb","itemListElement":[{"@type":"ListItem","position":1,"name":"Home","item":"https:\/\/www.savoydubai.com\/fr\/"},{"@type":"ListItem","position":2,"name":"Savoy Suites","item":"https:\/\/www.savoydubai.com\/fr\/savoy-suites\/"},{"@type":"ListItem","position":3,"name":"H\u00e9bergement"}]},{"@type":"WebSite","@id":"https:\/\/www.savoydubai.com\/fr\/#website","url":"https:\/\/www.savoydubai.com\/fr\/","name":"Savoy Dubai","description":"Just another ms.decms.eu site","potentialAction":[{"@type":"SearchAction","target":{"@type":"EntryPoint","urlTemplate":"https:\/\/www.savoydubai.com\/fr\/?s={search_term_string}"},"query-input":{"@type":"PropertyValueSpecification","valueRequired":true,"valueName":"search_term_string"}}],"inLanguage":"fr-FR"}]}},"acf":[],"_links":{"self":[{"href":"https:\/\/www.savoydubai.com\/fr\/wp-json\/wp\/v2\/pages\/315","targetHints":{"allow":["GET"]}}],"collection":[{"href":"https:\/\/www.savoydubai.com\/fr\/wp-json\/wp\/v2\/pages"}],"about":[{"href":"https:\/\/www.savoydubai.com\/fr\/wp-json\/wp\/v2\/types\/page"}],"author":[{"embeddable":true,"href":"https:\/\/www.savoydubai.com\/fr\/wp-json\/wp\/v2\/users\/36"}],"replies":[{"embeddable":true,"href":"https:\/\/www.savoydubai.com\/fr\/wp-json\/wp\/v2\/comments?post=315"}],"version-history":[{"count":0,"href":"https:\/\/www.savoydubai.com\/fr\/wp-json\/wp\/v2\/pages\/315\/revisions"}],"up":[{"embeddable":true,"href":"https:\/\/www.savoydubai.com\/fr\/wp-json\/wp\/v2\/pages\/293"}],"wp:attachment":[{"href":"https:\/\/www.savoydubai.com\/fr\/wp-json\/wp\/v2\/media?parent=315"}],"curies":[{"name":"wp","href":"https:\/\/api.w.org\/{rel}","templated":true}]}}