{"id":299,"date":"2020-07-06T08:16:49","date_gmt":"2020-07-06T08:16:49","guid":{"rendered":"http:\/\/savoy-dubai.ms.decms.eu\/savoy-crest\/accommodation\/"},"modified":"2020-10-17T13:43:17","modified_gmt":"2020-10-17T13:43:17","slug":"hebergement","status":"publish","type":"page","link":"https:\/\/www.savoydubai.com\/fr\/savoy-crest\/hebergement\/","title":{"rendered":"H\u00e9bergement"},"content":{"rendered":"<p>Vous recherchez un h\u00f4tel de luxe de charme \u00e0 Duba\u00ef ? Le Savoy Crest est l&rsquo;h\u00e9bergement que vous recherchez.<\/p>\n<p>H\u00f4tel d&rsquo;appartements dynamique au charme intime, le Savoy Crest offre une sensation lib\u00e9ratrice d&rsquo;espace rehauss\u00e9e par un d\u00e9cor contemporain, une salle de sport ouverte 24h\/24, une connexion Internet haut d\u00e9bit et toutes les commodit\u00e9s modernes. Les appartements modernes et g\u00e9n\u00e9reusement spacieux \u00e0 proximit\u00e9 de la station de m\u00e9tro Burjuman disposent de cuisines bien \u00e9quip\u00e9es pour satisfaire tous vos besoins et vous permettre de pr\u00e9parer vos repas chez vous, loin de chez vous.<\/p>\n<p>Situ\u00e9e au c\u0153ur de la ville, la r\u00e9sidence propose 84 chambres-studios \u00e9l\u00e9gantes, 28 suites luxueuses \u00e0 une chambre et 14 appartements \u00e0 deux chambres communicantes. Des accents \u00e9l\u00e9gants, un grand canap\u00e9-lit et une table \u00e0 manger dans le s\u00e9jour conf\u00e8rent un charme accueillant \u00e0 l&rsquo;espace. Tous les appartements sont climatis\u00e9s avec un contr\u00f4le individuel de la temp\u00e9rature. Toutes les pi\u00e8ces sont con\u00e7ues pour disposer de coins chambre, salon et s\u00e9jour s\u00e9par\u00e9s avec une cuisine enti\u00e8rement \u00e9quip\u00e9e.<\/p>\n<p>&nbsp;<\/p>\n","protected":false},"excerpt":{"rendered":"<p>Vous recherchez un h\u00f4tel de luxe de charme \u00e0 Duba\u00ef ? Le Savoy Crest est l&rsquo;h\u00e9bergement que vous recherchez. H\u00f4tel d&rsquo;appartements dynamique au charme intime, le Savoy Crest offre une sensation lib\u00e9ratrice d&rsquo;espace rehauss\u00e9e par un d\u00e9cor contemporain, une salle de sport ouverte 24h\/24, une connexion Internet haut d\u00e9bit et toutes les commodit\u00e9s modernes. Les [&hellip;]<\/p>\n","protected":false},"author":17,"featured_media":0,"parent":289,"menu_order":10,"comment_status":"closed","ping_status":"closed","template":"template-hotel-rooms.php","meta":{"footnotes":""},"class_list":["post-299","page","type-page","status-publish","hentry"],"yoast_head":"<!-- This site is optimized with the Yoast SEO plugin v26.9 - https:\/\/yoast.com\/product\/yoast-seo-wordpress\/ -->\n<title>H\u00e9bergement - Savoy Dubai<\/title>\n<meta name=\"robots\" content=\"index, follow, max-snippet:-1, max-image-preview:large, max-video-preview:-1\" \/>\n<link rel=\"canonical\" href=\"https:\/\/www.savoydubai.com\/fr\/savoy-crest\/hebergement\/\" \/>\n<meta property=\"og:locale\" content=\"fr_FR\" \/>\n<meta property=\"og:type\" content=\"article\" \/>\n<meta property=\"og:title\" content=\"H\u00e9bergement - Savoy Dubai\" \/>\n<meta property=\"og:description\" content=\"Vous recherchez un h\u00f4tel de luxe de charme \u00e0 Duba\u00ef ? Le Savoy Crest est l&rsquo;h\u00e9bergement que vous recherchez. H\u00f4tel d&rsquo;appartements dynamique au charme intime, le Savoy Crest offre une sensation lib\u00e9ratrice d&rsquo;espace rehauss\u00e9e par un d\u00e9cor contemporain, une salle de sport ouverte 24h\/24, une connexion Internet haut d\u00e9bit et toutes les commodit\u00e9s modernes. Les [&hellip;]\" \/>\n<meta property=\"og:url\" content=\"https:\/\/www.savoydubai.com\/fr\/savoy-crest\/hebergement\/\" \/>\n<meta property=\"og:site_name\" content=\"Savoy Dubai\" \/>\n<meta property=\"article:modified_time\" content=\"2020-10-17T13:43:17+00:00\" \/>\n<meta name=\"twitter:card\" content=\"summary_large_image\" \/>\n<meta name=\"twitter:label1\" content=\"Dur\u00e9e de lecture estim\u00e9e\" \/>\n\t<meta name=\"twitter:data1\" content=\"1 minute\" \/>\n<script type=\"application\/ld+json\" class=\"yoast-schema-graph\">{\"@context\":\"https:\/\/schema.org\",\"@graph\":[{\"@type\":\"WebPage\",\"@id\":\"https:\/\/www.savoydubai.com\/fr\/savoy-crest\/hebergement\/\",\"url\":\"https:\/\/www.savoydubai.com\/fr\/savoy-crest\/hebergement\/\",\"name\":\"H\u00e9bergement - Savoy Dubai\",\"isPartOf\":{\"@id\":\"https:\/\/www.savoydubai.com\/fr\/#website\"},\"datePublished\":\"2020-07-06T08:16:49+00:00\",\"dateModified\":\"2020-10-17T13:43:17+00:00\",\"breadcrumb\":{\"@id\":\"https:\/\/www.savoydubai.com\/fr\/savoy-crest\/hebergement\/#breadcrumb\"},\"inLanguage\":\"fr-FR\",\"potentialAction\":[{\"@type\":\"ReadAction\",\"target\":[\"https:\/\/www.savoydubai.com\/fr\/savoy-crest\/hebergement\/\"]}]},{\"@type\":\"BreadcrumbList\",\"@id\":\"https:\/\/www.savoydubai.com\/fr\/savoy-crest\/hebergement\/#breadcrumb\",\"itemListElement\":[{\"@type\":\"ListItem\",\"position\":1,\"name\":\"Home\",\"item\":\"https:\/\/www.savoydubai.com\/fr\/\"},{\"@type\":\"ListItem\",\"position\":2,\"name\":\"Savoy Crest\",\"item\":\"https:\/\/www.savoydubai.com\/fr\/savoy-crest\/\"},{\"@type\":\"ListItem\",\"position\":3,\"name\":\"H\u00e9bergement\"}]},{\"@type\":\"WebSite\",\"@id\":\"https:\/\/www.savoydubai.com\/fr\/#website\",\"url\":\"https:\/\/www.savoydubai.com\/fr\/\",\"name\":\"Savoy Dubai\",\"description\":\"Just another ms.decms.eu site\",\"potentialAction\":[{\"@type\":\"SearchAction\",\"target\":{\"@type\":\"EntryPoint\",\"urlTemplate\":\"https:\/\/www.savoydubai.com\/fr\/?s={search_term_string}\"},\"query-input\":{\"@type\":\"PropertyValueSpecification\",\"valueRequired\":true,\"valueName\":\"search_term_string\"}}],\"inLanguage\":\"fr-FR\"}]}<\/script>\n<!-- \/ Yoast SEO plugin. -->","yoast_head_json":{"title":"H\u00e9bergement - Savoy Dubai","robots":{"index":"index","follow":"follow","max-snippet":"max-snippet:-1","max-image-preview":"max-image-preview:large","max-video-preview":"max-video-preview:-1"},"canonical":"https:\/\/www.savoydubai.com\/fr\/savoy-crest\/hebergement\/","og_locale":"fr_FR","og_type":"article","og_title":"H\u00e9bergement - Savoy Dubai","og_description":"Vous recherchez un h\u00f4tel de luxe de charme \u00e0 Duba\u00ef ? Le Savoy Crest est l&rsquo;h\u00e9bergement que vous recherchez. H\u00f4tel d&rsquo;appartements dynamique au charme intime, le Savoy Crest offre une sensation lib\u00e9ratrice d&rsquo;espace rehauss\u00e9e par un d\u00e9cor contemporain, une salle de sport ouverte 24h\/24, une connexion Internet haut d\u00e9bit et toutes les commodit\u00e9s modernes. Les [&hellip;]","og_url":"https:\/\/www.savoydubai.com\/fr\/savoy-crest\/hebergement\/","og_site_name":"Savoy Dubai","article_modified_time":"2020-10-17T13:43:17+00:00","twitter_card":"summary_large_image","twitter_misc":{"Dur\u00e9e de lecture estim\u00e9e":"1 minute"},"schema":{"@context":"https:\/\/schema.org","@graph":[{"@type":"WebPage","@id":"https:\/\/www.savoydubai.com\/fr\/savoy-crest\/hebergement\/","url":"https:\/\/www.savoydubai.com\/fr\/savoy-crest\/hebergement\/","name":"H\u00e9bergement - Savoy Dubai","isPartOf":{"@id":"https:\/\/www.savoydubai.com\/fr\/#website"},"datePublished":"2020-07-06T08:16:49+00:00","dateModified":"2020-10-17T13:43:17+00:00","breadcrumb":{"@id":"https:\/\/www.savoydubai.com\/fr\/savoy-crest\/hebergement\/#breadcrumb"},"inLanguage":"fr-FR","potentialAction":[{"@type":"ReadAction","target":["https:\/\/www.savoydubai.com\/fr\/savoy-crest\/hebergement\/"]}]},{"@type":"BreadcrumbList","@id":"https:\/\/www.savoydubai.com\/fr\/savoy-crest\/hebergement\/#breadcrumb","itemListElement":[{"@type":"ListItem","position":1,"name":"Home","item":"https:\/\/www.savoydubai.com\/fr\/"},{"@type":"ListItem","position":2,"name":"Savoy Crest","item":"https:\/\/www.savoydubai.com\/fr\/savoy-crest\/"},{"@type":"ListItem","position":3,"name":"H\u00e9bergement"}]},{"@type":"WebSite","@id":"https:\/\/www.savoydubai.com\/fr\/#website","url":"https:\/\/www.savoydubai.com\/fr\/","name":"Savoy Dubai","description":"Just another ms.decms.eu site","potentialAction":[{"@type":"SearchAction","target":{"@type":"EntryPoint","urlTemplate":"https:\/\/www.savoydubai.com\/fr\/?s={search_term_string}"},"query-input":{"@type":"PropertyValueSpecification","valueRequired":true,"valueName":"search_term_string"}}],"inLanguage":"fr-FR"}]}},"acf":[],"_links":{"self":[{"href":"https:\/\/www.savoydubai.com\/fr\/wp-json\/wp\/v2\/pages\/299","targetHints":{"allow":["GET"]}}],"collection":[{"href":"https:\/\/www.savoydubai.com\/fr\/wp-json\/wp\/v2\/pages"}],"about":[{"href":"https:\/\/www.savoydubai.com\/fr\/wp-json\/wp\/v2\/types\/page"}],"author":[{"embeddable":true,"href":"https:\/\/www.savoydubai.com\/fr\/wp-json\/wp\/v2\/users\/17"}],"replies":[{"embeddable":true,"href":"https:\/\/www.savoydubai.com\/fr\/wp-json\/wp\/v2\/comments?post=299"}],"version-history":[{"count":0,"href":"https:\/\/www.savoydubai.com\/fr\/wp-json\/wp\/v2\/pages\/299\/revisions"}],"up":[{"embeddable":true,"href":"https:\/\/www.savoydubai.com\/fr\/wp-json\/wp\/v2\/pages\/289"}],"wp:attachment":[{"href":"https:\/\/www.savoydubai.com\/fr\/wp-json\/wp\/v2\/media?parent=299"}],"curies":[{"name":"wp","href":"https:\/\/api.w.org\/{rel}","templated":true}]}}