{"id":293,"date":"2020-07-08T16:25:04","date_gmt":"2020-07-08T16:25:04","guid":{"rendered":"http:\/\/savoy-dubai.ms.decms.eu\/?page_id=293"},"modified":"2020-10-08T14:09:33","modified_gmt":"2020-10-08T14:09:33","slug":"savoy-suites","status":"publish","type":"page","link":"https:\/\/www.savoydubai.com\/fr\/savoy-suites\/","title":{"rendered":"Savoy Suites"},"content":{"rendered":"<p>Offrant du grand luxe sans compromettre son accueil chaleureux, le Savoy Suites est le choix haut de gamme des voyageurs avertis. Ce havre de paix urbain abrite 100 studios classiques et 12 suites sup\u00e9rieures \u00e0 deux chambres, tous dot\u00e9s d&rsquo;am\u00e9nagements modernes et de kitchenettes enti\u00e8rement \u00e9quip\u00e9es.<\/p>\n<p>Le Savoy Suites fait de chaque s\u00e9jour une exp\u00e9rience exquise et unique gr\u00e2ce \u00e0 une connexion Internet haut d\u00e9bit, une piscine ext\u00e9rieure chauff\u00e9e, un jacuzzi, un sauna et un hammam.<\/p>\n<p>Notre caf\u00e9-restaurant vous propose petit-d\u00e9jeuner, d\u00e9jeuner, d\u00eener et collations exquises pour satisfaire les papilles gustatives de chacun de nos h\u00f4tes.<\/p>\n<p>Le Savoy Suites est nich\u00e9 dans un emplacement privil\u00e9gi\u00e9 avec une connexion pratique \u00e0 la Sheikh Zayed Road de la ville, au World Trade Center et aux quartiers commer\u00e7ants et culturels de Duba\u00ef.<\/p>\n<p>Deux stations de m\u00e9tro sont accessibles \u00e0 pied depuis l&rsquo;h\u00f4tel, avec des hypermarch\u00e9s et le centre commercial BurJuman \u00e0 proximit\u00e9.<\/p>\n<p>La plage de La Mer \u00e0 Jumeirah est situ\u00e9e \u00e0 5 km. Un service de bus gratuit est disponible au quotidien pour y emmener tous nos h\u00f4tes, \u00e0 qui nous pr\u00eatons \u00e9galement des serviettes et des tapis de plage.<\/p>\n<p>Laur\u00e9at du prix du tourisme vert de Duba\u00ef en 2012, 2017 et 2019 ainsi que du prix de l&rsquo;h\u00f4tel durable du Moyen-Orient en 2014 et 2016.<\/p>\n","protected":false},"excerpt":{"rendered":"<p>Le Savoy Suites Hotel Apartments est un \u00e9l\u00e9gant \u00e9tablissement d&rsquo;appartements h\u00f4teliers situ\u00e9 \u00e0 Duba\u00ef. Il offre \u00e0 ses h\u00f4tes des chambres modernes et luxueuses pour un s\u00e9jour extr\u00eamement confortable.<\/p>\n","protected":false},"author":36,"featured_media":0,"parent":0,"menu_order":20,"comment_status":"closed","ping_status":"closed","template":"template-hotel.php","meta":{"footnotes":""},"class_list":["post-293","page","type-page","status-publish","hentry"],"yoast_head":"<!-- This site is optimized with the Yoast SEO plugin v26.9 - https:\/\/yoast.com\/product\/yoast-seo-wordpress\/ -->\n<title>Savoy Suites - Savoy Dubai<\/title>\n<meta name=\"robots\" content=\"index, follow, max-snippet:-1, max-image-preview:large, max-video-preview:-1\" \/>\n<link rel=\"canonical\" href=\"https:\/\/www.savoydubai.com\/fr\/savoy-suites\/\" \/>\n<meta property=\"og:locale\" content=\"fr_FR\" \/>\n<meta property=\"og:type\" content=\"article\" \/>\n<meta property=\"og:title\" content=\"Savoy Suites - Savoy Dubai\" \/>\n<meta property=\"og:description\" content=\"Le Savoy Suites Hotel Apartments est un \u00e9l\u00e9gant \u00e9tablissement d&#039;appartements h\u00f4teliers situ\u00e9 \u00e0 Duba\u00ef. Il offre \u00e0 ses h\u00f4tes des chambres modernes et luxueuses pour un s\u00e9jour extr\u00eamement confortable.\" \/>\n<meta property=\"og:url\" content=\"https:\/\/www.savoydubai.com\/fr\/savoy-suites\/\" \/>\n<meta property=\"og:site_name\" content=\"Savoy Dubai\" \/>\n<meta property=\"article:modified_time\" content=\"2020-10-08T14:09:33+00:00\" \/>\n<meta name=\"twitter:card\" content=\"summary_large_image\" \/>\n<meta name=\"twitter:label1\" content=\"Dur\u00e9e de lecture estim\u00e9e\" \/>\n\t<meta name=\"twitter:data1\" content=\"1 minute\" \/>\n<script type=\"application\/ld+json\" class=\"yoast-schema-graph\">{\"@context\":\"https:\/\/schema.org\",\"@graph\":[{\"@type\":\"WebPage\",\"@id\":\"https:\/\/www.savoydubai.com\/fr\/savoy-suites\/\",\"url\":\"https:\/\/www.savoydubai.com\/fr\/savoy-suites\/\",\"name\":\"Savoy Suites - Savoy Dubai\",\"isPartOf\":{\"@id\":\"https:\/\/www.savoydubai.com\/fr\/#website\"},\"datePublished\":\"2020-07-08T16:25:04+00:00\",\"dateModified\":\"2020-10-08T14:09:33+00:00\",\"breadcrumb\":{\"@id\":\"https:\/\/www.savoydubai.com\/fr\/savoy-suites\/#breadcrumb\"},\"inLanguage\":\"fr-FR\",\"potentialAction\":[{\"@type\":\"ReadAction\",\"target\":[\"https:\/\/www.savoydubai.com\/fr\/savoy-suites\/\"]}]},{\"@type\":\"BreadcrumbList\",\"@id\":\"https:\/\/www.savoydubai.com\/fr\/savoy-suites\/#breadcrumb\",\"itemListElement\":[{\"@type\":\"ListItem\",\"position\":1,\"name\":\"Home\",\"item\":\"https:\/\/www.savoydubai.com\/fr\/\"},{\"@type\":\"ListItem\",\"position\":2,\"name\":\"Savoy Suites\"}]},{\"@type\":\"WebSite\",\"@id\":\"https:\/\/www.savoydubai.com\/fr\/#website\",\"url\":\"https:\/\/www.savoydubai.com\/fr\/\",\"name\":\"Savoy Dubai\",\"description\":\"Just another ms.decms.eu site\",\"potentialAction\":[{\"@type\":\"SearchAction\",\"target\":{\"@type\":\"EntryPoint\",\"urlTemplate\":\"https:\/\/www.savoydubai.com\/fr\/?s={search_term_string}\"},\"query-input\":{\"@type\":\"PropertyValueSpecification\",\"valueRequired\":true,\"valueName\":\"search_term_string\"}}],\"inLanguage\":\"fr-FR\"}]}<\/script>\n<!-- \/ Yoast SEO plugin. -->","yoast_head_json":{"title":"Savoy Suites - Savoy Dubai","robots":{"index":"index","follow":"follow","max-snippet":"max-snippet:-1","max-image-preview":"max-image-preview:large","max-video-preview":"max-video-preview:-1"},"canonical":"https:\/\/www.savoydubai.com\/fr\/savoy-suites\/","og_locale":"fr_FR","og_type":"article","og_title":"Savoy Suites - Savoy Dubai","og_description":"Le Savoy Suites Hotel Apartments est un \u00e9l\u00e9gant \u00e9tablissement d'appartements h\u00f4teliers situ\u00e9 \u00e0 Duba\u00ef. Il offre \u00e0 ses h\u00f4tes des chambres modernes et luxueuses pour un s\u00e9jour extr\u00eamement confortable.","og_url":"https:\/\/www.savoydubai.com\/fr\/savoy-suites\/","og_site_name":"Savoy Dubai","article_modified_time":"2020-10-08T14:09:33+00:00","twitter_card":"summary_large_image","twitter_misc":{"Dur\u00e9e de lecture estim\u00e9e":"1 minute"},"schema":{"@context":"https:\/\/schema.org","@graph":[{"@type":"WebPage","@id":"https:\/\/www.savoydubai.com\/fr\/savoy-suites\/","url":"https:\/\/www.savoydubai.com\/fr\/savoy-suites\/","name":"Savoy Suites - Savoy Dubai","isPartOf":{"@id":"https:\/\/www.savoydubai.com\/fr\/#website"},"datePublished":"2020-07-08T16:25:04+00:00","dateModified":"2020-10-08T14:09:33+00:00","breadcrumb":{"@id":"https:\/\/www.savoydubai.com\/fr\/savoy-suites\/#breadcrumb"},"inLanguage":"fr-FR","potentialAction":[{"@type":"ReadAction","target":["https:\/\/www.savoydubai.com\/fr\/savoy-suites\/"]}]},{"@type":"BreadcrumbList","@id":"https:\/\/www.savoydubai.com\/fr\/savoy-suites\/#breadcrumb","itemListElement":[{"@type":"ListItem","position":1,"name":"Home","item":"https:\/\/www.savoydubai.com\/fr\/"},{"@type":"ListItem","position":2,"name":"Savoy Suites"}]},{"@type":"WebSite","@id":"https:\/\/www.savoydubai.com\/fr\/#website","url":"https:\/\/www.savoydubai.com\/fr\/","name":"Savoy Dubai","description":"Just another ms.decms.eu site","potentialAction":[{"@type":"SearchAction","target":{"@type":"EntryPoint","urlTemplate":"https:\/\/www.savoydubai.com\/fr\/?s={search_term_string}"},"query-input":{"@type":"PropertyValueSpecification","valueRequired":true,"valueName":"search_term_string"}}],"inLanguage":"fr-FR"}]}},"acf":[],"_links":{"self":[{"href":"https:\/\/www.savoydubai.com\/fr\/wp-json\/wp\/v2\/pages\/293","targetHints":{"allow":["GET"]}}],"collection":[{"href":"https:\/\/www.savoydubai.com\/fr\/wp-json\/wp\/v2\/pages"}],"about":[{"href":"https:\/\/www.savoydubai.com\/fr\/wp-json\/wp\/v2\/types\/page"}],"author":[{"embeddable":true,"href":"https:\/\/www.savoydubai.com\/fr\/wp-json\/wp\/v2\/users\/36"}],"replies":[{"embeddable":true,"href":"https:\/\/www.savoydubai.com\/fr\/wp-json\/wp\/v2\/comments?post=293"}],"version-history":[{"count":0,"href":"https:\/\/www.savoydubai.com\/fr\/wp-json\/wp\/v2\/pages\/293\/revisions"}],"wp:attachment":[{"href":"https:\/\/www.savoydubai.com\/fr\/wp-json\/wp\/v2\/media?parent=293"}],"curies":[{"name":"wp","href":"https:\/\/api.w.org\/{rel}","templated":true}]}}