{"id":261,"date":"2020-07-06T08:19:40","date_gmt":"2020-07-06T08:19:40","guid":{"rendered":"http:\/\/savoy-dubai.ms.decms.eu\/services\/"},"modified":"2020-10-17T14:30:52","modified_gmt":"2020-10-17T14:30:52","slug":"services","status":"publish","type":"page","link":"https:\/\/www.savoydubai.com\/fr\/savoy-crest\/services\/","title":{"rendered":"Services"},"content":{"rendered":"<p>Au Savoy Crest, nos h\u00f4tes peuvent profiter d&rsquo;une vari\u00e9t\u00e9 de services et d&rsquo;installations qui ont \u00e9t\u00e9 mis en place pour leur assurer un s\u00e9jour des plus m\u00e9morables.<\/p>\n<p>Tous les h\u00f4tes s\u00e9journant dans nos appartements meubl\u00e9s \u00e0 Duba\u00ef, qu&rsquo;ils r\u00e9sident dans nos appartements \u00e0 deux chambres communicantes, nos studios ou nos studios classiques \u00e0 une chambre, peuvent s&rsquo;octroyer une pause et profiter de nos installations de loisirs de qualit\u00e9, toutes sur place. Il est toujours agr\u00e9able de vous octroyer un moment \u00e0 vous quand vous \u00eates loin de chez vous. Vous pouvez le faire ici en profitant des installations et des activit\u00e9s de loisirs pour faire une pause bien m\u00e9rit\u00e9e loin du stress.<\/p>\n<p>Les installations disponibles du Savoy Crest comprennent une piscine ext\u00e9rieure \u00e0 temp\u00e9rature contr\u00f4l\u00e9e, une piscine pour enfants, un jacuzzi, un sauna et un hammam. Que vous vouliez faire un jogging rapide ou soulever des poids l\u00e9gers, notre salle de sport \u00e0 la pointe de la technologie vous offre une gamme d&rsquo;\u00e9quipements avanc\u00e9s.<br \/>\nNous offrons aussi \u00e0 tous nos h\u00f4tes un service de bus quotidien gratuit de l&rsquo;h\u00f4tel \u00e0 la plage de La Mer \u00e0 Jumeirah. Des serviettes et des tapis de plage sont offerts \u00e0 tous nos h\u00f4tes lors de la mont\u00e9e dans le bus.<\/p>\n<p>Des billets d&rsquo;entr\u00e9e aux parcs d&rsquo;attractions, aux visites de la ville et \u00e0 toutes les attractions locales sont disponibles \u00e0 la r\u00e9ception \u00e0 des prix r\u00e9duits.<br \/>\nEn prenant la d\u00e9cision de s\u00e9journer au Savoy Crest, vous faites le choix de s\u00e9journer dans l&#8217;emplacement le plus pratique du quartier de Bur Dubai. Toutes nos chambres spacieuses vous offriront une zone d\u00e9di\u00e9e pour travailler de chez vous et vous d\u00e9tendre dans un environnement calme. Vous pouvez \u00eatre assur\u00e9 que les services personnalis\u00e9s fournis par chaque membre du personnel seront parfaits.<\/p>\n","protected":false},"excerpt":{"rendered":"<p>Au Savoy Crest, nos h\u00f4tes peuvent profiter d&rsquo;une vari\u00e9t\u00e9 de services et d&rsquo;installations qui ont \u00e9t\u00e9 mis en place pour leur assurer un s\u00e9jour des plus m\u00e9morables. Tous les h\u00f4tes s\u00e9journant dans nos appartements meubl\u00e9s \u00e0 Duba\u00ef, qu&rsquo;ils r\u00e9sident dans nos appartements \u00e0 deux chambres communicantes, nos studios ou nos studios classiques \u00e0 une chambre, [&hellip;]<\/p>\n","protected":false},"author":17,"featured_media":0,"parent":289,"menu_order":20,"comment_status":"closed","ping_status":"closed","template":"template-hotel-services.php","meta":{"footnotes":""},"class_list":["post-261","page","type-page","status-publish","hentry"],"yoast_head":"<!-- This site is optimized with the Yoast SEO plugin v26.9 - https:\/\/yoast.com\/product\/yoast-seo-wordpress\/ -->\n<title>Services - Savoy Dubai<\/title>\n<meta name=\"robots\" content=\"index, follow, max-snippet:-1, max-image-preview:large, max-video-preview:-1\" \/>\n<link rel=\"canonical\" href=\"https:\/\/www.savoydubai.com\/fr\/savoy-crest\/services\/\" \/>\n<meta property=\"og:locale\" content=\"fr_FR\" \/>\n<meta property=\"og:type\" content=\"article\" \/>\n<meta property=\"og:title\" content=\"Services - Savoy Dubai\" \/>\n<meta property=\"og:description\" content=\"Au Savoy Crest, nos h\u00f4tes peuvent profiter d&rsquo;une vari\u00e9t\u00e9 de services et d&rsquo;installations qui ont \u00e9t\u00e9 mis en place pour leur assurer un s\u00e9jour des plus m\u00e9morables. Tous les h\u00f4tes s\u00e9journant dans nos appartements meubl\u00e9s \u00e0 Duba\u00ef, qu&rsquo;ils r\u00e9sident dans nos appartements \u00e0 deux chambres communicantes, nos studios ou nos studios classiques \u00e0 une chambre, [&hellip;]\" \/>\n<meta property=\"og:url\" content=\"https:\/\/www.savoydubai.com\/fr\/savoy-crest\/services\/\" \/>\n<meta property=\"og:site_name\" content=\"Savoy Dubai\" \/>\n<meta property=\"article:modified_time\" content=\"2020-10-17T14:30:52+00:00\" \/>\n<meta name=\"twitter:card\" content=\"summary_large_image\" \/>\n<meta name=\"twitter:label1\" content=\"Dur\u00e9e de lecture estim\u00e9e\" \/>\n\t<meta name=\"twitter:data1\" content=\"2 minutes\" \/>\n<script type=\"application\/ld+json\" class=\"yoast-schema-graph\">{\"@context\":\"https:\/\/schema.org\",\"@graph\":[{\"@type\":\"WebPage\",\"@id\":\"https:\/\/www.savoydubai.com\/fr\/savoy-crest\/services\/\",\"url\":\"https:\/\/www.savoydubai.com\/fr\/savoy-crest\/services\/\",\"name\":\"Services - Savoy Dubai\",\"isPartOf\":{\"@id\":\"https:\/\/www.savoydubai.com\/fr\/#website\"},\"datePublished\":\"2020-07-06T08:19:40+00:00\",\"dateModified\":\"2020-10-17T14:30:52+00:00\",\"breadcrumb\":{\"@id\":\"https:\/\/www.savoydubai.com\/fr\/savoy-crest\/services\/#breadcrumb\"},\"inLanguage\":\"fr-FR\",\"potentialAction\":[{\"@type\":\"ReadAction\",\"target\":[\"https:\/\/www.savoydubai.com\/fr\/savoy-crest\/services\/\"]}]},{\"@type\":\"BreadcrumbList\",\"@id\":\"https:\/\/www.savoydubai.com\/fr\/savoy-crest\/services\/#breadcrumb\",\"itemListElement\":[{\"@type\":\"ListItem\",\"position\":1,\"name\":\"Home\",\"item\":\"https:\/\/www.savoydubai.com\/fr\/\"},{\"@type\":\"ListItem\",\"position\":2,\"name\":\"Savoy Crest\",\"item\":\"https:\/\/www.savoydubai.com\/fr\/savoy-crest\/\"},{\"@type\":\"ListItem\",\"position\":3,\"name\":\"Services\"}]},{\"@type\":\"WebSite\",\"@id\":\"https:\/\/www.savoydubai.com\/fr\/#website\",\"url\":\"https:\/\/www.savoydubai.com\/fr\/\",\"name\":\"Savoy Dubai\",\"description\":\"Just another ms.decms.eu site\",\"potentialAction\":[{\"@type\":\"SearchAction\",\"target\":{\"@type\":\"EntryPoint\",\"urlTemplate\":\"https:\/\/www.savoydubai.com\/fr\/?s={search_term_string}\"},\"query-input\":{\"@type\":\"PropertyValueSpecification\",\"valueRequired\":true,\"valueName\":\"search_term_string\"}}],\"inLanguage\":\"fr-FR\"}]}<\/script>\n<!-- \/ Yoast SEO plugin. -->","yoast_head_json":{"title":"Services - Savoy Dubai","robots":{"index":"index","follow":"follow","max-snippet":"max-snippet:-1","max-image-preview":"max-image-preview:large","max-video-preview":"max-video-preview:-1"},"canonical":"https:\/\/www.savoydubai.com\/fr\/savoy-crest\/services\/","og_locale":"fr_FR","og_type":"article","og_title":"Services - Savoy Dubai","og_description":"Au Savoy Crest, nos h\u00f4tes peuvent profiter d&rsquo;une vari\u00e9t\u00e9 de services et d&rsquo;installations qui ont \u00e9t\u00e9 mis en place pour leur assurer un s\u00e9jour des plus m\u00e9morables. Tous les h\u00f4tes s\u00e9journant dans nos appartements meubl\u00e9s \u00e0 Duba\u00ef, qu&rsquo;ils r\u00e9sident dans nos appartements \u00e0 deux chambres communicantes, nos studios ou nos studios classiques \u00e0 une chambre, [&hellip;]","og_url":"https:\/\/www.savoydubai.com\/fr\/savoy-crest\/services\/","og_site_name":"Savoy Dubai","article_modified_time":"2020-10-17T14:30:52+00:00","twitter_card":"summary_large_image","twitter_misc":{"Dur\u00e9e de lecture estim\u00e9e":"2 minutes"},"schema":{"@context":"https:\/\/schema.org","@graph":[{"@type":"WebPage","@id":"https:\/\/www.savoydubai.com\/fr\/savoy-crest\/services\/","url":"https:\/\/www.savoydubai.com\/fr\/savoy-crest\/services\/","name":"Services - Savoy Dubai","isPartOf":{"@id":"https:\/\/www.savoydubai.com\/fr\/#website"},"datePublished":"2020-07-06T08:19:40+00:00","dateModified":"2020-10-17T14:30:52+00:00","breadcrumb":{"@id":"https:\/\/www.savoydubai.com\/fr\/savoy-crest\/services\/#breadcrumb"},"inLanguage":"fr-FR","potentialAction":[{"@type":"ReadAction","target":["https:\/\/www.savoydubai.com\/fr\/savoy-crest\/services\/"]}]},{"@type":"BreadcrumbList","@id":"https:\/\/www.savoydubai.com\/fr\/savoy-crest\/services\/#breadcrumb","itemListElement":[{"@type":"ListItem","position":1,"name":"Home","item":"https:\/\/www.savoydubai.com\/fr\/"},{"@type":"ListItem","position":2,"name":"Savoy Crest","item":"https:\/\/www.savoydubai.com\/fr\/savoy-crest\/"},{"@type":"ListItem","position":3,"name":"Services"}]},{"@type":"WebSite","@id":"https:\/\/www.savoydubai.com\/fr\/#website","url":"https:\/\/www.savoydubai.com\/fr\/","name":"Savoy Dubai","description":"Just another ms.decms.eu site","potentialAction":[{"@type":"SearchAction","target":{"@type":"EntryPoint","urlTemplate":"https:\/\/www.savoydubai.com\/fr\/?s={search_term_string}"},"query-input":{"@type":"PropertyValueSpecification","valueRequired":true,"valueName":"search_term_string"}}],"inLanguage":"fr-FR"}]}},"acf":[],"_links":{"self":[{"href":"https:\/\/www.savoydubai.com\/fr\/wp-json\/wp\/v2\/pages\/261","targetHints":{"allow":["GET"]}}],"collection":[{"href":"https:\/\/www.savoydubai.com\/fr\/wp-json\/wp\/v2\/pages"}],"about":[{"href":"https:\/\/www.savoydubai.com\/fr\/wp-json\/wp\/v2\/types\/page"}],"author":[{"embeddable":true,"href":"https:\/\/www.savoydubai.com\/fr\/wp-json\/wp\/v2\/users\/17"}],"replies":[{"embeddable":true,"href":"https:\/\/www.savoydubai.com\/fr\/wp-json\/wp\/v2\/comments?post=261"}],"version-history":[{"count":0,"href":"https:\/\/www.savoydubai.com\/fr\/wp-json\/wp\/v2\/pages\/261\/revisions"}],"up":[{"embeddable":true,"href":"https:\/\/www.savoydubai.com\/fr\/wp-json\/wp\/v2\/pages\/289"}],"wp:attachment":[{"href":"https:\/\/www.savoydubai.com\/fr\/wp-json\/wp\/v2\/media?parent=261"}],"curies":[{"name":"wp","href":"https:\/\/api.w.org\/{rel}","templated":true}]}}