{"id":1927,"date":"2020-10-12T09:40:42","date_gmt":"2020-10-12T09:40:42","guid":{"rendered":"http:\/\/savoy-dubai.ms.decms.eu\/?page_id=1927"},"modified":"2020-10-17T15:04:07","modified_gmt":"2020-10-17T15:04:07","slug":"sejour-de-longue-duree","status":"publish","type":"page","link":"https:\/\/www.savoydubai.com\/fr\/savoy-park\/sejour-de-longue-duree\/","title":{"rendered":"S\u00e9jour de Longue Dur\u00e9e"},"content":{"rendered":"<p>Si vous recherchez des appartements h\u00f4teliers pour un s\u00e9jour de longue dur\u00e9e \u00e0 Duba\u00ef, le Savoy Park est fait pour vous.<\/p>\n<p>Id\u00e9alement situ\u00e9 au c\u0153ur de Mankhool Bur Dubai et avec son offre de loyers mensuels, le Savoy Park est con\u00e7u pour offrir \u00e0 ses r\u00e9sidents de longue dur\u00e9e une demeure magnifique et confortable loin de chez eux. Des activit\u00e9s de loisirs \u00e9poustouflantes aux \u00e9quipements modernes et utiles pour un confort absolu, nous avons cr\u00e9\u00e9 l&rsquo;h\u00e9bergement id\u00e9al pour le voyageur exigeant de longue dur\u00e9e.<\/p>\n<p>Lors de votre s\u00e9jour au Savoy Park dans la ville de Duba\u00ef, vous avez le choix entre un appartement-studio magnifique ou un studio communicant pratique. Ces deux options sont livr\u00e9es avec une gamme d&rsquo;\u00e9quipements et de services pour convenir \u00e0 votre s\u00e9jour \u00e0 long terme et vous fournir un confort absolu.<\/p>\n<p><strong><u>Ces appartements-studios comprennent<\/u><\/strong> :<\/p>\n<ul>\n<li>Une kitchenette enti\u00e8rement \u00e9quip\u00e9e avec toutes les commodit\u00e9s dont vous avez besoin pour vous sentir chez vous : vaisselle, couverts, verres, ustensiles de cuisine, four \u00e0 micro-ondes, plaque de cuisson double et grand r\u00e9frig\u00e9rateur.<\/li>\n<li>Un lave-linge et un s\u00e8che-linge dans chaque appartement ou studio, ainsi qu&rsquo;un fer et une planche \u00e0 repasser pour que votre s\u00e9jour de longue dur\u00e9e soit aussi pratique que possible.<\/li>\n<li>Un coin salon enti\u00e8rement meubl\u00e9 avec un canap\u00e9-lit et un grand \u00e9cran de t\u00e9l\u00e9vision pour votre d\u00e9tente et votre divertissement afin que vous vous sentiez comme chez vous.<\/li>\n<li>Un bureau qui vous promet de tout faire dans le confort de votre propre espace.<\/li>\n<li>Des salles de bains enti\u00e8rement fonctionnelles pour votre confort.<\/li>\n<li>Des services d&rsquo;entretien m\u00e9nager r\u00e9gulier.<\/li>\n<li>Un acc\u00e8s 24 heures sur 24 \u00e0 la r\u00e9ception et aux services de s\u00e9curit\u00e9, de conciergerie et de m\u00e9nage.<\/li>\n<\/ul>\n<p>Un autre \u00e9l\u00e9ment important \u00e0 noter est que le Savoy Park applique les normes de nettoyage les plus \u00e9lev\u00e9es et que nous d\u00e9sinfectons chaque zone, y compris les couloirs, les ascenseurs et tous les points de contact. Votre sant\u00e9 et votre s\u00e9curit\u00e9 sont notre priorit\u00e9.<\/p>\n<p>Contrairement \u00e0 la location d&rsquo;une propri\u00e9t\u00e9 r\u00e9sidentielle pour votre s\u00e9jour de longue dur\u00e9e \u00e0 Duba\u00ef qui vous co\u00fbterait davantage, un s\u00e9jour au Savoy Park vous garantira le meilleur rapport qualit\u00e9-prix.<\/p>\n<p>En plus du confort d&rsquo;un appartement h\u00f4telier magnifiquement et enti\u00e8rement meubl\u00e9 pour votre s\u00e9jour de longue dur\u00e9e, vous b\u00e9n\u00e9ficierez d&rsquo;une vari\u00e9t\u00e9 d&rsquo;avantages, notamment :<\/p>\n<ul>\n<li>Pas de commission \u00e0 verser \u00e0 un courtier ou \u00e0 un agent immobilier lors de l&#8217;emm\u00e9nagement<\/li>\n<li>Pas de d\u00e9p\u00f4t de garantie requis<\/li>\n<li>Nous appliquons un mod\u00e8le \u00ab Pay as you stay \u00bb, ce qui signifie que vous n&rsquo;avez pas \u00e0 payer 3 mois \u00e0 l&rsquo;avance ou \u00e0 fournir de ch\u00e8ques postdat\u00e9s pour les mois \u00e0 venir.<\/li>\n<li>Pas de frais locaux de logement &#8211; Rera et Ejari<\/li>\n<li>Pas de frais de dossier lors du renouvellement du contrat de location<\/li>\n<li>Pas de d\u00e9p\u00f4t pour la connexion ou les factures mensuelles de services publics (DEWA) car elles sont d\u00e9j\u00e0 incluses dans le tarif de votre chambre<\/li>\n<li>Pas de d\u00e9p\u00f4t de demande pour obtenir une connexion fixe avec DU ou Etisalat<\/li>\n<li>Pas d&rsquo;abonnement requis pour les cha\u00eenes de t\u00e9l\u00e9vision et de divertissement qui sont fournies gratuitement en interne.<\/li>\n<li>Connexion Internet GRATUITE. Routeur haut de gamme d\u00e9di\u00e9 dans chaque pi\u00e8ce.<\/li>\n<\/ul>\n<p>En choisissant de s\u00e9journer au Savoy Park \u00e0 Duba\u00ef, vous optez pour un s\u00e9jour de luxe dans le quartier de Mankhool Bur Dubai qui vous offrira d\u00e9tente et tranquillit\u00e9 d&rsquo;esprit.<\/p>\n\n                <div class='gf_browser_gecko gform_wrapper' id='gform_wrapper_38' ><form method='post' enctype='multipart\/form-data'  id='gform_38'  action='\/fr\/wp-json\/wp\/v2\/pages\/1927'>\n                        <div class='gform_heading'>\n                            <span class='gform_description'><\/span>\n                        <\/div>\n                        <div class='gform_body'><ul id='gform_fields_38' class='gform_fields top_label form_sublabel_below description_below'><li id='field_38_9'  class='gfield gfield_html gfield_html_formatted gfield_no_follows_desc field_sublabel_below field_description_below gfield_visibility_visible' ><h2 class=\"the-title uppercase centered\">\nDemande des meilleurs tarifs\n<\/h2><\/li><li id='field_38_1'  class='gfield middle gfield_contains_required field_sublabel_below field_description_below gfield_visibility_visible' ><label class='gfield_label' for='input_38_1' >Nom complet<span class='gfield_required'>*<\/span><\/label><div class='ginput_container ginput_container_text'><input name='input_1' id='input_38_1' type='text' value='' class='medium'     aria-required=\"true\" aria-invalid=\"false\" \/><\/div><\/li><li id='field_38_3'  class='gfield middle gfield_contains_required field_sublabel_below field_description_below gfield_visibility_visible' ><label class='gfield_label' for='input_38_3' >E-mail<span class='gfield_required'>*<\/span><\/label><div class='ginput_container ginput_container_email'>\n                            <input name='input_3' id='input_38_3' type='text' value='' class='medium'    aria-required=\"true\" aria-invalid=\"false\" \/>\n                        <\/div><\/li><li id='field_38_4'  class='gfield middle field_sublabel_below field_description_below gfield_visibility_visible' ><label class='gfield_label' for='input_38_4' >N\u00ba de mobile \/ WhatsApp<\/label><div class='ginput_container ginput_container_phone'><input name='input_4' id='input_38_4' type='text' value='' class='medium'    aria-invalid=\"false\"  \/><\/div><\/li><li id='field_38_8'  class='gfield middle gfield_contains_required field_sublabel_below field_description_below gfield_visibility_visible' ><label class='gfield_label' for='input_38_8' >Date d&#039;arriv\u00e9e<span class='gfield_required'>*<\/span><\/label><div class='ginput_container ginput_container_date'>\n                            <input name='input_8' id='input_38_8' type='text' value='15\/04\/2026' class='datepicker medium dmy datepicker_with_icon'    aria-describedby='input_38_8_date_format' \/>\n                            <span id='input_38_8_date_format' class='screen-reader-text'>Date Format: JJ slash MM slash AAAA<\/span>\n                        <\/div>\n                        <input type='hidden' id='gforms_calendar_icon_input_38_8' class='gform_hidden' value='https:\/\/www.savoydubai.com\/wp-content\/plugins\/gravityforms\/images\/calendar.png'\/><\/li><li id='field_38_5'  class='gfield gfield_contains_required field_sublabel_below field_description_below gfield_visibility_visible' ><label class='gfield_label' for='input_38_5' >Message<span class='gfield_required'>*<\/span><\/label><div class='ginput_container ginput_container_textarea'><textarea name='input_5' id='input_38_5' class='textarea medium'     aria-required=\"true\" aria-invalid=\"false\"   rows='10' cols='50'><\/textarea><\/div><\/li><li id='field_38_6'  class='gfield privacy-policy gfield_contains_required field_sublabel_below field_description_below gfield_visibility_visible' ><label class='gfield_label'  >politique de confidentialit\u00e9<span class='gfield_required'>*<\/span><\/label><div class='ginput_container ginput_container_checkbox'><ul class='gfield_checkbox' id='input_38_6'><li class='gchoice_38_6_1'>\n\t\t\t\t\t\t\t\t<input name='input_6.1' type='checkbox'  value='*  En cliquant, vous acceptez notre &lt;a href=&quot;https:\/\/savoy-dubai.ms.decms.eu\/fr\/savoy-park\/confidentialite\/&quot;&gt;politique de confidentialit\u00e9 &lt;\/a&gt;'  id='choice_38_6_1'   \/>\n\t\t\t\t\t\t\t\t<label for='choice_38_6_1' id='label_38_6_1'>*  En cliquant, vous acceptez notre <a href=\"https:\/\/savoy-dubai.ms.decms.eu\/fr\/savoy-park\/confidentialite\/\">politique de confidentialit\u00e9 <\/a><\/label>\n\t\t\t\t\t\t\t<\/li><\/ul><\/div><\/li><li id='field_38_7'  class='gfield required-fields gfield_html gfield_html_formatted gfield_no_follows_desc field_sublabel_below field_description_below gfield_visibility_visible' >* Champs obligatoires<\/li><li id='field_38_11'  class='gfield field_sublabel_below field_description_below gfield_visibility_visible' ><label class='gfield_label' for='input_38_11' >CAPTCHA<\/label><div id='input_38_11' class='ginput_container ginput_recaptcha' data-sitekey='6LfcmNsZAAAAAEcHpYogIloqCxisBmxa902I-tYC'  data-theme='light' data-tabindex='0'  data-badge=''><\/div><\/li><li id='field_38_12'  class='gfield gform_validation_container field_sublabel_below field_description_below gfield_visibility_visible' ><label class='gfield_label' for='input_38_12' >Name<\/label><div class='ginput_container'><input name='input_12' id='input_38_12' type='text' value='' \/><\/div><div class='gfield_description' id='gfield_description_38_12'>Ce champ n\u2019est utilis\u00e9 qu\u2019\u00e0 des fins de validation et devrait rester inchang\u00e9.<\/div><\/li>\n                            <\/ul><\/div>\n        <div class='gform_footer top_label'> <input type='submit' id='gform_submit_button_38' class='gform_button button' value='Envoyer le message'  onclick='if(window[\"gf_submitting_38\"]){return false;}  window[\"gf_submitting_38\"]=true;  ' onkeypress='if( event.keyCode == 13 ){ if(window[\"gf_submitting_38\"]){return false;} window[\"gf_submitting_38\"]=true;  jQuery(\"#gform_38\").trigger(\"submit\",[true]); }' \/> \n            <input type='hidden' class='gform_hidden' name='is_submit_38' value='1' \/>\n            <input type='hidden' class='gform_hidden' name='gform_submit' value='38' \/>\n            \n            <input type='hidden' class='gform_hidden' name='gform_unique_id' value='' \/>\n            <input type='hidden' class='gform_hidden' name='state_38' value='WyJbXSIsIjMzYmYyMWNkYTJhNzA4YTM1YzdlNzFmY2RiNzcyYTQwIl0=' \/>\n            <input type='hidden' class='gform_hidden' name='gform_target_page_number_38' id='gform_target_page_number_38' value='0' \/>\n            <input type='hidden' class='gform_hidden' name='gform_source_page_number_38' id='gform_source_page_number_38' value='1' \/>\n            <input type='hidden' name='gform_field_values' value='' \/>\n            \n        <\/div>\n                        <\/form>\n                        <\/div>\n","protected":false},"excerpt":{"rendered":"<p>Si vous recherchez des appartements h\u00f4teliers pour un s\u00e9jour de longue dur\u00e9e \u00e0 Duba\u00ef, le Savoy Park est fait pour vous. Id\u00e9alement situ\u00e9 au c\u0153ur de Mankhool Bur Dubai et avec son offre de loyers mensuels, le Savoy Park est con\u00e7u pour offrir \u00e0 ses r\u00e9sidents de longue dur\u00e9e une demeure magnifique et confortable loin [&hellip;]<\/p>\n","protected":false},"author":36,"featured_media":0,"parent":564,"menu_order":50,"comment_status":"closed","ping_status":"closed","template":"template-hotel-default.php","meta":{"footnotes":""},"class_list":["post-1927","page","type-page","status-publish","hentry"],"yoast_head":"<!-- This site is optimized with the Yoast SEO plugin v26.9 - https:\/\/yoast.com\/product\/yoast-seo-wordpress\/ -->\n<title>S\u00e9jour de Longue Dur\u00e9e - Savoy Dubai<\/title>\n<meta name=\"robots\" content=\"index, follow, max-snippet:-1, max-image-preview:large, max-video-preview:-1\" \/>\n<link rel=\"canonical\" href=\"https:\/\/www.savoydubai.com\/fr\/savoy-park\/sejour-de-longue-duree\/\" \/>\n<meta property=\"og:locale\" content=\"fr_FR\" \/>\n<meta property=\"og:type\" content=\"article\" \/>\n<meta property=\"og:title\" content=\"S\u00e9jour de Longue Dur\u00e9e - Savoy Dubai\" \/>\n<meta property=\"og:description\" content=\"Si vous recherchez des appartements h\u00f4teliers pour un s\u00e9jour de longue dur\u00e9e \u00e0 Duba\u00ef, le Savoy Park est fait pour vous. Id\u00e9alement situ\u00e9 au c\u0153ur de Mankhool Bur Dubai et avec son offre de loyers mensuels, le Savoy Park est con\u00e7u pour offrir \u00e0 ses r\u00e9sidents de longue dur\u00e9e une demeure magnifique et confortable loin [&hellip;]\" \/>\n<meta property=\"og:url\" content=\"https:\/\/www.savoydubai.com\/fr\/savoy-park\/sejour-de-longue-duree\/\" \/>\n<meta property=\"og:site_name\" content=\"Savoy Dubai\" \/>\n<meta property=\"article:modified_time\" content=\"2020-10-17T15:04:07+00:00\" \/>\n<meta name=\"twitter:card\" content=\"summary_large_image\" \/>\n<meta name=\"twitter:label1\" content=\"Dur\u00e9e de lecture estim\u00e9e\" \/>\n\t<meta name=\"twitter:data1\" content=\"3 minutes\" \/>\n<script type=\"application\/ld+json\" class=\"yoast-schema-graph\">{\"@context\":\"https:\/\/schema.org\",\"@graph\":[{\"@type\":\"WebPage\",\"@id\":\"https:\/\/www.savoydubai.com\/fr\/savoy-park\/sejour-de-longue-duree\/\",\"url\":\"https:\/\/www.savoydubai.com\/fr\/savoy-park\/sejour-de-longue-duree\/\",\"name\":\"S\u00e9jour de Longue Dur\u00e9e - Savoy Dubai\",\"isPartOf\":{\"@id\":\"https:\/\/www.savoydubai.com\/fr\/#website\"},\"datePublished\":\"2020-10-12T09:40:42+00:00\",\"dateModified\":\"2020-10-17T15:04:07+00:00\",\"breadcrumb\":{\"@id\":\"https:\/\/www.savoydubai.com\/fr\/savoy-park\/sejour-de-longue-duree\/#breadcrumb\"},\"inLanguage\":\"fr-FR\",\"potentialAction\":[{\"@type\":\"ReadAction\",\"target\":[\"https:\/\/www.savoydubai.com\/fr\/savoy-park\/sejour-de-longue-duree\/\"]}]},{\"@type\":\"BreadcrumbList\",\"@id\":\"https:\/\/www.savoydubai.com\/fr\/savoy-park\/sejour-de-longue-duree\/#breadcrumb\",\"itemListElement\":[{\"@type\":\"ListItem\",\"position\":1,\"name\":\"Home\",\"item\":\"https:\/\/www.savoydubai.com\/fr\/\"},{\"@type\":\"ListItem\",\"position\":2,\"name\":\"Savoy Park\",\"item\":\"https:\/\/www.savoydubai.com\/fr\/savoy-park\/\"},{\"@type\":\"ListItem\",\"position\":3,\"name\":\"S\u00e9jour de Longue Dur\u00e9e\"}]},{\"@type\":\"WebSite\",\"@id\":\"https:\/\/www.savoydubai.com\/fr\/#website\",\"url\":\"https:\/\/www.savoydubai.com\/fr\/\",\"name\":\"Savoy Dubai\",\"description\":\"Just another ms.decms.eu site\",\"potentialAction\":[{\"@type\":\"SearchAction\",\"target\":{\"@type\":\"EntryPoint\",\"urlTemplate\":\"https:\/\/www.savoydubai.com\/fr\/?s={search_term_string}\"},\"query-input\":{\"@type\":\"PropertyValueSpecification\",\"valueRequired\":true,\"valueName\":\"search_term_string\"}}],\"inLanguage\":\"fr-FR\"}]}<\/script>\n<!-- \/ Yoast SEO plugin. -->","yoast_head_json":{"title":"S\u00e9jour de Longue Dur\u00e9e - Savoy Dubai","robots":{"index":"index","follow":"follow","max-snippet":"max-snippet:-1","max-image-preview":"max-image-preview:large","max-video-preview":"max-video-preview:-1"},"canonical":"https:\/\/www.savoydubai.com\/fr\/savoy-park\/sejour-de-longue-duree\/","og_locale":"fr_FR","og_type":"article","og_title":"S\u00e9jour de Longue Dur\u00e9e - Savoy Dubai","og_description":"Si vous recherchez des appartements h\u00f4teliers pour un s\u00e9jour de longue dur\u00e9e \u00e0 Duba\u00ef, le Savoy Park est fait pour vous. Id\u00e9alement situ\u00e9 au c\u0153ur de Mankhool Bur Dubai et avec son offre de loyers mensuels, le Savoy Park est con\u00e7u pour offrir \u00e0 ses r\u00e9sidents de longue dur\u00e9e une demeure magnifique et confortable loin [&hellip;]","og_url":"https:\/\/www.savoydubai.com\/fr\/savoy-park\/sejour-de-longue-duree\/","og_site_name":"Savoy Dubai","article_modified_time":"2020-10-17T15:04:07+00:00","twitter_card":"summary_large_image","twitter_misc":{"Dur\u00e9e de lecture estim\u00e9e":"3 minutes"},"schema":{"@context":"https:\/\/schema.org","@graph":[{"@type":"WebPage","@id":"https:\/\/www.savoydubai.com\/fr\/savoy-park\/sejour-de-longue-duree\/","url":"https:\/\/www.savoydubai.com\/fr\/savoy-park\/sejour-de-longue-duree\/","name":"S\u00e9jour de Longue Dur\u00e9e - Savoy Dubai","isPartOf":{"@id":"https:\/\/www.savoydubai.com\/fr\/#website"},"datePublished":"2020-10-12T09:40:42+00:00","dateModified":"2020-10-17T15:04:07+00:00","breadcrumb":{"@id":"https:\/\/www.savoydubai.com\/fr\/savoy-park\/sejour-de-longue-duree\/#breadcrumb"},"inLanguage":"fr-FR","potentialAction":[{"@type":"ReadAction","target":["https:\/\/www.savoydubai.com\/fr\/savoy-park\/sejour-de-longue-duree\/"]}]},{"@type":"BreadcrumbList","@id":"https:\/\/www.savoydubai.com\/fr\/savoy-park\/sejour-de-longue-duree\/#breadcrumb","itemListElement":[{"@type":"ListItem","position":1,"name":"Home","item":"https:\/\/www.savoydubai.com\/fr\/"},{"@type":"ListItem","position":2,"name":"Savoy Park","item":"https:\/\/www.savoydubai.com\/fr\/savoy-park\/"},{"@type":"ListItem","position":3,"name":"S\u00e9jour de Longue Dur\u00e9e"}]},{"@type":"WebSite","@id":"https:\/\/www.savoydubai.com\/fr\/#website","url":"https:\/\/www.savoydubai.com\/fr\/","name":"Savoy Dubai","description":"Just another ms.decms.eu site","potentialAction":[{"@type":"SearchAction","target":{"@type":"EntryPoint","urlTemplate":"https:\/\/www.savoydubai.com\/fr\/?s={search_term_string}"},"query-input":{"@type":"PropertyValueSpecification","valueRequired":true,"valueName":"search_term_string"}}],"inLanguage":"fr-FR"}]}},"acf":[],"_links":{"self":[{"href":"https:\/\/www.savoydubai.com\/fr\/wp-json\/wp\/v2\/pages\/1927","targetHints":{"allow":["GET"]}}],"collection":[{"href":"https:\/\/www.savoydubai.com\/fr\/wp-json\/wp\/v2\/pages"}],"about":[{"href":"https:\/\/www.savoydubai.com\/fr\/wp-json\/wp\/v2\/types\/page"}],"author":[{"embeddable":true,"href":"https:\/\/www.savoydubai.com\/fr\/wp-json\/wp\/v2\/users\/36"}],"replies":[{"embeddable":true,"href":"https:\/\/www.savoydubai.com\/fr\/wp-json\/wp\/v2\/comments?post=1927"}],"version-history":[{"count":0,"href":"https:\/\/www.savoydubai.com\/fr\/wp-json\/wp\/v2\/pages\/1927\/revisions"}],"up":[{"embeddable":true,"href":"https:\/\/www.savoydubai.com\/fr\/wp-json\/wp\/v2\/pages\/564"}],"wp:attachment":[{"href":"https:\/\/www.savoydubai.com\/fr\/wp-json\/wp\/v2\/media?parent=1927"}],"curies":[{"name":"wp","href":"https:\/\/api.w.org\/{rel}","templated":true}]}}