{"id":1777,"date":"2020-10-06T15:08:46","date_gmt":"2020-10-06T15:08:46","guid":{"rendered":"http:\/\/savoy-dubai.ms.decms.eu\/?page_id=1777"},"modified":"2020-10-09T13:07:42","modified_gmt":"2020-10-09T13:07:42","slug":"sejour-de-longue-duree","status":"publish","type":"page","link":"https:\/\/www.savoydubai.com\/fr\/savoy-suites\/sejour-de-longue-duree\/","title":{"rendered":"S\u00e9jour de Longue Dur\u00e9e"},"content":{"rendered":"<p>Si vous recherchez des appartements h\u00f4teliers pour un s\u00e9jour de longue dur\u00e9e \u00e0 Duba\u00ef, le Savoy Suites est fait pour vous.<\/p>\n<p>Id\u00e9alement situ\u00e9 au c\u0153ur de Mankhool Bur Dubai et avec son offre de loyers mensuels, le Savoy Suites est con\u00e7u pour offrir \u00e0 ses r\u00e9sidents de longue dur\u00e9e une seconde demeure. Des installations luxueuses aux \u00e9quipements modernes pour un confort absolu, nous avons cr\u00e9\u00e9 l&rsquo;h\u00e9bergement parfait pour le voyageur averti.<\/p>\n<p>Lors de votre s\u00e9jour au Savoy Suites \u00e0 Duba\u00ef, vous avez le choix entre une chambre-studio classique ou une suite sup\u00e9rieure \u00e0 deux chambres dot\u00e9e de tout une gamme de conforts.<\/p>\n<p><strong><u>Ces appartements comprennent<\/u><\/strong> :<\/p>\n<ul>\n<li>Une kitchenette enti\u00e8rement \u00e9quip\u00e9e avec plaques de cuisson, un grand r\u00e9frig\u00e9rateur avec compartiment cong\u00e9lateur, un four \u00e0 micro-ondes ainsi que tous les ustensiles de cuisine dont vous aurez besoin pendant votre s\u00e9jour.<\/li>\n<li>La commodit\u00e9 des supermarch\u00e9s et des \u00e9piceries \u00e0 distance de marche de l&rsquo;h\u00f4tel.<\/li>\n<li>Un lave-linge et un s\u00e8che-linge sont disponibles dans chaque appartement ou studio, ainsi qu&rsquo;un fer et une planche \u00e0 repasser dans la chambre.<\/li>\n<li>Un coin salon s\u00e9par\u00e9 et confortablement meubl\u00e9 avec un canap\u00e9-lit et une grande t\u00e9l\u00e9vision, dans lequel vous pourrez vous d\u00e9tendre apr\u00e8s une journ\u00e9e bien remplie.<\/li>\n<li>Une table de travail s\u00e9par\u00e9e pour vous permettre de tout faire de mani\u00e8re confortable.<\/li>\n<li>Des sanitaires bien am\u00e9nag\u00e9s avec une salle de bain compl\u00e8te.<\/li>\n<li>Des services d&rsquo;entretien m\u00e9nager r\u00e9gulier.<\/li>\n<li>Un acc\u00e8s 24 heures sur 24 \u00e0 la r\u00e9ception, aux services de s\u00e9curit\u00e9, d&rsquo;entretien et de conciergerie.<\/li>\n<\/ul>\n<p>Vous \u00eates assur\u00e9 d&rsquo;\u00eatre entre de bonnes mains au Savoy Suites car votre sant\u00e9 et votre s\u00e9curit\u00e9 sont notre priorit\u00e9 absolue. Les normes les plus \u00e9lev\u00e9es de nettoyage et de d\u00e9sinfection sont appliqu\u00e9es dans toutes les zones, y compris les ascenseurs et les couloirs. De plus, nous d\u00e9sinfectons chaque heure les points de contact publics.<\/p>\n<p>Outre le confort de loger dans un appartement h\u00f4telier confortable et enti\u00e8rement meubl\u00e9 pour un s\u00e9jour de longue dur\u00e9e, il existe un certain nombre d&rsquo;avantages suppl\u00e9mentaires \u00e0 opter pour un appartement h\u00f4telier \u00e0 Bur Dubai pour un loyer mensuel par rapport \u00e0 un d\u00e9m\u00e9nagement dans un immeuble ou une propri\u00e9t\u00e9 r\u00e9sidentiels :<\/p>\n<ul>\n<li>Pas de commission \u00e0 verser \u00e0 un courtier ou \u00e0 un agent immobilier lors de l&#8217;emm\u00e9nagement<\/li>\n<li>Pas de d\u00e9p\u00f4t de garantie requis<\/li>\n<li>Nous appliquons un mod\u00e8le \u00ab Pay as you stay \u00bb, ce qui signifie que vous n&rsquo;avez pas \u00e0 payer 3 mois \u00e0 l&rsquo;avance ou \u00e0 fournir de ch\u00e8ques postdat\u00e9s pour les mois \u00e0 venir<\/li>\n<li>Pas de frais locaux de logement &#8211; Rera et Ejari<\/li>\n<li>Pas de frais de dossier lors du renouvellement du contrat de location<\/li>\n<li>Pas de d\u00e9p\u00f4t pour la connexion ou les factures mensuelles de services publics (DEWA) car elles sont d\u00e9j\u00e0 incluses dans le tarif de votre chambre<\/li>\n<li>Pas de d\u00e9p\u00f4t de demande pour obtenir une connexion fixe avec DU ou Etisalat<\/li>\n<li>Pas d&rsquo;abonnement requis pour les cha\u00eenes de t\u00e9l\u00e9vision et de divertissement qui sont fournies gratuitement en interne.<\/li>\n<li>Connexion Internet GRATUITE. Routeur haut de gamme d\u00e9di\u00e9 dans chaque pi\u00e8ce.<\/li>\n<\/ul>\n<p>En choisissant de s\u00e9journer au Savoy Suites de Duba\u00ef, vous optez pour un s\u00e9jour de luxe dans le quartier de Bur Dubai qui sera relaxant, agr\u00e9able et abordable.<\/p>\n\n                <div class='gf_browser_gecko gform_wrapper' id='gform_wrapper_37' ><form method='post' enctype='multipart\/form-data'  id='gform_37'  action='\/fr\/wp-json\/wp\/v2\/pages\/1777'>\n                        <div class='gform_heading'>\n                            <span class='gform_description'><\/span>\n                        <\/div>\n                        <div class='gform_body'><ul id='gform_fields_37' class='gform_fields top_label form_sublabel_below description_below'><li id='field_37_9'  class='gfield gfield_html gfield_html_formatted gfield_no_follows_desc field_sublabel_below field_description_below gfield_visibility_visible' ><h2 class=\"the-title uppercase centered\">\nDemande des meilleurs tarifs\n<\/h2><\/li><li id='field_37_1'  class='gfield middle gfield_contains_required field_sublabel_below field_description_below gfield_visibility_visible' ><label class='gfield_label' for='input_37_1' >Nom complet<span class='gfield_required'>*<\/span><\/label><div class='ginput_container ginput_container_text'><input name='input_1' id='input_37_1' type='text' value='' class='medium'     aria-required=\"true\" aria-invalid=\"false\" \/><\/div><\/li><li id='field_37_3'  class='gfield middle gfield_contains_required field_sublabel_below field_description_below gfield_visibility_visible' ><label class='gfield_label' for='input_37_3' >E-mail<span class='gfield_required'>*<\/span><\/label><div class='ginput_container ginput_container_email'>\n                            <input name='input_3' id='input_37_3' type='text' value='' class='medium'    aria-required=\"true\" aria-invalid=\"false\" \/>\n                        <\/div><\/li><li id='field_37_4'  class='gfield middle field_sublabel_below field_description_below gfield_visibility_visible' ><label class='gfield_label' for='input_37_4' >N\u00ba de mobile \/ WhatsApp<\/label><div class='ginput_container ginput_container_phone'><input name='input_4' id='input_37_4' type='text' value='' class='medium'    aria-invalid=\"false\"  \/><\/div><\/li><li id='field_37_8'  class='gfield middle gfield_contains_required field_sublabel_below field_description_below gfield_visibility_visible' ><label class='gfield_label' for='input_37_8' >Date d&#039;arriv\u00e9e<span class='gfield_required'>*<\/span><\/label><div class='ginput_container ginput_container_date'>\n                            <input name='input_8' id='input_37_8' type='text' value='28\/04\/2026' class='datepicker medium dmy datepicker_with_icon'    aria-describedby='input_37_8_date_format' \/>\n                            <span id='input_37_8_date_format' class='screen-reader-text'>Date Format: JJ slash MM slash AAAA<\/span>\n                        <\/div>\n                        <input type='hidden' id='gforms_calendar_icon_input_37_8' class='gform_hidden' value='https:\/\/www.savoydubai.com\/wp-content\/plugins\/gravityforms\/images\/calendar.png'\/><\/li><li id='field_37_5'  class='gfield gfield_contains_required field_sublabel_below field_description_below gfield_visibility_visible' ><label class='gfield_label' for='input_37_5' >Message<span class='gfield_required'>*<\/span><\/label><div class='ginput_container ginput_container_textarea'><textarea name='input_5' id='input_37_5' class='textarea medium'     aria-required=\"true\" aria-invalid=\"false\"   rows='10' cols='50'><\/textarea><\/div><\/li><li id='field_37_6'  class='gfield privacy-policy gfield_contains_required field_sublabel_below field_description_below gfield_visibility_visible' ><label class='gfield_label'  >politique de confidentialit\u00e9<span class='gfield_required'>*<\/span><\/label><div class='ginput_container ginput_container_checkbox'><ul class='gfield_checkbox' id='input_37_6'><li class='gchoice_37_6_1'>\n\t\t\t\t\t\t\t\t<input name='input_6.1' type='checkbox'  value='*  En cliquant, vous acceptez notre &lt;a href=&quot;https:\/\/savoy-dubai.ms.decms.eu\/fr\/savoy-suites\/confidentialite\/&quot;&gt;politique de confidentialit\u00e9 &lt;\/a&gt;'  id='choice_37_6_1'   \/>\n\t\t\t\t\t\t\t\t<label for='choice_37_6_1' id='label_37_6_1'>*  En cliquant, vous acceptez notre <a href=\"https:\/\/savoy-dubai.ms.decms.eu\/fr\/savoy-suites\/confidentialite\/\">politique de confidentialit\u00e9 <\/a><\/label>\n\t\t\t\t\t\t\t<\/li><\/ul><\/div><\/li><li id='field_37_7'  class='gfield required-fields gfield_html gfield_html_formatted gfield_no_follows_desc field_sublabel_below field_description_below gfield_visibility_visible' >* Champs obligatoires<\/li><li id='field_37_11'  class='gfield field_sublabel_below field_description_below gfield_visibility_visible' ><label class='gfield_label' for='input_37_11' >CAPTCHA<\/label><div id='input_37_11' class='ginput_container ginput_recaptcha' data-sitekey='6LfcmNsZAAAAAEcHpYogIloqCxisBmxa902I-tYC'  data-theme='light' data-tabindex='0'  data-badge=''><\/div><\/li><li id='field_37_12'  class='gfield gform_validation_container field_sublabel_below field_description_below gfield_visibility_visible' ><label class='gfield_label' for='input_37_12' >Comments<\/label><div class='ginput_container'><input name='input_12' id='input_37_12' type='text' value='' \/><\/div><div class='gfield_description' id='gfield_description_37_12'>Ce champ n\u2019est utilis\u00e9 qu\u2019\u00e0 des fins de validation et devrait rester inchang\u00e9.<\/div><\/li>\n                            <\/ul><\/div>\n        <div class='gform_footer top_label'> <input type='submit' id='gform_submit_button_37' class='gform_button button' value='Envoyer le message'  onclick='if(window[\"gf_submitting_37\"]){return false;}  window[\"gf_submitting_37\"]=true;  ' onkeypress='if( event.keyCode == 13 ){ if(window[\"gf_submitting_37\"]){return false;} window[\"gf_submitting_37\"]=true;  jQuery(\"#gform_37\").trigger(\"submit\",[true]); }' \/> \n            <input type='hidden' class='gform_hidden' name='is_submit_37' value='1' \/>\n            <input type='hidden' class='gform_hidden' name='gform_submit' value='37' \/>\n            \n            <input type='hidden' class='gform_hidden' name='gform_unique_id' value='' \/>\n            <input type='hidden' class='gform_hidden' name='state_37' value='WyJbXSIsIjMzYmYyMWNkYTJhNzA4YTM1YzdlNzFmY2RiNzcyYTQwIl0=' \/>\n            <input type='hidden' class='gform_hidden' name='gform_target_page_number_37' id='gform_target_page_number_37' value='0' \/>\n            <input type='hidden' class='gform_hidden' name='gform_source_page_number_37' id='gform_source_page_number_37' value='1' \/>\n            <input type='hidden' name='gform_field_values' value='' \/>\n            \n        <\/div>\n                        <\/form>\n                        <\/div>\n","protected":false},"excerpt":{"rendered":"<p>Si vous recherchez des appartements h\u00f4teliers pour un s\u00e9jour de longue dur\u00e9e \u00e0 Duba\u00ef, le Savoy Suites est fait pour vous. Id\u00e9alement situ\u00e9 au c\u0153ur de Mankhool Bur Dubai et avec son offre de loyers mensuels, le Savoy Suites est con\u00e7u pour offrir \u00e0 ses r\u00e9sidents de longue dur\u00e9e une seconde demeure. Des installations luxueuses [&hellip;]<\/p>\n","protected":false},"author":36,"featured_media":0,"parent":293,"menu_order":50,"comment_status":"closed","ping_status":"closed","template":"template-hotel-default.php","meta":{"footnotes":""},"class_list":["post-1777","page","type-page","status-publish","hentry"],"yoast_head":"<!-- This site is optimized with the Yoast SEO plugin v26.9 - https:\/\/yoast.com\/product\/yoast-seo-wordpress\/ -->\n<title>S\u00e9jour de Longue Dur\u00e9e - Savoy Dubai<\/title>\n<meta name=\"robots\" content=\"index, follow, max-snippet:-1, max-image-preview:large, max-video-preview:-1\" \/>\n<link rel=\"canonical\" href=\"https:\/\/www.savoydubai.com\/fr\/savoy-suites\/sejour-de-longue-duree\/\" \/>\n<meta property=\"og:locale\" content=\"fr_FR\" \/>\n<meta property=\"og:type\" content=\"article\" \/>\n<meta property=\"og:title\" content=\"S\u00e9jour de Longue Dur\u00e9e - Savoy Dubai\" \/>\n<meta property=\"og:description\" content=\"Si vous recherchez des appartements h\u00f4teliers pour un s\u00e9jour de longue dur\u00e9e \u00e0 Duba\u00ef, le Savoy Suites est fait pour vous. Id\u00e9alement situ\u00e9 au c\u0153ur de Mankhool Bur Dubai et avec son offre de loyers mensuels, le Savoy Suites est con\u00e7u pour offrir \u00e0 ses r\u00e9sidents de longue dur\u00e9e une seconde demeure. Des installations luxueuses [&hellip;]\" \/>\n<meta property=\"og:url\" content=\"https:\/\/www.savoydubai.com\/fr\/savoy-suites\/sejour-de-longue-duree\/\" \/>\n<meta property=\"og:site_name\" content=\"Savoy Dubai\" \/>\n<meta property=\"article:modified_time\" content=\"2020-10-09T13:07:42+00:00\" \/>\n<meta name=\"twitter:card\" content=\"summary_large_image\" \/>\n<meta name=\"twitter:label1\" content=\"Dur\u00e9e de lecture estim\u00e9e\" \/>\n\t<meta name=\"twitter:data1\" content=\"3 minutes\" \/>\n<script type=\"application\/ld+json\" class=\"yoast-schema-graph\">{\"@context\":\"https:\/\/schema.org\",\"@graph\":[{\"@type\":\"WebPage\",\"@id\":\"https:\/\/www.savoydubai.com\/fr\/savoy-suites\/sejour-de-longue-duree\/\",\"url\":\"https:\/\/www.savoydubai.com\/fr\/savoy-suites\/sejour-de-longue-duree\/\",\"name\":\"S\u00e9jour de Longue Dur\u00e9e - Savoy Dubai\",\"isPartOf\":{\"@id\":\"https:\/\/www.savoydubai.com\/fr\/#website\"},\"datePublished\":\"2020-10-06T15:08:46+00:00\",\"dateModified\":\"2020-10-09T13:07:42+00:00\",\"breadcrumb\":{\"@id\":\"https:\/\/www.savoydubai.com\/fr\/savoy-suites\/sejour-de-longue-duree\/#breadcrumb\"},\"inLanguage\":\"fr-FR\",\"potentialAction\":[{\"@type\":\"ReadAction\",\"target\":[\"https:\/\/www.savoydubai.com\/fr\/savoy-suites\/sejour-de-longue-duree\/\"]}]},{\"@type\":\"BreadcrumbList\",\"@id\":\"https:\/\/www.savoydubai.com\/fr\/savoy-suites\/sejour-de-longue-duree\/#breadcrumb\",\"itemListElement\":[{\"@type\":\"ListItem\",\"position\":1,\"name\":\"Home\",\"item\":\"https:\/\/www.savoydubai.com\/fr\/\"},{\"@type\":\"ListItem\",\"position\":2,\"name\":\"Savoy Suites\",\"item\":\"https:\/\/www.savoydubai.com\/fr\/savoy-suites\/\"},{\"@type\":\"ListItem\",\"position\":3,\"name\":\"S\u00e9jour de Longue Dur\u00e9e\"}]},{\"@type\":\"WebSite\",\"@id\":\"https:\/\/www.savoydubai.com\/fr\/#website\",\"url\":\"https:\/\/www.savoydubai.com\/fr\/\",\"name\":\"Savoy Dubai\",\"description\":\"Just another ms.decms.eu site\",\"potentialAction\":[{\"@type\":\"SearchAction\",\"target\":{\"@type\":\"EntryPoint\",\"urlTemplate\":\"https:\/\/www.savoydubai.com\/fr\/?s={search_term_string}\"},\"query-input\":{\"@type\":\"PropertyValueSpecification\",\"valueRequired\":true,\"valueName\":\"search_term_string\"}}],\"inLanguage\":\"fr-FR\"}]}<\/script>\n<!-- \/ Yoast SEO plugin. -->","yoast_head_json":{"title":"S\u00e9jour de Longue Dur\u00e9e - Savoy Dubai","robots":{"index":"index","follow":"follow","max-snippet":"max-snippet:-1","max-image-preview":"max-image-preview:large","max-video-preview":"max-video-preview:-1"},"canonical":"https:\/\/www.savoydubai.com\/fr\/savoy-suites\/sejour-de-longue-duree\/","og_locale":"fr_FR","og_type":"article","og_title":"S\u00e9jour de Longue Dur\u00e9e - Savoy Dubai","og_description":"Si vous recherchez des appartements h\u00f4teliers pour un s\u00e9jour de longue dur\u00e9e \u00e0 Duba\u00ef, le Savoy Suites est fait pour vous. Id\u00e9alement situ\u00e9 au c\u0153ur de Mankhool Bur Dubai et avec son offre de loyers mensuels, le Savoy Suites est con\u00e7u pour offrir \u00e0 ses r\u00e9sidents de longue dur\u00e9e une seconde demeure. Des installations luxueuses [&hellip;]","og_url":"https:\/\/www.savoydubai.com\/fr\/savoy-suites\/sejour-de-longue-duree\/","og_site_name":"Savoy Dubai","article_modified_time":"2020-10-09T13:07:42+00:00","twitter_card":"summary_large_image","twitter_misc":{"Dur\u00e9e de lecture estim\u00e9e":"3 minutes"},"schema":{"@context":"https:\/\/schema.org","@graph":[{"@type":"WebPage","@id":"https:\/\/www.savoydubai.com\/fr\/savoy-suites\/sejour-de-longue-duree\/","url":"https:\/\/www.savoydubai.com\/fr\/savoy-suites\/sejour-de-longue-duree\/","name":"S\u00e9jour de Longue Dur\u00e9e - Savoy Dubai","isPartOf":{"@id":"https:\/\/www.savoydubai.com\/fr\/#website"},"datePublished":"2020-10-06T15:08:46+00:00","dateModified":"2020-10-09T13:07:42+00:00","breadcrumb":{"@id":"https:\/\/www.savoydubai.com\/fr\/savoy-suites\/sejour-de-longue-duree\/#breadcrumb"},"inLanguage":"fr-FR","potentialAction":[{"@type":"ReadAction","target":["https:\/\/www.savoydubai.com\/fr\/savoy-suites\/sejour-de-longue-duree\/"]}]},{"@type":"BreadcrumbList","@id":"https:\/\/www.savoydubai.com\/fr\/savoy-suites\/sejour-de-longue-duree\/#breadcrumb","itemListElement":[{"@type":"ListItem","position":1,"name":"Home","item":"https:\/\/www.savoydubai.com\/fr\/"},{"@type":"ListItem","position":2,"name":"Savoy Suites","item":"https:\/\/www.savoydubai.com\/fr\/savoy-suites\/"},{"@type":"ListItem","position":3,"name":"S\u00e9jour de Longue Dur\u00e9e"}]},{"@type":"WebSite","@id":"https:\/\/www.savoydubai.com\/fr\/#website","url":"https:\/\/www.savoydubai.com\/fr\/","name":"Savoy Dubai","description":"Just another ms.decms.eu site","potentialAction":[{"@type":"SearchAction","target":{"@type":"EntryPoint","urlTemplate":"https:\/\/www.savoydubai.com\/fr\/?s={search_term_string}"},"query-input":{"@type":"PropertyValueSpecification","valueRequired":true,"valueName":"search_term_string"}}],"inLanguage":"fr-FR"}]}},"acf":[],"_links":{"self":[{"href":"https:\/\/www.savoydubai.com\/fr\/wp-json\/wp\/v2\/pages\/1777","targetHints":{"allow":["GET"]}}],"collection":[{"href":"https:\/\/www.savoydubai.com\/fr\/wp-json\/wp\/v2\/pages"}],"about":[{"href":"https:\/\/www.savoydubai.com\/fr\/wp-json\/wp\/v2\/types\/page"}],"author":[{"embeddable":true,"href":"https:\/\/www.savoydubai.com\/fr\/wp-json\/wp\/v2\/users\/36"}],"replies":[{"embeddable":true,"href":"https:\/\/www.savoydubai.com\/fr\/wp-json\/wp\/v2\/comments?post=1777"}],"version-history":[{"count":0,"href":"https:\/\/www.savoydubai.com\/fr\/wp-json\/wp\/v2\/pages\/1777\/revisions"}],"up":[{"embeddable":true,"href":"https:\/\/www.savoydubai.com\/fr\/wp-json\/wp\/v2\/pages\/293"}],"wp:attachment":[{"href":"https:\/\/www.savoydubai.com\/fr\/wp-json\/wp\/v2\/media?parent=1777"}],"curies":[{"name":"wp","href":"https:\/\/api.w.org\/{rel}","templated":true}]}}