{"id":632,"date":"2020-07-13T12:38:48","date_gmt":"2020-07-13T12:38:48","guid":{"rendered":"http:\/\/savoy-dubai.ms.decms.eu\/?page_id=632"},"modified":"2022-02-18T11:30:08","modified_gmt":"2022-02-18T11:30:08","slug":"lage","status":"publish","type":"page","link":"https:\/\/www.savoydubai.com\/de\/savoy-park\/lage\/","title":{"rendered":"Lage"},"content":{"rendered":"<p>Die eleganten und stilvollen Hotel-Apartments des Savoy Park befinden sich im historischen Viertel Bur Dubai auf der Westseite des legend\u00e4ren Dubai Creek. Dubai ist ein weltber\u00fchmtes Reiseziel f\u00fcr Touristen, die aus aller Welt kommen, um die vielen Attraktionen der Stadt zu bewundern. Die beneidenswerte Lage des Hotels bietet einfachen Zugang zu Transportmitteln, Restaurants, Einkaufsvierteln und beliebten Sehensw\u00fcrdigkeiten und ist somit ein bequemer Ausgangspunkt, um die Stadt zu erkunden.<\/p>\n<p>Die Anreise zum Savoy Park ist ebenfalls ausgesprochen einfach. Der Flughafen Dubai ist nur 15 Fahrminuten entfernt; am Ausgang des Flughafens stehen Taxis mit Taxameter zur Verf\u00fcgung, die Sie direkt zum Hotel bringen.<\/p>\n<p>Nach Ihrer Ankunft im Savoy Park sind Sie nur wenige Gehminuten oder eine kurze Autofahrt von Dubais bedeutendsten Attraktionen entfernt. Die U-Bahn-Haltestelle Al Fahidi der gr\u00fcnen Linie ist 8 Gehminuten entfernt und die U-Bahn-Haltestelle BurJuman der roten Linie und das Einkaufszentrum BurJuman erreichen Sie in nur 11 Minuten. Mit diesen U-Bahn-Linien gelangen Sie einfach zu allen Orten der Stadt, die Sie besuchen m\u00f6chten. Die wichtigsten Gesch\u00e4fts- und Einkaufsviertel sind vom Hotel aus zu Fu\u00df erreichbar. Von hier aus haben Sie einfachen Zugang zur Sheikh Zayed Road mit Dubais ber\u00fchmten Wolkenkratzern, darunter auch der ikonische Burj Khalifa.<\/p>\n<p>Das Hotel bietet eine kostenlose Busverbindung zum Strand \u201eLa Mer\u201c in Jumeirah in Dubai; Strandmatten und Badehandt\u00fccher werden allen G\u00e4sten im Bus kostenlos zur Verf\u00fcgung gestellt.<\/p>\n","protected":false},"excerpt":{"rendered":"<p>Die eleganten und stilvollen Hotel-Apartments des Savoy Park befinden sich im historischen Viertel Bur Dubai auf der Westseite des legend\u00e4ren Dubai Creek. Dubai ist ein weltber\u00fchmtes Reiseziel f\u00fcr Touristen, die aus aller Welt kommen, um die vielen Attraktionen der Stadt zu bewundern. Die beneidenswerte Lage des Hotels bietet einfachen Zugang zu Transportmitteln, Restaurants, Einkaufsvierteln und [&hellip;]<\/p>\n","protected":false},"author":36,"featured_media":0,"parent":572,"menu_order":30,"comment_status":"closed","ping_status":"closed","template":"template-hotel-location.php","meta":{"footnotes":""},"class_list":["post-632","page","type-page","status-publish","hentry"],"yoast_head":"<!-- This site is optimized with the Yoast SEO plugin v26.9 - https:\/\/yoast.com\/product\/yoast-seo-wordpress\/ -->\n<title>Lage - Savoy Dubai<\/title>\n<meta name=\"robots\" content=\"index, follow, max-snippet:-1, max-image-preview:large, max-video-preview:-1\" \/>\n<link rel=\"canonical\" href=\"https:\/\/www.savoydubai.com\/de\/savoy-park\/lage\/\" \/>\n<meta property=\"og:locale\" content=\"de_DE\" \/>\n<meta property=\"og:type\" content=\"article\" \/>\n<meta property=\"og:title\" content=\"Lage - Savoy Dubai\" \/>\n<meta property=\"og:description\" content=\"Die eleganten und stilvollen Hotel-Apartments des Savoy Park befinden sich im historischen Viertel Bur Dubai auf der Westseite des legend\u00e4ren Dubai Creek. Dubai ist ein weltber\u00fchmtes Reiseziel f\u00fcr Touristen, die aus aller Welt kommen, um die vielen Attraktionen der Stadt zu bewundern. Die beneidenswerte Lage des Hotels bietet einfachen Zugang zu Transportmitteln, Restaurants, Einkaufsvierteln und [&hellip;]\" \/>\n<meta property=\"og:url\" content=\"https:\/\/www.savoydubai.com\/de\/savoy-park\/lage\/\" \/>\n<meta property=\"og:site_name\" content=\"Savoy Dubai\" \/>\n<meta property=\"article:modified_time\" content=\"2022-02-18T11:30:08+00:00\" \/>\n<meta name=\"twitter:card\" content=\"summary_large_image\" \/>\n<meta name=\"twitter:label1\" content=\"Gesch\u00e4tzte Lesezeit\" \/>\n\t<meta name=\"twitter:data1\" content=\"1 Minute\" \/>\n<script type=\"application\/ld+json\" class=\"yoast-schema-graph\">{\"@context\":\"https:\/\/schema.org\",\"@graph\":[{\"@type\":\"WebPage\",\"@id\":\"https:\/\/www.savoydubai.com\/de\/savoy-park\/lage\/\",\"url\":\"https:\/\/www.savoydubai.com\/de\/savoy-park\/lage\/\",\"name\":\"Lage - Savoy Dubai\",\"isPartOf\":{\"@id\":\"https:\/\/www.savoydubai.com\/de\/#website\"},\"datePublished\":\"2020-07-13T12:38:48+00:00\",\"dateModified\":\"2022-02-18T11:30:08+00:00\",\"breadcrumb\":{\"@id\":\"https:\/\/www.savoydubai.com\/de\/savoy-park\/lage\/#breadcrumb\"},\"inLanguage\":\"de-DE\",\"potentialAction\":[{\"@type\":\"ReadAction\",\"target\":[\"https:\/\/www.savoydubai.com\/de\/savoy-park\/lage\/\"]}]},{\"@type\":\"BreadcrumbList\",\"@id\":\"https:\/\/www.savoydubai.com\/de\/savoy-park\/lage\/#breadcrumb\",\"itemListElement\":[{\"@type\":\"ListItem\",\"position\":1,\"name\":\"Home\",\"item\":\"https:\/\/www.savoydubai.com\/de\/\"},{\"@type\":\"ListItem\",\"position\":2,\"name\":\"Savoy Park\",\"item\":\"https:\/\/www.savoydubai.com\/de\/savoy-park\/\"},{\"@type\":\"ListItem\",\"position\":3,\"name\":\"Lage\"}]},{\"@type\":\"WebSite\",\"@id\":\"https:\/\/www.savoydubai.com\/de\/#website\",\"url\":\"https:\/\/www.savoydubai.com\/de\/\",\"name\":\"Savoy Dubai\",\"description\":\"Just another ms.decms.eu site\",\"potentialAction\":[{\"@type\":\"SearchAction\",\"target\":{\"@type\":\"EntryPoint\",\"urlTemplate\":\"https:\/\/www.savoydubai.com\/de\/?s={search_term_string}\"},\"query-input\":{\"@type\":\"PropertyValueSpecification\",\"valueRequired\":true,\"valueName\":\"search_term_string\"}}],\"inLanguage\":\"de-DE\"}]}<\/script>\n<!-- \/ Yoast SEO plugin. -->","yoast_head_json":{"title":"Lage - Savoy Dubai","robots":{"index":"index","follow":"follow","max-snippet":"max-snippet:-1","max-image-preview":"max-image-preview:large","max-video-preview":"max-video-preview:-1"},"canonical":"https:\/\/www.savoydubai.com\/de\/savoy-park\/lage\/","og_locale":"de_DE","og_type":"article","og_title":"Lage - Savoy Dubai","og_description":"Die eleganten und stilvollen Hotel-Apartments des Savoy Park befinden sich im historischen Viertel Bur Dubai auf der Westseite des legend\u00e4ren Dubai Creek. Dubai ist ein weltber\u00fchmtes Reiseziel f\u00fcr Touristen, die aus aller Welt kommen, um die vielen Attraktionen der Stadt zu bewundern. Die beneidenswerte Lage des Hotels bietet einfachen Zugang zu Transportmitteln, Restaurants, Einkaufsvierteln und [&hellip;]","og_url":"https:\/\/www.savoydubai.com\/de\/savoy-park\/lage\/","og_site_name":"Savoy Dubai","article_modified_time":"2022-02-18T11:30:08+00:00","twitter_card":"summary_large_image","twitter_misc":{"Gesch\u00e4tzte Lesezeit":"1 Minute"},"schema":{"@context":"https:\/\/schema.org","@graph":[{"@type":"WebPage","@id":"https:\/\/www.savoydubai.com\/de\/savoy-park\/lage\/","url":"https:\/\/www.savoydubai.com\/de\/savoy-park\/lage\/","name":"Lage - Savoy Dubai","isPartOf":{"@id":"https:\/\/www.savoydubai.com\/de\/#website"},"datePublished":"2020-07-13T12:38:48+00:00","dateModified":"2022-02-18T11:30:08+00:00","breadcrumb":{"@id":"https:\/\/www.savoydubai.com\/de\/savoy-park\/lage\/#breadcrumb"},"inLanguage":"de-DE","potentialAction":[{"@type":"ReadAction","target":["https:\/\/www.savoydubai.com\/de\/savoy-park\/lage\/"]}]},{"@type":"BreadcrumbList","@id":"https:\/\/www.savoydubai.com\/de\/savoy-park\/lage\/#breadcrumb","itemListElement":[{"@type":"ListItem","position":1,"name":"Home","item":"https:\/\/www.savoydubai.com\/de\/"},{"@type":"ListItem","position":2,"name":"Savoy Park","item":"https:\/\/www.savoydubai.com\/de\/savoy-park\/"},{"@type":"ListItem","position":3,"name":"Lage"}]},{"@type":"WebSite","@id":"https:\/\/www.savoydubai.com\/de\/#website","url":"https:\/\/www.savoydubai.com\/de\/","name":"Savoy Dubai","description":"Just another ms.decms.eu site","potentialAction":[{"@type":"SearchAction","target":{"@type":"EntryPoint","urlTemplate":"https:\/\/www.savoydubai.com\/de\/?s={search_term_string}"},"query-input":{"@type":"PropertyValueSpecification","valueRequired":true,"valueName":"search_term_string"}}],"inLanguage":"de-DE"}]}},"acf":[],"_links":{"self":[{"href":"https:\/\/www.savoydubai.com\/de\/wp-json\/wp\/v2\/pages\/632","targetHints":{"allow":["GET"]}}],"collection":[{"href":"https:\/\/www.savoydubai.com\/de\/wp-json\/wp\/v2\/pages"}],"about":[{"href":"https:\/\/www.savoydubai.com\/de\/wp-json\/wp\/v2\/types\/page"}],"author":[{"embeddable":true,"href":"https:\/\/www.savoydubai.com\/de\/wp-json\/wp\/v2\/users\/36"}],"replies":[{"embeddable":true,"href":"https:\/\/www.savoydubai.com\/de\/wp-json\/wp\/v2\/comments?post=632"}],"version-history":[{"count":0,"href":"https:\/\/www.savoydubai.com\/de\/wp-json\/wp\/v2\/pages\/632\/revisions"}],"up":[{"embeddable":true,"href":"https:\/\/www.savoydubai.com\/de\/wp-json\/wp\/v2\/pages\/572"}],"wp:attachment":[{"href":"https:\/\/www.savoydubai.com\/de\/wp-json\/wp\/v2\/media?parent=632"}],"curies":[{"name":"wp","href":"https:\/\/api.w.org\/{rel}","templated":true}]}}