{"id":619,"date":"2020-07-13T10:36:13","date_gmt":"2020-07-13T10:36:13","guid":{"rendered":"http:\/\/savoy-dubai.ms.decms.eu\/?page_id=619"},"modified":"2020-10-17T15:27:46","modified_gmt":"2020-10-17T15:27:46","slug":"dienstleistungen","status":"publish","type":"page","link":"https:\/\/www.savoydubai.com\/de\/savoy-park\/dienstleistungen\/","title":{"rendered":"Dienstleistungen"},"content":{"rendered":"<p>Egal, ob Sie f\u00fcr einen Urlaub oder einen gesch\u00e4ftlichen Langzeitaufenthalt in Dubai sind, das Savoy Park verf\u00fcgt \u00fcber alle Einrichtungen, um Ihren Aufenthalt so angenehm, unvergesslich und komfortabel wie m\u00f6glich zu gestalten. Alle unsere Zimmer sind auf Luxus, Stil und Komfort ausgelegt. Unsere Einrichtungen sorgen daf\u00fcr, dass alle G\u00e4ste sich eine Pause g\u00f6nnen k\u00f6nnen, um sich zu entspannen und ihren Aufenthalt in Dubai in vollen Z\u00fcgen zu genie\u00dfen.<\/p>\n<p>Das Savoy Park wurde entwickelt, um unseren G\u00e4sten neben unserer traditionellen herzlichen Gastfreundschaft den pers\u00f6nlichsten Service zu bieten. Wir haben unsere Einrichtungen vor Ort so gestaltet, dass alle unsere G\u00e4ste mit bleibenden Erinnerungen abreisen, die sie f\u00fcr eine lange Zeit sch\u00e4tzen werden.<\/p>\n<p>G\u00e4ste, die in den Serviced Apartments des Savoy Park in Dubai \u00fcbernachten, k\u00f6nnen die Freizeiteinrichtungen vor Ort nutzen, zu denen ein temperaturgeregelter Au\u00dfenpool, ein Whirlpool, ein Fitnessraum und eine Sauna geh\u00f6ren. Egal, ob Sie Lust haben, kurz laufen zu gehen oder leichte Gewichten zu stemmen\u00a0\u2013 das Fitnessstudio bietet Ihnen eine gro\u00dfe Palette von Ger\u00e4ten, mit denen Sie w\u00e4hrend Ihres Aufenthalts in unseren Hotel-Apartments k\u00f6rperlich fit und aktiv bleiben k\u00f6nnen.<\/p>\n<p>Wir haben auch ein Serviceangebot zusammengestellt, mit dem Sie Dubai so einfach und bequem wie m\u00f6glich erleben k\u00f6nnen. F\u00fcr alle G\u00e4ste gibt es eine t\u00e4gliche Busverbindung vom Hotel zum nahe gelegenen Strand \u201eLa Mer\u201c in Jumeirah. Badehandt\u00fccher und Strandmatten werden allen G\u00e4sten im Bus kostenlos zur Verf\u00fcgung gestellt.<\/p>\n<p>F\u00fcr G\u00e4ste, die mit ihrer Familie reisen und nach Unterhaltungsm\u00f6glichkeiten suchen, bieten wir Eintrittskarten f\u00fcr die besten Vergn\u00fcgungsparks, Stadtrundfahrten und alle lokalen Sehensw\u00fcrdigkeiten. Diese sind an der Rezeption zu erm\u00e4\u00dfigten Preisen f\u00fcr unsere G\u00e4ste erh\u00e4ltlich.<\/p>\n<p>Wir bieten Ihnen nicht nur einen Raum, um sich im Savoy Park ganz wie zu Hause zu f\u00fchlen, sondern stellen auch sicher, dass Sie w\u00e4hrend Ihres gesamten Aufenthalts unsere herzliche Gastfreundschaft genie\u00dfen werden.<\/p>\n","protected":false},"excerpt":{"rendered":"<p>Egal, ob Sie f\u00fcr einen Urlaub oder einen gesch\u00e4ftlichen Langzeitaufenthalt in Dubai sind, das Savoy Park verf\u00fcgt \u00fcber alle Einrichtungen, um Ihren Aufenthalt so angenehm, unvergesslich und komfortabel wie m\u00f6glich zu gestalten. Alle unsere Zimmer sind auf Luxus, Stil und Komfort ausgelegt. Unsere Einrichtungen sorgen daf\u00fcr, dass alle G\u00e4ste sich eine Pause g\u00f6nnen k\u00f6nnen, um [&hellip;]<\/p>\n","protected":false},"author":36,"featured_media":0,"parent":572,"menu_order":20,"comment_status":"closed","ping_status":"closed","template":"template-hotel-services.php","meta":{"footnotes":""},"class_list":["post-619","page","type-page","status-publish","hentry"],"yoast_head":"<!-- This site is optimized with the Yoast SEO plugin v26.9 - https:\/\/yoast.com\/product\/yoast-seo-wordpress\/ -->\n<title>Dienstleistungen - Savoy Dubai<\/title>\n<meta name=\"robots\" content=\"index, follow, max-snippet:-1, max-image-preview:large, max-video-preview:-1\" \/>\n<link rel=\"canonical\" href=\"https:\/\/www.savoydubai.com\/de\/savoy-park\/dienstleistungen\/\" \/>\n<meta property=\"og:locale\" content=\"de_DE\" \/>\n<meta property=\"og:type\" content=\"article\" \/>\n<meta property=\"og:title\" content=\"Dienstleistungen - Savoy Dubai\" \/>\n<meta property=\"og:description\" content=\"Egal, ob Sie f\u00fcr einen Urlaub oder einen gesch\u00e4ftlichen Langzeitaufenthalt in Dubai sind, das Savoy Park verf\u00fcgt \u00fcber alle Einrichtungen, um Ihren Aufenthalt so angenehm, unvergesslich und komfortabel wie m\u00f6glich zu gestalten. Alle unsere Zimmer sind auf Luxus, Stil und Komfort ausgelegt. Unsere Einrichtungen sorgen daf\u00fcr, dass alle G\u00e4ste sich eine Pause g\u00f6nnen k\u00f6nnen, um [&hellip;]\" \/>\n<meta property=\"og:url\" content=\"https:\/\/www.savoydubai.com\/de\/savoy-park\/dienstleistungen\/\" \/>\n<meta property=\"og:site_name\" content=\"Savoy Dubai\" \/>\n<meta property=\"article:modified_time\" content=\"2020-10-17T15:27:46+00:00\" \/>\n<meta name=\"twitter:card\" content=\"summary_large_image\" \/>\n<meta name=\"twitter:label1\" content=\"Gesch\u00e4tzte Lesezeit\" \/>\n\t<meta name=\"twitter:data1\" content=\"2 Minuten\" \/>\n<script type=\"application\/ld+json\" class=\"yoast-schema-graph\">{\"@context\":\"https:\/\/schema.org\",\"@graph\":[{\"@type\":\"WebPage\",\"@id\":\"https:\/\/www.savoydubai.com\/de\/savoy-park\/dienstleistungen\/\",\"url\":\"https:\/\/www.savoydubai.com\/de\/savoy-park\/dienstleistungen\/\",\"name\":\"Dienstleistungen - Savoy Dubai\",\"isPartOf\":{\"@id\":\"https:\/\/www.savoydubai.com\/de\/#website\"},\"datePublished\":\"2020-07-13T10:36:13+00:00\",\"dateModified\":\"2020-10-17T15:27:46+00:00\",\"breadcrumb\":{\"@id\":\"https:\/\/www.savoydubai.com\/de\/savoy-park\/dienstleistungen\/#breadcrumb\"},\"inLanguage\":\"de-DE\",\"potentialAction\":[{\"@type\":\"ReadAction\",\"target\":[\"https:\/\/www.savoydubai.com\/de\/savoy-park\/dienstleistungen\/\"]}]},{\"@type\":\"BreadcrumbList\",\"@id\":\"https:\/\/www.savoydubai.com\/de\/savoy-park\/dienstleistungen\/#breadcrumb\",\"itemListElement\":[{\"@type\":\"ListItem\",\"position\":1,\"name\":\"Home\",\"item\":\"https:\/\/www.savoydubai.com\/de\/\"},{\"@type\":\"ListItem\",\"position\":2,\"name\":\"Savoy Park\",\"item\":\"https:\/\/www.savoydubai.com\/de\/savoy-park\/\"},{\"@type\":\"ListItem\",\"position\":3,\"name\":\"Dienstleistungen\"}]},{\"@type\":\"WebSite\",\"@id\":\"https:\/\/www.savoydubai.com\/de\/#website\",\"url\":\"https:\/\/www.savoydubai.com\/de\/\",\"name\":\"Savoy Dubai\",\"description\":\"Just another ms.decms.eu site\",\"potentialAction\":[{\"@type\":\"SearchAction\",\"target\":{\"@type\":\"EntryPoint\",\"urlTemplate\":\"https:\/\/www.savoydubai.com\/de\/?s={search_term_string}\"},\"query-input\":{\"@type\":\"PropertyValueSpecification\",\"valueRequired\":true,\"valueName\":\"search_term_string\"}}],\"inLanguage\":\"de-DE\"}]}<\/script>\n<!-- \/ Yoast SEO plugin. -->","yoast_head_json":{"title":"Dienstleistungen - Savoy Dubai","robots":{"index":"index","follow":"follow","max-snippet":"max-snippet:-1","max-image-preview":"max-image-preview:large","max-video-preview":"max-video-preview:-1"},"canonical":"https:\/\/www.savoydubai.com\/de\/savoy-park\/dienstleistungen\/","og_locale":"de_DE","og_type":"article","og_title":"Dienstleistungen - Savoy Dubai","og_description":"Egal, ob Sie f\u00fcr einen Urlaub oder einen gesch\u00e4ftlichen Langzeitaufenthalt in Dubai sind, das Savoy Park verf\u00fcgt \u00fcber alle Einrichtungen, um Ihren Aufenthalt so angenehm, unvergesslich und komfortabel wie m\u00f6glich zu gestalten. Alle unsere Zimmer sind auf Luxus, Stil und Komfort ausgelegt. Unsere Einrichtungen sorgen daf\u00fcr, dass alle G\u00e4ste sich eine Pause g\u00f6nnen k\u00f6nnen, um [&hellip;]","og_url":"https:\/\/www.savoydubai.com\/de\/savoy-park\/dienstleistungen\/","og_site_name":"Savoy Dubai","article_modified_time":"2020-10-17T15:27:46+00:00","twitter_card":"summary_large_image","twitter_misc":{"Gesch\u00e4tzte Lesezeit":"2 Minuten"},"schema":{"@context":"https:\/\/schema.org","@graph":[{"@type":"WebPage","@id":"https:\/\/www.savoydubai.com\/de\/savoy-park\/dienstleistungen\/","url":"https:\/\/www.savoydubai.com\/de\/savoy-park\/dienstleistungen\/","name":"Dienstleistungen - Savoy Dubai","isPartOf":{"@id":"https:\/\/www.savoydubai.com\/de\/#website"},"datePublished":"2020-07-13T10:36:13+00:00","dateModified":"2020-10-17T15:27:46+00:00","breadcrumb":{"@id":"https:\/\/www.savoydubai.com\/de\/savoy-park\/dienstleistungen\/#breadcrumb"},"inLanguage":"de-DE","potentialAction":[{"@type":"ReadAction","target":["https:\/\/www.savoydubai.com\/de\/savoy-park\/dienstleistungen\/"]}]},{"@type":"BreadcrumbList","@id":"https:\/\/www.savoydubai.com\/de\/savoy-park\/dienstleistungen\/#breadcrumb","itemListElement":[{"@type":"ListItem","position":1,"name":"Home","item":"https:\/\/www.savoydubai.com\/de\/"},{"@type":"ListItem","position":2,"name":"Savoy Park","item":"https:\/\/www.savoydubai.com\/de\/savoy-park\/"},{"@type":"ListItem","position":3,"name":"Dienstleistungen"}]},{"@type":"WebSite","@id":"https:\/\/www.savoydubai.com\/de\/#website","url":"https:\/\/www.savoydubai.com\/de\/","name":"Savoy Dubai","description":"Just another ms.decms.eu site","potentialAction":[{"@type":"SearchAction","target":{"@type":"EntryPoint","urlTemplate":"https:\/\/www.savoydubai.com\/de\/?s={search_term_string}"},"query-input":{"@type":"PropertyValueSpecification","valueRequired":true,"valueName":"search_term_string"}}],"inLanguage":"de-DE"}]}},"acf":[],"_links":{"self":[{"href":"https:\/\/www.savoydubai.com\/de\/wp-json\/wp\/v2\/pages\/619","targetHints":{"allow":["GET"]}}],"collection":[{"href":"https:\/\/www.savoydubai.com\/de\/wp-json\/wp\/v2\/pages"}],"about":[{"href":"https:\/\/www.savoydubai.com\/de\/wp-json\/wp\/v2\/types\/page"}],"author":[{"embeddable":true,"href":"https:\/\/www.savoydubai.com\/de\/wp-json\/wp\/v2\/users\/36"}],"replies":[{"embeddable":true,"href":"https:\/\/www.savoydubai.com\/de\/wp-json\/wp\/v2\/comments?post=619"}],"version-history":[{"count":0,"href":"https:\/\/www.savoydubai.com\/de\/wp-json\/wp\/v2\/pages\/619\/revisions"}],"up":[{"embeddable":true,"href":"https:\/\/www.savoydubai.com\/de\/wp-json\/wp\/v2\/pages\/572"}],"wp:attachment":[{"href":"https:\/\/www.savoydubai.com\/de\/wp-json\/wp\/v2\/media?parent=619"}],"curies":[{"name":"wp","href":"https:\/\/api.w.org\/{rel}","templated":true}]}}