{"id":599,"date":"2020-07-13T09:25:06","date_gmt":"2020-07-13T09:25:06","guid":{"rendered":"http:\/\/savoy-dubai.ms.decms.eu\/?page_id=599"},"modified":"2026-04-13T09:00:49","modified_gmt":"2026-04-13T09:00:49","slug":"studio","status":"publish","type":"page","link":"https:\/\/www.savoydubai.com\/de\/savoy-park\/unterkuenfte\/studio\/","title":{"rendered":"Studio"},"content":{"rendered":"<p>Das Savoy Park bietet seinen G\u00e4sten eine Auswahl an wundersch\u00f6nen Studio-Apartments. Unsere einfachen, aber eleganten Studio-Zimmer sind auf Komfort und Stil ausgelegt und bieten eine Vielzahl von Annehmlichkeiten und Dienstleistungen, um den G\u00e4sten das bestm\u00f6gliche Erlebnis zu bieten. Zu diesen Annehmlichkeiten geh\u00f6ren kostenloses Highspeed-WLAN-Internet, ein Mehrkanal-Smart-Fernseher, eine Sitzecke mit einem gem\u00fctlichen Schlafsofa, ein Ganzk\u00f6rperspiegel und ein eleganter Schreibtisch, an dem Sie Ihre Arbeit bequem in Ihrem eigenen Zimmer erledigen k\u00f6nnen.<\/p>\n<p>In jedem Kleiderschrank unser Studio-Apartments befindet sich ein elektronisches Schlie\u00dffach zur Aufbewahrung Ihrer Wertsachen sowie ein B\u00fcgeleisen und B\u00fcgelbrett f\u00fcr Ihre Bequemlichkeit. Alle unsere Badezimmer verf\u00fcgen \u00fcber eine Duschkabine und sind mit einem Haartrockner und kostenlosen Pflegeprodukten f\u00fcr zus\u00e4tzlichen Luxus ausgestattet.<\/p>\n","protected":false},"excerpt":{"rendered":"<p>Das Savoy Park bietet seinen G\u00e4sten eine Auswahl an wundersch\u00f6nen Studio-Apartments. Unsere einfachen, aber eleganten Studio-Zimmer sind auf Komfort und Stil ausgelegt und bieten eine Vielzahl von Annehmlichkeiten und Dienstleistungen, um den G\u00e4sten das bestm\u00f6gliche Erlebnis zu bieten. Zu diesen Annehmlichkeiten geh\u00f6ren kostenloses Highspeed-WLAN-Internet, ein Mehrkanal-Smart-Fernseher, eine Sitzecke mit einem gem\u00fctlichen Schlafsofa, ein Ganzk\u00f6rperspiegel und [&hellip;]<\/p>\n","protected":false},"author":36,"featured_media":0,"parent":592,"menu_order":5,"comment_status":"closed","ping_status":"closed","template":"template-hotel-single-room.php","meta":{"footnotes":""},"class_list":["post-599","page","type-page","status-publish","hentry"],"yoast_head":"<!-- This site is optimized with the Yoast SEO plugin v26.9 - https:\/\/yoast.com\/product\/yoast-seo-wordpress\/ -->\n<title>Studio - Savoy Dubai<\/title>\n<meta name=\"robots\" content=\"index, follow, max-snippet:-1, max-image-preview:large, max-video-preview:-1\" \/>\n<link rel=\"canonical\" href=\"https:\/\/www.savoydubai.com\/de\/savoy-park\/unterkuenfte\/studio\/\" \/>\n<meta property=\"og:locale\" content=\"de_DE\" \/>\n<meta property=\"og:type\" content=\"article\" \/>\n<meta property=\"og:title\" content=\"Studio - Savoy Dubai\" \/>\n<meta property=\"og:description\" content=\"Das Savoy Park bietet seinen G\u00e4sten eine Auswahl an wundersch\u00f6nen Studio-Apartments. Unsere einfachen, aber eleganten Studio-Zimmer sind auf Komfort und Stil ausgelegt und bieten eine Vielzahl von Annehmlichkeiten und Dienstleistungen, um den G\u00e4sten das bestm\u00f6gliche Erlebnis zu bieten. Zu diesen Annehmlichkeiten geh\u00f6ren kostenloses Highspeed-WLAN-Internet, ein Mehrkanal-Smart-Fernseher, eine Sitzecke mit einem gem\u00fctlichen Schlafsofa, ein Ganzk\u00f6rperspiegel und [&hellip;]\" \/>\n<meta property=\"og:url\" content=\"https:\/\/www.savoydubai.com\/de\/savoy-park\/unterkuenfte\/studio\/\" \/>\n<meta property=\"og:site_name\" content=\"Savoy Dubai\" \/>\n<meta property=\"article:modified_time\" content=\"2026-04-13T09:00:49+00:00\" \/>\n<meta name=\"twitter:card\" content=\"summary_large_image\" \/>\n<meta name=\"twitter:label1\" content=\"Gesch\u00e4tzte Lesezeit\" \/>\n\t<meta name=\"twitter:data1\" content=\"1 Minute\" \/>\n<script type=\"application\/ld+json\" class=\"yoast-schema-graph\">{\"@context\":\"https:\/\/schema.org\",\"@graph\":[{\"@type\":\"WebPage\",\"@id\":\"https:\/\/www.savoydubai.com\/de\/savoy-park\/unterkuenfte\/studio\/\",\"url\":\"https:\/\/www.savoydubai.com\/de\/savoy-park\/unterkuenfte\/studio\/\",\"name\":\"Studio - Savoy Dubai\",\"isPartOf\":{\"@id\":\"https:\/\/www.savoydubai.com\/de\/#website\"},\"datePublished\":\"2020-07-13T09:25:06+00:00\",\"dateModified\":\"2026-04-13T09:00:49+00:00\",\"breadcrumb\":{\"@id\":\"https:\/\/www.savoydubai.com\/de\/savoy-park\/unterkuenfte\/studio\/#breadcrumb\"},\"inLanguage\":\"de-DE\",\"potentialAction\":[{\"@type\":\"ReadAction\",\"target\":[\"https:\/\/www.savoydubai.com\/de\/savoy-park\/unterkuenfte\/studio\/\"]}]},{\"@type\":\"BreadcrumbList\",\"@id\":\"https:\/\/www.savoydubai.com\/de\/savoy-park\/unterkuenfte\/studio\/#breadcrumb\",\"itemListElement\":[{\"@type\":\"ListItem\",\"position\":1,\"name\":\"Home\",\"item\":\"https:\/\/www.savoydubai.com\/de\/\"},{\"@type\":\"ListItem\",\"position\":2,\"name\":\"Savoy Park\",\"item\":\"https:\/\/www.savoydubai.com\/de\/savoy-park\/\"},{\"@type\":\"ListItem\",\"position\":3,\"name\":\"Unterk\u00fcnfte\",\"item\":\"https:\/\/www.savoydubai.com\/de\/savoy-park\/unterkuenfte\/\"},{\"@type\":\"ListItem\",\"position\":4,\"name\":\"Studio\"}]},{\"@type\":\"WebSite\",\"@id\":\"https:\/\/www.savoydubai.com\/de\/#website\",\"url\":\"https:\/\/www.savoydubai.com\/de\/\",\"name\":\"Savoy Dubai\",\"description\":\"Just another ms.decms.eu site\",\"potentialAction\":[{\"@type\":\"SearchAction\",\"target\":{\"@type\":\"EntryPoint\",\"urlTemplate\":\"https:\/\/www.savoydubai.com\/de\/?s={search_term_string}\"},\"query-input\":{\"@type\":\"PropertyValueSpecification\",\"valueRequired\":true,\"valueName\":\"search_term_string\"}}],\"inLanguage\":\"de-DE\"}]}<\/script>\n<!-- \/ Yoast SEO plugin. -->","yoast_head_json":{"title":"Studio - Savoy Dubai","robots":{"index":"index","follow":"follow","max-snippet":"max-snippet:-1","max-image-preview":"max-image-preview:large","max-video-preview":"max-video-preview:-1"},"canonical":"https:\/\/www.savoydubai.com\/de\/savoy-park\/unterkuenfte\/studio\/","og_locale":"de_DE","og_type":"article","og_title":"Studio - Savoy Dubai","og_description":"Das Savoy Park bietet seinen G\u00e4sten eine Auswahl an wundersch\u00f6nen Studio-Apartments. Unsere einfachen, aber eleganten Studio-Zimmer sind auf Komfort und Stil ausgelegt und bieten eine Vielzahl von Annehmlichkeiten und Dienstleistungen, um den G\u00e4sten das bestm\u00f6gliche Erlebnis zu bieten. Zu diesen Annehmlichkeiten geh\u00f6ren kostenloses Highspeed-WLAN-Internet, ein Mehrkanal-Smart-Fernseher, eine Sitzecke mit einem gem\u00fctlichen Schlafsofa, ein Ganzk\u00f6rperspiegel und [&hellip;]","og_url":"https:\/\/www.savoydubai.com\/de\/savoy-park\/unterkuenfte\/studio\/","og_site_name":"Savoy Dubai","article_modified_time":"2026-04-13T09:00:49+00:00","twitter_card":"summary_large_image","twitter_misc":{"Gesch\u00e4tzte Lesezeit":"1 Minute"},"schema":{"@context":"https:\/\/schema.org","@graph":[{"@type":"WebPage","@id":"https:\/\/www.savoydubai.com\/de\/savoy-park\/unterkuenfte\/studio\/","url":"https:\/\/www.savoydubai.com\/de\/savoy-park\/unterkuenfte\/studio\/","name":"Studio - Savoy Dubai","isPartOf":{"@id":"https:\/\/www.savoydubai.com\/de\/#website"},"datePublished":"2020-07-13T09:25:06+00:00","dateModified":"2026-04-13T09:00:49+00:00","breadcrumb":{"@id":"https:\/\/www.savoydubai.com\/de\/savoy-park\/unterkuenfte\/studio\/#breadcrumb"},"inLanguage":"de-DE","potentialAction":[{"@type":"ReadAction","target":["https:\/\/www.savoydubai.com\/de\/savoy-park\/unterkuenfte\/studio\/"]}]},{"@type":"BreadcrumbList","@id":"https:\/\/www.savoydubai.com\/de\/savoy-park\/unterkuenfte\/studio\/#breadcrumb","itemListElement":[{"@type":"ListItem","position":1,"name":"Home","item":"https:\/\/www.savoydubai.com\/de\/"},{"@type":"ListItem","position":2,"name":"Savoy Park","item":"https:\/\/www.savoydubai.com\/de\/savoy-park\/"},{"@type":"ListItem","position":3,"name":"Unterk\u00fcnfte","item":"https:\/\/www.savoydubai.com\/de\/savoy-park\/unterkuenfte\/"},{"@type":"ListItem","position":4,"name":"Studio"}]},{"@type":"WebSite","@id":"https:\/\/www.savoydubai.com\/de\/#website","url":"https:\/\/www.savoydubai.com\/de\/","name":"Savoy Dubai","description":"Just another ms.decms.eu site","potentialAction":[{"@type":"SearchAction","target":{"@type":"EntryPoint","urlTemplate":"https:\/\/www.savoydubai.com\/de\/?s={search_term_string}"},"query-input":{"@type":"PropertyValueSpecification","valueRequired":true,"valueName":"search_term_string"}}],"inLanguage":"de-DE"}]}},"acf":[],"_links":{"self":[{"href":"https:\/\/www.savoydubai.com\/de\/wp-json\/wp\/v2\/pages\/599","targetHints":{"allow":["GET"]}}],"collection":[{"href":"https:\/\/www.savoydubai.com\/de\/wp-json\/wp\/v2\/pages"}],"about":[{"href":"https:\/\/www.savoydubai.com\/de\/wp-json\/wp\/v2\/types\/page"}],"author":[{"embeddable":true,"href":"https:\/\/www.savoydubai.com\/de\/wp-json\/wp\/v2\/users\/36"}],"replies":[{"embeddable":true,"href":"https:\/\/www.savoydubai.com\/de\/wp-json\/wp\/v2\/comments?post=599"}],"version-history":[{"count":0,"href":"https:\/\/www.savoydubai.com\/de\/wp-json\/wp\/v2\/pages\/599\/revisions"}],"up":[{"embeddable":true,"href":"https:\/\/www.savoydubai.com\/de\/wp-json\/wp\/v2\/pages\/592"}],"wp:attachment":[{"href":"https:\/\/www.savoydubai.com\/de\/wp-json\/wp\/v2\/media?parent=599"}],"curies":[{"name":"wp","href":"https:\/\/api.w.org\/{rel}","templated":true}]}}