{"id":592,"date":"2020-07-13T08:40:55","date_gmt":"2020-07-13T08:40:55","guid":{"rendered":"http:\/\/savoy-dubai.ms.decms.eu\/?page_id=592"},"modified":"2020-10-18T16:14:17","modified_gmt":"2020-10-18T16:14:17","slug":"unterkuenfte","status":"publish","type":"page","link":"https:\/\/www.savoydubai.com\/de\/savoy-park\/unterkuenfte\/","title":{"rendered":"Unterk\u00fcnfte"},"content":{"rendered":"<p>Sind Sie auf der Suche nach einer wundersch\u00f6nen Ferienwohnung in Dubai? Das Savoy Park ist geschmackvoll und stilvoll eingerichtet und bietet einen au\u00dfergew\u00f6hnlichen und herzlichen Service. Das Savoy Park gilt als der Inbegriff von bescheidenem Luxus. Jedes der 126 Studio-Zimmer ist elegant und hochwertig eingerichtet und verspricht Ihnen ein exquisites, unvergessliches Urlaubs- und Reiseerlebnis.<\/p>\n<p>Das Savoy Park bietet auch einige hervorragende Freizeiteinrichtungen, zu denen ein beheizter Au\u00dfenpool, ein Whirlpool, eine Sauna und ein Fitnessstudio geh\u00f6ren. All diese luxuri\u00f6sen Elemente machen das Savoy Park zur idealen Unterkunft f\u00fcr anspruchsvolle Reisende und Langzeitg\u00e4ste.<\/p>\n","protected":false},"excerpt":{"rendered":"<p>Sind Sie auf der Suche nach einer wundersch\u00f6nen Ferienwohnung in Dubai? Das Savoy Park ist geschmackvoll und stilvoll eingerichtet und bietet einen au\u00dfergew\u00f6hnlichen und herzlichen Service. Das Savoy Park gilt als der Inbegriff von bescheidenem Luxus. Jedes der 126 Studio-Zimmer ist elegant und hochwertig eingerichtet und verspricht Ihnen ein exquisites, unvergessliches Urlaubs- und Reiseerlebnis. Das [&hellip;]<\/p>\n","protected":false},"author":36,"featured_media":0,"parent":572,"menu_order":10,"comment_status":"closed","ping_status":"closed","template":"template-hotel-rooms.php","meta":{"footnotes":""},"class_list":["post-592","page","type-page","status-publish","hentry"],"yoast_head":"<!-- This site is optimized with the Yoast SEO plugin v26.9 - https:\/\/yoast.com\/product\/yoast-seo-wordpress\/ -->\n<title>Unterk\u00fcnfte - Savoy Dubai<\/title>\n<meta name=\"robots\" content=\"index, follow, max-snippet:-1, max-image-preview:large, max-video-preview:-1\" \/>\n<link rel=\"canonical\" href=\"https:\/\/www.savoydubai.com\/de\/savoy-park\/unterkuenfte\/\" \/>\n<meta property=\"og:locale\" content=\"de_DE\" \/>\n<meta property=\"og:type\" content=\"article\" \/>\n<meta property=\"og:title\" content=\"Unterk\u00fcnfte - Savoy Dubai\" \/>\n<meta property=\"og:description\" content=\"Sind Sie auf der Suche nach einer wundersch\u00f6nen Ferienwohnung in Dubai? Das Savoy Park ist geschmackvoll und stilvoll eingerichtet und bietet einen au\u00dfergew\u00f6hnlichen und herzlichen Service. Das Savoy Park gilt als der Inbegriff von bescheidenem Luxus. Jedes der 126 Studio-Zimmer ist elegant und hochwertig eingerichtet und verspricht Ihnen ein exquisites, unvergessliches Urlaubs- und Reiseerlebnis. Das [&hellip;]\" \/>\n<meta property=\"og:url\" content=\"https:\/\/www.savoydubai.com\/de\/savoy-park\/unterkuenfte\/\" \/>\n<meta property=\"og:site_name\" content=\"Savoy Dubai\" \/>\n<meta property=\"article:modified_time\" content=\"2020-10-18T16:14:17+00:00\" \/>\n<meta name=\"twitter:card\" content=\"summary_large_image\" \/>\n<script type=\"application\/ld+json\" class=\"yoast-schema-graph\">{\"@context\":\"https:\/\/schema.org\",\"@graph\":[{\"@type\":\"WebPage\",\"@id\":\"https:\/\/www.savoydubai.com\/de\/savoy-park\/unterkuenfte\/\",\"url\":\"https:\/\/www.savoydubai.com\/de\/savoy-park\/unterkuenfte\/\",\"name\":\"Unterk\u00fcnfte - Savoy Dubai\",\"isPartOf\":{\"@id\":\"https:\/\/www.savoydubai.com\/de\/#website\"},\"datePublished\":\"2020-07-13T08:40:55+00:00\",\"dateModified\":\"2020-10-18T16:14:17+00:00\",\"breadcrumb\":{\"@id\":\"https:\/\/www.savoydubai.com\/de\/savoy-park\/unterkuenfte\/#breadcrumb\"},\"inLanguage\":\"de-DE\",\"potentialAction\":[{\"@type\":\"ReadAction\",\"target\":[\"https:\/\/www.savoydubai.com\/de\/savoy-park\/unterkuenfte\/\"]}]},{\"@type\":\"BreadcrumbList\",\"@id\":\"https:\/\/www.savoydubai.com\/de\/savoy-park\/unterkuenfte\/#breadcrumb\",\"itemListElement\":[{\"@type\":\"ListItem\",\"position\":1,\"name\":\"Home\",\"item\":\"https:\/\/www.savoydubai.com\/de\/\"},{\"@type\":\"ListItem\",\"position\":2,\"name\":\"Savoy Park\",\"item\":\"https:\/\/www.savoydubai.com\/de\/savoy-park\/\"},{\"@type\":\"ListItem\",\"position\":3,\"name\":\"Unterk\u00fcnfte\"}]},{\"@type\":\"WebSite\",\"@id\":\"https:\/\/www.savoydubai.com\/de\/#website\",\"url\":\"https:\/\/www.savoydubai.com\/de\/\",\"name\":\"Savoy Dubai\",\"description\":\"Just another ms.decms.eu site\",\"potentialAction\":[{\"@type\":\"SearchAction\",\"target\":{\"@type\":\"EntryPoint\",\"urlTemplate\":\"https:\/\/www.savoydubai.com\/de\/?s={search_term_string}\"},\"query-input\":{\"@type\":\"PropertyValueSpecification\",\"valueRequired\":true,\"valueName\":\"search_term_string\"}}],\"inLanguage\":\"de-DE\"}]}<\/script>\n<!-- \/ Yoast SEO plugin. -->","yoast_head_json":{"title":"Unterk\u00fcnfte - Savoy Dubai","robots":{"index":"index","follow":"follow","max-snippet":"max-snippet:-1","max-image-preview":"max-image-preview:large","max-video-preview":"max-video-preview:-1"},"canonical":"https:\/\/www.savoydubai.com\/de\/savoy-park\/unterkuenfte\/","og_locale":"de_DE","og_type":"article","og_title":"Unterk\u00fcnfte - Savoy Dubai","og_description":"Sind Sie auf der Suche nach einer wundersch\u00f6nen Ferienwohnung in Dubai? Das Savoy Park ist geschmackvoll und stilvoll eingerichtet und bietet einen au\u00dfergew\u00f6hnlichen und herzlichen Service. Das Savoy Park gilt als der Inbegriff von bescheidenem Luxus. Jedes der 126 Studio-Zimmer ist elegant und hochwertig eingerichtet und verspricht Ihnen ein exquisites, unvergessliches Urlaubs- und Reiseerlebnis. Das [&hellip;]","og_url":"https:\/\/www.savoydubai.com\/de\/savoy-park\/unterkuenfte\/","og_site_name":"Savoy Dubai","article_modified_time":"2020-10-18T16:14:17+00:00","twitter_card":"summary_large_image","schema":{"@context":"https:\/\/schema.org","@graph":[{"@type":"WebPage","@id":"https:\/\/www.savoydubai.com\/de\/savoy-park\/unterkuenfte\/","url":"https:\/\/www.savoydubai.com\/de\/savoy-park\/unterkuenfte\/","name":"Unterk\u00fcnfte - Savoy Dubai","isPartOf":{"@id":"https:\/\/www.savoydubai.com\/de\/#website"},"datePublished":"2020-07-13T08:40:55+00:00","dateModified":"2020-10-18T16:14:17+00:00","breadcrumb":{"@id":"https:\/\/www.savoydubai.com\/de\/savoy-park\/unterkuenfte\/#breadcrumb"},"inLanguage":"de-DE","potentialAction":[{"@type":"ReadAction","target":["https:\/\/www.savoydubai.com\/de\/savoy-park\/unterkuenfte\/"]}]},{"@type":"BreadcrumbList","@id":"https:\/\/www.savoydubai.com\/de\/savoy-park\/unterkuenfte\/#breadcrumb","itemListElement":[{"@type":"ListItem","position":1,"name":"Home","item":"https:\/\/www.savoydubai.com\/de\/"},{"@type":"ListItem","position":2,"name":"Savoy Park","item":"https:\/\/www.savoydubai.com\/de\/savoy-park\/"},{"@type":"ListItem","position":3,"name":"Unterk\u00fcnfte"}]},{"@type":"WebSite","@id":"https:\/\/www.savoydubai.com\/de\/#website","url":"https:\/\/www.savoydubai.com\/de\/","name":"Savoy Dubai","description":"Just another ms.decms.eu site","potentialAction":[{"@type":"SearchAction","target":{"@type":"EntryPoint","urlTemplate":"https:\/\/www.savoydubai.com\/de\/?s={search_term_string}"},"query-input":{"@type":"PropertyValueSpecification","valueRequired":true,"valueName":"search_term_string"}}],"inLanguage":"de-DE"}]}},"acf":[],"_links":{"self":[{"href":"https:\/\/www.savoydubai.com\/de\/wp-json\/wp\/v2\/pages\/592","targetHints":{"allow":["GET"]}}],"collection":[{"href":"https:\/\/www.savoydubai.com\/de\/wp-json\/wp\/v2\/pages"}],"about":[{"href":"https:\/\/www.savoydubai.com\/de\/wp-json\/wp\/v2\/types\/page"}],"author":[{"embeddable":true,"href":"https:\/\/www.savoydubai.com\/de\/wp-json\/wp\/v2\/users\/36"}],"replies":[{"embeddable":true,"href":"https:\/\/www.savoydubai.com\/de\/wp-json\/wp\/v2\/comments?post=592"}],"version-history":[{"count":0,"href":"https:\/\/www.savoydubai.com\/de\/wp-json\/wp\/v2\/pages\/592\/revisions"}],"up":[{"embeddable":true,"href":"https:\/\/www.savoydubai.com\/de\/wp-json\/wp\/v2\/pages\/572"}],"wp:attachment":[{"href":"https:\/\/www.savoydubai.com\/de\/wp-json\/wp\/v2\/media?parent=592"}],"curies":[{"name":"wp","href":"https:\/\/api.w.org\/{rel}","templated":true}]}}