{"id":572,"date":"2020-07-13T08:05:12","date_gmt":"2020-07-13T08:05:12","guid":{"rendered":"http:\/\/savoy-dubai.ms.decms.eu\/?page_id=572"},"modified":"2020-10-26T13:51:43","modified_gmt":"2020-10-26T13:51:43","slug":"savoy-park","status":"publish","type":"page","link":"https:\/\/www.savoydubai.com\/de\/savoy-park\/","title":{"rendered":"Savoy Park"},"content":{"rendered":"<p>Geschmackvoll eingerichtet und mit einem als au\u00dfergew\u00f6hnlich beschriebenen Kundenservice ist das Savoy Park der Inbegriff von bescheidenem Luxus. Jedes der 126 Studio-Zimmer ist elegant mit einem Dekor von h\u00f6chster Qualit\u00e4t eingerichtet.<\/p>\n<p>Alle saisonalen Reisenden k\u00f6nnen sich in unseren komfortablen Einrichtungen entspannen, zu denen ein Au\u00dfenpool, ein Whirlpool, eine Sauna und ein Fitnessstudio geh\u00f6ren.<\/p>\n<p>Der Coffee-Shop serviert den ganzen Tag \u00fcber Fr\u00fchst\u00fcck und leichte Snacks. Zum Mittag- und Abendessen k\u00f6nnen Sie aus einem abwechslungsreichen \u00c0-la-carte-Men\u00fc mit internationalen Gerichten w\u00e4hlen.<\/p>\n<p>Das Savoy Park befindet sich in einer ausgezeichneten Lagen, mit einfachem und schnellem Zugang zur Sheikh Zayed Road, dem World Trade Center und den Einkaufs- und Kulturvierteln von Dubai. Zwei U-Bahn-Haltestellen, Superm\u00e4rkte und das nahe gelegene Einkaufszentrum BurJuman sind zu Fu\u00df erreichbar.<br \/>\nDer Strand \u201eLa Mer\u201c in Jumeirah liegt 14 Fahrminuten vom Hotel entfernt. F\u00fcr G\u00e4ste steht eine t\u00e4gliche kostenlose Busverbindung vom Hotel mit kostenlosen Strandmatten und Badehandt\u00fcchern zur Verf\u00fcgung.<\/p>\n<p>Gewinner des Dubai Green Tourism Award 2012 und des Middle East Sustainable Hotel Award 2015.<\/p>\n","protected":false},"excerpt":{"rendered":"<p>Die Serviced Apartments des Savoy Park Hotel Apartments in Dubai eignen sich f\u00fcr die Anforderungen sowohl von Gesch\u00e4ftsreisenden als auch Touristen.<\/p>\n","protected":false},"author":36,"featured_media":0,"parent":0,"menu_order":50,"comment_status":"closed","ping_status":"closed","template":"template-hotel.php","meta":{"footnotes":""},"class_list":["post-572","page","type-page","status-publish","hentry"],"yoast_head":"<!-- This site is optimized with the Yoast SEO plugin v26.9 - https:\/\/yoast.com\/product\/yoast-seo-wordpress\/ -->\n<title>Savoy Park - Savoy Dubai<\/title>\n<meta name=\"robots\" content=\"index, follow, max-snippet:-1, max-image-preview:large, max-video-preview:-1\" \/>\n<link rel=\"canonical\" href=\"https:\/\/www.savoydubai.com\/de\/savoy-park\/\" \/>\n<meta property=\"og:locale\" content=\"de_DE\" \/>\n<meta property=\"og:type\" content=\"article\" \/>\n<meta property=\"og:title\" content=\"Savoy Park - Savoy Dubai\" \/>\n<meta property=\"og:description\" content=\"Die Serviced Apartments des Savoy Park Hotel Apartments in Dubai eignen sich f\u00fcr die Anforderungen sowohl von Gesch\u00e4ftsreisenden als auch Touristen.\" \/>\n<meta property=\"og:url\" content=\"https:\/\/www.savoydubai.com\/de\/savoy-park\/\" \/>\n<meta property=\"og:site_name\" content=\"Savoy Dubai\" \/>\n<meta property=\"article:modified_time\" content=\"2020-10-26T13:51:43+00:00\" \/>\n<meta name=\"twitter:card\" content=\"summary_large_image\" \/>\n<meta name=\"twitter:label1\" content=\"Gesch\u00e4tzte Lesezeit\" \/>\n\t<meta name=\"twitter:data1\" content=\"1 Minute\" \/>\n<script type=\"application\/ld+json\" class=\"yoast-schema-graph\">{\"@context\":\"https:\/\/schema.org\",\"@graph\":[{\"@type\":\"WebPage\",\"@id\":\"https:\/\/www.savoydubai.com\/de\/savoy-park\/\",\"url\":\"https:\/\/www.savoydubai.com\/de\/savoy-park\/\",\"name\":\"Savoy Park - Savoy Dubai\",\"isPartOf\":{\"@id\":\"https:\/\/www.savoydubai.com\/de\/#website\"},\"datePublished\":\"2020-07-13T08:05:12+00:00\",\"dateModified\":\"2020-10-26T13:51:43+00:00\",\"breadcrumb\":{\"@id\":\"https:\/\/www.savoydubai.com\/de\/savoy-park\/#breadcrumb\"},\"inLanguage\":\"de-DE\",\"potentialAction\":[{\"@type\":\"ReadAction\",\"target\":[\"https:\/\/www.savoydubai.com\/de\/savoy-park\/\"]}]},{\"@type\":\"BreadcrumbList\",\"@id\":\"https:\/\/www.savoydubai.com\/de\/savoy-park\/#breadcrumb\",\"itemListElement\":[{\"@type\":\"ListItem\",\"position\":1,\"name\":\"Home\",\"item\":\"https:\/\/www.savoydubai.com\/de\/\"},{\"@type\":\"ListItem\",\"position\":2,\"name\":\"Savoy Park\"}]},{\"@type\":\"WebSite\",\"@id\":\"https:\/\/www.savoydubai.com\/de\/#website\",\"url\":\"https:\/\/www.savoydubai.com\/de\/\",\"name\":\"Savoy Dubai\",\"description\":\"Just another ms.decms.eu site\",\"potentialAction\":[{\"@type\":\"SearchAction\",\"target\":{\"@type\":\"EntryPoint\",\"urlTemplate\":\"https:\/\/www.savoydubai.com\/de\/?s={search_term_string}\"},\"query-input\":{\"@type\":\"PropertyValueSpecification\",\"valueRequired\":true,\"valueName\":\"search_term_string\"}}],\"inLanguage\":\"de-DE\"}]}<\/script>\n<!-- \/ Yoast SEO plugin. -->","yoast_head_json":{"title":"Savoy Park - Savoy Dubai","robots":{"index":"index","follow":"follow","max-snippet":"max-snippet:-1","max-image-preview":"max-image-preview:large","max-video-preview":"max-video-preview:-1"},"canonical":"https:\/\/www.savoydubai.com\/de\/savoy-park\/","og_locale":"de_DE","og_type":"article","og_title":"Savoy Park - Savoy Dubai","og_description":"Die Serviced Apartments des Savoy Park Hotel Apartments in Dubai eignen sich f\u00fcr die Anforderungen sowohl von Gesch\u00e4ftsreisenden als auch Touristen.","og_url":"https:\/\/www.savoydubai.com\/de\/savoy-park\/","og_site_name":"Savoy Dubai","article_modified_time":"2020-10-26T13:51:43+00:00","twitter_card":"summary_large_image","twitter_misc":{"Gesch\u00e4tzte Lesezeit":"1 Minute"},"schema":{"@context":"https:\/\/schema.org","@graph":[{"@type":"WebPage","@id":"https:\/\/www.savoydubai.com\/de\/savoy-park\/","url":"https:\/\/www.savoydubai.com\/de\/savoy-park\/","name":"Savoy Park - Savoy Dubai","isPartOf":{"@id":"https:\/\/www.savoydubai.com\/de\/#website"},"datePublished":"2020-07-13T08:05:12+00:00","dateModified":"2020-10-26T13:51:43+00:00","breadcrumb":{"@id":"https:\/\/www.savoydubai.com\/de\/savoy-park\/#breadcrumb"},"inLanguage":"de-DE","potentialAction":[{"@type":"ReadAction","target":["https:\/\/www.savoydubai.com\/de\/savoy-park\/"]}]},{"@type":"BreadcrumbList","@id":"https:\/\/www.savoydubai.com\/de\/savoy-park\/#breadcrumb","itemListElement":[{"@type":"ListItem","position":1,"name":"Home","item":"https:\/\/www.savoydubai.com\/de\/"},{"@type":"ListItem","position":2,"name":"Savoy Park"}]},{"@type":"WebSite","@id":"https:\/\/www.savoydubai.com\/de\/#website","url":"https:\/\/www.savoydubai.com\/de\/","name":"Savoy Dubai","description":"Just another ms.decms.eu site","potentialAction":[{"@type":"SearchAction","target":{"@type":"EntryPoint","urlTemplate":"https:\/\/www.savoydubai.com\/de\/?s={search_term_string}"},"query-input":{"@type":"PropertyValueSpecification","valueRequired":true,"valueName":"search_term_string"}}],"inLanguage":"de-DE"}]}},"acf":[],"_links":{"self":[{"href":"https:\/\/www.savoydubai.com\/de\/wp-json\/wp\/v2\/pages\/572","targetHints":{"allow":["GET"]}}],"collection":[{"href":"https:\/\/www.savoydubai.com\/de\/wp-json\/wp\/v2\/pages"}],"about":[{"href":"https:\/\/www.savoydubai.com\/de\/wp-json\/wp\/v2\/types\/page"}],"author":[{"embeddable":true,"href":"https:\/\/www.savoydubai.com\/de\/wp-json\/wp\/v2\/users\/36"}],"replies":[{"embeddable":true,"href":"https:\/\/www.savoydubai.com\/de\/wp-json\/wp\/v2\/comments?post=572"}],"version-history":[{"count":0,"href":"https:\/\/www.savoydubai.com\/de\/wp-json\/wp\/v2\/pages\/572\/revisions"}],"wp:attachment":[{"href":"https:\/\/www.savoydubai.com\/de\/wp-json\/wp\/v2\/media?parent=572"}],"curies":[{"name":"wp","href":"https:\/\/api.w.org\/{rel}","templated":true}]}}