{"id":527,"date":"2020-07-10T15:31:08","date_gmt":"2020-07-10T15:31:08","guid":{"rendered":"http:\/\/savoy-dubai.ms.decms.eu\/?page_id=527"},"modified":"2020-10-15T14:27:21","modified_gmt":"2020-10-15T14:27:21","slug":"langfristiger-aufenthal","status":"publish","type":"page","link":"https:\/\/www.savoydubai.com\/de\/savoy-central\/langfristiger-aufenthal\/","title":{"rendered":"Langfristiger Aufenthal"},"content":{"rendered":"<p>Wenn Sie Dubai f\u00fcr einen l\u00e4ngeren Aufenthalt besuchen, werden Sie eine Unterkunft sch\u00e4tzen, in der Sie Bequemlichkeit und Komfort genie\u00dfen und sich dabei ganz wie zu Hause f\u00fchlen k\u00f6nnen. Wenn Sie auf der Suche nach genau einer solchen Unterkunft sind, ist das Savoy Central genau das Richtige f\u00fcr Sie.<\/p>\n<p>In den Hotel-Apartments des Savoy Central in Bur Dubai haben Sie die Wahl zwischen einem Familien-Studio-Apartment, einem Studio-Apartment mit Verbindungst\u00fcr oder einem Executive-Studio-Apartment, die alle konzipiert wurden, um Ihnen ein H\u00f6chstma\u00df an Komfort, Gastfreundschaft und die Atmosph\u00e4re eines zweiten Zuhauses zu bieten.<\/p>\n<p><strong>Alle diese Apartment-Optionen bieten<\/strong>:<\/p>\n<ul>\n<li>Eine voll ausgestattete Kochnische mit einer Mikrowelle, einem K\u00fchlschrank, Geschirr und Besteck.<\/li>\n<li>Mehrere Superm\u00e4rkte und Lebensmittelgesch\u00e4fte sind bequem zu Fu\u00df vom Hotel aus zu erreichen.<\/li>\n<li>Jedes Apartment oder Studio ist au\u00dferdem mit einer Waschmaschine, einem W\u00e4schetrockner sowie einem B\u00fcgeleisen und B\u00fcgelbrett ausgestattet, um Ihren Aufenthalt so angenehm und komfortabel wie m\u00f6glich zu gestalten.<\/li>\n<li>Einen separaten, komfortabel eingerichteten Sitzbereich mit einem Schlafsofa und einem gro\u00dfen Fernseher f\u00fcr Ihre Unterhaltungsbed\u00fcrfnisse<\/li>\n<li>Einen separaten Schreibtisch, der Ihnen alle Vorteile eines Home Office bietet<\/li>\n<li>Gut ausgestattete Badezimmer mit Badewanne und Dusche f\u00fcr Ihre Entspannung<\/li>\n<li>T\u00e4glicher Reinigungsservice bei Bedarf<\/li>\n<li>Rezeption, Sicherheitsdienst und Concierge-Service rund um die Uhr verf\u00fcgbar.<\/li>\n<\/ul>\n<p>Taxis mit Taxameter sind vom Hotel aus leicht verf\u00fcgbar und Sie k\u00f6nnen in unmittelbarer N\u00e4he des Savoy Central auch RTA-Busse nutzen, um Langzeitg\u00e4sten einen m\u00f6glichst komfortablen Aufenthalt zu gew\u00e4hrleisten.<\/p>\n<p>Wenn Sie l\u00e4ngere Zeit in einem Hotel-Apartment verbringen m\u00f6chten, ist es wichtig, dass Sie bequem zu allen Ihren Zielen reisen k\u00f6nnen. F\u00fcr einen angenehmen und bequemen Aufenthalt finden Sie die folgenden Sehensw\u00fcrdigkeiten und Attraktionen in kurzer Entfernung vom Savoy Central Hotel:<\/p>\n<ul>\n<li>Al Seef Village\/Meena Basar (1,3 km)<\/li>\n<li>Einkaufszentrum BurJuman (1 km)<\/li>\n<li>Al Bastakiya\/Dubai Museum (1,9 km)<\/li>\n<li>Der Dubai Frame (2,9 km)<\/li>\n<li>Dubai World Trade Exhibition Centre (3,8 km)<\/li>\n<li>Strand \u201eLa Mer\u201c in Jumeirah (5,1 km)<\/li>\n<li>Dubai Gold Souk (5,3 km)<\/li>\n<li>Burj Khalifa\/Dubai Mall (8,2 km)<\/li>\n<\/ul>\n<p>Wenn Sie nach den besten Angeboten f\u00fcr Hotel-Apartments in Bur Dubai f\u00fcr die monatliche Miete und Langzeitaufenthalte suchen, sind Sie beim Savoy Central Hotel Apartments genau richtig.<\/p>\n\n                <div class='gf_browser_gecko gform_wrapper' id='gform_wrapper_44' ><form method='post' enctype='multipart\/form-data'  id='gform_44'  action='\/de\/wp-json\/wp\/v2\/pages\/527'>\n                        <div class='gform_heading'>\n                            <span class='gform_description'><\/span>\n                        <\/div>\n                        <div class='gform_body'><ul id='gform_fields_44' class='gform_fields top_label form_sublabel_below description_below'><li id='field_44_9'  class='gfield gfield_html gfield_html_formatted gfield_no_follows_desc field_sublabel_below field_description_below gfield_visibility_visible' ><h2 class=\"the-title uppercase centered\">\nAnfrage nach den besten Preisen\n<\/h2><\/li><li id='field_44_1'  class='gfield middle gfield_contains_required field_sublabel_below field_description_below gfield_visibility_visible' ><label class='gfield_label' for='input_44_1' >Vor- und Nachname<span class='gfield_required'>*<\/span><\/label><div class='ginput_container ginput_container_text'><input name='input_1' id='input_44_1' type='text' value='' class='medium'     aria-required=\"true\" aria-invalid=\"false\" \/><\/div><\/li><li id='field_44_3'  class='gfield middle gfield_contains_required field_sublabel_below field_description_below gfield_visibility_visible' ><label class='gfield_label' for='input_44_3' >E-Mail-Adresse<span class='gfield_required'>*<\/span><\/label><div class='ginput_container ginput_container_email'>\n                            <input name='input_3' id='input_44_3' type='text' value='' class='medium'    aria-required=\"true\" aria-invalid=\"false\" \/>\n                        <\/div><\/li><li id='field_44_4'  class='gfield middle field_sublabel_below field_description_below gfield_visibility_visible' ><label class='gfield_label' for='input_44_4' >Mobil-\/WhatsApp-Nr.<\/label><div class='ginput_container ginput_container_phone'><input name='input_4' id='input_44_4' type='text' value='' class='medium'    aria-invalid=\"false\"  \/><\/div><\/li><li id='field_44_8'  class='gfield middle gfield_contains_required field_sublabel_below field_description_below gfield_visibility_visible' ><label class='gfield_label' for='input_44_8' >Anreisedatum<span class='gfield_required'>*<\/span><\/label><div class='ginput_container ginput_container_date'>\n                            <input name='input_8' id='input_44_8' type='text' value='16\/04\/2026' class='datepicker medium dmy datepicker_with_icon'    aria-describedby='input_44_8_date_format' \/>\n                            <span id='input_44_8_date_format' class='screen-reader-text'>Date Format: TT Schr\u00e4gstrich MM Schr\u00e4gstrich JJJJ<\/span>\n                        <\/div>\n                        <input type='hidden' id='gforms_calendar_icon_input_44_8' class='gform_hidden' value='https:\/\/www.savoydubai.com\/wp-content\/plugins\/gravityforms\/images\/calendar.png'\/><\/li><li id='field_44_5'  class='gfield gfield_contains_required field_sublabel_below field_description_below gfield_visibility_visible' ><label class='gfield_label' for='input_44_5' >Nachricht<span class='gfield_required'>*<\/span><\/label><div class='ginput_container ginput_container_textarea'><textarea name='input_5' id='input_44_5' class='textarea medium'     aria-required=\"true\" aria-invalid=\"false\"   rows='10' cols='50'><\/textarea><\/div><\/li><li id='field_44_6'  class='gfield privacy-policy gfield_contains_required field_sublabel_below field_description_below gfield_visibility_visible' ><label class='gfield_label'  >Datenschutzrichtlinie<span class='gfield_required'>*<\/span><\/label><div class='ginput_container ginput_container_checkbox'><ul class='gfield_checkbox' id='input_44_6'><li class='gchoice_44_6_1'>\n\t\t\t\t\t\t\t\t<input name='input_6.1' type='checkbox'  value='*  Durch das Anklicken dieser Schaltfl\u00e4che erkl\u00e4ren Sie sich damit einverstanden, unsere &lt;a href=&quot;https:\/\/savoy-dubai.ms.decms.eu\/de\/savoy-central\/datenschutz\/&quot;&gt;Datenschutzrichtlinie&lt;\/a&gt; zu akzeptieren'  id='choice_44_6_1'   \/>\n\t\t\t\t\t\t\t\t<label for='choice_44_6_1' id='label_44_6_1'>*  Durch das Anklicken dieser Schaltfl\u00e4che erkl\u00e4ren Sie sich damit einverstanden, unsere <a href=\"https:\/\/savoy-dubai.ms.decms.eu\/de\/savoy-central\/datenschutz\/\">Datenschutzrichtlinie<\/a> zu akzeptieren<\/label>\n\t\t\t\t\t\t\t<\/li><\/ul><\/div><\/li><li id='field_44_7'  class='gfield required-fields gfield_html gfield_html_formatted gfield_no_follows_desc field_sublabel_below field_description_below gfield_visibility_visible' >* Pflichtfelder<\/li><li id='field_44_11'  class='gfield field_sublabel_below field_description_below gfield_visibility_visible' ><label class='gfield_label' for='input_44_11' >CAPTCHA<\/label><div id='input_44_11' class='ginput_container ginput_recaptcha' data-sitekey='6LfcmNsZAAAAAEcHpYogIloqCxisBmxa902I-tYC'  data-theme='light' data-tabindex='0'  data-badge=''><\/div><\/li><li id='field_44_12'  class='gfield gform_validation_container field_sublabel_below field_description_below gfield_visibility_visible' ><label class='gfield_label' for='input_44_12' >Phone<\/label><div class='ginput_container'><input name='input_12' id='input_44_12' type='text' value='' \/><\/div><div class='gfield_description' id='gfield_description_44_12'>Dieses Feld dient zur Validierung und sollte nicht ver\u00e4ndert werden.<\/div><\/li>\n                            <\/ul><\/div>\n        <div class='gform_footer top_label'> <input type='submit' id='gform_submit_button_44' class='gform_button button' value='Nachricht senden'  onclick='if(window[\"gf_submitting_44\"]){return false;}  window[\"gf_submitting_44\"]=true;  ' onkeypress='if( event.keyCode == 13 ){ if(window[\"gf_submitting_44\"]){return false;} window[\"gf_submitting_44\"]=true;  jQuery(\"#gform_44\").trigger(\"submit\",[true]); }' \/> \n            <input type='hidden' class='gform_hidden' name='is_submit_44' value='1' \/>\n            <input type='hidden' class='gform_hidden' name='gform_submit' value='44' \/>\n            \n            <input type='hidden' class='gform_hidden' name='gform_unique_id' value='' \/>\n            <input type='hidden' class='gform_hidden' name='state_44' value='WyJbXSIsIjMzYmYyMWNkYTJhNzA4YTM1YzdlNzFmY2RiNzcyYTQwIl0=' \/>\n            <input type='hidden' class='gform_hidden' name='gform_target_page_number_44' id='gform_target_page_number_44' value='0' \/>\n            <input type='hidden' class='gform_hidden' name='gform_source_page_number_44' id='gform_source_page_number_44' value='1' \/>\n            <input type='hidden' name='gform_field_values' value='' \/>\n            \n        <\/div>\n                        <\/form>\n                        <\/div>\n","protected":false},"excerpt":{"rendered":"<p>Wenn Sie Dubai f\u00fcr einen l\u00e4ngeren Aufenthalt besuchen, werden Sie eine Unterkunft sch\u00e4tzen, in der Sie Bequemlichkeit und Komfort genie\u00dfen und sich dabei ganz wie zu Hause f\u00fchlen k\u00f6nnen. Wenn Sie auf der Suche nach genau einer solchen Unterkunft sind, ist das Savoy Central genau das Richtige f\u00fcr Sie. In den Hotel-Apartments des Savoy Central [&hellip;]<\/p>\n","protected":false},"author":36,"featured_media":0,"parent":440,"menu_order":50,"comment_status":"closed","ping_status":"closed","template":"template-hotel-default.php","meta":{"footnotes":""},"class_list":["post-527","page","type-page","status-publish","hentry"],"yoast_head":"<!-- This site is optimized with the Yoast SEO plugin v26.9 - https:\/\/yoast.com\/product\/yoast-seo-wordpress\/ -->\n<title>Langfristiger Aufenthal - Savoy Dubai<\/title>\n<meta name=\"robots\" content=\"index, follow, max-snippet:-1, max-image-preview:large, max-video-preview:-1\" \/>\n<link rel=\"canonical\" href=\"https:\/\/www.savoydubai.com\/de\/savoy-central\/langfristiger-aufenthal\/\" \/>\n<meta property=\"og:locale\" content=\"de_DE\" \/>\n<meta property=\"og:type\" content=\"article\" \/>\n<meta property=\"og:title\" content=\"Langfristiger Aufenthal - Savoy Dubai\" \/>\n<meta property=\"og:description\" content=\"Wenn Sie Dubai f\u00fcr einen l\u00e4ngeren Aufenthalt besuchen, werden Sie eine Unterkunft sch\u00e4tzen, in der Sie Bequemlichkeit und Komfort genie\u00dfen und sich dabei ganz wie zu Hause f\u00fchlen k\u00f6nnen. Wenn Sie auf der Suche nach genau einer solchen Unterkunft sind, ist das Savoy Central genau das Richtige f\u00fcr Sie. In den Hotel-Apartments des Savoy Central [&hellip;]\" \/>\n<meta property=\"og:url\" content=\"https:\/\/www.savoydubai.com\/de\/savoy-central\/langfristiger-aufenthal\/\" \/>\n<meta property=\"og:site_name\" content=\"Savoy Dubai\" \/>\n<meta property=\"article:modified_time\" content=\"2020-10-15T14:27:21+00:00\" \/>\n<meta name=\"twitter:card\" content=\"summary_large_image\" \/>\n<meta name=\"twitter:label1\" content=\"Gesch\u00e4tzte Lesezeit\" \/>\n\t<meta name=\"twitter:data1\" content=\"2 Minuten\" \/>\n<script type=\"application\/ld+json\" class=\"yoast-schema-graph\">{\"@context\":\"https:\/\/schema.org\",\"@graph\":[{\"@type\":\"WebPage\",\"@id\":\"https:\/\/www.savoydubai.com\/de\/savoy-central\/langfristiger-aufenthal\/\",\"url\":\"https:\/\/www.savoydubai.com\/de\/savoy-central\/langfristiger-aufenthal\/\",\"name\":\"Langfristiger Aufenthal - Savoy Dubai\",\"isPartOf\":{\"@id\":\"https:\/\/www.savoydubai.com\/de\/#website\"},\"datePublished\":\"2020-07-10T15:31:08+00:00\",\"dateModified\":\"2020-10-15T14:27:21+00:00\",\"breadcrumb\":{\"@id\":\"https:\/\/www.savoydubai.com\/de\/savoy-central\/langfristiger-aufenthal\/#breadcrumb\"},\"inLanguage\":\"de-DE\",\"potentialAction\":[{\"@type\":\"ReadAction\",\"target\":[\"https:\/\/www.savoydubai.com\/de\/savoy-central\/langfristiger-aufenthal\/\"]}]},{\"@type\":\"BreadcrumbList\",\"@id\":\"https:\/\/www.savoydubai.com\/de\/savoy-central\/langfristiger-aufenthal\/#breadcrumb\",\"itemListElement\":[{\"@type\":\"ListItem\",\"position\":1,\"name\":\"Home\",\"item\":\"https:\/\/www.savoydubai.com\/de\/\"},{\"@type\":\"ListItem\",\"position\":2,\"name\":\"Savoy Central\",\"item\":\"https:\/\/www.savoydubai.com\/de\/savoy-central\/\"},{\"@type\":\"ListItem\",\"position\":3,\"name\":\"Langfristiger Aufenthal\"}]},{\"@type\":\"WebSite\",\"@id\":\"https:\/\/www.savoydubai.com\/de\/#website\",\"url\":\"https:\/\/www.savoydubai.com\/de\/\",\"name\":\"Savoy Dubai\",\"description\":\"Just another ms.decms.eu site\",\"potentialAction\":[{\"@type\":\"SearchAction\",\"target\":{\"@type\":\"EntryPoint\",\"urlTemplate\":\"https:\/\/www.savoydubai.com\/de\/?s={search_term_string}\"},\"query-input\":{\"@type\":\"PropertyValueSpecification\",\"valueRequired\":true,\"valueName\":\"search_term_string\"}}],\"inLanguage\":\"de-DE\"}]}<\/script>\n<!-- \/ Yoast SEO plugin. -->","yoast_head_json":{"title":"Langfristiger Aufenthal - Savoy Dubai","robots":{"index":"index","follow":"follow","max-snippet":"max-snippet:-1","max-image-preview":"max-image-preview:large","max-video-preview":"max-video-preview:-1"},"canonical":"https:\/\/www.savoydubai.com\/de\/savoy-central\/langfristiger-aufenthal\/","og_locale":"de_DE","og_type":"article","og_title":"Langfristiger Aufenthal - Savoy Dubai","og_description":"Wenn Sie Dubai f\u00fcr einen l\u00e4ngeren Aufenthalt besuchen, werden Sie eine Unterkunft sch\u00e4tzen, in der Sie Bequemlichkeit und Komfort genie\u00dfen und sich dabei ganz wie zu Hause f\u00fchlen k\u00f6nnen. Wenn Sie auf der Suche nach genau einer solchen Unterkunft sind, ist das Savoy Central genau das Richtige f\u00fcr Sie. In den Hotel-Apartments des Savoy Central [&hellip;]","og_url":"https:\/\/www.savoydubai.com\/de\/savoy-central\/langfristiger-aufenthal\/","og_site_name":"Savoy Dubai","article_modified_time":"2020-10-15T14:27:21+00:00","twitter_card":"summary_large_image","twitter_misc":{"Gesch\u00e4tzte Lesezeit":"2 Minuten"},"schema":{"@context":"https:\/\/schema.org","@graph":[{"@type":"WebPage","@id":"https:\/\/www.savoydubai.com\/de\/savoy-central\/langfristiger-aufenthal\/","url":"https:\/\/www.savoydubai.com\/de\/savoy-central\/langfristiger-aufenthal\/","name":"Langfristiger Aufenthal - Savoy Dubai","isPartOf":{"@id":"https:\/\/www.savoydubai.com\/de\/#website"},"datePublished":"2020-07-10T15:31:08+00:00","dateModified":"2020-10-15T14:27:21+00:00","breadcrumb":{"@id":"https:\/\/www.savoydubai.com\/de\/savoy-central\/langfristiger-aufenthal\/#breadcrumb"},"inLanguage":"de-DE","potentialAction":[{"@type":"ReadAction","target":["https:\/\/www.savoydubai.com\/de\/savoy-central\/langfristiger-aufenthal\/"]}]},{"@type":"BreadcrumbList","@id":"https:\/\/www.savoydubai.com\/de\/savoy-central\/langfristiger-aufenthal\/#breadcrumb","itemListElement":[{"@type":"ListItem","position":1,"name":"Home","item":"https:\/\/www.savoydubai.com\/de\/"},{"@type":"ListItem","position":2,"name":"Savoy Central","item":"https:\/\/www.savoydubai.com\/de\/savoy-central\/"},{"@type":"ListItem","position":3,"name":"Langfristiger Aufenthal"}]},{"@type":"WebSite","@id":"https:\/\/www.savoydubai.com\/de\/#website","url":"https:\/\/www.savoydubai.com\/de\/","name":"Savoy Dubai","description":"Just another ms.decms.eu site","potentialAction":[{"@type":"SearchAction","target":{"@type":"EntryPoint","urlTemplate":"https:\/\/www.savoydubai.com\/de\/?s={search_term_string}"},"query-input":{"@type":"PropertyValueSpecification","valueRequired":true,"valueName":"search_term_string"}}],"inLanguage":"de-DE"}]}},"acf":[],"_links":{"self":[{"href":"https:\/\/www.savoydubai.com\/de\/wp-json\/wp\/v2\/pages\/527","targetHints":{"allow":["GET"]}}],"collection":[{"href":"https:\/\/www.savoydubai.com\/de\/wp-json\/wp\/v2\/pages"}],"about":[{"href":"https:\/\/www.savoydubai.com\/de\/wp-json\/wp\/v2\/types\/page"}],"author":[{"embeddable":true,"href":"https:\/\/www.savoydubai.com\/de\/wp-json\/wp\/v2\/users\/36"}],"replies":[{"embeddable":true,"href":"https:\/\/www.savoydubai.com\/de\/wp-json\/wp\/v2\/comments?post=527"}],"version-history":[{"count":0,"href":"https:\/\/www.savoydubai.com\/de\/wp-json\/wp\/v2\/pages\/527\/revisions"}],"up":[{"embeddable":true,"href":"https:\/\/www.savoydubai.com\/de\/wp-json\/wp\/v2\/pages\/440"}],"wp:attachment":[{"href":"https:\/\/www.savoydubai.com\/de\/wp-json\/wp\/v2\/media?parent=527"}],"curies":[{"name":"wp","href":"https:\/\/api.w.org\/{rel}","templated":true}]}}