{"id":520,"date":"2020-07-10T15:03:40","date_gmt":"2020-07-10T15:03:40","guid":{"rendered":"http:\/\/savoy-dubai.ms.decms.eu\/?page_id=520"},"modified":"2022-02-18T11:18:57","modified_gmt":"2022-02-18T11:18:57","slug":"lage","status":"publish","type":"page","link":"https:\/\/www.savoydubai.com\/de\/savoy-crest\/lage\/","title":{"rendered":"Lage"},"content":{"rendered":"<p>Das Savoy Crest Hotel Apartments befindet sich in zentraler Lage im Herzen von Dubai im historischen Stadtteil Bur Dubai und ist somit ein ideales Hotel, um diese weltber\u00fchmte Stadt zu erkunden. W\u00e4hrend Ihres Aufenthalts in diesem historischen Viertel sollten Sie sich einen Besuch des charmante Dubai Creek und des Dorfs Al Seef nicht entgehen lassen, die nicht weit von Savoy Crest entfernt liegen.<\/p>\n<p>Das Savoy Crest liegt 15 Fahrminuten vom internationalen Flughafen Dubai entfernt. Taxis mit Taxameter stehen am Ausgang des Flughafens zur Verf\u00fcgung und kosten ca. 55 AED.<br \/>\nEin Aufenthalt in dem eleganten und stilvollen Savoy Crest wird durch die g\u00fcnstige Lage des Hotels abgerundet, von dem aus Sie leichte alle Sehensw\u00fcrdigkeiten Dubais erreichen k\u00f6nnen. Die G\u00e4ste k\u00f6nnen die bedeutendsten Sehensw\u00fcrdigkeiten, Restaurants und Gesch\u00e4fte der Stadt entweder zu Fu\u00df oder in nur wenigen Fahrminuten erreichen.<\/p>\n<p>Die komfortable Lage des Hotels ist un\u00fcbertroffen. Sie erreichen die U-Bahn-Haltestelle BurJuman zu Fu\u00df in etwa 11 und die U-Bahn-Haltestelle Al Fahidi in etwa 8 Minuten. Von den U-Bahn-Haltestellen aus k\u00f6nnen unsere G\u00e4ste bequem alle Ziele in Dubai anreisen. Neben den vielen Einkaufsm\u00f6glichkeiten im Einkaufszentrum BurJuman und dem Meena Bazaar bietet das Hotel auch eine t\u00e4gliche Busverbindung vom Hotel zum dem gepflegten und sehr beliebten Strand \u201eLa Mer\u201c in Jumeirah. Das Hauptgesch\u00e4fts- und Einkaufsviertel ist nur einen kurzen Spaziergang entfernt und bietet einfachen Zugang zur gesch\u00e4ftigen Sheikh Zayed Road und dem ber\u00fchmten Burj Khalifa.<\/p>\n","protected":false},"excerpt":{"rendered":"<p>Das Savoy Crest Hotel Apartments befindet sich in zentraler Lage im Herzen von Dubai im historischen Stadtteil Bur Dubai und ist somit ein ideales Hotel, um diese weltber\u00fchmte Stadt zu erkunden. W\u00e4hrend Ihres Aufenthalts in diesem historischen Viertel sollten Sie sich einen Besuch des charmante Dubai Creek und des Dorfs Al Seef nicht entgehen lassen, [&hellip;]<\/p>\n","protected":false},"author":7,"featured_media":0,"parent":291,"menu_order":30,"comment_status":"closed","ping_status":"closed","template":"template-hotel-location.php","meta":{"footnotes":""},"class_list":["post-520","page","type-page","status-publish","hentry"],"yoast_head":"<!-- This site is optimized with the Yoast SEO plugin v26.9 - https:\/\/yoast.com\/product\/yoast-seo-wordpress\/ -->\n<title>Lage - Savoy Dubai<\/title>\n<meta name=\"robots\" content=\"index, follow, max-snippet:-1, max-image-preview:large, max-video-preview:-1\" \/>\n<link rel=\"canonical\" href=\"https:\/\/www.savoydubai.com\/de\/savoy-crest\/lage\/\" \/>\n<meta property=\"og:locale\" content=\"de_DE\" \/>\n<meta property=\"og:type\" content=\"article\" \/>\n<meta property=\"og:title\" content=\"Lage - Savoy Dubai\" \/>\n<meta property=\"og:description\" content=\"Das Savoy Crest Hotel Apartments befindet sich in zentraler Lage im Herzen von Dubai im historischen Stadtteil Bur Dubai und ist somit ein ideales Hotel, um diese weltber\u00fchmte Stadt zu erkunden. W\u00e4hrend Ihres Aufenthalts in diesem historischen Viertel sollten Sie sich einen Besuch des charmante Dubai Creek und des Dorfs Al Seef nicht entgehen lassen, [&hellip;]\" \/>\n<meta property=\"og:url\" content=\"https:\/\/www.savoydubai.com\/de\/savoy-crest\/lage\/\" \/>\n<meta property=\"og:site_name\" content=\"Savoy Dubai\" \/>\n<meta property=\"article:modified_time\" content=\"2022-02-18T11:18:57+00:00\" \/>\n<meta name=\"twitter:card\" content=\"summary_large_image\" \/>\n<meta name=\"twitter:label1\" content=\"Gesch\u00e4tzte Lesezeit\" \/>\n\t<meta name=\"twitter:data1\" content=\"1 Minute\" \/>\n<script type=\"application\/ld+json\" class=\"yoast-schema-graph\">{\"@context\":\"https:\/\/schema.org\",\"@graph\":[{\"@type\":\"WebPage\",\"@id\":\"https:\/\/www.savoydubai.com\/de\/savoy-crest\/lage\/\",\"url\":\"https:\/\/www.savoydubai.com\/de\/savoy-crest\/lage\/\",\"name\":\"Lage - Savoy Dubai\",\"isPartOf\":{\"@id\":\"https:\/\/www.savoydubai.com\/de\/#website\"},\"datePublished\":\"2020-07-10T15:03:40+00:00\",\"dateModified\":\"2022-02-18T11:18:57+00:00\",\"breadcrumb\":{\"@id\":\"https:\/\/www.savoydubai.com\/de\/savoy-crest\/lage\/#breadcrumb\"},\"inLanguage\":\"de-DE\",\"potentialAction\":[{\"@type\":\"ReadAction\",\"target\":[\"https:\/\/www.savoydubai.com\/de\/savoy-crest\/lage\/\"]}]},{\"@type\":\"BreadcrumbList\",\"@id\":\"https:\/\/www.savoydubai.com\/de\/savoy-crest\/lage\/#breadcrumb\",\"itemListElement\":[{\"@type\":\"ListItem\",\"position\":1,\"name\":\"Home\",\"item\":\"https:\/\/www.savoydubai.com\/de\/\"},{\"@type\":\"ListItem\",\"position\":2,\"name\":\"Savoy Crest\",\"item\":\"https:\/\/www.savoydubai.com\/de\/savoy-crest\/\"},{\"@type\":\"ListItem\",\"position\":3,\"name\":\"Lage\"}]},{\"@type\":\"WebSite\",\"@id\":\"https:\/\/www.savoydubai.com\/de\/#website\",\"url\":\"https:\/\/www.savoydubai.com\/de\/\",\"name\":\"Savoy Dubai\",\"description\":\"Just another ms.decms.eu site\",\"potentialAction\":[{\"@type\":\"SearchAction\",\"target\":{\"@type\":\"EntryPoint\",\"urlTemplate\":\"https:\/\/www.savoydubai.com\/de\/?s={search_term_string}\"},\"query-input\":{\"@type\":\"PropertyValueSpecification\",\"valueRequired\":true,\"valueName\":\"search_term_string\"}}],\"inLanguage\":\"de-DE\"}]}<\/script>\n<!-- \/ Yoast SEO plugin. -->","yoast_head_json":{"title":"Lage - Savoy Dubai","robots":{"index":"index","follow":"follow","max-snippet":"max-snippet:-1","max-image-preview":"max-image-preview:large","max-video-preview":"max-video-preview:-1"},"canonical":"https:\/\/www.savoydubai.com\/de\/savoy-crest\/lage\/","og_locale":"de_DE","og_type":"article","og_title":"Lage - Savoy Dubai","og_description":"Das Savoy Crest Hotel Apartments befindet sich in zentraler Lage im Herzen von Dubai im historischen Stadtteil Bur Dubai und ist somit ein ideales Hotel, um diese weltber\u00fchmte Stadt zu erkunden. W\u00e4hrend Ihres Aufenthalts in diesem historischen Viertel sollten Sie sich einen Besuch des charmante Dubai Creek und des Dorfs Al Seef nicht entgehen lassen, [&hellip;]","og_url":"https:\/\/www.savoydubai.com\/de\/savoy-crest\/lage\/","og_site_name":"Savoy Dubai","article_modified_time":"2022-02-18T11:18:57+00:00","twitter_card":"summary_large_image","twitter_misc":{"Gesch\u00e4tzte Lesezeit":"1 Minute"},"schema":{"@context":"https:\/\/schema.org","@graph":[{"@type":"WebPage","@id":"https:\/\/www.savoydubai.com\/de\/savoy-crest\/lage\/","url":"https:\/\/www.savoydubai.com\/de\/savoy-crest\/lage\/","name":"Lage - Savoy Dubai","isPartOf":{"@id":"https:\/\/www.savoydubai.com\/de\/#website"},"datePublished":"2020-07-10T15:03:40+00:00","dateModified":"2022-02-18T11:18:57+00:00","breadcrumb":{"@id":"https:\/\/www.savoydubai.com\/de\/savoy-crest\/lage\/#breadcrumb"},"inLanguage":"de-DE","potentialAction":[{"@type":"ReadAction","target":["https:\/\/www.savoydubai.com\/de\/savoy-crest\/lage\/"]}]},{"@type":"BreadcrumbList","@id":"https:\/\/www.savoydubai.com\/de\/savoy-crest\/lage\/#breadcrumb","itemListElement":[{"@type":"ListItem","position":1,"name":"Home","item":"https:\/\/www.savoydubai.com\/de\/"},{"@type":"ListItem","position":2,"name":"Savoy Crest","item":"https:\/\/www.savoydubai.com\/de\/savoy-crest\/"},{"@type":"ListItem","position":3,"name":"Lage"}]},{"@type":"WebSite","@id":"https:\/\/www.savoydubai.com\/de\/#website","url":"https:\/\/www.savoydubai.com\/de\/","name":"Savoy Dubai","description":"Just another ms.decms.eu site","potentialAction":[{"@type":"SearchAction","target":{"@type":"EntryPoint","urlTemplate":"https:\/\/www.savoydubai.com\/de\/?s={search_term_string}"},"query-input":{"@type":"PropertyValueSpecification","valueRequired":true,"valueName":"search_term_string"}}],"inLanguage":"de-DE"}]}},"acf":[],"_links":{"self":[{"href":"https:\/\/www.savoydubai.com\/de\/wp-json\/wp\/v2\/pages\/520","targetHints":{"allow":["GET"]}}],"collection":[{"href":"https:\/\/www.savoydubai.com\/de\/wp-json\/wp\/v2\/pages"}],"about":[{"href":"https:\/\/www.savoydubai.com\/de\/wp-json\/wp\/v2\/types\/page"}],"author":[{"embeddable":true,"href":"https:\/\/www.savoydubai.com\/de\/wp-json\/wp\/v2\/users\/7"}],"replies":[{"embeddable":true,"href":"https:\/\/www.savoydubai.com\/de\/wp-json\/wp\/v2\/comments?post=520"}],"version-history":[{"count":0,"href":"https:\/\/www.savoydubai.com\/de\/wp-json\/wp\/v2\/pages\/520\/revisions"}],"up":[{"embeddable":true,"href":"https:\/\/www.savoydubai.com\/de\/wp-json\/wp\/v2\/pages\/291"}],"wp:attachment":[{"href":"https:\/\/www.savoydubai.com\/de\/wp-json\/wp\/v2\/media?parent=520"}],"curies":[{"name":"wp","href":"https:\/\/api.w.org\/{rel}","templated":true}]}}