{"id":508,"date":"2020-07-10T14:49:15","date_gmt":"2020-07-10T14:49:15","guid":{"rendered":"http:\/\/savoy-dubai.ms.decms.eu\/?page_id=508"},"modified":"2022-02-18T11:24:45","modified_gmt":"2022-02-18T11:24:45","slug":"lage","status":"publish","type":"page","link":"https:\/\/www.savoydubai.com\/de\/savoy-central\/lage\/","title":{"rendered":"Lage"},"content":{"rendered":"<p>Die g\u00fcnstige Lage der Savoy Central Hotel Apartments in Dubai macht es perfekt, um dieses weltber\u00fchmte Reiseziel zu erkunden. Dieses Luxushotel befindet sich in Bur Dubai, einem der historischsten Viertel der Stadt. Nach Ihrem Shopping im Meena Bazaar und dem Einkaufszentrum BurJuman k\u00f6nnen Sie in einem der nahegelegenen Restaurants, die nur wenige Gehminuten vom Savoy Central entfernt liegen, eine k\u00f6stliche Mahlzeit genie\u00dfen.<\/p>\n<p>Das ruhige Wasser und das sandige Ufer des Strands von Jumeirah sind ebenfalls in k\u00fcrzester Zeit erreichbar. Das Hotel bietet eine kostenlose Busverbindung zum Strand \u201eLa Mer\u201c in Jumeirah in Dubai, wodurch Sie sich die Kosten f\u00fcr Taxis oder die RTA-Busse sparen k\u00f6nnen.<\/p>\n<p>Ber\u00fchmte Sehensw\u00fcrdigkeiten wie das Dubai Museum, die Gro\u00dfe Moschee, der Dubai Frame und der Dubai Gold Souk sind nur wenige Fahrminuten vom Savoy Central entfernt. Das Hauptgesch\u00e4ftsviertel ist nur einen kurzen Spaziergang entfernt und bietet einfachen Zugang zur gesch\u00e4ftigen Sheikh Zayed Road. Diese scheinbar endlose Stra\u00dfe ist ges\u00e4umt von den legend\u00e4ren Wolkenkratzern der Stadt, einschlie\u00dflich des legend\u00e4ren Burj Khalifa.<\/p>\n<p>Neben den nahe gelegenen Attraktionen und Sehensw\u00fcrdigkeiten ist das Hotel auch verkehrsg\u00fcnstig gelegen. Taxis mit Taxameter sind vom Hotel aus leicht verf\u00fcgbar und Sie k\u00f6nnen in unmittelbarer N\u00e4he des Hotels auch RTA-Busse nutzen.<\/p>\n<p>Dank der U-Bahn-Haltestellen erreichen Sie vom Savoy Central aus auch leicht alle touristischen Attraktionen. Die U-Bahn-Haltestellen Al Fahidi und BurJuman sind zu Fu\u00df erreichbar. Der internationale Flughafen Dubai ist nur 15 Fahrminuten vom Hotel entfernt.<\/p>\n","protected":false},"excerpt":{"rendered":"<p>Die g\u00fcnstige Lage der Savoy Central Hotel Apartments in Dubai macht es perfekt, um dieses weltber\u00fchmte Reiseziel zu erkunden. Dieses Luxushotel befindet sich in Bur Dubai, einem der historischsten Viertel der Stadt. Nach Ihrem Shopping im Meena Bazaar und dem Einkaufszentrum BurJuman k\u00f6nnen Sie in einem der nahegelegenen Restaurants, die nur wenige Gehminuten vom Savoy [&hellip;]<\/p>\n","protected":false},"author":36,"featured_media":0,"parent":440,"menu_order":30,"comment_status":"closed","ping_status":"closed","template":"template-hotel-location.php","meta":{"footnotes":""},"class_list":["post-508","page","type-page","status-publish","hentry"],"yoast_head":"<!-- This site is optimized with the Yoast SEO plugin v26.9 - https:\/\/yoast.com\/product\/yoast-seo-wordpress\/ -->\n<title>Lage - Savoy Dubai<\/title>\n<meta name=\"robots\" content=\"index, follow, max-snippet:-1, max-image-preview:large, max-video-preview:-1\" \/>\n<link rel=\"canonical\" href=\"https:\/\/www.savoydubai.com\/de\/savoy-central\/lage\/\" \/>\n<meta property=\"og:locale\" content=\"de_DE\" \/>\n<meta property=\"og:type\" content=\"article\" \/>\n<meta property=\"og:title\" content=\"Lage - Savoy Dubai\" \/>\n<meta property=\"og:description\" content=\"Die g\u00fcnstige Lage der Savoy Central Hotel Apartments in Dubai macht es perfekt, um dieses weltber\u00fchmte Reiseziel zu erkunden. Dieses Luxushotel befindet sich in Bur Dubai, einem der historischsten Viertel der Stadt. Nach Ihrem Shopping im Meena Bazaar und dem Einkaufszentrum BurJuman k\u00f6nnen Sie in einem der nahegelegenen Restaurants, die nur wenige Gehminuten vom Savoy [&hellip;]\" \/>\n<meta property=\"og:url\" content=\"https:\/\/www.savoydubai.com\/de\/savoy-central\/lage\/\" \/>\n<meta property=\"og:site_name\" content=\"Savoy Dubai\" \/>\n<meta property=\"article:modified_time\" content=\"2022-02-18T11:24:45+00:00\" \/>\n<meta name=\"twitter:card\" content=\"summary_large_image\" \/>\n<meta name=\"twitter:label1\" content=\"Gesch\u00e4tzte Lesezeit\" \/>\n\t<meta name=\"twitter:data1\" content=\"1 Minute\" \/>\n<script type=\"application\/ld+json\" class=\"yoast-schema-graph\">{\"@context\":\"https:\/\/schema.org\",\"@graph\":[{\"@type\":\"WebPage\",\"@id\":\"https:\/\/www.savoydubai.com\/de\/savoy-central\/lage\/\",\"url\":\"https:\/\/www.savoydubai.com\/de\/savoy-central\/lage\/\",\"name\":\"Lage - Savoy Dubai\",\"isPartOf\":{\"@id\":\"https:\/\/www.savoydubai.com\/de\/#website\"},\"datePublished\":\"2020-07-10T14:49:15+00:00\",\"dateModified\":\"2022-02-18T11:24:45+00:00\",\"breadcrumb\":{\"@id\":\"https:\/\/www.savoydubai.com\/de\/savoy-central\/lage\/#breadcrumb\"},\"inLanguage\":\"de-DE\",\"potentialAction\":[{\"@type\":\"ReadAction\",\"target\":[\"https:\/\/www.savoydubai.com\/de\/savoy-central\/lage\/\"]}]},{\"@type\":\"BreadcrumbList\",\"@id\":\"https:\/\/www.savoydubai.com\/de\/savoy-central\/lage\/#breadcrumb\",\"itemListElement\":[{\"@type\":\"ListItem\",\"position\":1,\"name\":\"Home\",\"item\":\"https:\/\/www.savoydubai.com\/de\/\"},{\"@type\":\"ListItem\",\"position\":2,\"name\":\"Savoy Central\",\"item\":\"https:\/\/www.savoydubai.com\/de\/savoy-central\/\"},{\"@type\":\"ListItem\",\"position\":3,\"name\":\"Lage\"}]},{\"@type\":\"WebSite\",\"@id\":\"https:\/\/www.savoydubai.com\/de\/#website\",\"url\":\"https:\/\/www.savoydubai.com\/de\/\",\"name\":\"Savoy Dubai\",\"description\":\"Just another ms.decms.eu site\",\"potentialAction\":[{\"@type\":\"SearchAction\",\"target\":{\"@type\":\"EntryPoint\",\"urlTemplate\":\"https:\/\/www.savoydubai.com\/de\/?s={search_term_string}\"},\"query-input\":{\"@type\":\"PropertyValueSpecification\",\"valueRequired\":true,\"valueName\":\"search_term_string\"}}],\"inLanguage\":\"de-DE\"}]}<\/script>\n<!-- \/ Yoast SEO plugin. -->","yoast_head_json":{"title":"Lage - Savoy Dubai","robots":{"index":"index","follow":"follow","max-snippet":"max-snippet:-1","max-image-preview":"max-image-preview:large","max-video-preview":"max-video-preview:-1"},"canonical":"https:\/\/www.savoydubai.com\/de\/savoy-central\/lage\/","og_locale":"de_DE","og_type":"article","og_title":"Lage - Savoy Dubai","og_description":"Die g\u00fcnstige Lage der Savoy Central Hotel Apartments in Dubai macht es perfekt, um dieses weltber\u00fchmte Reiseziel zu erkunden. Dieses Luxushotel befindet sich in Bur Dubai, einem der historischsten Viertel der Stadt. Nach Ihrem Shopping im Meena Bazaar und dem Einkaufszentrum BurJuman k\u00f6nnen Sie in einem der nahegelegenen Restaurants, die nur wenige Gehminuten vom Savoy [&hellip;]","og_url":"https:\/\/www.savoydubai.com\/de\/savoy-central\/lage\/","og_site_name":"Savoy Dubai","article_modified_time":"2022-02-18T11:24:45+00:00","twitter_card":"summary_large_image","twitter_misc":{"Gesch\u00e4tzte Lesezeit":"1 Minute"},"schema":{"@context":"https:\/\/schema.org","@graph":[{"@type":"WebPage","@id":"https:\/\/www.savoydubai.com\/de\/savoy-central\/lage\/","url":"https:\/\/www.savoydubai.com\/de\/savoy-central\/lage\/","name":"Lage - Savoy Dubai","isPartOf":{"@id":"https:\/\/www.savoydubai.com\/de\/#website"},"datePublished":"2020-07-10T14:49:15+00:00","dateModified":"2022-02-18T11:24:45+00:00","breadcrumb":{"@id":"https:\/\/www.savoydubai.com\/de\/savoy-central\/lage\/#breadcrumb"},"inLanguage":"de-DE","potentialAction":[{"@type":"ReadAction","target":["https:\/\/www.savoydubai.com\/de\/savoy-central\/lage\/"]}]},{"@type":"BreadcrumbList","@id":"https:\/\/www.savoydubai.com\/de\/savoy-central\/lage\/#breadcrumb","itemListElement":[{"@type":"ListItem","position":1,"name":"Home","item":"https:\/\/www.savoydubai.com\/de\/"},{"@type":"ListItem","position":2,"name":"Savoy Central","item":"https:\/\/www.savoydubai.com\/de\/savoy-central\/"},{"@type":"ListItem","position":3,"name":"Lage"}]},{"@type":"WebSite","@id":"https:\/\/www.savoydubai.com\/de\/#website","url":"https:\/\/www.savoydubai.com\/de\/","name":"Savoy Dubai","description":"Just another ms.decms.eu site","potentialAction":[{"@type":"SearchAction","target":{"@type":"EntryPoint","urlTemplate":"https:\/\/www.savoydubai.com\/de\/?s={search_term_string}"},"query-input":{"@type":"PropertyValueSpecification","valueRequired":true,"valueName":"search_term_string"}}],"inLanguage":"de-DE"}]}},"acf":[],"_links":{"self":[{"href":"https:\/\/www.savoydubai.com\/de\/wp-json\/wp\/v2\/pages\/508","targetHints":{"allow":["GET"]}}],"collection":[{"href":"https:\/\/www.savoydubai.com\/de\/wp-json\/wp\/v2\/pages"}],"about":[{"href":"https:\/\/www.savoydubai.com\/de\/wp-json\/wp\/v2\/types\/page"}],"author":[{"embeddable":true,"href":"https:\/\/www.savoydubai.com\/de\/wp-json\/wp\/v2\/users\/36"}],"replies":[{"embeddable":true,"href":"https:\/\/www.savoydubai.com\/de\/wp-json\/wp\/v2\/comments?post=508"}],"version-history":[{"count":0,"href":"https:\/\/www.savoydubai.com\/de\/wp-json\/wp\/v2\/pages\/508\/revisions"}],"up":[{"embeddable":true,"href":"https:\/\/www.savoydubai.com\/de\/wp-json\/wp\/v2\/pages\/440"}],"wp:attachment":[{"href":"https:\/\/www.savoydubai.com\/de\/wp-json\/wp\/v2\/media?parent=508"}],"curies":[{"name":"wp","href":"https:\/\/api.w.org\/{rel}","templated":true}]}}