{"id":5,"date":"2020-07-06T08:03:38","date_gmt":"2020-07-06T08:03:38","guid":{"rendered":"http:\/\/savoy-dubai.ms.decms.eu\/?page_id=5"},"modified":"2020-10-17T13:01:53","modified_gmt":"2020-10-17T13:01:53","slug":"willkommen-bei-savoy-dubai-gastfreundschaft-von-herzen","status":"publish","type":"page","link":"https:\/\/www.savoydubai.com\/de\/","title":{"rendered":"WILLKOMMEN IM SAVOY DUBAI"},"content":{"rendered":"<p>\u201eHerzliche Gastfreundschaft\u201c ist nicht nur ein Versprechen, sondern ein einflussreiches Wertesystem, das sich durch alle Aspekte des Savoy Hotel Apartments in Dubai zieht und im Mittelpunkt aller Aufgaben jedes einzelnen unserer Teammitglieder steht. Unsere G\u00e4ste erleben diese Service-Philosophie vom Moment ihrer Ankunft im Hotel bis zu ihrem Check-out.<\/p>\n<p>Unsere Hotel-Apartments in Dubai befinden sich in einer fantastischen Lage f\u00fcr G\u00e4ste, die alles erleben m\u00f6chten, was diese wunderbare Stadt zu bieten hat, f\u00fcr G\u00e4ste, die w\u00e4hrend einer Konferenz oder Ausstellung bei uns \u00fcbernachten m\u00f6chten, aber auch f\u00fcr G\u00e4ste, die einen l\u00e4ngeren Aufenthalt in einem unserer vollst\u00e4ndig versorgten Hotel-Apartments verbringen m\u00f6chten.<\/p>\n","protected":false},"excerpt":{"rendered":"<p>\u201eHerzliche Gastfreundschaft\u201c ist nicht nur ein Versprechen, sondern ein einflussreiches Wertesystem, das sich durch alle Aspekte des Savoy Hotel Apartments in Dubai zieht und im Mittelpunkt aller Aufgaben jedes einzelnen unserer Teammitglieder steht. Unsere G\u00e4ste erleben diese Service-Philosophie vom Moment ihrer Ankunft im Hotel bis zu ihrem Check-out. Unsere Hotel-Apartments in Dubai befinden sich in [&hellip;]<\/p>\n","protected":false},"author":17,"featured_media":0,"parent":0,"menu_order":10,"comment_status":"closed","ping_status":"open","template":"","meta":{"footnotes":""},"class_list":["post-5","page","type-page","status-publish","hentry"],"yoast_head":"<!-- This site is optimized with the Yoast SEO plugin v26.9 - https:\/\/yoast.com\/product\/yoast-seo-wordpress\/ -->\n<title>WILLKOMMEN IM SAVOY DUBAI - Savoy Dubai<\/title>\n<meta name=\"robots\" content=\"index, follow, max-snippet:-1, max-image-preview:large, max-video-preview:-1\" \/>\n<link rel=\"canonical\" href=\"https:\/\/www.savoydubai.com\/de\/\" \/>\n<meta property=\"og:locale\" content=\"de_DE\" \/>\n<meta property=\"og:type\" content=\"article\" \/>\n<meta property=\"og:title\" content=\"WILLKOMMEN IM SAVOY DUBAI - Savoy Dubai\" \/>\n<meta property=\"og:description\" content=\"\u201eHerzliche Gastfreundschaft\u201c ist nicht nur ein Versprechen, sondern ein einflussreiches Wertesystem, das sich durch alle Aspekte des Savoy Hotel Apartments in Dubai zieht und im Mittelpunkt aller Aufgaben jedes einzelnen unserer Teammitglieder steht. Unsere G\u00e4ste erleben diese Service-Philosophie vom Moment ihrer Ankunft im Hotel bis zu ihrem Check-out. Unsere Hotel-Apartments in Dubai befinden sich in [&hellip;]\" \/>\n<meta property=\"og:url\" content=\"https:\/\/www.savoydubai.com\/de\/\" \/>\n<meta property=\"og:site_name\" content=\"Savoy Dubai\" \/>\n<meta property=\"article:modified_time\" content=\"2020-10-17T13:01:53+00:00\" \/>\n<meta name=\"twitter:card\" content=\"summary_large_image\" \/>\n<meta name=\"twitter:label1\" content=\"Gesch\u00e4tzte Lesezeit\" \/>\n\t<meta name=\"twitter:data1\" content=\"1 Minute\" \/>\n<script type=\"application\/ld+json\" class=\"yoast-schema-graph\">{\"@context\":\"https:\/\/schema.org\",\"@graph\":[{\"@type\":\"WebPage\",\"@id\":\"https:\/\/www.savoydubai.com\/de\/\",\"url\":\"https:\/\/www.savoydubai.com\/de\/\",\"name\":\"WILLKOMMEN IM SAVOY DUBAI - Savoy Dubai\",\"isPartOf\":{\"@id\":\"https:\/\/www.savoydubai.com\/de\/#website\"},\"datePublished\":\"2020-07-06T08:03:38+00:00\",\"dateModified\":\"2020-10-17T13:01:53+00:00\",\"breadcrumb\":{\"@id\":\"https:\/\/www.savoydubai.com\/de\/#breadcrumb\"},\"inLanguage\":\"de-DE\",\"potentialAction\":[{\"@type\":\"ReadAction\",\"target\":[\"https:\/\/www.savoydubai.com\/de\/\"]}]},{\"@type\":\"BreadcrumbList\",\"@id\":\"https:\/\/www.savoydubai.com\/de\/#breadcrumb\",\"itemListElement\":[{\"@type\":\"ListItem\",\"position\":1,\"name\":\"Home\",\"item\":\"https:\/\/www.savoydubai.com\/de\/\"},{\"@type\":\"ListItem\",\"position\":2,\"name\":\"WILLKOMMEN IM SAVOY DUBAI\"}]},{\"@type\":\"WebSite\",\"@id\":\"https:\/\/www.savoydubai.com\/de\/#website\",\"url\":\"https:\/\/www.savoydubai.com\/de\/\",\"name\":\"Savoy Dubai\",\"description\":\"Just another ms.decms.eu site\",\"potentialAction\":[{\"@type\":\"SearchAction\",\"target\":{\"@type\":\"EntryPoint\",\"urlTemplate\":\"https:\/\/www.savoydubai.com\/de\/?s={search_term_string}\"},\"query-input\":{\"@type\":\"PropertyValueSpecification\",\"valueRequired\":true,\"valueName\":\"search_term_string\"}}],\"inLanguage\":\"de-DE\"}]}<\/script>\n<!-- \/ Yoast SEO plugin. -->","yoast_head_json":{"title":"WILLKOMMEN IM SAVOY DUBAI - Savoy Dubai","robots":{"index":"index","follow":"follow","max-snippet":"max-snippet:-1","max-image-preview":"max-image-preview:large","max-video-preview":"max-video-preview:-1"},"canonical":"https:\/\/www.savoydubai.com\/de\/","og_locale":"de_DE","og_type":"article","og_title":"WILLKOMMEN IM SAVOY DUBAI - Savoy Dubai","og_description":"\u201eHerzliche Gastfreundschaft\u201c ist nicht nur ein Versprechen, sondern ein einflussreiches Wertesystem, das sich durch alle Aspekte des Savoy Hotel Apartments in Dubai zieht und im Mittelpunkt aller Aufgaben jedes einzelnen unserer Teammitglieder steht. Unsere G\u00e4ste erleben diese Service-Philosophie vom Moment ihrer Ankunft im Hotel bis zu ihrem Check-out. Unsere Hotel-Apartments in Dubai befinden sich in [&hellip;]","og_url":"https:\/\/www.savoydubai.com\/de\/","og_site_name":"Savoy Dubai","article_modified_time":"2020-10-17T13:01:53+00:00","twitter_card":"summary_large_image","twitter_misc":{"Gesch\u00e4tzte Lesezeit":"1 Minute"},"schema":{"@context":"https:\/\/schema.org","@graph":[{"@type":"WebPage","@id":"https:\/\/www.savoydubai.com\/de\/","url":"https:\/\/www.savoydubai.com\/de\/","name":"WILLKOMMEN IM SAVOY DUBAI - Savoy Dubai","isPartOf":{"@id":"https:\/\/www.savoydubai.com\/de\/#website"},"datePublished":"2020-07-06T08:03:38+00:00","dateModified":"2020-10-17T13:01:53+00:00","breadcrumb":{"@id":"https:\/\/www.savoydubai.com\/de\/#breadcrumb"},"inLanguage":"de-DE","potentialAction":[{"@type":"ReadAction","target":["https:\/\/www.savoydubai.com\/de\/"]}]},{"@type":"BreadcrumbList","@id":"https:\/\/www.savoydubai.com\/de\/#breadcrumb","itemListElement":[{"@type":"ListItem","position":1,"name":"Home","item":"https:\/\/www.savoydubai.com\/de\/"},{"@type":"ListItem","position":2,"name":"WILLKOMMEN IM SAVOY DUBAI"}]},{"@type":"WebSite","@id":"https:\/\/www.savoydubai.com\/de\/#website","url":"https:\/\/www.savoydubai.com\/de\/","name":"Savoy Dubai","description":"Just another ms.decms.eu site","potentialAction":[{"@type":"SearchAction","target":{"@type":"EntryPoint","urlTemplate":"https:\/\/www.savoydubai.com\/de\/?s={search_term_string}"},"query-input":{"@type":"PropertyValueSpecification","valueRequired":true,"valueName":"search_term_string"}}],"inLanguage":"de-DE"}]}},"acf":[],"_links":{"self":[{"href":"https:\/\/www.savoydubai.com\/de\/wp-json\/wp\/v2\/pages\/5","targetHints":{"allow":["GET"]}}],"collection":[{"href":"https:\/\/www.savoydubai.com\/de\/wp-json\/wp\/v2\/pages"}],"about":[{"href":"https:\/\/www.savoydubai.com\/de\/wp-json\/wp\/v2\/types\/page"}],"author":[{"embeddable":true,"href":"https:\/\/www.savoydubai.com\/de\/wp-json\/wp\/v2\/users\/17"}],"replies":[{"embeddable":true,"href":"https:\/\/www.savoydubai.com\/de\/wp-json\/wp\/v2\/comments?post=5"}],"version-history":[{"count":0,"href":"https:\/\/www.savoydubai.com\/de\/wp-json\/wp\/v2\/pages\/5\/revisions"}],"wp:attachment":[{"href":"https:\/\/www.savoydubai.com\/de\/wp-json\/wp\/v2\/media?parent=5"}],"curies":[{"name":"wp","href":"https:\/\/api.w.org\/{rel}","templated":true}]}}