{"id":492,"date":"2020-07-10T13:43:32","date_gmt":"2020-07-10T13:43:32","guid":{"rendered":"http:\/\/savoy-dubai.ms.decms.eu\/?page_id=492"},"modified":"2020-10-17T14:47:35","modified_gmt":"2020-10-17T14:47:35","slug":"dienstleistungen","status":"publish","type":"page","link":"https:\/\/www.savoydubai.com\/de\/savoy-central\/dienstleistungen\/","title":{"rendered":"Dienstleistungen"},"content":{"rendered":"<p>G\u00e4ste, die in den m\u00f6blierten Apartments des Savoy Central in Dubai \u00fcbernachten, unabh\u00e4ngig davon, ob sie sich f\u00fcr unser Familien-Studio, die miteinander verbundenen Executive-Studios oder eines unserer Executive-Studios entschieden haben, k\u00f6nnen die Freizeiteinrichtungen vor Ort nutzen, zu denen ein temperaturgeregelter Au\u00dfenpool, ein Kinderbecken, ein Fitnessraum, eine Sauna und ein Dampfbad geh\u00f6ren. Alle diese Einrichtungen wurden speziell f\u00fcr unsere G\u00e4ste entwickelt, sodass sie sich jederzeit vor Ort entspannen k\u00f6nnen.<\/p>\n<p>Wenn unsere G\u00e4ste Sport- und Krafttraining betreiben m\u00f6chten, steht unser hochmodernes Fitnessstudio zur Verf\u00fcgung und bietet eine moderne Auswahl an Ger\u00e4ten, die ihnen helfen, fit und voller Energie zu bleiben.<\/p>\n<p>Um den Aufenthalt unserer G\u00e4ste noch bequemer zu gestalten, gibt es f\u00fcr alle G\u00e4ste auch eine t\u00e4gliche Busverbindung vom Hotel zum nahe gelegenen Strand \u201eLa Mer\u201c in Jumeirah. Badehandt\u00fccher und Strandmatten werden allen G\u00e4sten im Bus kostenlos zur Verf\u00fcgung gestellt. Diese Liebe zum Detail garantiert unseren G\u00e4sten unvergessliche Ausfl\u00fcge und ein Gef\u00fchl der Gelassenheit w\u00e4hrend ihres gesamten Aufenthalts. Bei Ihrer Erfahrung des Savoy Central steht Bequemlichkeit an vorderster Stelle.<\/p>\n<p>Eintrittskarten f\u00fcr Vergn\u00fcgungsparks, Stadtrundfahrten und alle lokalen Sehensw\u00fcrdigkeiten sind an der Rezeption zu erm\u00e4\u00dfigten Preisen erh\u00e4ltlich, sodass Sie mit Ihrer gesamten Familie einen unterhaltsamen Aufenthalt in Dubai genie\u00dfen k\u00f6nnen.<\/p>\n<p>Im Savoy Central haben wir daf\u00fcr gesorgt, dass alle Einrichtungen, die unsere G\u00e4ste erwarten, stets f\u00fcr ihren ultimativen Komfort und ihre Sicherheit zur Verf\u00fcgung stehen.<br \/>\nDa die Gesundheit und Sicherheit unserer G\u00e4ste f\u00fcr uns an vorderster Stelle stehen, reinigen und desinfizieren wir alle \u00f6ffentlichen Bereiche, einschlie\u00dflich Korridore, Aufz\u00fcge und alle Ber\u00fchrungspunkte, nach den h\u00f6chsten Hygienestandards.<\/p>\n<p>Das Savoy Central ist der ideal Ort f\u00fcr Reisende, die Dubai in seiner ganzen Sch\u00f6nheit mit Bequemlichkeit und Leichtigkeit erleben m\u00f6chten. Von den Freizeiteinrichtungen vor Ort bis hin zu seiner idealen Lage sorgt das Savoy Central daf\u00fcr, dass Ihr Aufenthalt so angenehm und unvergesslich wie m\u00f6glich wird.<\/p>\n","protected":false},"excerpt":{"rendered":"<p>G\u00e4ste, die in den m\u00f6blierten Apartments des Savoy Central in Dubai \u00fcbernachten, unabh\u00e4ngig davon, ob sie sich f\u00fcr unser Familien-Studio, die miteinander verbundenen Executive-Studios oder eines unserer Executive-Studios entschieden haben, k\u00f6nnen die Freizeiteinrichtungen vor Ort nutzen, zu denen ein temperaturgeregelter Au\u00dfenpool, ein Kinderbecken, ein Fitnessraum, eine Sauna und ein Dampfbad geh\u00f6ren. Alle diese Einrichtungen wurden [&hellip;]<\/p>\n","protected":false},"author":36,"featured_media":0,"parent":440,"menu_order":20,"comment_status":"closed","ping_status":"closed","template":"template-hotel-services.php","meta":{"footnotes":""},"class_list":["post-492","page","type-page","status-publish","hentry"],"yoast_head":"<!-- This site is optimized with the Yoast SEO plugin v26.9 - https:\/\/yoast.com\/product\/yoast-seo-wordpress\/ -->\n<title>Dienstleistungen - Savoy Dubai<\/title>\n<meta name=\"robots\" content=\"index, follow, max-snippet:-1, max-image-preview:large, max-video-preview:-1\" \/>\n<link rel=\"canonical\" href=\"https:\/\/www.savoydubai.com\/de\/savoy-central\/dienstleistungen\/\" \/>\n<meta property=\"og:locale\" content=\"de_DE\" \/>\n<meta property=\"og:type\" content=\"article\" \/>\n<meta property=\"og:title\" content=\"Dienstleistungen - Savoy Dubai\" \/>\n<meta property=\"og:description\" content=\"G\u00e4ste, die in den m\u00f6blierten Apartments des Savoy Central in Dubai \u00fcbernachten, unabh\u00e4ngig davon, ob sie sich f\u00fcr unser Familien-Studio, die miteinander verbundenen Executive-Studios oder eines unserer Executive-Studios entschieden haben, k\u00f6nnen die Freizeiteinrichtungen vor Ort nutzen, zu denen ein temperaturgeregelter Au\u00dfenpool, ein Kinderbecken, ein Fitnessraum, eine Sauna und ein Dampfbad geh\u00f6ren. Alle diese Einrichtungen wurden [&hellip;]\" \/>\n<meta property=\"og:url\" content=\"https:\/\/www.savoydubai.com\/de\/savoy-central\/dienstleistungen\/\" \/>\n<meta property=\"og:site_name\" content=\"Savoy Dubai\" \/>\n<meta property=\"article:modified_time\" content=\"2020-10-17T14:47:35+00:00\" \/>\n<meta name=\"twitter:card\" content=\"summary_large_image\" \/>\n<meta name=\"twitter:label1\" content=\"Gesch\u00e4tzte Lesezeit\" \/>\n\t<meta name=\"twitter:data1\" content=\"2 Minuten\" \/>\n<script type=\"application\/ld+json\" class=\"yoast-schema-graph\">{\"@context\":\"https:\/\/schema.org\",\"@graph\":[{\"@type\":\"WebPage\",\"@id\":\"https:\/\/www.savoydubai.com\/de\/savoy-central\/dienstleistungen\/\",\"url\":\"https:\/\/www.savoydubai.com\/de\/savoy-central\/dienstleistungen\/\",\"name\":\"Dienstleistungen - Savoy Dubai\",\"isPartOf\":{\"@id\":\"https:\/\/www.savoydubai.com\/de\/#website\"},\"datePublished\":\"2020-07-10T13:43:32+00:00\",\"dateModified\":\"2020-10-17T14:47:35+00:00\",\"breadcrumb\":{\"@id\":\"https:\/\/www.savoydubai.com\/de\/savoy-central\/dienstleistungen\/#breadcrumb\"},\"inLanguage\":\"de-DE\",\"potentialAction\":[{\"@type\":\"ReadAction\",\"target\":[\"https:\/\/www.savoydubai.com\/de\/savoy-central\/dienstleistungen\/\"]}]},{\"@type\":\"BreadcrumbList\",\"@id\":\"https:\/\/www.savoydubai.com\/de\/savoy-central\/dienstleistungen\/#breadcrumb\",\"itemListElement\":[{\"@type\":\"ListItem\",\"position\":1,\"name\":\"Home\",\"item\":\"https:\/\/www.savoydubai.com\/de\/\"},{\"@type\":\"ListItem\",\"position\":2,\"name\":\"Savoy Central\",\"item\":\"https:\/\/www.savoydubai.com\/de\/savoy-central\/\"},{\"@type\":\"ListItem\",\"position\":3,\"name\":\"Dienstleistungen\"}]},{\"@type\":\"WebSite\",\"@id\":\"https:\/\/www.savoydubai.com\/de\/#website\",\"url\":\"https:\/\/www.savoydubai.com\/de\/\",\"name\":\"Savoy Dubai\",\"description\":\"Just another ms.decms.eu site\",\"potentialAction\":[{\"@type\":\"SearchAction\",\"target\":{\"@type\":\"EntryPoint\",\"urlTemplate\":\"https:\/\/www.savoydubai.com\/de\/?s={search_term_string}\"},\"query-input\":{\"@type\":\"PropertyValueSpecification\",\"valueRequired\":true,\"valueName\":\"search_term_string\"}}],\"inLanguage\":\"de-DE\"}]}<\/script>\n<!-- \/ Yoast SEO plugin. -->","yoast_head_json":{"title":"Dienstleistungen - Savoy Dubai","robots":{"index":"index","follow":"follow","max-snippet":"max-snippet:-1","max-image-preview":"max-image-preview:large","max-video-preview":"max-video-preview:-1"},"canonical":"https:\/\/www.savoydubai.com\/de\/savoy-central\/dienstleistungen\/","og_locale":"de_DE","og_type":"article","og_title":"Dienstleistungen - Savoy Dubai","og_description":"G\u00e4ste, die in den m\u00f6blierten Apartments des Savoy Central in Dubai \u00fcbernachten, unabh\u00e4ngig davon, ob sie sich f\u00fcr unser Familien-Studio, die miteinander verbundenen Executive-Studios oder eines unserer Executive-Studios entschieden haben, k\u00f6nnen die Freizeiteinrichtungen vor Ort nutzen, zu denen ein temperaturgeregelter Au\u00dfenpool, ein Kinderbecken, ein Fitnessraum, eine Sauna und ein Dampfbad geh\u00f6ren. Alle diese Einrichtungen wurden [&hellip;]","og_url":"https:\/\/www.savoydubai.com\/de\/savoy-central\/dienstleistungen\/","og_site_name":"Savoy Dubai","article_modified_time":"2020-10-17T14:47:35+00:00","twitter_card":"summary_large_image","twitter_misc":{"Gesch\u00e4tzte Lesezeit":"2 Minuten"},"schema":{"@context":"https:\/\/schema.org","@graph":[{"@type":"WebPage","@id":"https:\/\/www.savoydubai.com\/de\/savoy-central\/dienstleistungen\/","url":"https:\/\/www.savoydubai.com\/de\/savoy-central\/dienstleistungen\/","name":"Dienstleistungen - Savoy Dubai","isPartOf":{"@id":"https:\/\/www.savoydubai.com\/de\/#website"},"datePublished":"2020-07-10T13:43:32+00:00","dateModified":"2020-10-17T14:47:35+00:00","breadcrumb":{"@id":"https:\/\/www.savoydubai.com\/de\/savoy-central\/dienstleistungen\/#breadcrumb"},"inLanguage":"de-DE","potentialAction":[{"@type":"ReadAction","target":["https:\/\/www.savoydubai.com\/de\/savoy-central\/dienstleistungen\/"]}]},{"@type":"BreadcrumbList","@id":"https:\/\/www.savoydubai.com\/de\/savoy-central\/dienstleistungen\/#breadcrumb","itemListElement":[{"@type":"ListItem","position":1,"name":"Home","item":"https:\/\/www.savoydubai.com\/de\/"},{"@type":"ListItem","position":2,"name":"Savoy Central","item":"https:\/\/www.savoydubai.com\/de\/savoy-central\/"},{"@type":"ListItem","position":3,"name":"Dienstleistungen"}]},{"@type":"WebSite","@id":"https:\/\/www.savoydubai.com\/de\/#website","url":"https:\/\/www.savoydubai.com\/de\/","name":"Savoy Dubai","description":"Just another ms.decms.eu site","potentialAction":[{"@type":"SearchAction","target":{"@type":"EntryPoint","urlTemplate":"https:\/\/www.savoydubai.com\/de\/?s={search_term_string}"},"query-input":{"@type":"PropertyValueSpecification","valueRequired":true,"valueName":"search_term_string"}}],"inLanguage":"de-DE"}]}},"acf":[],"_links":{"self":[{"href":"https:\/\/www.savoydubai.com\/de\/wp-json\/wp\/v2\/pages\/492","targetHints":{"allow":["GET"]}}],"collection":[{"href":"https:\/\/www.savoydubai.com\/de\/wp-json\/wp\/v2\/pages"}],"about":[{"href":"https:\/\/www.savoydubai.com\/de\/wp-json\/wp\/v2\/types\/page"}],"author":[{"embeddable":true,"href":"https:\/\/www.savoydubai.com\/de\/wp-json\/wp\/v2\/users\/36"}],"replies":[{"embeddable":true,"href":"https:\/\/www.savoydubai.com\/de\/wp-json\/wp\/v2\/comments?post=492"}],"version-history":[{"count":0,"href":"https:\/\/www.savoydubai.com\/de\/wp-json\/wp\/v2\/pages\/492\/revisions"}],"up":[{"embeddable":true,"href":"https:\/\/www.savoydubai.com\/de\/wp-json\/wp\/v2\/pages\/440"}],"wp:attachment":[{"href":"https:\/\/www.savoydubai.com\/de\/wp-json\/wp\/v2\/media?parent=492"}],"curies":[{"name":"wp","href":"https:\/\/api.w.org\/{rel}","templated":true}]}}