{"id":482,"date":"2020-07-10T12:33:04","date_gmt":"2020-07-10T12:33:04","guid":{"rendered":"http:\/\/savoy-dubai.ms.decms.eu\/?page_id=482"},"modified":"2026-04-13T08:40:08","modified_gmt":"2026-04-13T08:40:08","slug":"executive-studio","status":"publish","type":"page","link":"https:\/\/www.savoydubai.com\/de\/savoy-central\/unterkuenfte\/executive-studio\/","title":{"rendered":"Executive Studio"},"content":{"rendered":"<p>Die geschmackvoll und stilvoll eingerichteten Executive-Studios des Savoy Central bieten den G\u00e4sten Eleganz und ein Gef\u00fchl von Zuhause zusammen mit einer herzlichen Gastfreundschaft und Service der h\u00f6chsten Qualit\u00e4t. Unsere Executive-Studios bieten all das: Von einer eleganten und stilvollen Einrichtung bis hin zu allen erforderlichen modernen Annehmlichkeiten, mit denen Sie in Ihrem Hotel-Apartment all den Komfort eines zweiten Zuhauses genie\u00dfen k\u00f6nnen.<\/p>\n<p>Die Executive-Studios sind sowohl f\u00fcr Langzeitg\u00e4ste als auch f\u00fcr Urlauber geeignet und umfassen Arbeitsbereiche und Raum f\u00fcr Entspannung.<\/p>\n<p>Alle unsere Executive-Studios sind neu renoviert und wundersch\u00f6n eingerichtet, um Ihnen einen Aufenthalt umgeben von Stil und Eleganz zu gew\u00e4hrleisten. Jedes der luxuri\u00f6sen Zimmer verf\u00fcgt \u00fcber eine Reihe von Annehmlichkeiten, um Ihren Aufenthalt noch komfortabler und unvergesslicher zu machen.<\/p>\n<p>&nbsp;<\/p>\n","protected":false},"excerpt":{"rendered":"<p>Die geschmackvoll und stilvoll eingerichteten Executive-Studios des Savoy Central bieten den G\u00e4sten Eleganz und ein Gef\u00fchl von Zuhause zusammen mit einer herzlichen Gastfreundschaft und Service der h\u00f6chsten Qualit\u00e4t. Unsere Executive-Studios bieten all das: Von einer eleganten und stilvollen Einrichtung bis hin zu allen erforderlichen modernen Annehmlichkeiten, mit denen Sie in Ihrem Hotel-Apartment all den Komfort [&hellip;]<\/p>\n","protected":false},"author":36,"featured_media":0,"parent":449,"menu_order":5,"comment_status":"closed","ping_status":"closed","template":"template-hotel-single-room.php","meta":{"footnotes":""},"class_list":["post-482","page","type-page","status-publish","hentry"],"yoast_head":"<!-- This site is optimized with the Yoast SEO plugin v26.9 - https:\/\/yoast.com\/product\/yoast-seo-wordpress\/ -->\n<title>Executive Studio - Savoy Dubai<\/title>\n<meta name=\"robots\" content=\"index, follow, max-snippet:-1, max-image-preview:large, max-video-preview:-1\" \/>\n<link rel=\"canonical\" href=\"https:\/\/www.savoydubai.com\/de\/savoy-central\/unterkuenfte\/executive-studio\/\" \/>\n<meta property=\"og:locale\" content=\"de_DE\" \/>\n<meta property=\"og:type\" content=\"article\" \/>\n<meta property=\"og:title\" content=\"Executive Studio - Savoy Dubai\" \/>\n<meta property=\"og:description\" content=\"Die geschmackvoll und stilvoll eingerichteten Executive-Studios des Savoy Central bieten den G\u00e4sten Eleganz und ein Gef\u00fchl von Zuhause zusammen mit einer herzlichen Gastfreundschaft und Service der h\u00f6chsten Qualit\u00e4t. Unsere Executive-Studios bieten all das: Von einer eleganten und stilvollen Einrichtung bis hin zu allen erforderlichen modernen Annehmlichkeiten, mit denen Sie in Ihrem Hotel-Apartment all den Komfort [&hellip;]\" \/>\n<meta property=\"og:url\" content=\"https:\/\/www.savoydubai.com\/de\/savoy-central\/unterkuenfte\/executive-studio\/\" \/>\n<meta property=\"og:site_name\" content=\"Savoy Dubai\" \/>\n<meta property=\"article:modified_time\" content=\"2026-04-13T08:40:08+00:00\" \/>\n<meta name=\"twitter:card\" content=\"summary_large_image\" \/>\n<meta name=\"twitter:label1\" content=\"Gesch\u00e4tzte Lesezeit\" \/>\n\t<meta name=\"twitter:data1\" content=\"1 Minute\" \/>\n<script type=\"application\/ld+json\" class=\"yoast-schema-graph\">{\"@context\":\"https:\/\/schema.org\",\"@graph\":[{\"@type\":\"WebPage\",\"@id\":\"https:\/\/www.savoydubai.com\/de\/savoy-central\/unterkuenfte\/executive-studio\/\",\"url\":\"https:\/\/www.savoydubai.com\/de\/savoy-central\/unterkuenfte\/executive-studio\/\",\"name\":\"Executive Studio - Savoy Dubai\",\"isPartOf\":{\"@id\":\"https:\/\/www.savoydubai.com\/de\/#website\"},\"datePublished\":\"2020-07-10T12:33:04+00:00\",\"dateModified\":\"2026-04-13T08:40:08+00:00\",\"breadcrumb\":{\"@id\":\"https:\/\/www.savoydubai.com\/de\/savoy-central\/unterkuenfte\/executive-studio\/#breadcrumb\"},\"inLanguage\":\"de-DE\",\"potentialAction\":[{\"@type\":\"ReadAction\",\"target\":[\"https:\/\/www.savoydubai.com\/de\/savoy-central\/unterkuenfte\/executive-studio\/\"]}]},{\"@type\":\"BreadcrumbList\",\"@id\":\"https:\/\/www.savoydubai.com\/de\/savoy-central\/unterkuenfte\/executive-studio\/#breadcrumb\",\"itemListElement\":[{\"@type\":\"ListItem\",\"position\":1,\"name\":\"Home\",\"item\":\"https:\/\/www.savoydubai.com\/de\/\"},{\"@type\":\"ListItem\",\"position\":2,\"name\":\"Savoy Central\",\"item\":\"https:\/\/www.savoydubai.com\/de\/savoy-central\/\"},{\"@type\":\"ListItem\",\"position\":3,\"name\":\"Unterk\u00fcnfte\",\"item\":\"https:\/\/www.savoydubai.com\/de\/savoy-central\/unterkuenfte\/\"},{\"@type\":\"ListItem\",\"position\":4,\"name\":\"Executive Studio\"}]},{\"@type\":\"WebSite\",\"@id\":\"https:\/\/www.savoydubai.com\/de\/#website\",\"url\":\"https:\/\/www.savoydubai.com\/de\/\",\"name\":\"Savoy Dubai\",\"description\":\"Just another ms.decms.eu site\",\"potentialAction\":[{\"@type\":\"SearchAction\",\"target\":{\"@type\":\"EntryPoint\",\"urlTemplate\":\"https:\/\/www.savoydubai.com\/de\/?s={search_term_string}\"},\"query-input\":{\"@type\":\"PropertyValueSpecification\",\"valueRequired\":true,\"valueName\":\"search_term_string\"}}],\"inLanguage\":\"de-DE\"}]}<\/script>\n<!-- \/ Yoast SEO plugin. -->","yoast_head_json":{"title":"Executive Studio - Savoy Dubai","robots":{"index":"index","follow":"follow","max-snippet":"max-snippet:-1","max-image-preview":"max-image-preview:large","max-video-preview":"max-video-preview:-1"},"canonical":"https:\/\/www.savoydubai.com\/de\/savoy-central\/unterkuenfte\/executive-studio\/","og_locale":"de_DE","og_type":"article","og_title":"Executive Studio - Savoy Dubai","og_description":"Die geschmackvoll und stilvoll eingerichteten Executive-Studios des Savoy Central bieten den G\u00e4sten Eleganz und ein Gef\u00fchl von Zuhause zusammen mit einer herzlichen Gastfreundschaft und Service der h\u00f6chsten Qualit\u00e4t. Unsere Executive-Studios bieten all das: Von einer eleganten und stilvollen Einrichtung bis hin zu allen erforderlichen modernen Annehmlichkeiten, mit denen Sie in Ihrem Hotel-Apartment all den Komfort [&hellip;]","og_url":"https:\/\/www.savoydubai.com\/de\/savoy-central\/unterkuenfte\/executive-studio\/","og_site_name":"Savoy Dubai","article_modified_time":"2026-04-13T08:40:08+00:00","twitter_card":"summary_large_image","twitter_misc":{"Gesch\u00e4tzte Lesezeit":"1 Minute"},"schema":{"@context":"https:\/\/schema.org","@graph":[{"@type":"WebPage","@id":"https:\/\/www.savoydubai.com\/de\/savoy-central\/unterkuenfte\/executive-studio\/","url":"https:\/\/www.savoydubai.com\/de\/savoy-central\/unterkuenfte\/executive-studio\/","name":"Executive Studio - Savoy Dubai","isPartOf":{"@id":"https:\/\/www.savoydubai.com\/de\/#website"},"datePublished":"2020-07-10T12:33:04+00:00","dateModified":"2026-04-13T08:40:08+00:00","breadcrumb":{"@id":"https:\/\/www.savoydubai.com\/de\/savoy-central\/unterkuenfte\/executive-studio\/#breadcrumb"},"inLanguage":"de-DE","potentialAction":[{"@type":"ReadAction","target":["https:\/\/www.savoydubai.com\/de\/savoy-central\/unterkuenfte\/executive-studio\/"]}]},{"@type":"BreadcrumbList","@id":"https:\/\/www.savoydubai.com\/de\/savoy-central\/unterkuenfte\/executive-studio\/#breadcrumb","itemListElement":[{"@type":"ListItem","position":1,"name":"Home","item":"https:\/\/www.savoydubai.com\/de\/"},{"@type":"ListItem","position":2,"name":"Savoy Central","item":"https:\/\/www.savoydubai.com\/de\/savoy-central\/"},{"@type":"ListItem","position":3,"name":"Unterk\u00fcnfte","item":"https:\/\/www.savoydubai.com\/de\/savoy-central\/unterkuenfte\/"},{"@type":"ListItem","position":4,"name":"Executive Studio"}]},{"@type":"WebSite","@id":"https:\/\/www.savoydubai.com\/de\/#website","url":"https:\/\/www.savoydubai.com\/de\/","name":"Savoy Dubai","description":"Just another ms.decms.eu site","potentialAction":[{"@type":"SearchAction","target":{"@type":"EntryPoint","urlTemplate":"https:\/\/www.savoydubai.com\/de\/?s={search_term_string}"},"query-input":{"@type":"PropertyValueSpecification","valueRequired":true,"valueName":"search_term_string"}}],"inLanguage":"de-DE"}]}},"acf":[],"_links":{"self":[{"href":"https:\/\/www.savoydubai.com\/de\/wp-json\/wp\/v2\/pages\/482","targetHints":{"allow":["GET"]}}],"collection":[{"href":"https:\/\/www.savoydubai.com\/de\/wp-json\/wp\/v2\/pages"}],"about":[{"href":"https:\/\/www.savoydubai.com\/de\/wp-json\/wp\/v2\/types\/page"}],"author":[{"embeddable":true,"href":"https:\/\/www.savoydubai.com\/de\/wp-json\/wp\/v2\/users\/36"}],"replies":[{"embeddable":true,"href":"https:\/\/www.savoydubai.com\/de\/wp-json\/wp\/v2\/comments?post=482"}],"version-history":[{"count":0,"href":"https:\/\/www.savoydubai.com\/de\/wp-json\/wp\/v2\/pages\/482\/revisions"}],"up":[{"embeddable":true,"href":"https:\/\/www.savoydubai.com\/de\/wp-json\/wp\/v2\/pages\/449"}],"wp:attachment":[{"href":"https:\/\/www.savoydubai.com\/de\/wp-json\/wp\/v2\/media?parent=482"}],"curies":[{"name":"wp","href":"https:\/\/api.w.org\/{rel}","templated":true}]}}