{"id":476,"date":"2020-07-10T10:54:32","date_gmt":"2020-07-10T10:54:32","guid":{"rendered":"http:\/\/savoy-dubai.ms.decms.eu\/?page_id=476"},"modified":"2020-10-20T13:15:56","modified_gmt":"2020-10-20T13:15:56","slug":"miteinander-verbundene-executive-studios","status":"publish","type":"page","link":"https:\/\/www.savoydubai.com\/de\/savoy-central\/unterkuenfte\/miteinander-verbundene-executive-studios\/","title":{"rendered":"Miteinander Verbundene Executive-Studios"},"content":{"rendered":"<p>Sind Sie auf der Suche nach einem Studio-Apartment in Dubai, das sowohl Luxus als auch Komfort bietet? Im Savoy Central stehen zwei exquisit ausgestattete Executive-Studio-Zimmer zur Verf\u00fcgung, die bequem \u00fcber eine Innent\u00fcr miteinander verbunden und mit einer Klimaanlage ausgestattet sind, um Ihnen das beste Preis-Leistungs-Verh\u00e4ltnis und einen Aufenthalt voller Komfort zu bieten. Die eleganten Studios sind neu renoviert und stilvoll eingerichtet und verf\u00fcgen \u00fcber zahlreiche Annehmlichkeiten wie kostenloses Highspeed-WLAN, einen Mehrkanal-Smart-Fernseher, einen Sitzbereich mit Schlafsofa, einen Ganzk\u00f6rperspiegel und einen separaten Schreibtisch. Alle Elemente der miteinander verbundenen Executive-Studios wurden so gestaltet, dass Sie sich dank des pers\u00f6nlichen Service, der luxuri\u00f6sen Atmosph\u00e4re und der herzlichen Gastfreundschaft ganz wie zu Hause f\u00fchlen.<\/p>\n","protected":false},"excerpt":{"rendered":"<p>Sind Sie auf der Suche nach einem Studio-Apartment in Dubai, das sowohl Luxus als auch Komfort bietet? Im Savoy Central stehen zwei exquisit ausgestattete Executive-Studio-Zimmer zur Verf\u00fcgung, die bequem \u00fcber eine Innent\u00fcr miteinander verbunden und mit einer Klimaanlage ausgestattet sind, um Ihnen das beste Preis-Leistungs-Verh\u00e4ltnis und einen Aufenthalt voller Komfort zu bieten. Die eleganten Studios [&hellip;]<\/p>\n","protected":false},"author":36,"featured_media":0,"parent":449,"menu_order":15,"comment_status":"closed","ping_status":"closed","template":"template-hotel-single-room.php","meta":{"footnotes":""},"class_list":["post-476","page","type-page","status-publish","hentry"],"yoast_head":"<!-- This site is optimized with the Yoast SEO plugin v26.9 - https:\/\/yoast.com\/product\/yoast-seo-wordpress\/ -->\n<title>Miteinander Verbundene Executive-Studios - Savoy Dubai<\/title>\n<meta name=\"robots\" content=\"index, follow, max-snippet:-1, max-image-preview:large, max-video-preview:-1\" \/>\n<link rel=\"canonical\" href=\"https:\/\/www.savoydubai.com\/de\/savoy-central\/unterkuenfte\/miteinander-verbundene-executive-studios\/\" \/>\n<meta property=\"og:locale\" content=\"de_DE\" \/>\n<meta property=\"og:type\" content=\"article\" \/>\n<meta property=\"og:title\" content=\"Miteinander Verbundene Executive-Studios - Savoy Dubai\" \/>\n<meta property=\"og:description\" content=\"Sind Sie auf der Suche nach einem Studio-Apartment in Dubai, das sowohl Luxus als auch Komfort bietet? Im Savoy Central stehen zwei exquisit ausgestattete Executive-Studio-Zimmer zur Verf\u00fcgung, die bequem \u00fcber eine Innent\u00fcr miteinander verbunden und mit einer Klimaanlage ausgestattet sind, um Ihnen das beste Preis-Leistungs-Verh\u00e4ltnis und einen Aufenthalt voller Komfort zu bieten. Die eleganten Studios [&hellip;]\" \/>\n<meta property=\"og:url\" content=\"https:\/\/www.savoydubai.com\/de\/savoy-central\/unterkuenfte\/miteinander-verbundene-executive-studios\/\" \/>\n<meta property=\"og:site_name\" content=\"Savoy Dubai\" \/>\n<meta property=\"article:modified_time\" content=\"2020-10-20T13:15:56+00:00\" \/>\n<meta name=\"twitter:card\" content=\"summary_large_image\" \/>\n<meta name=\"twitter:label1\" content=\"Gesch\u00e4tzte Lesezeit\" \/>\n\t<meta name=\"twitter:data1\" content=\"1 Minute\" \/>\n<script type=\"application\/ld+json\" class=\"yoast-schema-graph\">{\"@context\":\"https:\/\/schema.org\",\"@graph\":[{\"@type\":\"WebPage\",\"@id\":\"https:\/\/www.savoydubai.com\/de\/savoy-central\/unterkuenfte\/miteinander-verbundene-executive-studios\/\",\"url\":\"https:\/\/www.savoydubai.com\/de\/savoy-central\/unterkuenfte\/miteinander-verbundene-executive-studios\/\",\"name\":\"Miteinander Verbundene Executive-Studios - Savoy Dubai\",\"isPartOf\":{\"@id\":\"https:\/\/www.savoydubai.com\/de\/#website\"},\"datePublished\":\"2020-07-10T10:54:32+00:00\",\"dateModified\":\"2020-10-20T13:15:56+00:00\",\"breadcrumb\":{\"@id\":\"https:\/\/www.savoydubai.com\/de\/savoy-central\/unterkuenfte\/miteinander-verbundene-executive-studios\/#breadcrumb\"},\"inLanguage\":\"de-DE\",\"potentialAction\":[{\"@type\":\"ReadAction\",\"target\":[\"https:\/\/www.savoydubai.com\/de\/savoy-central\/unterkuenfte\/miteinander-verbundene-executive-studios\/\"]}]},{\"@type\":\"BreadcrumbList\",\"@id\":\"https:\/\/www.savoydubai.com\/de\/savoy-central\/unterkuenfte\/miteinander-verbundene-executive-studios\/#breadcrumb\",\"itemListElement\":[{\"@type\":\"ListItem\",\"position\":1,\"name\":\"Home\",\"item\":\"https:\/\/www.savoydubai.com\/de\/\"},{\"@type\":\"ListItem\",\"position\":2,\"name\":\"Savoy Central\",\"item\":\"https:\/\/www.savoydubai.com\/de\/savoy-central\/\"},{\"@type\":\"ListItem\",\"position\":3,\"name\":\"Unterk\u00fcnfte\",\"item\":\"https:\/\/www.savoydubai.com\/de\/savoy-central\/unterkuenfte\/\"},{\"@type\":\"ListItem\",\"position\":4,\"name\":\"Miteinander Verbundene Executive-Studios\"}]},{\"@type\":\"WebSite\",\"@id\":\"https:\/\/www.savoydubai.com\/de\/#website\",\"url\":\"https:\/\/www.savoydubai.com\/de\/\",\"name\":\"Savoy Dubai\",\"description\":\"Just another ms.decms.eu site\",\"potentialAction\":[{\"@type\":\"SearchAction\",\"target\":{\"@type\":\"EntryPoint\",\"urlTemplate\":\"https:\/\/www.savoydubai.com\/de\/?s={search_term_string}\"},\"query-input\":{\"@type\":\"PropertyValueSpecification\",\"valueRequired\":true,\"valueName\":\"search_term_string\"}}],\"inLanguage\":\"de-DE\"}]}<\/script>\n<!-- \/ Yoast SEO plugin. -->","yoast_head_json":{"title":"Miteinander Verbundene Executive-Studios - Savoy Dubai","robots":{"index":"index","follow":"follow","max-snippet":"max-snippet:-1","max-image-preview":"max-image-preview:large","max-video-preview":"max-video-preview:-1"},"canonical":"https:\/\/www.savoydubai.com\/de\/savoy-central\/unterkuenfte\/miteinander-verbundene-executive-studios\/","og_locale":"de_DE","og_type":"article","og_title":"Miteinander Verbundene Executive-Studios - Savoy Dubai","og_description":"Sind Sie auf der Suche nach einem Studio-Apartment in Dubai, das sowohl Luxus als auch Komfort bietet? Im Savoy Central stehen zwei exquisit ausgestattete Executive-Studio-Zimmer zur Verf\u00fcgung, die bequem \u00fcber eine Innent\u00fcr miteinander verbunden und mit einer Klimaanlage ausgestattet sind, um Ihnen das beste Preis-Leistungs-Verh\u00e4ltnis und einen Aufenthalt voller Komfort zu bieten. Die eleganten Studios [&hellip;]","og_url":"https:\/\/www.savoydubai.com\/de\/savoy-central\/unterkuenfte\/miteinander-verbundene-executive-studios\/","og_site_name":"Savoy Dubai","article_modified_time":"2020-10-20T13:15:56+00:00","twitter_card":"summary_large_image","twitter_misc":{"Gesch\u00e4tzte Lesezeit":"1 Minute"},"schema":{"@context":"https:\/\/schema.org","@graph":[{"@type":"WebPage","@id":"https:\/\/www.savoydubai.com\/de\/savoy-central\/unterkuenfte\/miteinander-verbundene-executive-studios\/","url":"https:\/\/www.savoydubai.com\/de\/savoy-central\/unterkuenfte\/miteinander-verbundene-executive-studios\/","name":"Miteinander Verbundene Executive-Studios - Savoy Dubai","isPartOf":{"@id":"https:\/\/www.savoydubai.com\/de\/#website"},"datePublished":"2020-07-10T10:54:32+00:00","dateModified":"2020-10-20T13:15:56+00:00","breadcrumb":{"@id":"https:\/\/www.savoydubai.com\/de\/savoy-central\/unterkuenfte\/miteinander-verbundene-executive-studios\/#breadcrumb"},"inLanguage":"de-DE","potentialAction":[{"@type":"ReadAction","target":["https:\/\/www.savoydubai.com\/de\/savoy-central\/unterkuenfte\/miteinander-verbundene-executive-studios\/"]}]},{"@type":"BreadcrumbList","@id":"https:\/\/www.savoydubai.com\/de\/savoy-central\/unterkuenfte\/miteinander-verbundene-executive-studios\/#breadcrumb","itemListElement":[{"@type":"ListItem","position":1,"name":"Home","item":"https:\/\/www.savoydubai.com\/de\/"},{"@type":"ListItem","position":2,"name":"Savoy Central","item":"https:\/\/www.savoydubai.com\/de\/savoy-central\/"},{"@type":"ListItem","position":3,"name":"Unterk\u00fcnfte","item":"https:\/\/www.savoydubai.com\/de\/savoy-central\/unterkuenfte\/"},{"@type":"ListItem","position":4,"name":"Miteinander Verbundene Executive-Studios"}]},{"@type":"WebSite","@id":"https:\/\/www.savoydubai.com\/de\/#website","url":"https:\/\/www.savoydubai.com\/de\/","name":"Savoy Dubai","description":"Just another ms.decms.eu site","potentialAction":[{"@type":"SearchAction","target":{"@type":"EntryPoint","urlTemplate":"https:\/\/www.savoydubai.com\/de\/?s={search_term_string}"},"query-input":{"@type":"PropertyValueSpecification","valueRequired":true,"valueName":"search_term_string"}}],"inLanguage":"de-DE"}]}},"acf":[],"_links":{"self":[{"href":"https:\/\/www.savoydubai.com\/de\/wp-json\/wp\/v2\/pages\/476","targetHints":{"allow":["GET"]}}],"collection":[{"href":"https:\/\/www.savoydubai.com\/de\/wp-json\/wp\/v2\/pages"}],"about":[{"href":"https:\/\/www.savoydubai.com\/de\/wp-json\/wp\/v2\/types\/page"}],"author":[{"embeddable":true,"href":"https:\/\/www.savoydubai.com\/de\/wp-json\/wp\/v2\/users\/36"}],"replies":[{"embeddable":true,"href":"https:\/\/www.savoydubai.com\/de\/wp-json\/wp\/v2\/comments?post=476"}],"version-history":[{"count":0,"href":"https:\/\/www.savoydubai.com\/de\/wp-json\/wp\/v2\/pages\/476\/revisions"}],"up":[{"embeddable":true,"href":"https:\/\/www.savoydubai.com\/de\/wp-json\/wp\/v2\/pages\/449"}],"wp:attachment":[{"href":"https:\/\/www.savoydubai.com\/de\/wp-json\/wp\/v2\/media?parent=476"}],"curies":[{"name":"wp","href":"https:\/\/api.w.org\/{rel}","templated":true}]}}