{"id":460,"date":"2020-07-10T10:21:15","date_gmt":"2020-07-10T10:21:15","guid":{"rendered":"http:\/\/savoy-dubai.ms.decms.eu\/?page_id=460"},"modified":"2020-10-20T13:14:23","modified_gmt":"2020-10-20T13:14:23","slug":"familien-studio","status":"publish","type":"page","link":"https:\/\/www.savoydubai.com\/de\/savoy-central\/unterkuenfte\/familien-studio\/","title":{"rendered":"Familien-Studio"},"content":{"rendered":"<p>Wenn Sie mit Ihrer Familie und Ihren Lieben reisen, sind die Familien-Studio-Zimmer des Savoy Central in Dubai die perfekte Wahl, um Dubai zu erleben und Erinnerungen zu schaffen, die ein Leben lang halten. Unsere Familien-Studios wurden f\u00fcr den Komfort der G\u00e4ste und Langzeitaufenthalte konzipiert und stellen sicher, dass die G\u00e4ste alles haben, was sie brauchen, um ihren Aufenthalt im sch\u00f6nen Dubai zu genie\u00dfen.<\/p>\n<p>Unser gut ausgestattetes und klimatisiertes Familien-Studio-Zimmer ist ideal f\u00fcr eine vierk\u00f6pfige Familie. Jedes Familien-Studio-Zimmer bietet zwei gro\u00dfe Queensize-Betten zum Entspannen sowie ein gro\u00dfes Schlafsofa, ein eigenes Badezimmer, eine voll ausgestattete Kochnische und eine Waschmaschine, um sicherzustellen, dass Sie alle Annehmlichkeiten eines zweiten Zuhauses genie\u00dfen k\u00f6nnen.<\/p>\n","protected":false},"excerpt":{"rendered":"<p>Wenn Sie mit Ihrer Familie und Ihren Lieben reisen, sind die Familien-Studio-Zimmer des Savoy Central in Dubai die perfekte Wahl, um Dubai zu erleben und Erinnerungen zu schaffen, die ein Leben lang halten. Unsere Familien-Studios wurden f\u00fcr den Komfort der G\u00e4ste und Langzeitaufenthalte konzipiert und stellen sicher, dass die G\u00e4ste alles haben, was sie brauchen, [&hellip;]<\/p>\n","protected":false},"author":36,"featured_media":0,"parent":449,"menu_order":10,"comment_status":"closed","ping_status":"closed","template":"template-hotel-single-room.php","meta":{"footnotes":""},"class_list":["post-460","page","type-page","status-publish","hentry"],"yoast_head":"<!-- This site is optimized with the Yoast SEO plugin v26.9 - https:\/\/yoast.com\/product\/yoast-seo-wordpress\/ -->\n<title>Familien-Studio - Savoy Dubai<\/title>\n<meta name=\"robots\" content=\"index, follow, max-snippet:-1, max-image-preview:large, max-video-preview:-1\" \/>\n<link rel=\"canonical\" href=\"https:\/\/www.savoydubai.com\/de\/savoy-central\/unterkuenfte\/familien-studio\/\" \/>\n<meta property=\"og:locale\" content=\"de_DE\" \/>\n<meta property=\"og:type\" content=\"article\" \/>\n<meta property=\"og:title\" content=\"Familien-Studio - Savoy Dubai\" \/>\n<meta property=\"og:description\" content=\"Wenn Sie mit Ihrer Familie und Ihren Lieben reisen, sind die Familien-Studio-Zimmer des Savoy Central in Dubai die perfekte Wahl, um Dubai zu erleben und Erinnerungen zu schaffen, die ein Leben lang halten. Unsere Familien-Studios wurden f\u00fcr den Komfort der G\u00e4ste und Langzeitaufenthalte konzipiert und stellen sicher, dass die G\u00e4ste alles haben, was sie brauchen, [&hellip;]\" \/>\n<meta property=\"og:url\" content=\"https:\/\/www.savoydubai.com\/de\/savoy-central\/unterkuenfte\/familien-studio\/\" \/>\n<meta property=\"og:site_name\" content=\"Savoy Dubai\" \/>\n<meta property=\"article:modified_time\" content=\"2020-10-20T13:14:23+00:00\" \/>\n<meta name=\"twitter:card\" content=\"summary_large_image\" \/>\n<meta name=\"twitter:label1\" content=\"Gesch\u00e4tzte Lesezeit\" \/>\n\t<meta name=\"twitter:data1\" content=\"1 Minute\" \/>\n<script type=\"application\/ld+json\" class=\"yoast-schema-graph\">{\"@context\":\"https:\/\/schema.org\",\"@graph\":[{\"@type\":\"WebPage\",\"@id\":\"https:\/\/www.savoydubai.com\/de\/savoy-central\/unterkuenfte\/familien-studio\/\",\"url\":\"https:\/\/www.savoydubai.com\/de\/savoy-central\/unterkuenfte\/familien-studio\/\",\"name\":\"Familien-Studio - Savoy Dubai\",\"isPartOf\":{\"@id\":\"https:\/\/www.savoydubai.com\/de\/#website\"},\"datePublished\":\"2020-07-10T10:21:15+00:00\",\"dateModified\":\"2020-10-20T13:14:23+00:00\",\"breadcrumb\":{\"@id\":\"https:\/\/www.savoydubai.com\/de\/savoy-central\/unterkuenfte\/familien-studio\/#breadcrumb\"},\"inLanguage\":\"de-DE\",\"potentialAction\":[{\"@type\":\"ReadAction\",\"target\":[\"https:\/\/www.savoydubai.com\/de\/savoy-central\/unterkuenfte\/familien-studio\/\"]}]},{\"@type\":\"BreadcrumbList\",\"@id\":\"https:\/\/www.savoydubai.com\/de\/savoy-central\/unterkuenfte\/familien-studio\/#breadcrumb\",\"itemListElement\":[{\"@type\":\"ListItem\",\"position\":1,\"name\":\"Home\",\"item\":\"https:\/\/www.savoydubai.com\/de\/\"},{\"@type\":\"ListItem\",\"position\":2,\"name\":\"Savoy Central\",\"item\":\"https:\/\/www.savoydubai.com\/de\/savoy-central\/\"},{\"@type\":\"ListItem\",\"position\":3,\"name\":\"Unterk\u00fcnfte\",\"item\":\"https:\/\/www.savoydubai.com\/de\/savoy-central\/unterkuenfte\/\"},{\"@type\":\"ListItem\",\"position\":4,\"name\":\"Familien-Studio\"}]},{\"@type\":\"WebSite\",\"@id\":\"https:\/\/www.savoydubai.com\/de\/#website\",\"url\":\"https:\/\/www.savoydubai.com\/de\/\",\"name\":\"Savoy Dubai\",\"description\":\"Just another ms.decms.eu site\",\"potentialAction\":[{\"@type\":\"SearchAction\",\"target\":{\"@type\":\"EntryPoint\",\"urlTemplate\":\"https:\/\/www.savoydubai.com\/de\/?s={search_term_string}\"},\"query-input\":{\"@type\":\"PropertyValueSpecification\",\"valueRequired\":true,\"valueName\":\"search_term_string\"}}],\"inLanguage\":\"de-DE\"}]}<\/script>\n<!-- \/ Yoast SEO plugin. -->","yoast_head_json":{"title":"Familien-Studio - Savoy Dubai","robots":{"index":"index","follow":"follow","max-snippet":"max-snippet:-1","max-image-preview":"max-image-preview:large","max-video-preview":"max-video-preview:-1"},"canonical":"https:\/\/www.savoydubai.com\/de\/savoy-central\/unterkuenfte\/familien-studio\/","og_locale":"de_DE","og_type":"article","og_title":"Familien-Studio - Savoy Dubai","og_description":"Wenn Sie mit Ihrer Familie und Ihren Lieben reisen, sind die Familien-Studio-Zimmer des Savoy Central in Dubai die perfekte Wahl, um Dubai zu erleben und Erinnerungen zu schaffen, die ein Leben lang halten. Unsere Familien-Studios wurden f\u00fcr den Komfort der G\u00e4ste und Langzeitaufenthalte konzipiert und stellen sicher, dass die G\u00e4ste alles haben, was sie brauchen, [&hellip;]","og_url":"https:\/\/www.savoydubai.com\/de\/savoy-central\/unterkuenfte\/familien-studio\/","og_site_name":"Savoy Dubai","article_modified_time":"2020-10-20T13:14:23+00:00","twitter_card":"summary_large_image","twitter_misc":{"Gesch\u00e4tzte Lesezeit":"1 Minute"},"schema":{"@context":"https:\/\/schema.org","@graph":[{"@type":"WebPage","@id":"https:\/\/www.savoydubai.com\/de\/savoy-central\/unterkuenfte\/familien-studio\/","url":"https:\/\/www.savoydubai.com\/de\/savoy-central\/unterkuenfte\/familien-studio\/","name":"Familien-Studio - Savoy Dubai","isPartOf":{"@id":"https:\/\/www.savoydubai.com\/de\/#website"},"datePublished":"2020-07-10T10:21:15+00:00","dateModified":"2020-10-20T13:14:23+00:00","breadcrumb":{"@id":"https:\/\/www.savoydubai.com\/de\/savoy-central\/unterkuenfte\/familien-studio\/#breadcrumb"},"inLanguage":"de-DE","potentialAction":[{"@type":"ReadAction","target":["https:\/\/www.savoydubai.com\/de\/savoy-central\/unterkuenfte\/familien-studio\/"]}]},{"@type":"BreadcrumbList","@id":"https:\/\/www.savoydubai.com\/de\/savoy-central\/unterkuenfte\/familien-studio\/#breadcrumb","itemListElement":[{"@type":"ListItem","position":1,"name":"Home","item":"https:\/\/www.savoydubai.com\/de\/"},{"@type":"ListItem","position":2,"name":"Savoy Central","item":"https:\/\/www.savoydubai.com\/de\/savoy-central\/"},{"@type":"ListItem","position":3,"name":"Unterk\u00fcnfte","item":"https:\/\/www.savoydubai.com\/de\/savoy-central\/unterkuenfte\/"},{"@type":"ListItem","position":4,"name":"Familien-Studio"}]},{"@type":"WebSite","@id":"https:\/\/www.savoydubai.com\/de\/#website","url":"https:\/\/www.savoydubai.com\/de\/","name":"Savoy Dubai","description":"Just another ms.decms.eu site","potentialAction":[{"@type":"SearchAction","target":{"@type":"EntryPoint","urlTemplate":"https:\/\/www.savoydubai.com\/de\/?s={search_term_string}"},"query-input":{"@type":"PropertyValueSpecification","valueRequired":true,"valueName":"search_term_string"}}],"inLanguage":"de-DE"}]}},"acf":[],"_links":{"self":[{"href":"https:\/\/www.savoydubai.com\/de\/wp-json\/wp\/v2\/pages\/460","targetHints":{"allow":["GET"]}}],"collection":[{"href":"https:\/\/www.savoydubai.com\/de\/wp-json\/wp\/v2\/pages"}],"about":[{"href":"https:\/\/www.savoydubai.com\/de\/wp-json\/wp\/v2\/types\/page"}],"author":[{"embeddable":true,"href":"https:\/\/www.savoydubai.com\/de\/wp-json\/wp\/v2\/users\/36"}],"replies":[{"embeddable":true,"href":"https:\/\/www.savoydubai.com\/de\/wp-json\/wp\/v2\/comments?post=460"}],"version-history":[{"count":0,"href":"https:\/\/www.savoydubai.com\/de\/wp-json\/wp\/v2\/pages\/460\/revisions"}],"up":[{"embeddable":true,"href":"https:\/\/www.savoydubai.com\/de\/wp-json\/wp\/v2\/pages\/449"}],"wp:attachment":[{"href":"https:\/\/www.savoydubai.com\/de\/wp-json\/wp\/v2\/media?parent=460"}],"curies":[{"name":"wp","href":"https:\/\/api.w.org\/{rel}","templated":true}]}}