{"id":449,"date":"2020-07-10T09:49:45","date_gmt":"2020-07-10T09:49:45","guid":{"rendered":"http:\/\/savoy-dubai.ms.decms.eu\/?page_id=449"},"modified":"2020-10-13T14:21:48","modified_gmt":"2020-10-13T14:21:48","slug":"unterkuenfte","status":"publish","type":"page","link":"https:\/\/www.savoydubai.com\/de\/savoy-central\/unterkuenfte\/","title":{"rendered":"Unterk\u00fcnfte"},"content":{"rendered":"<p>Unsere Apartments sind ideal f\u00fcr Executive-, Gesch\u00e4fts- oder Urlaubsreisende und sind mit all den Annehmlichkeiten ausgestattet, die Sie erwarten k\u00f6nnen: Wenn Sie die Eleganz und Entspannung erleben m\u00f6chten, die Dubai zu bieten hat, dann bietet das Savoy Central genau die Unterkunft, nach der Sie gesucht haben.<\/p>\n<p>Das Savoy Central umfasst 123 gut ausgestattete Executive-Studios, 24 miteinander verbundene Studio-Zimmer und 7 Familienzimmer mit ger\u00e4umigem Interieur, alle mit einer Atmosph\u00e4re von Privatsph\u00e4re, Ruhe und Entspannung. Alle Zimmer wurden fachm\u00e4nnisch gestaltet und mit gro\u00dfz\u00fcgigen Annehmlichkeiten wie einer voll ausgestatteten Kochnische und modernen Waschgelegenheiten ausgestattet, damit die G\u00e4ste einen idealen Selbstversorger-Aufenthalt genie\u00dfen k\u00f6nnen.<\/p>\n","protected":false},"excerpt":{"rendered":"<p>Unsere Apartments sind ideal f\u00fcr Executive-, Gesch\u00e4fts- oder Urlaubsreisende und sind mit all den Annehmlichkeiten ausgestattet, die Sie erwarten k\u00f6nnen: Wenn Sie die Eleganz und Entspannung erleben m\u00f6chten, die Dubai zu bieten hat, dann bietet das Savoy Central genau die Unterkunft, nach der Sie gesucht haben. Das Savoy Central umfasst 123 gut ausgestattete Executive-Studios, 24 [&hellip;]<\/p>\n","protected":false},"author":36,"featured_media":0,"parent":440,"menu_order":10,"comment_status":"closed","ping_status":"closed","template":"template-hotel-rooms.php","meta":{"footnotes":""},"class_list":["post-449","page","type-page","status-publish","hentry"],"yoast_head":"<!-- This site is optimized with the Yoast SEO plugin v26.9 - https:\/\/yoast.com\/product\/yoast-seo-wordpress\/ -->\n<title>Unterk\u00fcnfte - Savoy Dubai<\/title>\n<meta name=\"robots\" content=\"index, follow, max-snippet:-1, max-image-preview:large, max-video-preview:-1\" \/>\n<link rel=\"canonical\" href=\"https:\/\/www.savoydubai.com\/de\/savoy-central\/unterkuenfte\/\" \/>\n<meta property=\"og:locale\" content=\"de_DE\" \/>\n<meta property=\"og:type\" content=\"article\" \/>\n<meta property=\"og:title\" content=\"Unterk\u00fcnfte - Savoy Dubai\" \/>\n<meta property=\"og:description\" content=\"Unsere Apartments sind ideal f\u00fcr Executive-, Gesch\u00e4fts- oder Urlaubsreisende und sind mit all den Annehmlichkeiten ausgestattet, die Sie erwarten k\u00f6nnen: Wenn Sie die Eleganz und Entspannung erleben m\u00f6chten, die Dubai zu bieten hat, dann bietet das Savoy Central genau die Unterkunft, nach der Sie gesucht haben. Das Savoy Central umfasst 123 gut ausgestattete Executive-Studios, 24 [&hellip;]\" \/>\n<meta property=\"og:url\" content=\"https:\/\/www.savoydubai.com\/de\/savoy-central\/unterkuenfte\/\" \/>\n<meta property=\"og:site_name\" content=\"Savoy Dubai\" \/>\n<meta property=\"article:modified_time\" content=\"2020-10-13T14:21:48+00:00\" \/>\n<meta name=\"twitter:card\" content=\"summary_large_image\" \/>\n<meta name=\"twitter:label1\" content=\"Gesch\u00e4tzte Lesezeit\" \/>\n\t<meta name=\"twitter:data1\" content=\"1 Minute\" \/>\n<script type=\"application\/ld+json\" class=\"yoast-schema-graph\">{\"@context\":\"https:\/\/schema.org\",\"@graph\":[{\"@type\":\"WebPage\",\"@id\":\"https:\/\/www.savoydubai.com\/de\/savoy-central\/unterkuenfte\/\",\"url\":\"https:\/\/www.savoydubai.com\/de\/savoy-central\/unterkuenfte\/\",\"name\":\"Unterk\u00fcnfte - Savoy Dubai\",\"isPartOf\":{\"@id\":\"https:\/\/www.savoydubai.com\/de\/#website\"},\"datePublished\":\"2020-07-10T09:49:45+00:00\",\"dateModified\":\"2020-10-13T14:21:48+00:00\",\"breadcrumb\":{\"@id\":\"https:\/\/www.savoydubai.com\/de\/savoy-central\/unterkuenfte\/#breadcrumb\"},\"inLanguage\":\"de-DE\",\"potentialAction\":[{\"@type\":\"ReadAction\",\"target\":[\"https:\/\/www.savoydubai.com\/de\/savoy-central\/unterkuenfte\/\"]}]},{\"@type\":\"BreadcrumbList\",\"@id\":\"https:\/\/www.savoydubai.com\/de\/savoy-central\/unterkuenfte\/#breadcrumb\",\"itemListElement\":[{\"@type\":\"ListItem\",\"position\":1,\"name\":\"Home\",\"item\":\"https:\/\/www.savoydubai.com\/de\/\"},{\"@type\":\"ListItem\",\"position\":2,\"name\":\"Savoy Central\",\"item\":\"https:\/\/www.savoydubai.com\/de\/savoy-central\/\"},{\"@type\":\"ListItem\",\"position\":3,\"name\":\"Unterk\u00fcnfte\"}]},{\"@type\":\"WebSite\",\"@id\":\"https:\/\/www.savoydubai.com\/de\/#website\",\"url\":\"https:\/\/www.savoydubai.com\/de\/\",\"name\":\"Savoy Dubai\",\"description\":\"Just another ms.decms.eu site\",\"potentialAction\":[{\"@type\":\"SearchAction\",\"target\":{\"@type\":\"EntryPoint\",\"urlTemplate\":\"https:\/\/www.savoydubai.com\/de\/?s={search_term_string}\"},\"query-input\":{\"@type\":\"PropertyValueSpecification\",\"valueRequired\":true,\"valueName\":\"search_term_string\"}}],\"inLanguage\":\"de-DE\"}]}<\/script>\n<!-- \/ Yoast SEO plugin. -->","yoast_head_json":{"title":"Unterk\u00fcnfte - Savoy Dubai","robots":{"index":"index","follow":"follow","max-snippet":"max-snippet:-1","max-image-preview":"max-image-preview:large","max-video-preview":"max-video-preview:-1"},"canonical":"https:\/\/www.savoydubai.com\/de\/savoy-central\/unterkuenfte\/","og_locale":"de_DE","og_type":"article","og_title":"Unterk\u00fcnfte - Savoy Dubai","og_description":"Unsere Apartments sind ideal f\u00fcr Executive-, Gesch\u00e4fts- oder Urlaubsreisende und sind mit all den Annehmlichkeiten ausgestattet, die Sie erwarten k\u00f6nnen: Wenn Sie die Eleganz und Entspannung erleben m\u00f6chten, die Dubai zu bieten hat, dann bietet das Savoy Central genau die Unterkunft, nach der Sie gesucht haben. Das Savoy Central umfasst 123 gut ausgestattete Executive-Studios, 24 [&hellip;]","og_url":"https:\/\/www.savoydubai.com\/de\/savoy-central\/unterkuenfte\/","og_site_name":"Savoy Dubai","article_modified_time":"2020-10-13T14:21:48+00:00","twitter_card":"summary_large_image","twitter_misc":{"Gesch\u00e4tzte Lesezeit":"1 Minute"},"schema":{"@context":"https:\/\/schema.org","@graph":[{"@type":"WebPage","@id":"https:\/\/www.savoydubai.com\/de\/savoy-central\/unterkuenfte\/","url":"https:\/\/www.savoydubai.com\/de\/savoy-central\/unterkuenfte\/","name":"Unterk\u00fcnfte - Savoy Dubai","isPartOf":{"@id":"https:\/\/www.savoydubai.com\/de\/#website"},"datePublished":"2020-07-10T09:49:45+00:00","dateModified":"2020-10-13T14:21:48+00:00","breadcrumb":{"@id":"https:\/\/www.savoydubai.com\/de\/savoy-central\/unterkuenfte\/#breadcrumb"},"inLanguage":"de-DE","potentialAction":[{"@type":"ReadAction","target":["https:\/\/www.savoydubai.com\/de\/savoy-central\/unterkuenfte\/"]}]},{"@type":"BreadcrumbList","@id":"https:\/\/www.savoydubai.com\/de\/savoy-central\/unterkuenfte\/#breadcrumb","itemListElement":[{"@type":"ListItem","position":1,"name":"Home","item":"https:\/\/www.savoydubai.com\/de\/"},{"@type":"ListItem","position":2,"name":"Savoy Central","item":"https:\/\/www.savoydubai.com\/de\/savoy-central\/"},{"@type":"ListItem","position":3,"name":"Unterk\u00fcnfte"}]},{"@type":"WebSite","@id":"https:\/\/www.savoydubai.com\/de\/#website","url":"https:\/\/www.savoydubai.com\/de\/","name":"Savoy Dubai","description":"Just another ms.decms.eu site","potentialAction":[{"@type":"SearchAction","target":{"@type":"EntryPoint","urlTemplate":"https:\/\/www.savoydubai.com\/de\/?s={search_term_string}"},"query-input":{"@type":"PropertyValueSpecification","valueRequired":true,"valueName":"search_term_string"}}],"inLanguage":"de-DE"}]}},"acf":[],"_links":{"self":[{"href":"https:\/\/www.savoydubai.com\/de\/wp-json\/wp\/v2\/pages\/449","targetHints":{"allow":["GET"]}}],"collection":[{"href":"https:\/\/www.savoydubai.com\/de\/wp-json\/wp\/v2\/pages"}],"about":[{"href":"https:\/\/www.savoydubai.com\/de\/wp-json\/wp\/v2\/types\/page"}],"author":[{"embeddable":true,"href":"https:\/\/www.savoydubai.com\/de\/wp-json\/wp\/v2\/users\/36"}],"replies":[{"embeddable":true,"href":"https:\/\/www.savoydubai.com\/de\/wp-json\/wp\/v2\/comments?post=449"}],"version-history":[{"count":0,"href":"https:\/\/www.savoydubai.com\/de\/wp-json\/wp\/v2\/pages\/449\/revisions"}],"up":[{"embeddable":true,"href":"https:\/\/www.savoydubai.com\/de\/wp-json\/wp\/v2\/pages\/440"}],"wp:attachment":[{"href":"https:\/\/www.savoydubai.com\/de\/wp-json\/wp\/v2\/media?parent=449"}],"curies":[{"name":"wp","href":"https:\/\/api.w.org\/{rel}","templated":true}]}}